{"id":9071,"date":"2025-10-16T10:49:24","date_gmt":"2025-10-16T08:49:24","guid":{"rendered":"https:\/\/www.hydroseal.ee\/toode\/drenazas-kontrolaka\/"},"modified":"2025-10-16T10:49:24","modified_gmt":"2025-10-16T08:49:24","slug":"drenazas-kontrolaka","status":"publish","type":"product","link":"https:\/\/www.hydroseal.ee\/lv\/produkts\/drenazas-kontrolaka\/","title":{"rendered":"Dren\u0101\u017eas kontrolaka"},"content":{"rendered":"","protected":false},"excerpt":{"rendered":"<p>Dren\u0101\u017eas kontroles aka dren\u0101\u017eas cauru\u013cvadu p\u0101rbaudei un apkopei.<\/p>\n<p>Aka izgatavota no 315mm gofr\u0113tas caurules. Akas augstums ir 1m, kur\u0101 ir ar\u012b 0,2m dzi\u013c\u0161 nogulumu maiss. Akai ir tr\u012bs piesl\u0113gumi 110mm caurulei. Komplekt\u0101 ietilpst pamatne un plastmasas v\u0101ci\u0146\u0161.   <\/p>\n<p>Dren\u0101\u017eas kontroles akas ir ier\u012bkotas \u0113kas st\u016bros (parasti katr\u0101 \u0113kas st\u016br\u012b vai vismaz katr\u0101 otraj\u0101 st\u016br\u012b).<\/p>\n","protected":false},"featured_media":9060,"comment_status":"closed","ping_status":"closed","template":"","meta":{"_acf_changed":false},"product_brand":[],"product_cat":[90],"product_tag":[],"class_list":{"0":"post-9071","1":"product","2":"type-product","3":"status-publish","4":"has-post-thumbnail","6":"product_cat-kaevud","8":"first","9":"instock","10":"shipping-taxable","11":"purchasable","12":"product-type-simple"},"acf":[],"yoast_head":"<!-- This site is optimized with the Yoast SEO plugin v27.2 - https:\/\/yoast.com\/product\/yoast-seo-wordpress\/ -->\n<title>Dren\u0101\u017eas kontrolaka - Hydroseal<\/title>\n<meta name=\"description\" content=\"Dren\u0101\u017eas kontroles aka 315mm, h=1m. Akai ir tr\u012bs piesl\u0113gumi 110mm caurulei. Komplekt\u0101 ietilpst pamatne un plastmasas v\u0101ci\u0146\u0161.\" \/>\n<meta name=\"robots\" content=\"index, follow, max-snippet:-1, max-image-preview:large, max-video-preview:-1\" \/>\n<link rel=\"canonical\" href=\"https:\/\/www.hydroseal.ee\/lv\/produkts\/drenazas-kontrolaka\/\" \/>\n<meta property=\"og:locale\" content=\"lv_LV\" \/>\n<meta property=\"og:type\" content=\"article\" \/>\n<meta property=\"og:title\" content=\"Dren\u0101\u017eas kontrolaka - Hydroseal\" \/>\n<meta property=\"og:description\" content=\"Dren\u0101\u017eas kontroles aka 315mm, h=1m. Akai ir tr\u012bs piesl\u0113gumi 110mm caurulei. Komplekt\u0101 ietilpst pamatne un plastmasas v\u0101ci\u0146\u0161.\" \/>\n<meta property=\"og:url\" content=\"https:\/\/www.hydroseal.ee\/lv\/produkts\/drenazas-kontrolaka\/\" \/>\n<meta property=\"og:site_name\" content=\"Hydroseal\" \/>\n<meta property=\"article:publisher\" content=\"https:\/\/www.facebook.com\/hydroseal.ee\" \/>\n<meta property=\"og:image\" content=\"https:\/\/www.hydroseal.ee\/wp-content\/uploads\/2025\/10\/drenaazikaev_1200x1200_transparent.png\" \/>\n\t<meta property=\"og:image:width\" content=\"1200\" \/>\n\t<meta property=\"og:image:height\" content=\"1200\" \/>\n\t<meta property=\"og:image:type\" content=\"image\/png\" \/>\n<meta name=\"twitter:card\" content=\"summary_large_image\" \/>\n<script type=\"application\/ld+json\" class=\"yoast-schema-graph\">{\"@context\":\"https:\/\/schema.org\",\"@graph\":[{\"@type\":\"WebPage\",\"@id\":\"https:\/\/www.hydroseal.ee\/lv\/produkts\/drenazas-kontrolaka\/\",\"url\":\"https:\/\/www.hydroseal.ee\/lv\/produkts\/drenazas-kontrolaka\/\",\"name\":\"Dren\u0101\u017eas kontrolaka - Hydroseal\",\"isPartOf\":{\"@id\":\"https:\/\/www.hydroseal.ee\/lv\/#website\"},\"primaryImageOfPage\":{\"@id\":\"https:\/\/www.hydroseal.ee\/lv\/produkts\/drenazas-kontrolaka\/#primaryimage\"},\"image\":{\"@id\":\"https:\/\/www.hydroseal.ee\/lv\/produkts\/drenazas-kontrolaka\/#primaryimage\"},\"thumbnailUrl\":\"https:\/\/www.hydroseal.ee\/wp-content\/uploads\/2025\/10\/drenaazikaev_1200x1200_transparent.png\",\"datePublished\":\"2025-10-16T08:49:24+00:00\",\"description\":\"Dren\u0101\u017eas kontroles aka 315mm, h=1m. Akai ir tr\u012bs piesl\u0113gumi 110mm caurulei. Komplekt\u0101 ietilpst pamatne un plastmasas v\u0101ci\u0146\u0161.\",\"breadcrumb\":{\"@id\":\"https:\/\/www.hydroseal.ee\/lv\/produkts\/drenazas-kontrolaka\/#breadcrumb\"},\"inLanguage\":\"lv-LV\",\"potentialAction\":[{\"@type\":\"ReadAction\",\"target\":[\"https:\/\/www.hydroseal.ee\/lv\/produkts\/drenazas-kontrolaka\/\"]}]},{\"@type\":\"ImageObject\",\"inLanguage\":\"lv-LV\",\"@id\":\"https:\/\/www.hydroseal.ee\/lv\/produkts\/drenazas-kontrolaka\/#primaryimage\",\"url\":\"https:\/\/www.hydroseal.ee\/wp-content\/uploads\/2025\/10\/drenaazikaev_1200x1200_transparent.png\",\"contentUrl\":\"https:\/\/www.hydroseal.ee\/wp-content\/uploads\/2025\/10\/drenaazikaev_1200x1200_transparent.png\",\"width\":1200,\"height\":1200,\"caption\":\"Drenaa\u017eikaev\"},{\"@type\":\"BreadcrumbList\",\"@id\":\"https:\/\/www.hydroseal.ee\/lv\/produkts\/drenazas-kontrolaka\/#breadcrumb\",\"itemListElement\":[{\"@type\":\"ListItem\",\"position\":1,\"name\":\"Home\",\"item\":\"https:\/\/www.hydroseal.ee\/lv\/\"},{\"@type\":\"ListItem\",\"position\":2,\"name\":\"E-veikals\",\"item\":\"https:\/\/www.hydroseal.ee\/lv\/e-veikals\/\"},{\"@type\":\"ListItem\",\"position\":3,\"name\":\"Dren\u0101\u017eas kontrolaka\"}]},{\"@type\":\"WebSite\",\"@id\":\"https:\/\/www.hydroseal.ee\/lv\/#website\",\"url\":\"https:\/\/www.hydroseal.ee\/lv\/\",\"name\":\"Hydroseal\",\"description\":\"Pakume kestvaid lahendusi igale geotehnilisele ja taristualasele v\u00e4ljakutsele\",\"publisher\":{\"@id\":\"https:\/\/www.hydroseal.ee\/lv\/#organization\"},\"potentialAction\":[{\"@type\":\"SearchAction\",\"target\":{\"@type\":\"EntryPoint\",\"urlTemplate\":\"https:\/\/www.hydroseal.ee\/lv\/?s={search_term_string}\"},\"query-input\":{\"@type\":\"PropertyValueSpecification\",\"valueRequired\":true,\"valueName\":\"search_term_string\"}}],\"inLanguage\":\"lv-LV\"},{\"@type\":\"Organization\",\"@id\":\"https:\/\/www.hydroseal.ee\/lv\/#organization\",\"name\":\"Hydroseal\",\"url\":\"https:\/\/www.hydroseal.ee\/lv\/\",\"logo\":{\"@type\":\"ImageObject\",\"inLanguage\":\"lv-LV\",\"@id\":\"https:\/\/www.hydroseal.ee\/lv\/#\/schema\/logo\/image\/\",\"url\":\"https:\/\/www.hydroseal.ee\/wp-content\/uploads\/2024\/03\/Frame-6870.svg\",\"contentUrl\":\"https:\/\/www.hydroseal.ee\/wp-content\/uploads\/2024\/03\/Frame-6870.svg\",\"width\":1,\"height\":1,\"caption\":\"Hydroseal\"},\"image\":{\"@id\":\"https:\/\/www.hydroseal.ee\/lv\/#\/schema\/logo\/image\/\"},\"sameAs\":[\"https:\/\/www.facebook.com\/hydroseal.ee\"]}]}<\/script>\n<!-- \/ Yoast SEO plugin. -->","yoast_head_json":{"title":"Dren\u0101\u017eas kontrolaka - Hydroseal","description":"Dren\u0101\u017eas kontroles aka 315mm, h=1m. Akai ir tr\u012bs piesl\u0113gumi 110mm caurulei. Komplekt\u0101 ietilpst pamatne un plastmasas v\u0101ci\u0146\u0161.","robots":{"index":"index","follow":"follow","max-snippet":"max-snippet:-1","max-image-preview":"max-image-preview:large","max-video-preview":"max-video-preview:-1"},"canonical":"https:\/\/www.hydroseal.ee\/lv\/produkts\/drenazas-kontrolaka\/","og_locale":"lv_LV","og_type":"article","og_title":"Dren\u0101\u017eas kontrolaka - Hydroseal","og_description":"Dren\u0101\u017eas kontroles aka 315mm, h=1m. Akai ir tr\u012bs piesl\u0113gumi 110mm caurulei. Komplekt\u0101 ietilpst pamatne un plastmasas v\u0101ci\u0146\u0161.","og_url":"https:\/\/www.hydroseal.ee\/lv\/produkts\/drenazas-kontrolaka\/","og_site_name":"Hydroseal","article_publisher":"https:\/\/www.facebook.com\/hydroseal.ee","og_image":[{"width":1200,"height":1200,"url":"https:\/\/www.hydroseal.ee\/wp-content\/uploads\/2025\/10\/drenaazikaev_1200x1200_transparent.png","type":"image\/png"}],"twitter_card":"summary_large_image","schema":{"@context":"https:\/\/schema.org","@graph":[{"@type":"WebPage","@id":"https:\/\/www.hydroseal.ee\/lv\/produkts\/drenazas-kontrolaka\/","url":"https:\/\/www.hydroseal.ee\/lv\/produkts\/drenazas-kontrolaka\/","name":"Dren\u0101\u017eas kontrolaka - Hydroseal","isPartOf":{"@id":"https:\/\/www.hydroseal.ee\/lv\/#website"},"primaryImageOfPage":{"@id":"https:\/\/www.hydroseal.ee\/lv\/produkts\/drenazas-kontrolaka\/#primaryimage"},"image":{"@id":"https:\/\/www.hydroseal.ee\/lv\/produkts\/drenazas-kontrolaka\/#primaryimage"},"thumbnailUrl":"https:\/\/www.hydroseal.ee\/wp-content\/uploads\/2025\/10\/drenaazikaev_1200x1200_transparent.png","datePublished":"2025-10-16T08:49:24+00:00","description":"Dren\u0101\u017eas kontroles aka 315mm, h=1m. Akai ir tr\u012bs piesl\u0113gumi 110mm caurulei. Komplekt\u0101 ietilpst pamatne un plastmasas v\u0101ci\u0146\u0161.","breadcrumb":{"@id":"https:\/\/www.hydroseal.ee\/lv\/produkts\/drenazas-kontrolaka\/#breadcrumb"},"inLanguage":"lv-LV","potentialAction":[{"@type":"ReadAction","target":["https:\/\/www.hydroseal.ee\/lv\/produkts\/drenazas-kontrolaka\/"]}]},{"@type":"ImageObject","inLanguage":"lv-LV","@id":"https:\/\/www.hydroseal.ee\/lv\/produkts\/drenazas-kontrolaka\/#primaryimage","url":"https:\/\/www.hydroseal.ee\/wp-content\/uploads\/2025\/10\/drenaazikaev_1200x1200_transparent.png","contentUrl":"https:\/\/www.hydroseal.ee\/wp-content\/uploads\/2025\/10\/drenaazikaev_1200x1200_transparent.png","width":1200,"height":1200,"caption":"Drenaa\u017eikaev"},{"@type":"BreadcrumbList","@id":"https:\/\/www.hydroseal.ee\/lv\/produkts\/drenazas-kontrolaka\/#breadcrumb","itemListElement":[{"@type":"ListItem","position":1,"name":"Home","item":"https:\/\/www.hydroseal.ee\/lv\/"},{"@type":"ListItem","position":2,"name":"E-veikals","item":"https:\/\/www.hydroseal.ee\/lv\/e-veikals\/"},{"@type":"ListItem","position":3,"name":"Dren\u0101\u017eas kontrolaka"}]},{"@type":"WebSite","@id":"https:\/\/www.hydroseal.ee\/lv\/#website","url":"https:\/\/www.hydroseal.ee\/lv\/","name":"Hydroseal","description":"Pakume kestvaid lahendusi igale geotehnilisele ja taristualasele v\u00e4ljakutsele","publisher":{"@id":"https:\/\/www.hydroseal.ee\/lv\/#organization"},"potentialAction":[{"@type":"SearchAction","target":{"@type":"EntryPoint","urlTemplate":"https:\/\/www.hydroseal.ee\/lv\/?s={search_term_string}"},"query-input":{"@type":"PropertyValueSpecification","valueRequired":true,"valueName":"search_term_string"}}],"inLanguage":"lv-LV"},{"@type":"Organization","@id":"https:\/\/www.hydroseal.ee\/lv\/#organization","name":"Hydroseal","url":"https:\/\/www.hydroseal.ee\/lv\/","logo":{"@type":"ImageObject","inLanguage":"lv-LV","@id":"https:\/\/www.hydroseal.ee\/lv\/#\/schema\/logo\/image\/","url":"https:\/\/www.hydroseal.ee\/wp-content\/uploads\/2024\/03\/Frame-6870.svg","contentUrl":"https:\/\/www.hydroseal.ee\/wp-content\/uploads\/2024\/03\/Frame-6870.svg","width":1,"height":1,"caption":"Hydroseal"},"image":{"@id":"https:\/\/www.hydroseal.ee\/lv\/#\/schema\/logo\/image\/"},"sameAs":["https:\/\/www.facebook.com\/hydroseal.ee"]}]}},"_links":{"self":[{"href":"https:\/\/www.hydroseal.ee\/lv\/wp-json\/wp\/v2\/product\/9071","targetHints":{"allow":["GET"]}}],"collection":[{"href":"https:\/\/www.hydroseal.ee\/lv\/wp-json\/wp\/v2\/product"}],"about":[{"href":"https:\/\/www.hydroseal.ee\/lv\/wp-json\/wp\/v2\/types\/product"}],"replies":[{"embeddable":true,"href":"https:\/\/www.hydroseal.ee\/lv\/wp-json\/wp\/v2\/comments?post=9071"}],"wp:featuredmedia":[{"embeddable":true,"href":"https:\/\/www.hydroseal.ee\/lv\/wp-json\/wp\/v2\/media\/9060"}],"wp:attachment":[{"href":"https:\/\/www.hydroseal.ee\/lv\/wp-json\/wp\/v2\/media?parent=9071"}],"wp:term":[{"taxonomy":"product_brand","embeddable":true,"href":"https:\/\/www.hydroseal.ee\/lv\/wp-json\/wp\/v2\/product_brand?post=9071"},{"taxonomy":"product_cat","embeddable":true,"href":"https:\/\/www.hydroseal.ee\/lv\/wp-json\/wp\/v2\/product_cat?post=9071"},{"taxonomy":"product_tag","embeddable":true,"href":"https:\/\/www.hydroseal.ee\/lv\/wp-json\/wp\/v2\/product_tag?post=9071"}],"curies":[{"name":"wp","href":"https:\/\/api.w.org\/{rel}","templated":true}]}}