{"id":8708,"date":"2025-04-22T11:18:30","date_gmt":"2025-04-22T09:18:30","guid":{"rendered":"https:\/\/www.hydroseal.ee\/toode\/kanalizacijas-kontrolaka-400-315\/"},"modified":"2025-04-22T11:18:30","modified_gmt":"2025-04-22T09:18:30","slug":"kanalizacijas-kontrolaka-400-315","status":"publish","type":"product","link":"https:\/\/www.hydroseal.ee\/lv\/produkts\/kanalizacijas-kontrolaka-400-315\/","title":{"rendered":"Kanaliz\u0101cijas kontrolaka 400\/315"},"content":{"rendered":"","protected":false},"excerpt":{"rendered":"<p>Teleskopisk\u0101 400\/315 l\u016bka kanaliz\u0101cijas cauru\u013cvadu p\u0101rbaudei un apkopei.<\/p>\n<p>Kontrolaku var uzst\u0101d\u012bt tie\u0161i darba viet\u0101. Kontrolakas darba augstums ir l\u012bdz 1,7 m. <\/p>\n<p>Kontrolaka sast\u0101v no plastmasas dibena (ar 3 ieej\u0101m un 1 izeju), De400 pace\u013cam\u0101s caurules, teleskopiska gredzena, De315 teleskopa un \u010duguna v\u0101ka. \u010cuguna kravnes\u012bba 40T. <\/p>\n<p>Ja netiek izmantoti visi l\u016bkas pamatnes cauru\u013cu savienojumi, to aizv\u0113r\u0161anai iesp\u0113jams pas\u016bt\u012bt papildus PVC 110 v\u0101ci\u0146us. Savu v\u0113lmi l\u016bdzam nor\u0101d\u012bt iepirkumu groza koment\u0101ru sada\u013c\u0101. <\/p>\n<p>Ja klientam ir nepiecie\u0161ama kontrolaka ar da\u017e\u0101diem parametriem, l\u016bdzu, sazinieties tie\u0161i ar m\u016bsu <a href=\"https:\/\/www.hydroseal.ee\/lv\/sazinieties\/\">klientu apkalpo\u0161anas<\/a> dienestu, lai sa\u0146emtu atsevi\u0161\u0137u cenu.<\/p>\n","protected":false},"featured_media":8754,"comment_status":"closed","ping_status":"closed","template":"","meta":{"_acf_changed":false},"product_brand":[],"product_cat":[90],"product_tag":[],"class_list":{"0":"post-8708","1":"product","2":"type-product","3":"status-publish","4":"has-post-thumbnail","6":"product_cat-kaevud","8":"first","9":"instock","10":"shipping-taxable","11":"purchasable","12":"product-type-simple"},"acf":[],"yoast_head":"<!-- This site is optimized with the Yoast SEO plugin v27.2 - https:\/\/yoast.com\/product\/yoast-seo-wordpress\/ -->\n<title>Kanaliz\u0101cijas kontrolaka 400\/315 - Hydroseal<\/title>\n<meta name=\"description\" content=\"Kontrolaka 400\/315 sast\u0101v no plastmasas dibena (ar 3 ieej\u0101m un 1 izeju), De400 pace\u013cam\u0101s caurules, teleskopiska gredzena, De315 teleskopa un \u010duguna v\u0101ka. \u010cuguna kravnes\u012bba 40T.\" \/>\n<meta name=\"robots\" content=\"index, follow, max-snippet:-1, max-image-preview:large, max-video-preview:-1\" \/>\n<link rel=\"canonical\" href=\"https:\/\/www.hydroseal.ee\/lv\/produkts\/kanalizacijas-kontrolaka-400-315\/\" \/>\n<meta property=\"og:locale\" content=\"lv_LV\" \/>\n<meta property=\"og:type\" content=\"article\" \/>\n<meta property=\"og:title\" content=\"Kanaliz\u0101cijas kontrolaka 400\/315 - Hydroseal\" \/>\n<meta property=\"og:description\" content=\"Kontrolaka 400\/315 sast\u0101v no plastmasas dibena (ar 3 ieej\u0101m un 1 izeju), De400 pace\u013cam\u0101s caurules, teleskopiska gredzena, De315 teleskopa un \u010duguna v\u0101ka. \u010cuguna kravnes\u012bba 40T.\" \/>\n<meta property=\"og:url\" content=\"https:\/\/www.hydroseal.ee\/lv\/produkts\/kanalizacijas-kontrolaka-400-315\/\" \/>\n<meta property=\"og:site_name\" content=\"Hydroseal\" \/>\n<meta property=\"article:publisher\" content=\"https:\/\/www.facebook.com\/hydroseal.ee\" \/>\n<meta property=\"og:image\" content=\"https:\/\/www.hydroseal.ee\/wp-content\/uploads\/2025\/04\/rennpohjaga_kanalikaev_ruut.png\" \/>\n\t<meta property=\"og:image:width\" content=\"2048\" \/>\n\t<meta property=\"og:image:height\" content=\"2048\" \/>\n\t<meta property=\"og:image:type\" content=\"image\/png\" \/>\n<meta name=\"twitter:card\" content=\"summary_large_image\" \/>\n<script type=\"application\/ld+json\" class=\"yoast-schema-graph\">{\"@context\":\"https:\/\/schema.org\",\"@graph\":[{\"@type\":\"WebPage\",\"@id\":\"https:\/\/www.hydroseal.ee\/lv\/produkts\/kanalizacijas-kontrolaka-400-315\/\",\"url\":\"https:\/\/www.hydroseal.ee\/lv\/produkts\/kanalizacijas-kontrolaka-400-315\/\",\"name\":\"Kanaliz\u0101cijas kontrolaka 400\/315 - Hydroseal\",\"isPartOf\":{\"@id\":\"https:\/\/www.hydroseal.ee\/lv\/#website\"},\"primaryImageOfPage\":{\"@id\":\"https:\/\/www.hydroseal.ee\/lv\/produkts\/kanalizacijas-kontrolaka-400-315\/#primaryimage\"},\"image\":{\"@id\":\"https:\/\/www.hydroseal.ee\/lv\/produkts\/kanalizacijas-kontrolaka-400-315\/#primaryimage\"},\"thumbnailUrl\":\"https:\/\/www.hydroseal.ee\/wp-content\/uploads\/2025\/04\/kanalisatsiooni_kontrollkaev_ruut-1.png\",\"datePublished\":\"2025-04-22T09:18:30+00:00\",\"description\":\"Kontrolaka 400\/315 sast\u0101v no plastmasas dibena (ar 3 ieej\u0101m un 1 izeju), De400 pace\u013cam\u0101s caurules, teleskopiska gredzena, De315 teleskopa un \u010duguna v\u0101ka. \u010cuguna kravnes\u012bba 40T.\",\"breadcrumb\":{\"@id\":\"https:\/\/www.hydroseal.ee\/lv\/produkts\/kanalizacijas-kontrolaka-400-315\/#breadcrumb\"},\"inLanguage\":\"lv-LV\",\"potentialAction\":[{\"@type\":\"ReadAction\",\"target\":[\"https:\/\/www.hydroseal.ee\/lv\/produkts\/kanalizacijas-kontrolaka-400-315\/\"]}]},{\"@type\":\"ImageObject\",\"inLanguage\":\"lv-LV\",\"@id\":\"https:\/\/www.hydroseal.ee\/lv\/produkts\/kanalizacijas-kontrolaka-400-315\/#primaryimage\",\"url\":\"https:\/\/www.hydroseal.ee\/wp-content\/uploads\/2025\/04\/kanalisatsiooni_kontrollkaev_ruut-1.png\",\"contentUrl\":\"https:\/\/www.hydroseal.ee\/wp-content\/uploads\/2025\/04\/kanalisatsiooni_kontrollkaev_ruut-1.png\",\"width\":1280,\"height\":1280,\"caption\":\"Kanalisatsiooni kontrollkaev\"},{\"@type\":\"BreadcrumbList\",\"@id\":\"https:\/\/www.hydroseal.ee\/lv\/produkts\/kanalizacijas-kontrolaka-400-315\/#breadcrumb\",\"itemListElement\":[{\"@type\":\"ListItem\",\"position\":1,\"name\":\"Home\",\"item\":\"https:\/\/www.hydroseal.ee\/lv\/\"},{\"@type\":\"ListItem\",\"position\":2,\"name\":\"E-veikals\",\"item\":\"https:\/\/www.hydroseal.ee\/lv\/e-veikals\/\"},{\"@type\":\"ListItem\",\"position\":3,\"name\":\"Kanaliz\u0101cijas kontrolaka 400\/315\"}]},{\"@type\":\"WebSite\",\"@id\":\"https:\/\/www.hydroseal.ee\/lv\/#website\",\"url\":\"https:\/\/www.hydroseal.ee\/lv\/\",\"name\":\"Hydroseal\",\"description\":\"Pakume kestvaid lahendusi igale geotehnilisele ja taristualasele v\u00e4ljakutsele\",\"publisher\":{\"@id\":\"https:\/\/www.hydroseal.ee\/lv\/#organization\"},\"potentialAction\":[{\"@type\":\"SearchAction\",\"target\":{\"@type\":\"EntryPoint\",\"urlTemplate\":\"https:\/\/www.hydroseal.ee\/lv\/?s={search_term_string}\"},\"query-input\":{\"@type\":\"PropertyValueSpecification\",\"valueRequired\":true,\"valueName\":\"search_term_string\"}}],\"inLanguage\":\"lv-LV\"},{\"@type\":\"Organization\",\"@id\":\"https:\/\/www.hydroseal.ee\/lv\/#organization\",\"name\":\"Hydroseal\",\"url\":\"https:\/\/www.hydroseal.ee\/lv\/\",\"logo\":{\"@type\":\"ImageObject\",\"inLanguage\":\"lv-LV\",\"@id\":\"https:\/\/www.hydroseal.ee\/lv\/#\/schema\/logo\/image\/\",\"url\":\"https:\/\/www.hydroseal.ee\/wp-content\/uploads\/2024\/03\/Frame-6870.svg\",\"contentUrl\":\"https:\/\/www.hydroseal.ee\/wp-content\/uploads\/2024\/03\/Frame-6870.svg\",\"width\":1,\"height\":1,\"caption\":\"Hydroseal\"},\"image\":{\"@id\":\"https:\/\/www.hydroseal.ee\/lv\/#\/schema\/logo\/image\/\"},\"sameAs\":[\"https:\/\/www.facebook.com\/hydroseal.ee\"]}]}<\/script>\n<!-- \/ Yoast SEO plugin. -->","yoast_head_json":{"title":"Kanaliz\u0101cijas kontrolaka 400\/315 - Hydroseal","description":"Kontrolaka 400\/315 sast\u0101v no plastmasas dibena (ar 3 ieej\u0101m un 1 izeju), De400 pace\u013cam\u0101s caurules, teleskopiska gredzena, De315 teleskopa un \u010duguna v\u0101ka. \u010cuguna kravnes\u012bba 40T.","robots":{"index":"index","follow":"follow","max-snippet":"max-snippet:-1","max-image-preview":"max-image-preview:large","max-video-preview":"max-video-preview:-1"},"canonical":"https:\/\/www.hydroseal.ee\/lv\/produkts\/kanalizacijas-kontrolaka-400-315\/","og_locale":"lv_LV","og_type":"article","og_title":"Kanaliz\u0101cijas kontrolaka 400\/315 - Hydroseal","og_description":"Kontrolaka 400\/315 sast\u0101v no plastmasas dibena (ar 3 ieej\u0101m un 1 izeju), De400 pace\u013cam\u0101s caurules, teleskopiska gredzena, De315 teleskopa un \u010duguna v\u0101ka. \u010cuguna kravnes\u012bba 40T.","og_url":"https:\/\/www.hydroseal.ee\/lv\/produkts\/kanalizacijas-kontrolaka-400-315\/","og_site_name":"Hydroseal","article_publisher":"https:\/\/www.facebook.com\/hydroseal.ee","og_image":[{"width":2048,"height":2048,"url":"https:\/\/www.hydroseal.ee\/wp-content\/uploads\/2025\/04\/rennpohjaga_kanalikaev_ruut.png","type":"image\/png"}],"twitter_card":"summary_large_image","schema":{"@context":"https:\/\/schema.org","@graph":[{"@type":"WebPage","@id":"https:\/\/www.hydroseal.ee\/lv\/produkts\/kanalizacijas-kontrolaka-400-315\/","url":"https:\/\/www.hydroseal.ee\/lv\/produkts\/kanalizacijas-kontrolaka-400-315\/","name":"Kanaliz\u0101cijas kontrolaka 400\/315 - Hydroseal","isPartOf":{"@id":"https:\/\/www.hydroseal.ee\/lv\/#website"},"primaryImageOfPage":{"@id":"https:\/\/www.hydroseal.ee\/lv\/produkts\/kanalizacijas-kontrolaka-400-315\/#primaryimage"},"image":{"@id":"https:\/\/www.hydroseal.ee\/lv\/produkts\/kanalizacijas-kontrolaka-400-315\/#primaryimage"},"thumbnailUrl":"https:\/\/www.hydroseal.ee\/wp-content\/uploads\/2025\/04\/kanalisatsiooni_kontrollkaev_ruut-1.png","datePublished":"2025-04-22T09:18:30+00:00","description":"Kontrolaka 400\/315 sast\u0101v no plastmasas dibena (ar 3 ieej\u0101m un 1 izeju), De400 pace\u013cam\u0101s caurules, teleskopiska gredzena, De315 teleskopa un \u010duguna v\u0101ka. \u010cuguna kravnes\u012bba 40T.","breadcrumb":{"@id":"https:\/\/www.hydroseal.ee\/lv\/produkts\/kanalizacijas-kontrolaka-400-315\/#breadcrumb"},"inLanguage":"lv-LV","potentialAction":[{"@type":"ReadAction","target":["https:\/\/www.hydroseal.ee\/lv\/produkts\/kanalizacijas-kontrolaka-400-315\/"]}]},{"@type":"ImageObject","inLanguage":"lv-LV","@id":"https:\/\/www.hydroseal.ee\/lv\/produkts\/kanalizacijas-kontrolaka-400-315\/#primaryimage","url":"https:\/\/www.hydroseal.ee\/wp-content\/uploads\/2025\/04\/kanalisatsiooni_kontrollkaev_ruut-1.png","contentUrl":"https:\/\/www.hydroseal.ee\/wp-content\/uploads\/2025\/04\/kanalisatsiooni_kontrollkaev_ruut-1.png","width":1280,"height":1280,"caption":"Kanalisatsiooni kontrollkaev"},{"@type":"BreadcrumbList","@id":"https:\/\/www.hydroseal.ee\/lv\/produkts\/kanalizacijas-kontrolaka-400-315\/#breadcrumb","itemListElement":[{"@type":"ListItem","position":1,"name":"Home","item":"https:\/\/www.hydroseal.ee\/lv\/"},{"@type":"ListItem","position":2,"name":"E-veikals","item":"https:\/\/www.hydroseal.ee\/lv\/e-veikals\/"},{"@type":"ListItem","position":3,"name":"Kanaliz\u0101cijas kontrolaka 400\/315"}]},{"@type":"WebSite","@id":"https:\/\/www.hydroseal.ee\/lv\/#website","url":"https:\/\/www.hydroseal.ee\/lv\/","name":"Hydroseal","description":"Pakume kestvaid lahendusi igale geotehnilisele ja taristualasele v\u00e4ljakutsele","publisher":{"@id":"https:\/\/www.hydroseal.ee\/lv\/#organization"},"potentialAction":[{"@type":"SearchAction","target":{"@type":"EntryPoint","urlTemplate":"https:\/\/www.hydroseal.ee\/lv\/?s={search_term_string}"},"query-input":{"@type":"PropertyValueSpecification","valueRequired":true,"valueName":"search_term_string"}}],"inLanguage":"lv-LV"},{"@type":"Organization","@id":"https:\/\/www.hydroseal.ee\/lv\/#organization","name":"Hydroseal","url":"https:\/\/www.hydroseal.ee\/lv\/","logo":{"@type":"ImageObject","inLanguage":"lv-LV","@id":"https:\/\/www.hydroseal.ee\/lv\/#\/schema\/logo\/image\/","url":"https:\/\/www.hydroseal.ee\/wp-content\/uploads\/2024\/03\/Frame-6870.svg","contentUrl":"https:\/\/www.hydroseal.ee\/wp-content\/uploads\/2024\/03\/Frame-6870.svg","width":1,"height":1,"caption":"Hydroseal"},"image":{"@id":"https:\/\/www.hydroseal.ee\/lv\/#\/schema\/logo\/image\/"},"sameAs":["https:\/\/www.facebook.com\/hydroseal.ee"]}]}},"_links":{"self":[{"href":"https:\/\/www.hydroseal.ee\/lv\/wp-json\/wp\/v2\/product\/8708","targetHints":{"allow":["GET"]}}],"collection":[{"href":"https:\/\/www.hydroseal.ee\/lv\/wp-json\/wp\/v2\/product"}],"about":[{"href":"https:\/\/www.hydroseal.ee\/lv\/wp-json\/wp\/v2\/types\/product"}],"replies":[{"embeddable":true,"href":"https:\/\/www.hydroseal.ee\/lv\/wp-json\/wp\/v2\/comments?post=8708"}],"wp:featuredmedia":[{"embeddable":true,"href":"https:\/\/www.hydroseal.ee\/lv\/wp-json\/wp\/v2\/media\/8754"}],"wp:attachment":[{"href":"https:\/\/www.hydroseal.ee\/lv\/wp-json\/wp\/v2\/media?parent=8708"}],"wp:term":[{"taxonomy":"product_brand","embeddable":true,"href":"https:\/\/www.hydroseal.ee\/lv\/wp-json\/wp\/v2\/product_brand?post=8708"},{"taxonomy":"product_cat","embeddable":true,"href":"https:\/\/www.hydroseal.ee\/lv\/wp-json\/wp\/v2\/product_cat?post=8708"},{"taxonomy":"product_tag","embeddable":true,"href":"https:\/\/www.hydroseal.ee\/lv\/wp-json\/wp\/v2\/product_tag?post=8708"}],"curies":[{"name":"wp","href":"https:\/\/api.w.org\/{rel}","templated":true}]}}