{"id":8702,"date":"2025-05-07T15:26:45","date_gmt":"2025-05-07T13:26:45","guid":{"rendered":"https:\/\/www.hydroseal.ee\/?post_type=product&#038;p=8702"},"modified":"2025-05-08T07:27:51","modified_gmt":"2025-05-08T05:27:51","slug":"nokrisnu-caurule-315-mm-6-metrus-gara","status":"publish","type":"product","link":"https:\/\/www.hydroseal.ee\/lv\/produkts\/nokrisnu-caurule-315-mm-6-metrus-gara\/","title":{"rendered":"Nokri\u0161\u0146u caurule 315 mm 6-metrus gara"},"content":{"rendered":"","protected":false},"excerpt":{"rendered":"<p>De315 6-metrus gara nokri\u0161\u0146u caurule. Gredzena stingr\u012bba ir SN8 kN\/m<sup>2<\/sup>. Katrai caurulei ir uzmava.<\/p>\n<p>Nokri\u0161\u0146u caurules tiek izmantotas, lai izveidotu pa\u0161teces lietus \u016bdens cauru\u013cvadus un transport\u0113tu \u016bdeni no viena punkta uz otru.<\/p>\n","protected":false},"featured_media":8221,"comment_status":"closed","ping_status":"closed","template":"","meta":{"_acf_changed":false},"product_brand":[],"product_cat":[92],"product_tag":[],"class_list":{"0":"post-8702","1":"product","2":"type-product","3":"status-publish","4":"has-post-thumbnail","6":"product_cat-sadevesi","8":"first","9":"instock","10":"shipping-taxable","11":"purchasable","12":"product-type-simple"},"acf":[],"yoast_head":"<!-- This site is optimized with the Yoast SEO plugin v27.4 - https:\/\/yoast.com\/product\/yoast-seo-wordpress\/ -->\n<title>Nokri\u0161\u0146u caurule 315 mm 6-metrus gara - Hydroseal<\/title>\n<meta name=\"description\" content=\"Nokri\u0161\u0146u caurules tiek izmantotas, lai izveidotu pa\u0161teces lietus \u016bdens cauru\u013cvadus un transport\u0113tu \u016bdeni no viena punkta uz otru.\" \/>\n<meta name=\"robots\" content=\"index, follow, max-snippet:-1, max-image-preview:large, max-video-preview:-1\" \/>\n<link rel=\"canonical\" href=\"https:\/\/www.hydroseal.ee\/lv\/produkts\/nokrisnu-caurule-315-mm-6-metrus-gara\/\" \/>\n<meta property=\"og:locale\" content=\"lv_LV\" \/>\n<meta property=\"og:type\" content=\"article\" \/>\n<meta property=\"og:title\" content=\"Nokri\u0161\u0146u caurule 315 mm 6-metrus gara - Hydroseal\" \/>\n<meta property=\"og:description\" content=\"Nokri\u0161\u0146u caurules tiek izmantotas, lai izveidotu pa\u0161teces lietus \u016bdens cauru\u013cvadus un transport\u0113tu \u016bdeni no viena punkta uz otru.\" \/>\n<meta property=\"og:url\" content=\"https:\/\/www.hydroseal.ee\/lv\/produkts\/nokrisnu-caurule-315-mm-6-metrus-gara\/\" \/>\n<meta property=\"og:site_name\" content=\"Hydroseal\" \/>\n<meta property=\"article:publisher\" content=\"https:\/\/www.facebook.com\/hydroseal.ee\" \/>\n<meta property=\"article:modified_time\" content=\"2025-05-08T05:27:51+00:00\" \/>\n<meta property=\"og:image\" content=\"https:\/\/www.hydroseal.ee\/wp-content\/uploads\/2024\/02\/1-1.png\" \/>\n\t<meta property=\"og:image:width\" content=\"942\" \/>\n\t<meta property=\"og:image:height\" content=\"666\" \/>\n\t<meta property=\"og:image:type\" content=\"image\/png\" \/>\n<meta name=\"twitter:card\" content=\"summary_large_image\" \/>\n<meta name=\"twitter:label1\" content=\"Est. reading time\" \/>\n\t<meta name=\"twitter:data1\" content=\"1 minute\" \/>\n<script type=\"application\/ld+json\" class=\"yoast-schema-graph\">{\"@context\":\"https:\\\/\\\/schema.org\",\"@graph\":[{\"@type\":\"WebPage\",\"@id\":\"https:\\\/\\\/www.hydroseal.ee\\\/lv\\\/produkts\\\/nokrisnu-caurule-315-mm-6-metrus-gara\\\/\",\"url\":\"https:\\\/\\\/www.hydroseal.ee\\\/lv\\\/produkts\\\/nokrisnu-caurule-315-mm-6-metrus-gara\\\/\",\"name\":\"Nokri\u0161\u0146u caurule 315 mm 6-metrus gara - Hydroseal\",\"isPartOf\":{\"@id\":\"https:\\\/\\\/www.hydroseal.ee\\\/lv\\\/#website\"},\"primaryImageOfPage\":{\"@id\":\"https:\\\/\\\/www.hydroseal.ee\\\/lv\\\/produkts\\\/nokrisnu-caurule-315-mm-6-metrus-gara\\\/#primaryimage\"},\"image\":{\"@id\":\"https:\\\/\\\/www.hydroseal.ee\\\/lv\\\/produkts\\\/nokrisnu-caurule-315-mm-6-metrus-gara\\\/#primaryimage\"},\"thumbnailUrl\":\"https:\\\/\\\/www.hydroseal.ee\\\/wp-content\\\/uploads\\\/2024\\\/02\\\/1-1.png\",\"datePublished\":\"2025-05-07T13:26:45+00:00\",\"dateModified\":\"2025-05-08T05:27:51+00:00\",\"description\":\"Nokri\u0161\u0146u caurules tiek izmantotas, lai izveidotu pa\u0161teces lietus \u016bdens cauru\u013cvadus un transport\u0113tu \u016bdeni no viena punkta uz otru.\",\"breadcrumb\":{\"@id\":\"https:\\\/\\\/www.hydroseal.ee\\\/lv\\\/produkts\\\/nokrisnu-caurule-315-mm-6-metrus-gara\\\/#breadcrumb\"},\"inLanguage\":\"lv-LV\",\"potentialAction\":[{\"@type\":\"ReadAction\",\"target\":[\"https:\\\/\\\/www.hydroseal.ee\\\/lv\\\/produkts\\\/nokrisnu-caurule-315-mm-6-metrus-gara\\\/\"]}]},{\"@type\":\"ImageObject\",\"inLanguage\":\"lv-LV\",\"@id\":\"https:\\\/\\\/www.hydroseal.ee\\\/lv\\\/produkts\\\/nokrisnu-caurule-315-mm-6-metrus-gara\\\/#primaryimage\",\"url\":\"https:\\\/\\\/www.hydroseal.ee\\\/wp-content\\\/uploads\\\/2024\\\/02\\\/1-1.png\",\"contentUrl\":\"https:\\\/\\\/www.hydroseal.ee\\\/wp-content\\\/uploads\\\/2024\\\/02\\\/1-1.png\",\"width\":942,\"height\":666,\"caption\":\"Sadeveetoru\"},{\"@type\":\"BreadcrumbList\",\"@id\":\"https:\\\/\\\/www.hydroseal.ee\\\/lv\\\/produkts\\\/nokrisnu-caurule-315-mm-6-metrus-gara\\\/#breadcrumb\",\"itemListElement\":[{\"@type\":\"ListItem\",\"position\":1,\"name\":\"Home\",\"item\":\"https:\\\/\\\/www.hydroseal.ee\\\/lv\\\/\"},{\"@type\":\"ListItem\",\"position\":2,\"name\":\"E-veikals\",\"item\":\"https:\\\/\\\/www.hydroseal.ee\\\/lv\\\/e-veikals\\\/\"},{\"@type\":\"ListItem\",\"position\":3,\"name\":\"Nokri\u0161\u0146u caurule 315 mm 6-metrus gara\"}]},{\"@type\":\"WebSite\",\"@id\":\"https:\\\/\\\/www.hydroseal.ee\\\/lv\\\/#website\",\"url\":\"https:\\\/\\\/www.hydroseal.ee\\\/lv\\\/\",\"name\":\"Hydroseal\",\"description\":\"Pakume kestvaid lahendusi igale geotehnilisele ja taristualasele v\u00e4ljakutsele\",\"publisher\":{\"@id\":\"https:\\\/\\\/www.hydroseal.ee\\\/lv\\\/#organization\"},\"potentialAction\":[{\"@type\":\"SearchAction\",\"target\":{\"@type\":\"EntryPoint\",\"urlTemplate\":\"https:\\\/\\\/www.hydroseal.ee\\\/lv\\\/?s={search_term_string}\"},\"query-input\":{\"@type\":\"PropertyValueSpecification\",\"valueRequired\":true,\"valueName\":\"search_term_string\"}}],\"inLanguage\":\"lv-LV\"},{\"@type\":\"Organization\",\"@id\":\"https:\\\/\\\/www.hydroseal.ee\\\/lv\\\/#organization\",\"name\":\"Hydroseal\",\"url\":\"https:\\\/\\\/www.hydroseal.ee\\\/lv\\\/\",\"logo\":{\"@type\":\"ImageObject\",\"inLanguage\":\"lv-LV\",\"@id\":\"https:\\\/\\\/www.hydroseal.ee\\\/lv\\\/#\\\/schema\\\/logo\\\/image\\\/\",\"url\":\"https:\\\/\\\/www.hydroseal.ee\\\/wp-content\\\/uploads\\\/2024\\\/03\\\/Frame-6870.svg\",\"contentUrl\":\"https:\\\/\\\/www.hydroseal.ee\\\/wp-content\\\/uploads\\\/2024\\\/03\\\/Frame-6870.svg\",\"width\":1,\"height\":1,\"caption\":\"Hydroseal\"},\"image\":{\"@id\":\"https:\\\/\\\/www.hydroseal.ee\\\/lv\\\/#\\\/schema\\\/logo\\\/image\\\/\"},\"sameAs\":[\"https:\\\/\\\/www.facebook.com\\\/hydroseal.ee\"]}]}<\/script>\n<!-- \/ Yoast SEO plugin. -->","yoast_head_json":{"title":"Nokri\u0161\u0146u caurule 315 mm 6-metrus gara - Hydroseal","description":"Nokri\u0161\u0146u caurules tiek izmantotas, lai izveidotu pa\u0161teces lietus \u016bdens cauru\u013cvadus un transport\u0113tu \u016bdeni no viena punkta uz otru.","robots":{"index":"index","follow":"follow","max-snippet":"max-snippet:-1","max-image-preview":"max-image-preview:large","max-video-preview":"max-video-preview:-1"},"canonical":"https:\/\/www.hydroseal.ee\/lv\/produkts\/nokrisnu-caurule-315-mm-6-metrus-gara\/","og_locale":"lv_LV","og_type":"article","og_title":"Nokri\u0161\u0146u caurule 315 mm 6-metrus gara - Hydroseal","og_description":"Nokri\u0161\u0146u caurules tiek izmantotas, lai izveidotu pa\u0161teces lietus \u016bdens cauru\u013cvadus un transport\u0113tu \u016bdeni no viena punkta uz otru.","og_url":"https:\/\/www.hydroseal.ee\/lv\/produkts\/nokrisnu-caurule-315-mm-6-metrus-gara\/","og_site_name":"Hydroseal","article_publisher":"https:\/\/www.facebook.com\/hydroseal.ee","article_modified_time":"2025-05-08T05:27:51+00:00","og_image":[{"width":942,"height":666,"url":"https:\/\/www.hydroseal.ee\/wp-content\/uploads\/2024\/02\/1-1.png","type":"image\/png"}],"twitter_card":"summary_large_image","twitter_misc":{"Est. reading time":"1 minute"},"schema":{"@context":"https:\/\/schema.org","@graph":[{"@type":"WebPage","@id":"https:\/\/www.hydroseal.ee\/lv\/produkts\/nokrisnu-caurule-315-mm-6-metrus-gara\/","url":"https:\/\/www.hydroseal.ee\/lv\/produkts\/nokrisnu-caurule-315-mm-6-metrus-gara\/","name":"Nokri\u0161\u0146u caurule 315 mm 6-metrus gara - Hydroseal","isPartOf":{"@id":"https:\/\/www.hydroseal.ee\/lv\/#website"},"primaryImageOfPage":{"@id":"https:\/\/www.hydroseal.ee\/lv\/produkts\/nokrisnu-caurule-315-mm-6-metrus-gara\/#primaryimage"},"image":{"@id":"https:\/\/www.hydroseal.ee\/lv\/produkts\/nokrisnu-caurule-315-mm-6-metrus-gara\/#primaryimage"},"thumbnailUrl":"https:\/\/www.hydroseal.ee\/wp-content\/uploads\/2024\/02\/1-1.png","datePublished":"2025-05-07T13:26:45+00:00","dateModified":"2025-05-08T05:27:51+00:00","description":"Nokri\u0161\u0146u caurules tiek izmantotas, lai izveidotu pa\u0161teces lietus \u016bdens cauru\u013cvadus un transport\u0113tu \u016bdeni no viena punkta uz otru.","breadcrumb":{"@id":"https:\/\/www.hydroseal.ee\/lv\/produkts\/nokrisnu-caurule-315-mm-6-metrus-gara\/#breadcrumb"},"inLanguage":"lv-LV","potentialAction":[{"@type":"ReadAction","target":["https:\/\/www.hydroseal.ee\/lv\/produkts\/nokrisnu-caurule-315-mm-6-metrus-gara\/"]}]},{"@type":"ImageObject","inLanguage":"lv-LV","@id":"https:\/\/www.hydroseal.ee\/lv\/produkts\/nokrisnu-caurule-315-mm-6-metrus-gara\/#primaryimage","url":"https:\/\/www.hydroseal.ee\/wp-content\/uploads\/2024\/02\/1-1.png","contentUrl":"https:\/\/www.hydroseal.ee\/wp-content\/uploads\/2024\/02\/1-1.png","width":942,"height":666,"caption":"Sadeveetoru"},{"@type":"BreadcrumbList","@id":"https:\/\/www.hydroseal.ee\/lv\/produkts\/nokrisnu-caurule-315-mm-6-metrus-gara\/#breadcrumb","itemListElement":[{"@type":"ListItem","position":1,"name":"Home","item":"https:\/\/www.hydroseal.ee\/lv\/"},{"@type":"ListItem","position":2,"name":"E-veikals","item":"https:\/\/www.hydroseal.ee\/lv\/e-veikals\/"},{"@type":"ListItem","position":3,"name":"Nokri\u0161\u0146u caurule 315 mm 6-metrus gara"}]},{"@type":"WebSite","@id":"https:\/\/www.hydroseal.ee\/lv\/#website","url":"https:\/\/www.hydroseal.ee\/lv\/","name":"Hydroseal","description":"Pakume kestvaid lahendusi igale geotehnilisele ja taristualasele v\u00e4ljakutsele","publisher":{"@id":"https:\/\/www.hydroseal.ee\/lv\/#organization"},"potentialAction":[{"@type":"SearchAction","target":{"@type":"EntryPoint","urlTemplate":"https:\/\/www.hydroseal.ee\/lv\/?s={search_term_string}"},"query-input":{"@type":"PropertyValueSpecification","valueRequired":true,"valueName":"search_term_string"}}],"inLanguage":"lv-LV"},{"@type":"Organization","@id":"https:\/\/www.hydroseal.ee\/lv\/#organization","name":"Hydroseal","url":"https:\/\/www.hydroseal.ee\/lv\/","logo":{"@type":"ImageObject","inLanguage":"lv-LV","@id":"https:\/\/www.hydroseal.ee\/lv\/#\/schema\/logo\/image\/","url":"https:\/\/www.hydroseal.ee\/wp-content\/uploads\/2024\/03\/Frame-6870.svg","contentUrl":"https:\/\/www.hydroseal.ee\/wp-content\/uploads\/2024\/03\/Frame-6870.svg","width":1,"height":1,"caption":"Hydroseal"},"image":{"@id":"https:\/\/www.hydroseal.ee\/lv\/#\/schema\/logo\/image\/"},"sameAs":["https:\/\/www.facebook.com\/hydroseal.ee"]}]}},"_links":{"self":[{"href":"https:\/\/www.hydroseal.ee\/lv\/wp-json\/wp\/v2\/product\/8702","targetHints":{"allow":["GET"]}}],"collection":[{"href":"https:\/\/www.hydroseal.ee\/lv\/wp-json\/wp\/v2\/product"}],"about":[{"href":"https:\/\/www.hydroseal.ee\/lv\/wp-json\/wp\/v2\/types\/product"}],"replies":[{"embeddable":true,"href":"https:\/\/www.hydroseal.ee\/lv\/wp-json\/wp\/v2\/comments?post=8702"}],"wp:featuredmedia":[{"embeddable":true,"href":"https:\/\/www.hydroseal.ee\/lv\/wp-json\/wp\/v2\/media\/8221"}],"wp:attachment":[{"href":"https:\/\/www.hydroseal.ee\/lv\/wp-json\/wp\/v2\/media?parent=8702"}],"wp:term":[{"taxonomy":"product_brand","embeddable":true,"href":"https:\/\/www.hydroseal.ee\/lv\/wp-json\/wp\/v2\/product_brand?post=8702"},{"taxonomy":"product_cat","embeddable":true,"href":"https:\/\/www.hydroseal.ee\/lv\/wp-json\/wp\/v2\/product_cat?post=8702"},{"taxonomy":"product_tag","embeddable":true,"href":"https:\/\/www.hydroseal.ee\/lv\/wp-json\/wp\/v2\/product_tag?post=8702"}],"curies":[{"name":"wp","href":"https:\/\/api.w.org\/{rel}","templated":true}]}}