{"id":8651,"date":"2025-04-14T11:05:00","date_gmt":"2025-04-14T09:05:00","guid":{"rendered":"https:\/\/www.hydroseal.ee\/toode\/biologiska-attirisanas-iekarta-optimax-4\/"},"modified":"2025-04-29T15:12:32","modified_gmt":"2025-04-29T13:12:32","slug":"biologiska-attirisanas-iekarta-optimax-4","status":"publish","type":"product","link":"https:\/\/www.hydroseal.ee\/lv\/produkts\/biologiska-attirisanas-iekarta-optimax-4\/","title":{"rendered":"Biolo\u0123isk\u0101 att\u012br\u012b\u0161anas iek\u0101rta OPTIMAX 4"},"content":{"rendered":"","protected":false},"excerpt":{"rendered":"<p>Kompakta un efekt\u012bva notek\u016bde\u0146u att\u012br\u012b\u0161anas iek\u0101rta 1\u20134 lietot\u0101jiem. Lieliski piem\u0113rota priv\u0101tm\u0101j\u0101m un vasarn\u012bc\u0101m. <\/p>\n<p>Vienkameru biolo\u0123isk\u0101 att\u012br\u012b\u0161anas iek\u0101rta darbojas p\u0113c SBR tehnolo\u0123ijas principa (Sec\u012bg\u0101s Partijas Reaktors). Tas nodro\u0161ina efekt\u012bvu notek\u016bde\u0146u att\u012br\u012b\u0161anu sec\u012bg\u0101s ciklos vien\u0101 kamer\u0101, kur aer\u0101ciju un sajauk\u0161anu vada gaisa kompresors. <\/p>\n<p>Priek\u0161roc\u012bbas:<\/p>\n<ul>\n<li>CE sertifik\u0101ts, atbilst EN 12566-3 standartam<\/li>\n<li>Piln\u012bb\u0101 no plastmasas izgatavots korpuss \u2013 herm\u0113tisks un iztur\u012bgs pret koroziju<\/li>\n<li>\u0100r\u0113jais vad\u012bbas panelis \u2013 r\u016bpn\u012bc\u0101 komplekt\u0113ts un gatavs uzst\u0101d\u012b\u0161anai<\/li>\n<li>Piln\u012bb\u0101 autom\u0101tiska darb\u012bba \u2013 minim\u0101las apkopes pras\u012bbas<\/li>\n<li>Zems ener\u0123ijas pat\u0113ri\u0146\u0161<\/li>\n<li>Viegli transport\u0113jams un uzst\u0101d\u0101ms<\/li>\n<\/ul>\n<p>Tehniskie dati:<\/p>\n<ul>\n<li>Lietot\u0101ju skaits: l\u012bdz 4 cilv\u0113kiem<\/li>\n<li>Notek\u016bde\u0146u apjoms: l\u012bdz 600 l diennakt\u012b<\/li>\n<li>Tvertnes tilpums: 2000 l<\/li>\n<li>Materi\u0101ls: HDPE (augsta bl\u012bvuma polietil\u0113ns)<\/li>\n<li>Spriegums: 230V<\/li>\n<\/ul>\n<p>Komplekt\u0101 ietilpst:<\/p>\n<ul>\n<li>Att\u012br\u012b\u0161anas iek\u0101rta ar 400 mm paaugstin\u0101jumu<\/li>\n<li>Za\u013c\u0161 plastmasas v\u0101ks<\/li>\n<li>\u0100r\u0113jais vad\u012bbas panelis ar gaisa kompresoru<\/li>\n<\/ul>\n<p>Piez\u012bme! Ja \u012bpa\u0161um\u0101 nav iesp\u0113jas novad\u012bt att\u012br\u012bto \u016bdeni gr\u0101v\u012b vai \u016bdensnotek\u0101, iesp\u0113jams papildus pas\u016bt\u012bt infiltr\u0101cijas tune\u013ca komplektu ar sadales aku. L\u016bdzu, nor\u0101diet savu v\u0113lmi iepirkumu groza piez\u012bmju lauk\u0101. <\/p>\n<p>Notek\u016bde\u0146u att\u012br\u012b\u0161anas iek\u0101rtas ieg\u0101de nav sare\u017e\u0123\u012bta. Ja nepiecie\u0161ams, pal\u012bdz\u0113sim ar projekt\u0113\u0161anu, uzst\u0101d\u012b\u0161anu un dokument\u0101ciju. Sazinieties ar mums \u2013 atrad\u012bsim lab\u0101ko risin\u0101jumu J\u016bsu \u012bpa\u0161umam.  <\/p>\n","protected":false},"featured_media":8524,"comment_status":"closed","ping_status":"closed","template":"","meta":{"_acf_changed":false},"product_brand":[],"product_cat":[261],"product_tag":[],"class_list":{"0":"post-8651","1":"product","2":"type-product","3":"status-publish","4":"has-post-thumbnail","6":"product_cat-biopuhastid","8":"first","9":"instock","10":"shipping-taxable","11":"purchasable","12":"product-type-simple"},"acf":[],"yoast_head":"<!-- This site is optimized with the Yoast SEO plugin v27.2 - https:\/\/yoast.com\/product\/yoast-seo-wordpress\/ -->\n<title>Biolo\u0123isk\u0101 att\u012br\u012b\u0161anas iek\u0101rta OPTIMAX 4 - Hydroseal<\/title>\n<meta name=\"description\" content=\"Biolo\u0123isk\u0101 att\u012br\u012b\u0161anas iek\u0101rta OPTIMAX 4 - notek\u016bde\u0146u att\u012br\u012b\u0161anas iek\u0101rta 1-4 lietot\u0101jiem. Piem\u0113rots dz\u012bvojamai m\u0101jai vai koted\u017eai. Kompakts un viegli uzst\u0101d\u0101ms. Pal\u012bdzam ar projekt\u0113\u0161anu un uzst\u0101d\u012b\u0161anu.\" \/>\n<meta name=\"robots\" content=\"index, follow, max-snippet:-1, max-image-preview:large, max-video-preview:-1\" \/>\n<link rel=\"canonical\" href=\"https:\/\/www.hydroseal.ee\/lv\/produkts\/biologiska-attirisanas-iekarta-optimax-4\/\" \/>\n<meta property=\"og:locale\" content=\"lv_LV\" \/>\n<meta property=\"og:type\" content=\"article\" \/>\n<meta property=\"og:title\" content=\"Biolo\u0123isk\u0101 att\u012br\u012b\u0161anas iek\u0101rta OPTIMAX 4 - Hydroseal\" \/>\n<meta property=\"og:description\" content=\"Biolo\u0123isk\u0101 att\u012br\u012b\u0161anas iek\u0101rta OPTIMAX 4 - notek\u016bde\u0146u att\u012br\u012b\u0161anas iek\u0101rta 1-4 lietot\u0101jiem. Piem\u0113rots dz\u012bvojamai m\u0101jai vai koted\u017eai. Kompakts un viegli uzst\u0101d\u0101ms. Pal\u012bdzam ar projekt\u0113\u0161anu un uzst\u0101d\u012b\u0161anu.\" \/>\n<meta property=\"og:url\" content=\"https:\/\/www.hydroseal.ee\/lv\/produkts\/biologiska-attirisanas-iekarta-optimax-4\/\" \/>\n<meta property=\"og:site_name\" content=\"Hydroseal\" \/>\n<meta property=\"article:publisher\" content=\"https:\/\/www.facebook.com\/hydroseal.ee\" \/>\n<meta property=\"article:modified_time\" content=\"2025-04-29T13:12:32+00:00\" \/>\n<meta property=\"og:image\" content=\"https:\/\/www.hydroseal.ee\/wp-content\/uploads\/2025\/04\/4-2.webp\" \/>\n\t<meta property=\"og:image:width\" content=\"470\" \/>\n\t<meta property=\"og:image:height\" content=\"470\" \/>\n\t<meta property=\"og:image:type\" content=\"image\/webp\" \/>\n<meta name=\"twitter:card\" content=\"summary_large_image\" \/>\n<script type=\"application\/ld+json\" class=\"yoast-schema-graph\">{\"@context\":\"https:\/\/schema.org\",\"@graph\":[{\"@type\":\"WebPage\",\"@id\":\"https:\/\/www.hydroseal.ee\/lv\/produkts\/biologiska-attirisanas-iekarta-optimax-4\/\",\"url\":\"https:\/\/www.hydroseal.ee\/lv\/produkts\/biologiska-attirisanas-iekarta-optimax-4\/\",\"name\":\"Biolo\u0123isk\u0101 att\u012br\u012b\u0161anas iek\u0101rta OPTIMAX 4 - Hydroseal\",\"isPartOf\":{\"@id\":\"https:\/\/www.hydroseal.ee\/lv\/#website\"},\"primaryImageOfPage\":{\"@id\":\"https:\/\/www.hydroseal.ee\/lv\/produkts\/biologiska-attirisanas-iekarta-optimax-4\/#primaryimage\"},\"image\":{\"@id\":\"https:\/\/www.hydroseal.ee\/lv\/produkts\/biologiska-attirisanas-iekarta-optimax-4\/#primaryimage\"},\"thumbnailUrl\":\"https:\/\/www.hydroseal.ee\/wp-content\/uploads\/2025\/04\/4-2.webp\",\"datePublished\":\"2025-04-14T09:05:00+00:00\",\"dateModified\":\"2025-04-29T13:12:32+00:00\",\"description\":\"Biolo\u0123isk\u0101 att\u012br\u012b\u0161anas iek\u0101rta OPTIMAX 4 - notek\u016bde\u0146u att\u012br\u012b\u0161anas iek\u0101rta 1-4 lietot\u0101jiem. Piem\u0113rots dz\u012bvojamai m\u0101jai vai koted\u017eai. Kompakts un viegli uzst\u0101d\u0101ms. Pal\u012bdzam ar projekt\u0113\u0161anu un uzst\u0101d\u012b\u0161anu.\",\"breadcrumb\":{\"@id\":\"https:\/\/www.hydroseal.ee\/lv\/produkts\/biologiska-attirisanas-iekarta-optimax-4\/#breadcrumb\"},\"inLanguage\":\"lv-LV\",\"potentialAction\":[{\"@type\":\"ReadAction\",\"target\":[\"https:\/\/www.hydroseal.ee\/lv\/produkts\/biologiska-attirisanas-iekarta-optimax-4\/\"]}]},{\"@type\":\"ImageObject\",\"inLanguage\":\"lv-LV\",\"@id\":\"https:\/\/www.hydroseal.ee\/lv\/produkts\/biologiska-attirisanas-iekarta-optimax-4\/#primaryimage\",\"url\":\"https:\/\/www.hydroseal.ee\/wp-content\/uploads\/2025\/04\/4-2.webp\",\"contentUrl\":\"https:\/\/www.hydroseal.ee\/wp-content\/uploads\/2025\/04\/4-2.webp\",\"width\":470,\"height\":470,\"caption\":\"Biopuhasti Optimax 4\"},{\"@type\":\"BreadcrumbList\",\"@id\":\"https:\/\/www.hydroseal.ee\/lv\/produkts\/biologiska-attirisanas-iekarta-optimax-4\/#breadcrumb\",\"itemListElement\":[{\"@type\":\"ListItem\",\"position\":1,\"name\":\"Home\",\"item\":\"https:\/\/www.hydroseal.ee\/lv\/\"},{\"@type\":\"ListItem\",\"position\":2,\"name\":\"E-veikals\",\"item\":\"https:\/\/www.hydroseal.ee\/lv\/e-veikals\/\"},{\"@type\":\"ListItem\",\"position\":3,\"name\":\"Biolo\u0123isk\u0101 att\u012br\u012b\u0161anas iek\u0101rta OPTIMAX 4\"}]},{\"@type\":\"WebSite\",\"@id\":\"https:\/\/www.hydroseal.ee\/lv\/#website\",\"url\":\"https:\/\/www.hydroseal.ee\/lv\/\",\"name\":\"Hydroseal\",\"description\":\"Pakume kestvaid lahendusi igale geotehnilisele ja taristualasele v\u00e4ljakutsele\",\"publisher\":{\"@id\":\"https:\/\/www.hydroseal.ee\/lv\/#organization\"},\"potentialAction\":[{\"@type\":\"SearchAction\",\"target\":{\"@type\":\"EntryPoint\",\"urlTemplate\":\"https:\/\/www.hydroseal.ee\/lv\/?s={search_term_string}\"},\"query-input\":{\"@type\":\"PropertyValueSpecification\",\"valueRequired\":true,\"valueName\":\"search_term_string\"}}],\"inLanguage\":\"lv-LV\"},{\"@type\":\"Organization\",\"@id\":\"https:\/\/www.hydroseal.ee\/lv\/#organization\",\"name\":\"Hydroseal\",\"url\":\"https:\/\/www.hydroseal.ee\/lv\/\",\"logo\":{\"@type\":\"ImageObject\",\"inLanguage\":\"lv-LV\",\"@id\":\"https:\/\/www.hydroseal.ee\/lv\/#\/schema\/logo\/image\/\",\"url\":\"https:\/\/www.hydroseal.ee\/wp-content\/uploads\/2024\/03\/Frame-6870.svg\",\"contentUrl\":\"https:\/\/www.hydroseal.ee\/wp-content\/uploads\/2024\/03\/Frame-6870.svg\",\"width\":1,\"height\":1,\"caption\":\"Hydroseal\"},\"image\":{\"@id\":\"https:\/\/www.hydroseal.ee\/lv\/#\/schema\/logo\/image\/\"},\"sameAs\":[\"https:\/\/www.facebook.com\/hydroseal.ee\"]}]}<\/script>\n<!-- \/ Yoast SEO plugin. -->","yoast_head_json":{"title":"Biolo\u0123isk\u0101 att\u012br\u012b\u0161anas iek\u0101rta OPTIMAX 4 - Hydroseal","description":"Biolo\u0123isk\u0101 att\u012br\u012b\u0161anas iek\u0101rta OPTIMAX 4 - notek\u016bde\u0146u att\u012br\u012b\u0161anas iek\u0101rta 1-4 lietot\u0101jiem. Piem\u0113rots dz\u012bvojamai m\u0101jai vai koted\u017eai. Kompakts un viegli uzst\u0101d\u0101ms. Pal\u012bdzam ar projekt\u0113\u0161anu un uzst\u0101d\u012b\u0161anu.","robots":{"index":"index","follow":"follow","max-snippet":"max-snippet:-1","max-image-preview":"max-image-preview:large","max-video-preview":"max-video-preview:-1"},"canonical":"https:\/\/www.hydroseal.ee\/lv\/produkts\/biologiska-attirisanas-iekarta-optimax-4\/","og_locale":"lv_LV","og_type":"article","og_title":"Biolo\u0123isk\u0101 att\u012br\u012b\u0161anas iek\u0101rta OPTIMAX 4 - Hydroseal","og_description":"Biolo\u0123isk\u0101 att\u012br\u012b\u0161anas iek\u0101rta OPTIMAX 4 - notek\u016bde\u0146u att\u012br\u012b\u0161anas iek\u0101rta 1-4 lietot\u0101jiem. Piem\u0113rots dz\u012bvojamai m\u0101jai vai koted\u017eai. Kompakts un viegli uzst\u0101d\u0101ms. Pal\u012bdzam ar projekt\u0113\u0161anu un uzst\u0101d\u012b\u0161anu.","og_url":"https:\/\/www.hydroseal.ee\/lv\/produkts\/biologiska-attirisanas-iekarta-optimax-4\/","og_site_name":"Hydroseal","article_publisher":"https:\/\/www.facebook.com\/hydroseal.ee","article_modified_time":"2025-04-29T13:12:32+00:00","og_image":[{"width":470,"height":470,"url":"https:\/\/www.hydroseal.ee\/wp-content\/uploads\/2025\/04\/4-2.webp","type":"image\/webp"}],"twitter_card":"summary_large_image","schema":{"@context":"https:\/\/schema.org","@graph":[{"@type":"WebPage","@id":"https:\/\/www.hydroseal.ee\/lv\/produkts\/biologiska-attirisanas-iekarta-optimax-4\/","url":"https:\/\/www.hydroseal.ee\/lv\/produkts\/biologiska-attirisanas-iekarta-optimax-4\/","name":"Biolo\u0123isk\u0101 att\u012br\u012b\u0161anas iek\u0101rta OPTIMAX 4 - Hydroseal","isPartOf":{"@id":"https:\/\/www.hydroseal.ee\/lv\/#website"},"primaryImageOfPage":{"@id":"https:\/\/www.hydroseal.ee\/lv\/produkts\/biologiska-attirisanas-iekarta-optimax-4\/#primaryimage"},"image":{"@id":"https:\/\/www.hydroseal.ee\/lv\/produkts\/biologiska-attirisanas-iekarta-optimax-4\/#primaryimage"},"thumbnailUrl":"https:\/\/www.hydroseal.ee\/wp-content\/uploads\/2025\/04\/4-2.webp","datePublished":"2025-04-14T09:05:00+00:00","dateModified":"2025-04-29T13:12:32+00:00","description":"Biolo\u0123isk\u0101 att\u012br\u012b\u0161anas iek\u0101rta OPTIMAX 4 - notek\u016bde\u0146u att\u012br\u012b\u0161anas iek\u0101rta 1-4 lietot\u0101jiem. Piem\u0113rots dz\u012bvojamai m\u0101jai vai koted\u017eai. Kompakts un viegli uzst\u0101d\u0101ms. Pal\u012bdzam ar projekt\u0113\u0161anu un uzst\u0101d\u012b\u0161anu.","breadcrumb":{"@id":"https:\/\/www.hydroseal.ee\/lv\/produkts\/biologiska-attirisanas-iekarta-optimax-4\/#breadcrumb"},"inLanguage":"lv-LV","potentialAction":[{"@type":"ReadAction","target":["https:\/\/www.hydroseal.ee\/lv\/produkts\/biologiska-attirisanas-iekarta-optimax-4\/"]}]},{"@type":"ImageObject","inLanguage":"lv-LV","@id":"https:\/\/www.hydroseal.ee\/lv\/produkts\/biologiska-attirisanas-iekarta-optimax-4\/#primaryimage","url":"https:\/\/www.hydroseal.ee\/wp-content\/uploads\/2025\/04\/4-2.webp","contentUrl":"https:\/\/www.hydroseal.ee\/wp-content\/uploads\/2025\/04\/4-2.webp","width":470,"height":470,"caption":"Biopuhasti Optimax 4"},{"@type":"BreadcrumbList","@id":"https:\/\/www.hydroseal.ee\/lv\/produkts\/biologiska-attirisanas-iekarta-optimax-4\/#breadcrumb","itemListElement":[{"@type":"ListItem","position":1,"name":"Home","item":"https:\/\/www.hydroseal.ee\/lv\/"},{"@type":"ListItem","position":2,"name":"E-veikals","item":"https:\/\/www.hydroseal.ee\/lv\/e-veikals\/"},{"@type":"ListItem","position":3,"name":"Biolo\u0123isk\u0101 att\u012br\u012b\u0161anas iek\u0101rta OPTIMAX 4"}]},{"@type":"WebSite","@id":"https:\/\/www.hydroseal.ee\/lv\/#website","url":"https:\/\/www.hydroseal.ee\/lv\/","name":"Hydroseal","description":"Pakume kestvaid lahendusi igale geotehnilisele ja taristualasele v\u00e4ljakutsele","publisher":{"@id":"https:\/\/www.hydroseal.ee\/lv\/#organization"},"potentialAction":[{"@type":"SearchAction","target":{"@type":"EntryPoint","urlTemplate":"https:\/\/www.hydroseal.ee\/lv\/?s={search_term_string}"},"query-input":{"@type":"PropertyValueSpecification","valueRequired":true,"valueName":"search_term_string"}}],"inLanguage":"lv-LV"},{"@type":"Organization","@id":"https:\/\/www.hydroseal.ee\/lv\/#organization","name":"Hydroseal","url":"https:\/\/www.hydroseal.ee\/lv\/","logo":{"@type":"ImageObject","inLanguage":"lv-LV","@id":"https:\/\/www.hydroseal.ee\/lv\/#\/schema\/logo\/image\/","url":"https:\/\/www.hydroseal.ee\/wp-content\/uploads\/2024\/03\/Frame-6870.svg","contentUrl":"https:\/\/www.hydroseal.ee\/wp-content\/uploads\/2024\/03\/Frame-6870.svg","width":1,"height":1,"caption":"Hydroseal"},"image":{"@id":"https:\/\/www.hydroseal.ee\/lv\/#\/schema\/logo\/image\/"},"sameAs":["https:\/\/www.facebook.com\/hydroseal.ee"]}]}},"_links":{"self":[{"href":"https:\/\/www.hydroseal.ee\/lv\/wp-json\/wp\/v2\/product\/8651","targetHints":{"allow":["GET"]}}],"collection":[{"href":"https:\/\/www.hydroseal.ee\/lv\/wp-json\/wp\/v2\/product"}],"about":[{"href":"https:\/\/www.hydroseal.ee\/lv\/wp-json\/wp\/v2\/types\/product"}],"replies":[{"embeddable":true,"href":"https:\/\/www.hydroseal.ee\/lv\/wp-json\/wp\/v2\/comments?post=8651"}],"wp:featuredmedia":[{"embeddable":true,"href":"https:\/\/www.hydroseal.ee\/lv\/wp-json\/wp\/v2\/media\/8524"}],"wp:attachment":[{"href":"https:\/\/www.hydroseal.ee\/lv\/wp-json\/wp\/v2\/media?parent=8651"}],"wp:term":[{"taxonomy":"product_brand","embeddable":true,"href":"https:\/\/www.hydroseal.ee\/lv\/wp-json\/wp\/v2\/product_brand?post=8651"},{"taxonomy":"product_cat","embeddable":true,"href":"https:\/\/www.hydroseal.ee\/lv\/wp-json\/wp\/v2\/product_cat?post=8651"},{"taxonomy":"product_tag","embeddable":true,"href":"https:\/\/www.hydroseal.ee\/lv\/wp-json\/wp\/v2\/product_tag?post=8651"}],"curies":[{"name":"wp","href":"https:\/\/api.w.org\/{rel}","templated":true}]}}