{"id":8033,"date":"2024-09-24T08:36:15","date_gmt":"2024-09-24T06:36:15","guid":{"rendered":"https:\/\/www.hydroseal.ee\/?post_type=product&#038;p=8033"},"modified":"2025-04-04T07:55:04","modified_gmt":"2025-04-04T05:55:04","slug":"mitruma-barjeras-lente-04x50","status":"publish","type":"product","link":"https:\/\/www.hydroseal.ee\/lv\/produkts\/mitruma-barjeras-lente-04x50\/","title":{"rendered":"Mitruma izol\u0101cijas lente 0,4&#215;50"},"content":{"rendered":"","protected":false},"excerpt":{"rendered":"<p>Mitruma barjeras lente ir \u0123eomembr\u0101na no ciet\u0101 polietil\u0113na (HDPE), kas paredz\u0113ta horizont\u0101lai mont\u0101\u017eai pie sienas. See kaitseb seina konstruktsioonielemente kapillaarse niiskuse sissetungi ja niiskuse \u00fclespoole liikumise eest.<\/p>\n<p>Mitruma barjeras membr\u0101nas saglab\u0101 elast\u012bbu pat -25\u00b0C temperat\u016br\u0101, at\u0161\u0137ir\u012bb\u0101 no membr\u0101n\u0101m, kas izgatavotas no PVC materi\u0101la. Tas aizst\u0101j ar\u012b bitumena materi\u0101lus, piem\u0113ram, darvas pap\u012bru un darvu. Diafragmas aug\u0161\u0113j\u0101 virsm\u0101 ir rievas, kas nov\u0113r\u0161 lentes kust\u012bbu.<\/p>\n<p>Mitruma barjeras lentes platums ir 0,4 m un garums &#8211; 50 m.<\/p>\n","protected":false},"featured_media":8012,"comment_status":"closed","ping_status":"closed","template":"","meta":{"_acf_changed":false},"product_brand":[],"product_cat":[39],"product_tag":[],"class_list":{"0":"post-8033","1":"product","2":"type-product","3":"status-publish","4":"has-post-thumbnail","6":"product_cat-hudroisolatsioon","8":"first","9":"instock","10":"shipping-taxable","11":"purchasable","12":"product-type-simple"},"acf":[],"yoast_head":"<!-- This site is optimized with the Yoast SEO plugin v27.2 - https:\/\/yoast.com\/product\/yoast-seo-wordpress\/ -->\n<title>Mitruma izol\u0101cijas lente 0,4x50 - Hydroseal<\/title>\n<meta name=\"description\" content=\"Mitruma barjeras lente ir \u0123eomembr\u0101na no ciet\u0101 polietil\u0113na, kas paredz\u0113ta horizont\u0101lai mont\u0101\u017eai pie sienas. \u0160\u012b ir svar\u012bga pamatu hidroizol\u0101cijas sast\u0101vda\u013ca.\" \/>\n<meta name=\"robots\" content=\"index, follow, max-snippet:-1, max-image-preview:large, max-video-preview:-1\" \/>\n<link rel=\"canonical\" href=\"https:\/\/www.hydroseal.ee\/lv\/produkts\/mitruma-barjeras-lente-04x50\/\" \/>\n<meta property=\"og:locale\" content=\"lv_LV\" \/>\n<meta property=\"og:type\" content=\"article\" \/>\n<meta property=\"og:title\" content=\"Mitruma izol\u0101cijas lente 0,4x50 - Hydroseal\" \/>\n<meta property=\"og:description\" content=\"Mitruma barjeras lente ir \u0123eomembr\u0101na no ciet\u0101 polietil\u0113na, kas paredz\u0113ta horizont\u0101lai mont\u0101\u017eai pie sienas. \u0160\u012b ir svar\u012bga pamatu hidroizol\u0101cijas sast\u0101vda\u013ca.\" \/>\n<meta property=\"og:url\" content=\"https:\/\/www.hydroseal.ee\/lv\/produkts\/mitruma-barjeras-lente-04x50\/\" \/>\n<meta property=\"og:site_name\" content=\"Hydroseal\" \/>\n<meta property=\"article:publisher\" content=\"https:\/\/www.facebook.com\/hydroseal.ee\" \/>\n<meta property=\"article:modified_time\" content=\"2025-04-04T05:55:04+00:00\" \/>\n<meta property=\"og:image\" content=\"https:\/\/www.hydroseal.ee\/wp-content\/uploads\/2024\/02\/hydrofol1.jpg\" \/>\n\t<meta property=\"og:image:width\" content=\"1200\" \/>\n\t<meta property=\"og:image:height\" content=\"910\" \/>\n\t<meta property=\"og:image:type\" content=\"image\/jpeg\" \/>\n<meta name=\"twitter:card\" content=\"summary_large_image\" \/>\n<meta name=\"twitter:label1\" content=\"Est. reading time\" \/>\n\t<meta name=\"twitter:data1\" content=\"1 minute\" \/>\n<script type=\"application\/ld+json\" class=\"yoast-schema-graph\">{\"@context\":\"https:\/\/schema.org\",\"@graph\":[{\"@type\":\"WebPage\",\"@id\":\"https:\/\/www.hydroseal.ee\/lv\/produkts\/mitruma-barjeras-lente-04x50\/\",\"url\":\"https:\/\/www.hydroseal.ee\/lv\/produkts\/mitruma-barjeras-lente-04x50\/\",\"name\":\"Mitruma izol\u0101cijas lente 0,4x50 - Hydroseal\",\"isPartOf\":{\"@id\":\"https:\/\/www.hydroseal.ee\/lv\/#website\"},\"primaryImageOfPage\":{\"@id\":\"https:\/\/www.hydroseal.ee\/lv\/produkts\/mitruma-barjeras-lente-04x50\/#primaryimage\"},\"image\":{\"@id\":\"https:\/\/www.hydroseal.ee\/lv\/produkts\/mitruma-barjeras-lente-04x50\/#primaryimage\"},\"thumbnailUrl\":\"https:\/\/www.hydroseal.ee\/wp-content\/uploads\/2024\/02\/hydrofol1.jpg\",\"datePublished\":\"2024-09-24T06:36:15+00:00\",\"dateModified\":\"2025-04-04T05:55:04+00:00\",\"description\":\"Mitruma barjeras lente ir \u0123eomembr\u0101na no ciet\u0101 polietil\u0113na, kas paredz\u0113ta horizont\u0101lai mont\u0101\u017eai pie sienas. \u0160\u012b ir svar\u012bga pamatu hidroizol\u0101cijas sast\u0101vda\u013ca.\",\"breadcrumb\":{\"@id\":\"https:\/\/www.hydroseal.ee\/lv\/produkts\/mitruma-barjeras-lente-04x50\/#breadcrumb\"},\"inLanguage\":\"lv-LV\",\"potentialAction\":[{\"@type\":\"ReadAction\",\"target\":[\"https:\/\/www.hydroseal.ee\/lv\/produkts\/mitruma-barjeras-lente-04x50\/\"]}]},{\"@type\":\"ImageObject\",\"inLanguage\":\"lv-LV\",\"@id\":\"https:\/\/www.hydroseal.ee\/lv\/produkts\/mitruma-barjeras-lente-04x50\/#primaryimage\",\"url\":\"https:\/\/www.hydroseal.ee\/wp-content\/uploads\/2024\/02\/hydrofol1.jpg\",\"contentUrl\":\"https:\/\/www.hydroseal.ee\/wp-content\/uploads\/2024\/02\/hydrofol1.jpg\",\"width\":1200,\"height\":910,\"caption\":\"Niiskust\u00f5kkelint\"},{\"@type\":\"BreadcrumbList\",\"@id\":\"https:\/\/www.hydroseal.ee\/lv\/produkts\/mitruma-barjeras-lente-04x50\/#breadcrumb\",\"itemListElement\":[{\"@type\":\"ListItem\",\"position\":1,\"name\":\"Home\",\"item\":\"https:\/\/www.hydroseal.ee\/lv\/\"},{\"@type\":\"ListItem\",\"position\":2,\"name\":\"E-veikals\",\"item\":\"https:\/\/www.hydroseal.ee\/lv\/e-veikals\/\"},{\"@type\":\"ListItem\",\"position\":3,\"name\":\"Mitruma izol\u0101cijas lente 0,4&#215;50\"}]},{\"@type\":\"WebSite\",\"@id\":\"https:\/\/www.hydroseal.ee\/lv\/#website\",\"url\":\"https:\/\/www.hydroseal.ee\/lv\/\",\"name\":\"Hydroseal\",\"description\":\"Pakume kestvaid lahendusi igale geotehnilisele ja taristualasele v\u00e4ljakutsele\",\"publisher\":{\"@id\":\"https:\/\/www.hydroseal.ee\/lv\/#organization\"},\"potentialAction\":[{\"@type\":\"SearchAction\",\"target\":{\"@type\":\"EntryPoint\",\"urlTemplate\":\"https:\/\/www.hydroseal.ee\/lv\/?s={search_term_string}\"},\"query-input\":{\"@type\":\"PropertyValueSpecification\",\"valueRequired\":true,\"valueName\":\"search_term_string\"}}],\"inLanguage\":\"lv-LV\"},{\"@type\":\"Organization\",\"@id\":\"https:\/\/www.hydroseal.ee\/lv\/#organization\",\"name\":\"Hydroseal\",\"url\":\"https:\/\/www.hydroseal.ee\/lv\/\",\"logo\":{\"@type\":\"ImageObject\",\"inLanguage\":\"lv-LV\",\"@id\":\"https:\/\/www.hydroseal.ee\/lv\/#\/schema\/logo\/image\/\",\"url\":\"https:\/\/www.hydroseal.ee\/wp-content\/uploads\/2024\/03\/Frame-6870.svg\",\"contentUrl\":\"https:\/\/www.hydroseal.ee\/wp-content\/uploads\/2024\/03\/Frame-6870.svg\",\"width\":1,\"height\":1,\"caption\":\"Hydroseal\"},\"image\":{\"@id\":\"https:\/\/www.hydroseal.ee\/lv\/#\/schema\/logo\/image\/\"},\"sameAs\":[\"https:\/\/www.facebook.com\/hydroseal.ee\"]}]}<\/script>\n<!-- \/ Yoast SEO plugin. -->","yoast_head_json":{"title":"Mitruma izol\u0101cijas lente 0,4x50 - Hydroseal","description":"Mitruma barjeras lente ir \u0123eomembr\u0101na no ciet\u0101 polietil\u0113na, kas paredz\u0113ta horizont\u0101lai mont\u0101\u017eai pie sienas. \u0160\u012b ir svar\u012bga pamatu hidroizol\u0101cijas sast\u0101vda\u013ca.","robots":{"index":"index","follow":"follow","max-snippet":"max-snippet:-1","max-image-preview":"max-image-preview:large","max-video-preview":"max-video-preview:-1"},"canonical":"https:\/\/www.hydroseal.ee\/lv\/produkts\/mitruma-barjeras-lente-04x50\/","og_locale":"lv_LV","og_type":"article","og_title":"Mitruma izol\u0101cijas lente 0,4x50 - Hydroseal","og_description":"Mitruma barjeras lente ir \u0123eomembr\u0101na no ciet\u0101 polietil\u0113na, kas paredz\u0113ta horizont\u0101lai mont\u0101\u017eai pie sienas. \u0160\u012b ir svar\u012bga pamatu hidroizol\u0101cijas sast\u0101vda\u013ca.","og_url":"https:\/\/www.hydroseal.ee\/lv\/produkts\/mitruma-barjeras-lente-04x50\/","og_site_name":"Hydroseal","article_publisher":"https:\/\/www.facebook.com\/hydroseal.ee","article_modified_time":"2025-04-04T05:55:04+00:00","og_image":[{"width":1200,"height":910,"url":"https:\/\/www.hydroseal.ee\/wp-content\/uploads\/2024\/02\/hydrofol1.jpg","type":"image\/jpeg"}],"twitter_card":"summary_large_image","twitter_misc":{"Est. reading time":"1 minute"},"schema":{"@context":"https:\/\/schema.org","@graph":[{"@type":"WebPage","@id":"https:\/\/www.hydroseal.ee\/lv\/produkts\/mitruma-barjeras-lente-04x50\/","url":"https:\/\/www.hydroseal.ee\/lv\/produkts\/mitruma-barjeras-lente-04x50\/","name":"Mitruma izol\u0101cijas lente 0,4x50 - Hydroseal","isPartOf":{"@id":"https:\/\/www.hydroseal.ee\/lv\/#website"},"primaryImageOfPage":{"@id":"https:\/\/www.hydroseal.ee\/lv\/produkts\/mitruma-barjeras-lente-04x50\/#primaryimage"},"image":{"@id":"https:\/\/www.hydroseal.ee\/lv\/produkts\/mitruma-barjeras-lente-04x50\/#primaryimage"},"thumbnailUrl":"https:\/\/www.hydroseal.ee\/wp-content\/uploads\/2024\/02\/hydrofol1.jpg","datePublished":"2024-09-24T06:36:15+00:00","dateModified":"2025-04-04T05:55:04+00:00","description":"Mitruma barjeras lente ir \u0123eomembr\u0101na no ciet\u0101 polietil\u0113na, kas paredz\u0113ta horizont\u0101lai mont\u0101\u017eai pie sienas. \u0160\u012b ir svar\u012bga pamatu hidroizol\u0101cijas sast\u0101vda\u013ca.","breadcrumb":{"@id":"https:\/\/www.hydroseal.ee\/lv\/produkts\/mitruma-barjeras-lente-04x50\/#breadcrumb"},"inLanguage":"lv-LV","potentialAction":[{"@type":"ReadAction","target":["https:\/\/www.hydroseal.ee\/lv\/produkts\/mitruma-barjeras-lente-04x50\/"]}]},{"@type":"ImageObject","inLanguage":"lv-LV","@id":"https:\/\/www.hydroseal.ee\/lv\/produkts\/mitruma-barjeras-lente-04x50\/#primaryimage","url":"https:\/\/www.hydroseal.ee\/wp-content\/uploads\/2024\/02\/hydrofol1.jpg","contentUrl":"https:\/\/www.hydroseal.ee\/wp-content\/uploads\/2024\/02\/hydrofol1.jpg","width":1200,"height":910,"caption":"Niiskust\u00f5kkelint"},{"@type":"BreadcrumbList","@id":"https:\/\/www.hydroseal.ee\/lv\/produkts\/mitruma-barjeras-lente-04x50\/#breadcrumb","itemListElement":[{"@type":"ListItem","position":1,"name":"Home","item":"https:\/\/www.hydroseal.ee\/lv\/"},{"@type":"ListItem","position":2,"name":"E-veikals","item":"https:\/\/www.hydroseal.ee\/lv\/e-veikals\/"},{"@type":"ListItem","position":3,"name":"Mitruma izol\u0101cijas lente 0,4&#215;50"}]},{"@type":"WebSite","@id":"https:\/\/www.hydroseal.ee\/lv\/#website","url":"https:\/\/www.hydroseal.ee\/lv\/","name":"Hydroseal","description":"Pakume kestvaid lahendusi igale geotehnilisele ja taristualasele v\u00e4ljakutsele","publisher":{"@id":"https:\/\/www.hydroseal.ee\/lv\/#organization"},"potentialAction":[{"@type":"SearchAction","target":{"@type":"EntryPoint","urlTemplate":"https:\/\/www.hydroseal.ee\/lv\/?s={search_term_string}"},"query-input":{"@type":"PropertyValueSpecification","valueRequired":true,"valueName":"search_term_string"}}],"inLanguage":"lv-LV"},{"@type":"Organization","@id":"https:\/\/www.hydroseal.ee\/lv\/#organization","name":"Hydroseal","url":"https:\/\/www.hydroseal.ee\/lv\/","logo":{"@type":"ImageObject","inLanguage":"lv-LV","@id":"https:\/\/www.hydroseal.ee\/lv\/#\/schema\/logo\/image\/","url":"https:\/\/www.hydroseal.ee\/wp-content\/uploads\/2024\/03\/Frame-6870.svg","contentUrl":"https:\/\/www.hydroseal.ee\/wp-content\/uploads\/2024\/03\/Frame-6870.svg","width":1,"height":1,"caption":"Hydroseal"},"image":{"@id":"https:\/\/www.hydroseal.ee\/lv\/#\/schema\/logo\/image\/"},"sameAs":["https:\/\/www.facebook.com\/hydroseal.ee"]}]}},"_links":{"self":[{"href":"https:\/\/www.hydroseal.ee\/lv\/wp-json\/wp\/v2\/product\/8033","targetHints":{"allow":["GET"]}}],"collection":[{"href":"https:\/\/www.hydroseal.ee\/lv\/wp-json\/wp\/v2\/product"}],"about":[{"href":"https:\/\/www.hydroseal.ee\/lv\/wp-json\/wp\/v2\/types\/product"}],"replies":[{"embeddable":true,"href":"https:\/\/www.hydroseal.ee\/lv\/wp-json\/wp\/v2\/comments?post=8033"}],"wp:featuredmedia":[{"embeddable":true,"href":"https:\/\/www.hydroseal.ee\/lv\/wp-json\/wp\/v2\/media\/8012"}],"wp:attachment":[{"href":"https:\/\/www.hydroseal.ee\/lv\/wp-json\/wp\/v2\/media?parent=8033"}],"wp:term":[{"taxonomy":"product_brand","embeddable":true,"href":"https:\/\/www.hydroseal.ee\/lv\/wp-json\/wp\/v2\/product_brand?post=8033"},{"taxonomy":"product_cat","embeddable":true,"href":"https:\/\/www.hydroseal.ee\/lv\/wp-json\/wp\/v2\/product_cat?post=8033"},{"taxonomy":"product_tag","embeddable":true,"href":"https:\/\/www.hydroseal.ee\/lv\/wp-json\/wp\/v2\/product_tag?post=8033"}],"curies":[{"name":"wp","href":"https:\/\/api.w.org\/{rel}","templated":true}]}}