{"id":8002,"date":"2024-09-16T06:50:07","date_gmt":"2024-09-16T04:50:07","guid":{"rendered":"https:\/\/www.hydroseal.ee\/toode\/kanals-ar-cuguna-rezgi\/"},"modified":"2024-09-16T10:34:37","modified_gmt":"2024-09-16T10:34:37","slug":"kanals-ar-cuguna-rezgi","status":"publish","type":"product","link":"https:\/\/www.hydroseal.ee\/lv\/produkts\/kanals-ar-cuguna-rezgi\/","title":{"rendered":"Kan\u0101ls ar \u010duguna re\u017e\u0123i"},"content":{"rendered":"","protected":false},"excerpt":{"rendered":"<p>DN100 kan\u0101ls sist\u0113ma sast\u0101v no modu\u013ciem, kuru garums ir 1 metrs. Modu\u013ci ir izgatavoti no iztur\u012bga polim\u0113rbetona un apr\u012bkoti ar \u010duguna re\u017e\u0123i. Re\u017e\u0123a slodzes klase ir B125 (l\u012bdz 12,5 tonn\u0101m). Kan\u0101ls ar \u010duguna re\u017e\u0123i ir piem\u0113roti viet\u0101m ar zemu satiksmes slodzi, piem\u0113ram:    <\/p>\n<ul>\n<li>Dz\u012bvojamo m\u0101ju piebraucamie ce\u013ci<\/li>\n<li>Gar\u0101\u017eas ieejas<\/li>\n<li>G\u0101j\u0113ju zonas<\/li>\n<\/ul>\n<p><strong>Line\u0101r\u0101 metra cena ir 86 \u20ac.<\/strong> Iepirkumu groz\u0101 nor\u0101diet v\u0113lamo skait\u012bt\u0101ju skaitu. Iepirkumu groz\u0101 nor\u0101diet v\u0113lamo metru skaitu. Komplekt\u0101 ietilpst:  <\/p>\n<ul>\n<li>Kan\u0101ls modu\u013ci atbilsto\u0161i izv\u0113l\u0113tajam garumam<\/li>\n<li>Viena gala pl\u0101ksne<\/li>\n<li>Viens De110 caurules savienojums<\/li>\n<\/ul>\n<p> Instal\u0101cijas video skatieties <a href=\"https:\/\/www.youtube.com\/watch?v=5ZmoU-o7jTY\">\u0160EIT<\/a>.<\/p>\n","protected":false},"featured_media":7986,"comment_status":"closed","ping_status":"closed","template":"","meta":{"_acf_changed":false},"product_brand":[],"product_cat":[92],"product_tag":[],"class_list":{"0":"post-8002","1":"product","2":"type-product","3":"status-publish","4":"has-post-thumbnail","6":"product_cat-sadevesi","8":"first","9":"instock","10":"shipping-taxable","11":"purchasable","12":"product-type-simple"},"acf":[],"yoast_head":"<!-- This site is optimized with the Yoast SEO plugin v27.4 - https:\/\/yoast.com\/product\/yoast-seo-wordpress\/ -->\n<title>Kan\u0101ls ar \u010duguna re\u017e\u0123i - Hydroseal<\/title>\n<meta name=\"description\" content=\"Kan\u0101ls ar \u010duguna re\u017e\u0123i lietus \u016bdens novad\u012b\u0161anai. Kan\u0101ls diametrs DN100. Kan\u0101ls ir apr\u012bkotas ar \u010duguna re\u017e\u0123i ar kravnes\u012bbu 12,5 tonnas.\" \/>\n<meta name=\"robots\" content=\"index, follow, max-snippet:-1, max-image-preview:large, max-video-preview:-1\" \/>\n<link rel=\"canonical\" href=\"https:\/\/www.hydroseal.ee\/lv\/produkts\/kanals-ar-cuguna-rezgi\/\" \/>\n<meta property=\"og:locale\" content=\"lv_LV\" \/>\n<meta property=\"og:type\" content=\"article\" \/>\n<meta property=\"og:title\" content=\"Kan\u0101ls ar \u010duguna re\u017e\u0123i - Hydroseal\" \/>\n<meta property=\"og:description\" content=\"Kan\u0101ls ar \u010duguna re\u017e\u0123i lietus \u016bdens novad\u012b\u0161anai. Kan\u0101ls diametrs DN100. Kan\u0101ls ir apr\u012bkotas ar \u010duguna re\u017e\u0123i ar kravnes\u012bbu 12,5 tonnas.\" \/>\n<meta property=\"og:url\" content=\"https:\/\/www.hydroseal.ee\/lv\/produkts\/kanals-ar-cuguna-rezgi\/\" \/>\n<meta property=\"og:site_name\" content=\"Hydroseal\" \/>\n<meta property=\"article:publisher\" content=\"https:\/\/www.facebook.com\/hydroseal.ee\" \/>\n<meta property=\"article:modified_time\" content=\"2024-09-16T10:34:37+00:00\" \/>\n<meta property=\"og:image\" content=\"https:\/\/www.hydroseal.ee\/wp-content\/uploads\/2024\/09\/polumeerbetoonist-renn2.jpg\" \/>\n\t<meta property=\"og:image:width\" content=\"1937\" \/>\n\t<meta property=\"og:image:height\" content=\"1451\" \/>\n\t<meta property=\"og:image:type\" content=\"image\/jpeg\" \/>\n<meta name=\"twitter:card\" content=\"summary_large_image\" \/>\n<script type=\"application\/ld+json\" class=\"yoast-schema-graph\">{\"@context\":\"https:\\\/\\\/schema.org\",\"@graph\":[{\"@type\":\"WebPage\",\"@id\":\"https:\\\/\\\/www.hydroseal.ee\\\/lv\\\/produkts\\\/kanals-ar-cuguna-rezgi\\\/\",\"url\":\"https:\\\/\\\/www.hydroseal.ee\\\/lv\\\/produkts\\\/kanals-ar-cuguna-rezgi\\\/\",\"name\":\"Kan\u0101ls ar \u010duguna re\u017e\u0123i - Hydroseal\",\"isPartOf\":{\"@id\":\"https:\\\/\\\/www.hydroseal.ee\\\/lv\\\/#website\"},\"primaryImageOfPage\":{\"@id\":\"https:\\\/\\\/www.hydroseal.ee\\\/lv\\\/produkts\\\/kanals-ar-cuguna-rezgi\\\/#primaryimage\"},\"image\":{\"@id\":\"https:\\\/\\\/www.hydroseal.ee\\\/lv\\\/produkts\\\/kanals-ar-cuguna-rezgi\\\/#primaryimage\"},\"thumbnailUrl\":\"https:\\\/\\\/www.hydroseal.ee\\\/wp-content\\\/uploads\\\/2024\\\/09\\\/polumeerbetoonist-renn2.jpg\",\"datePublished\":\"2024-09-16T04:50:07+00:00\",\"dateModified\":\"2024-09-16T10:34:37+00:00\",\"description\":\"Kan\u0101ls ar \u010duguna re\u017e\u0123i lietus \u016bdens novad\u012b\u0161anai. Kan\u0101ls diametrs DN100. Kan\u0101ls ir apr\u012bkotas ar \u010duguna re\u017e\u0123i ar kravnes\u012bbu 12,5 tonnas.\",\"breadcrumb\":{\"@id\":\"https:\\\/\\\/www.hydroseal.ee\\\/lv\\\/produkts\\\/kanals-ar-cuguna-rezgi\\\/#breadcrumb\"},\"inLanguage\":\"lv-LV\",\"potentialAction\":[{\"@type\":\"ReadAction\",\"target\":[\"https:\\\/\\\/www.hydroseal.ee\\\/lv\\\/produkts\\\/kanals-ar-cuguna-rezgi\\\/\"]}]},{\"@type\":\"ImageObject\",\"inLanguage\":\"lv-LV\",\"@id\":\"https:\\\/\\\/www.hydroseal.ee\\\/lv\\\/produkts\\\/kanals-ar-cuguna-rezgi\\\/#primaryimage\",\"url\":\"https:\\\/\\\/www.hydroseal.ee\\\/wp-content\\\/uploads\\\/2024\\\/09\\\/polumeerbetoonist-renn2.jpg\",\"contentUrl\":\"https:\\\/\\\/www.hydroseal.ee\\\/wp-content\\\/uploads\\\/2024\\\/09\\\/polumeerbetoonist-renn2.jpg\",\"width\":1937,\"height\":1451,\"caption\":\"Pol\u00fcmeerbetoonist renn\"},{\"@type\":\"BreadcrumbList\",\"@id\":\"https:\\\/\\\/www.hydroseal.ee\\\/lv\\\/produkts\\\/kanals-ar-cuguna-rezgi\\\/#breadcrumb\",\"itemListElement\":[{\"@type\":\"ListItem\",\"position\":1,\"name\":\"Home\",\"item\":\"https:\\\/\\\/www.hydroseal.ee\\\/lv\\\/\"},{\"@type\":\"ListItem\",\"position\":2,\"name\":\"E-veikals\",\"item\":\"https:\\\/\\\/www.hydroseal.ee\\\/lv\\\/e-veikals\\\/\"},{\"@type\":\"ListItem\",\"position\":3,\"name\":\"Kan\u0101ls ar \u010duguna re\u017e\u0123i\"}]},{\"@type\":\"WebSite\",\"@id\":\"https:\\\/\\\/www.hydroseal.ee\\\/lv\\\/#website\",\"url\":\"https:\\\/\\\/www.hydroseal.ee\\\/lv\\\/\",\"name\":\"Hydroseal\",\"description\":\"Pakume kestvaid lahendusi igale geotehnilisele ja taristualasele v\u00e4ljakutsele\",\"publisher\":{\"@id\":\"https:\\\/\\\/www.hydroseal.ee\\\/lv\\\/#organization\"},\"potentialAction\":[{\"@type\":\"SearchAction\",\"target\":{\"@type\":\"EntryPoint\",\"urlTemplate\":\"https:\\\/\\\/www.hydroseal.ee\\\/lv\\\/?s={search_term_string}\"},\"query-input\":{\"@type\":\"PropertyValueSpecification\",\"valueRequired\":true,\"valueName\":\"search_term_string\"}}],\"inLanguage\":\"lv-LV\"},{\"@type\":\"Organization\",\"@id\":\"https:\\\/\\\/www.hydroseal.ee\\\/lv\\\/#organization\",\"name\":\"Hydroseal\",\"url\":\"https:\\\/\\\/www.hydroseal.ee\\\/lv\\\/\",\"logo\":{\"@type\":\"ImageObject\",\"inLanguage\":\"lv-LV\",\"@id\":\"https:\\\/\\\/www.hydroseal.ee\\\/lv\\\/#\\\/schema\\\/logo\\\/image\\\/\",\"url\":\"https:\\\/\\\/www.hydroseal.ee\\\/wp-content\\\/uploads\\\/2024\\\/03\\\/Frame-6870.svg\",\"contentUrl\":\"https:\\\/\\\/www.hydroseal.ee\\\/wp-content\\\/uploads\\\/2024\\\/03\\\/Frame-6870.svg\",\"width\":1,\"height\":1,\"caption\":\"Hydroseal\"},\"image\":{\"@id\":\"https:\\\/\\\/www.hydroseal.ee\\\/lv\\\/#\\\/schema\\\/logo\\\/image\\\/\"},\"sameAs\":[\"https:\\\/\\\/www.facebook.com\\\/hydroseal.ee\"]}]}<\/script>\n<!-- \/ Yoast SEO plugin. -->","yoast_head_json":{"title":"Kan\u0101ls ar \u010duguna re\u017e\u0123i - Hydroseal","description":"Kan\u0101ls ar \u010duguna re\u017e\u0123i lietus \u016bdens novad\u012b\u0161anai. Kan\u0101ls diametrs DN100. Kan\u0101ls ir apr\u012bkotas ar \u010duguna re\u017e\u0123i ar kravnes\u012bbu 12,5 tonnas.","robots":{"index":"index","follow":"follow","max-snippet":"max-snippet:-1","max-image-preview":"max-image-preview:large","max-video-preview":"max-video-preview:-1"},"canonical":"https:\/\/www.hydroseal.ee\/lv\/produkts\/kanals-ar-cuguna-rezgi\/","og_locale":"lv_LV","og_type":"article","og_title":"Kan\u0101ls ar \u010duguna re\u017e\u0123i - Hydroseal","og_description":"Kan\u0101ls ar \u010duguna re\u017e\u0123i lietus \u016bdens novad\u012b\u0161anai. Kan\u0101ls diametrs DN100. Kan\u0101ls ir apr\u012bkotas ar \u010duguna re\u017e\u0123i ar kravnes\u012bbu 12,5 tonnas.","og_url":"https:\/\/www.hydroseal.ee\/lv\/produkts\/kanals-ar-cuguna-rezgi\/","og_site_name":"Hydroseal","article_publisher":"https:\/\/www.facebook.com\/hydroseal.ee","article_modified_time":"2024-09-16T10:34:37+00:00","og_image":[{"width":1937,"height":1451,"url":"https:\/\/www.hydroseal.ee\/wp-content\/uploads\/2024\/09\/polumeerbetoonist-renn2.jpg","type":"image\/jpeg"}],"twitter_card":"summary_large_image","schema":{"@context":"https:\/\/schema.org","@graph":[{"@type":"WebPage","@id":"https:\/\/www.hydroseal.ee\/lv\/produkts\/kanals-ar-cuguna-rezgi\/","url":"https:\/\/www.hydroseal.ee\/lv\/produkts\/kanals-ar-cuguna-rezgi\/","name":"Kan\u0101ls ar \u010duguna re\u017e\u0123i - Hydroseal","isPartOf":{"@id":"https:\/\/www.hydroseal.ee\/lv\/#website"},"primaryImageOfPage":{"@id":"https:\/\/www.hydroseal.ee\/lv\/produkts\/kanals-ar-cuguna-rezgi\/#primaryimage"},"image":{"@id":"https:\/\/www.hydroseal.ee\/lv\/produkts\/kanals-ar-cuguna-rezgi\/#primaryimage"},"thumbnailUrl":"https:\/\/www.hydroseal.ee\/wp-content\/uploads\/2024\/09\/polumeerbetoonist-renn2.jpg","datePublished":"2024-09-16T04:50:07+00:00","dateModified":"2024-09-16T10:34:37+00:00","description":"Kan\u0101ls ar \u010duguna re\u017e\u0123i lietus \u016bdens novad\u012b\u0161anai. Kan\u0101ls diametrs DN100. Kan\u0101ls ir apr\u012bkotas ar \u010duguna re\u017e\u0123i ar kravnes\u012bbu 12,5 tonnas.","breadcrumb":{"@id":"https:\/\/www.hydroseal.ee\/lv\/produkts\/kanals-ar-cuguna-rezgi\/#breadcrumb"},"inLanguage":"lv-LV","potentialAction":[{"@type":"ReadAction","target":["https:\/\/www.hydroseal.ee\/lv\/produkts\/kanals-ar-cuguna-rezgi\/"]}]},{"@type":"ImageObject","inLanguage":"lv-LV","@id":"https:\/\/www.hydroseal.ee\/lv\/produkts\/kanals-ar-cuguna-rezgi\/#primaryimage","url":"https:\/\/www.hydroseal.ee\/wp-content\/uploads\/2024\/09\/polumeerbetoonist-renn2.jpg","contentUrl":"https:\/\/www.hydroseal.ee\/wp-content\/uploads\/2024\/09\/polumeerbetoonist-renn2.jpg","width":1937,"height":1451,"caption":"Pol\u00fcmeerbetoonist renn"},{"@type":"BreadcrumbList","@id":"https:\/\/www.hydroseal.ee\/lv\/produkts\/kanals-ar-cuguna-rezgi\/#breadcrumb","itemListElement":[{"@type":"ListItem","position":1,"name":"Home","item":"https:\/\/www.hydroseal.ee\/lv\/"},{"@type":"ListItem","position":2,"name":"E-veikals","item":"https:\/\/www.hydroseal.ee\/lv\/e-veikals\/"},{"@type":"ListItem","position":3,"name":"Kan\u0101ls ar \u010duguna re\u017e\u0123i"}]},{"@type":"WebSite","@id":"https:\/\/www.hydroseal.ee\/lv\/#website","url":"https:\/\/www.hydroseal.ee\/lv\/","name":"Hydroseal","description":"Pakume kestvaid lahendusi igale geotehnilisele ja taristualasele v\u00e4ljakutsele","publisher":{"@id":"https:\/\/www.hydroseal.ee\/lv\/#organization"},"potentialAction":[{"@type":"SearchAction","target":{"@type":"EntryPoint","urlTemplate":"https:\/\/www.hydroseal.ee\/lv\/?s={search_term_string}"},"query-input":{"@type":"PropertyValueSpecification","valueRequired":true,"valueName":"search_term_string"}}],"inLanguage":"lv-LV"},{"@type":"Organization","@id":"https:\/\/www.hydroseal.ee\/lv\/#organization","name":"Hydroseal","url":"https:\/\/www.hydroseal.ee\/lv\/","logo":{"@type":"ImageObject","inLanguage":"lv-LV","@id":"https:\/\/www.hydroseal.ee\/lv\/#\/schema\/logo\/image\/","url":"https:\/\/www.hydroseal.ee\/wp-content\/uploads\/2024\/03\/Frame-6870.svg","contentUrl":"https:\/\/www.hydroseal.ee\/wp-content\/uploads\/2024\/03\/Frame-6870.svg","width":1,"height":1,"caption":"Hydroseal"},"image":{"@id":"https:\/\/www.hydroseal.ee\/lv\/#\/schema\/logo\/image\/"},"sameAs":["https:\/\/www.facebook.com\/hydroseal.ee"]}]}},"_links":{"self":[{"href":"https:\/\/www.hydroseal.ee\/lv\/wp-json\/wp\/v2\/product\/8002","targetHints":{"allow":["GET"]}}],"collection":[{"href":"https:\/\/www.hydroseal.ee\/lv\/wp-json\/wp\/v2\/product"}],"about":[{"href":"https:\/\/www.hydroseal.ee\/lv\/wp-json\/wp\/v2\/types\/product"}],"replies":[{"embeddable":true,"href":"https:\/\/www.hydroseal.ee\/lv\/wp-json\/wp\/v2\/comments?post=8002"}],"wp:featuredmedia":[{"embeddable":true,"href":"https:\/\/www.hydroseal.ee\/lv\/wp-json\/wp\/v2\/media\/7986"}],"wp:attachment":[{"href":"https:\/\/www.hydroseal.ee\/lv\/wp-json\/wp\/v2\/media?parent=8002"}],"wp:term":[{"taxonomy":"product_brand","embeddable":true,"href":"https:\/\/www.hydroseal.ee\/lv\/wp-json\/wp\/v2\/product_brand?post=8002"},{"taxonomy":"product_cat","embeddable":true,"href":"https:\/\/www.hydroseal.ee\/lv\/wp-json\/wp\/v2\/product_cat?post=8002"},{"taxonomy":"product_tag","embeddable":true,"href":"https:\/\/www.hydroseal.ee\/lv\/wp-json\/wp\/v2\/product_tag?post=8002"}],"curies":[{"name":"wp","href":"https:\/\/api.w.org\/{rel}","templated":true}]}}