{"id":7889,"date":"2024-08-13T06:58:50","date_gmt":"2024-08-13T04:58:50","guid":{"rendered":"https:\/\/www.hydroseal.ee\/toode\/metinatie-gabiona-grozs-1x05x05\/"},"modified":"2025-01-21T12:49:30","modified_gmt":"2025-01-21T12:49:30","slug":"metinatie-gabiona-grozs-1x05x05","status":"publish","type":"product","link":"https:\/\/www.hydroseal.ee\/lv\/produkts\/metinatie-gabiona-grozs-1x05x05\/","title":{"rendered":"Metin\u0101tie gabiona grozs 1&#215;0,5&#215;0,5"},"content":{"rendered":"","protected":false},"excerpt":{"rendered":"<p>Metin\u0101ta sieta gabiona grozs ar izm\u0113riem 1 x 0,5 x 0,5 m. Izgatavota no cinkota t\u0113rauda stieples ar biezumu 4,0 mm. Akmens groza acs izm\u0113rs ir 7,5 x 7,5 cm.<\/p>\n<p>Metin\u0101tajiem sieta gabiona groziem ir est\u0113tisks izskats, t\u0101p\u0113c tie ir piem\u0113roti izmanto\u0161anai gan neso\u0161aj\u0101s sien\u0101s, gan k\u0101 atsevi\u0161\u0137i dizaina elementi.  <\/p>\n","protected":false},"featured_media":8844,"comment_status":"closed","ping_status":"closed","template":"","meta":{"_acf_changed":false},"product_brand":[],"product_cat":[96],"product_tag":[],"class_list":{"0":"post-7889","1":"product","2":"type-product","3":"status-publish","4":"has-post-thumbnail","6":"product_cat-kivikorvid","8":"first","9":"instock","10":"shipping-taxable","11":"purchasable","12":"product-type-simple"},"acf":[],"yoast_head":"<!-- This site is optimized with the Yoast SEO plugin v27.2 - https:\/\/yoast.com\/product\/yoast-seo-wordpress\/ -->\n<title>Metin\u0101tie gabiona grozs 1x0,5x0,5 - Hydroseal<\/title>\n<meta name=\"description\" content=\"Metin\u0101tie sieta gabiona grozs ir piem\u0113roti izmanto\u0161anai gan atbalsta sien\u0101s, gan k\u0101 atsevi\u0161\u0137i dizaina elementi. Izgatavota no cinkota t\u0113rauda stieples.\" \/>\n<meta name=\"robots\" content=\"index, follow, max-snippet:-1, max-image-preview:large, max-video-preview:-1\" \/>\n<link rel=\"canonical\" href=\"https:\/\/www.hydroseal.ee\/lv\/produkts\/metinatie-gabiona-grozs-1x05x05\/\" \/>\n<meta property=\"og:locale\" content=\"lv_LV\" \/>\n<meta property=\"og:type\" content=\"article\" \/>\n<meta property=\"og:title\" content=\"Metin\u0101tie gabiona grozs 1x0,5x0,5 - Hydroseal\" \/>\n<meta property=\"og:description\" content=\"Metin\u0101tie sieta gabiona grozs ir piem\u0113roti izmanto\u0161anai gan atbalsta sien\u0101s, gan k\u0101 atsevi\u0161\u0137i dizaina elementi. Izgatavota no cinkota t\u0113rauda stieples.\" \/>\n<meta property=\"og:url\" content=\"https:\/\/www.hydroseal.ee\/lv\/produkts\/metinatie-gabiona-grozs-1x05x05\/\" \/>\n<meta property=\"og:site_name\" content=\"Hydroseal\" \/>\n<meta property=\"article:publisher\" content=\"https:\/\/www.facebook.com\/hydroseal.ee\" \/>\n<meta property=\"article:modified_time\" content=\"2025-01-21T12:49:30+00:00\" \/>\n<meta property=\"og:image\" content=\"https:\/\/www.hydroseal.ee\/wp-content\/uploads\/2024\/08\/kivikorv_keevis-scaled.jpg\" \/>\n\t<meta property=\"og:image:width\" content=\"2560\" \/>\n\t<meta property=\"og:image:height\" content=\"1823\" \/>\n\t<meta property=\"og:image:type\" content=\"image\/jpeg\" \/>\n<meta name=\"twitter:card\" content=\"summary_large_image\" \/>\n<meta name=\"twitter:label1\" content=\"Est. reading time\" \/>\n\t<meta name=\"twitter:data1\" content=\"1 minute\" \/>\n<script type=\"application\/ld+json\" class=\"yoast-schema-graph\">{\"@context\":\"https:\/\/schema.org\",\"@graph\":[{\"@type\":\"WebPage\",\"@id\":\"https:\/\/www.hydroseal.ee\/lv\/produkts\/metinatie-gabiona-grozs-1x05x05\/\",\"url\":\"https:\/\/www.hydroseal.ee\/lv\/produkts\/metinatie-gabiona-grozs-1x05x05\/\",\"name\":\"Metin\u0101tie gabiona grozs 1x0,5x0,5 - Hydroseal\",\"isPartOf\":{\"@id\":\"https:\/\/www.hydroseal.ee\/lv\/#website\"},\"primaryImageOfPage\":{\"@id\":\"https:\/\/www.hydroseal.ee\/lv\/produkts\/metinatie-gabiona-grozs-1x05x05\/#primaryimage\"},\"image\":{\"@id\":\"https:\/\/www.hydroseal.ee\/lv\/produkts\/metinatie-gabiona-grozs-1x05x05\/#primaryimage\"},\"thumbnailUrl\":\"https:\/\/www.hydroseal.ee\/wp-content\/uploads\/2024\/08\/gabioonid.jpg\",\"datePublished\":\"2024-08-13T04:58:50+00:00\",\"dateModified\":\"2025-01-21T12:49:30+00:00\",\"description\":\"Metin\u0101tie sieta gabiona grozs ir piem\u0113roti izmanto\u0161anai gan atbalsta sien\u0101s, gan k\u0101 atsevi\u0161\u0137i dizaina elementi. Izgatavota no cinkota t\u0113rauda stieples.\",\"breadcrumb\":{\"@id\":\"https:\/\/www.hydroseal.ee\/lv\/produkts\/metinatie-gabiona-grozs-1x05x05\/#breadcrumb\"},\"inLanguage\":\"lv-LV\",\"potentialAction\":[{\"@type\":\"ReadAction\",\"target\":[\"https:\/\/www.hydroseal.ee\/lv\/produkts\/metinatie-gabiona-grozs-1x05x05\/\"]}]},{\"@type\":\"ImageObject\",\"inLanguage\":\"lv-LV\",\"@id\":\"https:\/\/www.hydroseal.ee\/lv\/produkts\/metinatie-gabiona-grozs-1x05x05\/#primaryimage\",\"url\":\"https:\/\/www.hydroseal.ee\/wp-content\/uploads\/2024\/08\/gabioonid.jpg\",\"contentUrl\":\"https:\/\/www.hydroseal.ee\/wp-content\/uploads\/2024\/08\/gabioonid.jpg\",\"width\":2016,\"height\":1512,\"caption\":\"Gabioon\"},{\"@type\":\"BreadcrumbList\",\"@id\":\"https:\/\/www.hydroseal.ee\/lv\/produkts\/metinatie-gabiona-grozs-1x05x05\/#breadcrumb\",\"itemListElement\":[{\"@type\":\"ListItem\",\"position\":1,\"name\":\"Home\",\"item\":\"https:\/\/www.hydroseal.ee\/lv\/\"},{\"@type\":\"ListItem\",\"position\":2,\"name\":\"E-veikals\",\"item\":\"https:\/\/www.hydroseal.ee\/lv\/e-veikals\/\"},{\"@type\":\"ListItem\",\"position\":3,\"name\":\"Metin\u0101tie gabiona grozs 1&#215;0,5&#215;0,5\"}]},{\"@type\":\"WebSite\",\"@id\":\"https:\/\/www.hydroseal.ee\/lv\/#website\",\"url\":\"https:\/\/www.hydroseal.ee\/lv\/\",\"name\":\"Hydroseal\",\"description\":\"Pakume kestvaid lahendusi igale geotehnilisele ja taristualasele v\u00e4ljakutsele\",\"publisher\":{\"@id\":\"https:\/\/www.hydroseal.ee\/lv\/#organization\"},\"potentialAction\":[{\"@type\":\"SearchAction\",\"target\":{\"@type\":\"EntryPoint\",\"urlTemplate\":\"https:\/\/www.hydroseal.ee\/lv\/?s={search_term_string}\"},\"query-input\":{\"@type\":\"PropertyValueSpecification\",\"valueRequired\":true,\"valueName\":\"search_term_string\"}}],\"inLanguage\":\"lv-LV\"},{\"@type\":\"Organization\",\"@id\":\"https:\/\/www.hydroseal.ee\/lv\/#organization\",\"name\":\"Hydroseal\",\"url\":\"https:\/\/www.hydroseal.ee\/lv\/\",\"logo\":{\"@type\":\"ImageObject\",\"inLanguage\":\"lv-LV\",\"@id\":\"https:\/\/www.hydroseal.ee\/lv\/#\/schema\/logo\/image\/\",\"url\":\"https:\/\/www.hydroseal.ee\/wp-content\/uploads\/2024\/03\/Frame-6870.svg\",\"contentUrl\":\"https:\/\/www.hydroseal.ee\/wp-content\/uploads\/2024\/03\/Frame-6870.svg\",\"width\":1,\"height\":1,\"caption\":\"Hydroseal\"},\"image\":{\"@id\":\"https:\/\/www.hydroseal.ee\/lv\/#\/schema\/logo\/image\/\"},\"sameAs\":[\"https:\/\/www.facebook.com\/hydroseal.ee\"]}]}<\/script>\n<!-- \/ Yoast SEO plugin. -->","yoast_head_json":{"title":"Metin\u0101tie gabiona grozs 1x0,5x0,5 - Hydroseal","description":"Metin\u0101tie sieta gabiona grozs ir piem\u0113roti izmanto\u0161anai gan atbalsta sien\u0101s, gan k\u0101 atsevi\u0161\u0137i dizaina elementi. Izgatavota no cinkota t\u0113rauda stieples.","robots":{"index":"index","follow":"follow","max-snippet":"max-snippet:-1","max-image-preview":"max-image-preview:large","max-video-preview":"max-video-preview:-1"},"canonical":"https:\/\/www.hydroseal.ee\/lv\/produkts\/metinatie-gabiona-grozs-1x05x05\/","og_locale":"lv_LV","og_type":"article","og_title":"Metin\u0101tie gabiona grozs 1x0,5x0,5 - Hydroseal","og_description":"Metin\u0101tie sieta gabiona grozs ir piem\u0113roti izmanto\u0161anai gan atbalsta sien\u0101s, gan k\u0101 atsevi\u0161\u0137i dizaina elementi. Izgatavota no cinkota t\u0113rauda stieples.","og_url":"https:\/\/www.hydroseal.ee\/lv\/produkts\/metinatie-gabiona-grozs-1x05x05\/","og_site_name":"Hydroseal","article_publisher":"https:\/\/www.facebook.com\/hydroseal.ee","article_modified_time":"2025-01-21T12:49:30+00:00","og_image":[{"width":2560,"height":1823,"url":"https:\/\/www.hydroseal.ee\/wp-content\/uploads\/2024\/08\/kivikorv_keevis-scaled.jpg","type":"image\/jpeg"}],"twitter_card":"summary_large_image","twitter_misc":{"Est. reading time":"1 minute"},"schema":{"@context":"https:\/\/schema.org","@graph":[{"@type":"WebPage","@id":"https:\/\/www.hydroseal.ee\/lv\/produkts\/metinatie-gabiona-grozs-1x05x05\/","url":"https:\/\/www.hydroseal.ee\/lv\/produkts\/metinatie-gabiona-grozs-1x05x05\/","name":"Metin\u0101tie gabiona grozs 1x0,5x0,5 - Hydroseal","isPartOf":{"@id":"https:\/\/www.hydroseal.ee\/lv\/#website"},"primaryImageOfPage":{"@id":"https:\/\/www.hydroseal.ee\/lv\/produkts\/metinatie-gabiona-grozs-1x05x05\/#primaryimage"},"image":{"@id":"https:\/\/www.hydroseal.ee\/lv\/produkts\/metinatie-gabiona-grozs-1x05x05\/#primaryimage"},"thumbnailUrl":"https:\/\/www.hydroseal.ee\/wp-content\/uploads\/2024\/08\/gabioonid.jpg","datePublished":"2024-08-13T04:58:50+00:00","dateModified":"2025-01-21T12:49:30+00:00","description":"Metin\u0101tie sieta gabiona grozs ir piem\u0113roti izmanto\u0161anai gan atbalsta sien\u0101s, gan k\u0101 atsevi\u0161\u0137i dizaina elementi. Izgatavota no cinkota t\u0113rauda stieples.","breadcrumb":{"@id":"https:\/\/www.hydroseal.ee\/lv\/produkts\/metinatie-gabiona-grozs-1x05x05\/#breadcrumb"},"inLanguage":"lv-LV","potentialAction":[{"@type":"ReadAction","target":["https:\/\/www.hydroseal.ee\/lv\/produkts\/metinatie-gabiona-grozs-1x05x05\/"]}]},{"@type":"ImageObject","inLanguage":"lv-LV","@id":"https:\/\/www.hydroseal.ee\/lv\/produkts\/metinatie-gabiona-grozs-1x05x05\/#primaryimage","url":"https:\/\/www.hydroseal.ee\/wp-content\/uploads\/2024\/08\/gabioonid.jpg","contentUrl":"https:\/\/www.hydroseal.ee\/wp-content\/uploads\/2024\/08\/gabioonid.jpg","width":2016,"height":1512,"caption":"Gabioon"},{"@type":"BreadcrumbList","@id":"https:\/\/www.hydroseal.ee\/lv\/produkts\/metinatie-gabiona-grozs-1x05x05\/#breadcrumb","itemListElement":[{"@type":"ListItem","position":1,"name":"Home","item":"https:\/\/www.hydroseal.ee\/lv\/"},{"@type":"ListItem","position":2,"name":"E-veikals","item":"https:\/\/www.hydroseal.ee\/lv\/e-veikals\/"},{"@type":"ListItem","position":3,"name":"Metin\u0101tie gabiona grozs 1&#215;0,5&#215;0,5"}]},{"@type":"WebSite","@id":"https:\/\/www.hydroseal.ee\/lv\/#website","url":"https:\/\/www.hydroseal.ee\/lv\/","name":"Hydroseal","description":"Pakume kestvaid lahendusi igale geotehnilisele ja taristualasele v\u00e4ljakutsele","publisher":{"@id":"https:\/\/www.hydroseal.ee\/lv\/#organization"},"potentialAction":[{"@type":"SearchAction","target":{"@type":"EntryPoint","urlTemplate":"https:\/\/www.hydroseal.ee\/lv\/?s={search_term_string}"},"query-input":{"@type":"PropertyValueSpecification","valueRequired":true,"valueName":"search_term_string"}}],"inLanguage":"lv-LV"},{"@type":"Organization","@id":"https:\/\/www.hydroseal.ee\/lv\/#organization","name":"Hydroseal","url":"https:\/\/www.hydroseal.ee\/lv\/","logo":{"@type":"ImageObject","inLanguage":"lv-LV","@id":"https:\/\/www.hydroseal.ee\/lv\/#\/schema\/logo\/image\/","url":"https:\/\/www.hydroseal.ee\/wp-content\/uploads\/2024\/03\/Frame-6870.svg","contentUrl":"https:\/\/www.hydroseal.ee\/wp-content\/uploads\/2024\/03\/Frame-6870.svg","width":1,"height":1,"caption":"Hydroseal"},"image":{"@id":"https:\/\/www.hydroseal.ee\/lv\/#\/schema\/logo\/image\/"},"sameAs":["https:\/\/www.facebook.com\/hydroseal.ee"]}]}},"_links":{"self":[{"href":"https:\/\/www.hydroseal.ee\/lv\/wp-json\/wp\/v2\/product\/7889","targetHints":{"allow":["GET"]}}],"collection":[{"href":"https:\/\/www.hydroseal.ee\/lv\/wp-json\/wp\/v2\/product"}],"about":[{"href":"https:\/\/www.hydroseal.ee\/lv\/wp-json\/wp\/v2\/types\/product"}],"replies":[{"embeddable":true,"href":"https:\/\/www.hydroseal.ee\/lv\/wp-json\/wp\/v2\/comments?post=7889"}],"wp:featuredmedia":[{"embeddable":true,"href":"https:\/\/www.hydroseal.ee\/lv\/wp-json\/wp\/v2\/media\/8844"}],"wp:attachment":[{"href":"https:\/\/www.hydroseal.ee\/lv\/wp-json\/wp\/v2\/media?parent=7889"}],"wp:term":[{"taxonomy":"product_brand","embeddable":true,"href":"https:\/\/www.hydroseal.ee\/lv\/wp-json\/wp\/v2\/product_brand?post=7889"},{"taxonomy":"product_cat","embeddable":true,"href":"https:\/\/www.hydroseal.ee\/lv\/wp-json\/wp\/v2\/product_cat?post=7889"},{"taxonomy":"product_tag","embeddable":true,"href":"https:\/\/www.hydroseal.ee\/lv\/wp-json\/wp\/v2\/product_tag?post=7889"}],"curies":[{"name":"wp","href":"https:\/\/api.w.org\/{rel}","templated":true}]}}