{"id":7664,"date":"2024-04-17T12:07:44","date_gmt":"2024-04-17T12:07:44","guid":{"rendered":"https:\/\/www.hydroseal.ee\/toode\/geotekstils-195g-m2-5x110\/"},"modified":"2025-02-11T13:35:58","modified_gmt":"2025-02-11T13:35:58","slug":"geotekstils-185g-m2-5x110","status":"publish","type":"product","link":"https:\/\/www.hydroseal.ee\/lv\/produkts\/geotekstils-185g-m2-5x110\/","title":{"rendered":"\u0122eotekstils 185g\/m2 5&#215;110"},"content":{"rendered":"","protected":false},"excerpt":{"rendered":"<p>\u0122eotekstils ir paredz\u0113ts augsnes nostiprin\u0101\u0161anai un da\u017e\u0101du augsnes sl\u0101\u0146u atdal\u012b\u0161anai, nov\u0113r\u0161ot augsnes eroziju un augu aug\u0161anu, vienlaikus \u013caujot lietus \u016bdenim izpl\u016bst cauri.<\/p>\n<p>\u0122eotekstils 185 g\/m2 paredz\u0113ts da\u017e\u0101du augsnes sl\u0101\u0146u izol\u0101cijai zem ce\u013ciem, laukumiem un st\u0101vlaukumiem.<\/p>\n<p>\u0122eotekstila ru\u013c\u013ca platums ir 5 metri, bet \u0123eotekstila garums ir 110 metri. Ru\u013c\u013ca diametrs ir 35 cm un svars 105 kg.<\/p>\n","protected":false},"featured_media":6469,"comment_status":"closed","ping_status":"closed","template":"","meta":{"_acf_changed":false},"product_brand":[],"product_cat":[38],"product_tag":[],"class_list":{"0":"post-7664","1":"product","2":"type-product","3":"status-publish","4":"has-post-thumbnail","6":"product_cat-geotekstiilid","8":"first","9":"instock","10":"shipping-taxable","11":"purchasable","12":"product-type-simple"},"acf":[],"yoast_head":"<!-- This site is optimized with the Yoast SEO plugin v27.2 - https:\/\/yoast.com\/product\/yoast-seo-wordpress\/ -->\n<title>\u0122eotekstils 185g\/m2 5x110 - Hydroseal<\/title>\n<meta name=\"description\" content=\"\u0122eotekstilu izmanto da\u017e\u0101du augsnes sl\u0101\u0146u atdal\u012b\u0161anai. \u0122eotekstils virza lietus \u016bdeni caur sevi, vienlaikus noturot augsni viet\u0101.\" \/>\n<meta name=\"robots\" content=\"index, follow, max-snippet:-1, max-image-preview:large, max-video-preview:-1\" \/>\n<link rel=\"canonical\" href=\"https:\/\/www.hydroseal.ee\/lv\/produkts\/geotekstils-185g-m2-5x110\/\" \/>\n<meta property=\"og:locale\" content=\"lv_LV\" \/>\n<meta property=\"og:type\" content=\"article\" \/>\n<meta property=\"og:title\" content=\"\u0122eotekstils 185g\/m2 5x110 - Hydroseal\" \/>\n<meta property=\"og:description\" content=\"\u0122eotekstilu izmanto da\u017e\u0101du augsnes sl\u0101\u0146u atdal\u012b\u0161anai. \u0122eotekstils virza lietus \u016bdeni caur sevi, vienlaikus noturot augsni viet\u0101.\" \/>\n<meta property=\"og:url\" content=\"https:\/\/www.hydroseal.ee\/lv\/produkts\/geotekstils-185g-m2-5x110\/\" \/>\n<meta property=\"og:site_name\" content=\"Hydroseal\" \/>\n<meta property=\"article:publisher\" content=\"https:\/\/www.facebook.com\/hydroseal.ee\" \/>\n<meta property=\"article:modified_time\" content=\"2025-02-11T13:35:58+00:00\" \/>\n<meta property=\"og:image\" content=\"https:\/\/www.hydroseal.ee\/wp-content\/uploads\/2024\/02\/Geotekstiil.jpg\" \/>\n\t<meta property=\"og:image:width\" content=\"1368\" \/>\n\t<meta property=\"og:image:height\" content=\"912\" \/>\n\t<meta property=\"og:image:type\" content=\"image\/jpeg\" \/>\n<meta name=\"twitter:card\" content=\"summary_large_image\" \/>\n<meta name=\"twitter:label1\" content=\"Est. reading time\" \/>\n\t<meta name=\"twitter:data1\" content=\"1 minute\" \/>\n<script type=\"application\/ld+json\" class=\"yoast-schema-graph\">{\"@context\":\"https:\/\/schema.org\",\"@graph\":[{\"@type\":\"WebPage\",\"@id\":\"https:\/\/www.hydroseal.ee\/lv\/produkts\/geotekstils-185g-m2-5x110\/\",\"url\":\"https:\/\/www.hydroseal.ee\/lv\/produkts\/geotekstils-185g-m2-5x110\/\",\"name\":\"\u0122eotekstils 185g\/m2 5x110 - Hydroseal\",\"isPartOf\":{\"@id\":\"https:\/\/www.hydroseal.ee\/lv\/#website\"},\"primaryImageOfPage\":{\"@id\":\"https:\/\/www.hydroseal.ee\/lv\/produkts\/geotekstils-185g-m2-5x110\/#primaryimage\"},\"image\":{\"@id\":\"https:\/\/www.hydroseal.ee\/lv\/produkts\/geotekstils-185g-m2-5x110\/#primaryimage\"},\"thumbnailUrl\":\"https:\/\/www.hydroseal.ee\/wp-content\/uploads\/2024\/02\/Geotekstiil.jpg\",\"datePublished\":\"2024-04-17T12:07:44+00:00\",\"dateModified\":\"2025-02-11T13:35:58+00:00\",\"description\":\"\u0122eotekstilu izmanto da\u017e\u0101du augsnes sl\u0101\u0146u atdal\u012b\u0161anai. \u0122eotekstils virza lietus \u016bdeni caur sevi, vienlaikus noturot augsni viet\u0101.\",\"breadcrumb\":{\"@id\":\"https:\/\/www.hydroseal.ee\/lv\/produkts\/geotekstils-185g-m2-5x110\/#breadcrumb\"},\"inLanguage\":\"lv-LV\",\"potentialAction\":[{\"@type\":\"ReadAction\",\"target\":[\"https:\/\/www.hydroseal.ee\/lv\/produkts\/geotekstils-185g-m2-5x110\/\"]}]},{\"@type\":\"ImageObject\",\"inLanguage\":\"lv-LV\",\"@id\":\"https:\/\/www.hydroseal.ee\/lv\/produkts\/geotekstils-185g-m2-5x110\/#primaryimage\",\"url\":\"https:\/\/www.hydroseal.ee\/wp-content\/uploads\/2024\/02\/Geotekstiil.jpg\",\"contentUrl\":\"https:\/\/www.hydroseal.ee\/wp-content\/uploads\/2024\/02\/Geotekstiil.jpg\",\"width\":1368,\"height\":912,\"caption\":\"Geotekstiil\"},{\"@type\":\"BreadcrumbList\",\"@id\":\"https:\/\/www.hydroseal.ee\/lv\/produkts\/geotekstils-185g-m2-5x110\/#breadcrumb\",\"itemListElement\":[{\"@type\":\"ListItem\",\"position\":1,\"name\":\"Home\",\"item\":\"https:\/\/www.hydroseal.ee\/lv\/\"},{\"@type\":\"ListItem\",\"position\":2,\"name\":\"E-veikals\",\"item\":\"https:\/\/www.hydroseal.ee\/lv\/e-veikals\/\"},{\"@type\":\"ListItem\",\"position\":3,\"name\":\"\u0122eotekstils 185g\/m2 5&#215;110\"}]},{\"@type\":\"WebSite\",\"@id\":\"https:\/\/www.hydroseal.ee\/lv\/#website\",\"url\":\"https:\/\/www.hydroseal.ee\/lv\/\",\"name\":\"Hydroseal\",\"description\":\"Pakume kestvaid lahendusi igale geotehnilisele ja taristualasele v\u00e4ljakutsele\",\"publisher\":{\"@id\":\"https:\/\/www.hydroseal.ee\/lv\/#organization\"},\"potentialAction\":[{\"@type\":\"SearchAction\",\"target\":{\"@type\":\"EntryPoint\",\"urlTemplate\":\"https:\/\/www.hydroseal.ee\/lv\/?s={search_term_string}\"},\"query-input\":{\"@type\":\"PropertyValueSpecification\",\"valueRequired\":true,\"valueName\":\"search_term_string\"}}],\"inLanguage\":\"lv-LV\"},{\"@type\":\"Organization\",\"@id\":\"https:\/\/www.hydroseal.ee\/lv\/#organization\",\"name\":\"Hydroseal\",\"url\":\"https:\/\/www.hydroseal.ee\/lv\/\",\"logo\":{\"@type\":\"ImageObject\",\"inLanguage\":\"lv-LV\",\"@id\":\"https:\/\/www.hydroseal.ee\/lv\/#\/schema\/logo\/image\/\",\"url\":\"https:\/\/www.hydroseal.ee\/wp-content\/uploads\/2024\/03\/Frame-6870.svg\",\"contentUrl\":\"https:\/\/www.hydroseal.ee\/wp-content\/uploads\/2024\/03\/Frame-6870.svg\",\"width\":1,\"height\":1,\"caption\":\"Hydroseal\"},\"image\":{\"@id\":\"https:\/\/www.hydroseal.ee\/lv\/#\/schema\/logo\/image\/\"},\"sameAs\":[\"https:\/\/www.facebook.com\/hydroseal.ee\"]}]}<\/script>\n<!-- \/ Yoast SEO plugin. -->","yoast_head_json":{"title":"\u0122eotekstils 185g\/m2 5x110 - Hydroseal","description":"\u0122eotekstilu izmanto da\u017e\u0101du augsnes sl\u0101\u0146u atdal\u012b\u0161anai. \u0122eotekstils virza lietus \u016bdeni caur sevi, vienlaikus noturot augsni viet\u0101.","robots":{"index":"index","follow":"follow","max-snippet":"max-snippet:-1","max-image-preview":"max-image-preview:large","max-video-preview":"max-video-preview:-1"},"canonical":"https:\/\/www.hydroseal.ee\/lv\/produkts\/geotekstils-185g-m2-5x110\/","og_locale":"lv_LV","og_type":"article","og_title":"\u0122eotekstils 185g\/m2 5x110 - Hydroseal","og_description":"\u0122eotekstilu izmanto da\u017e\u0101du augsnes sl\u0101\u0146u atdal\u012b\u0161anai. \u0122eotekstils virza lietus \u016bdeni caur sevi, vienlaikus noturot augsni viet\u0101.","og_url":"https:\/\/www.hydroseal.ee\/lv\/produkts\/geotekstils-185g-m2-5x110\/","og_site_name":"Hydroseal","article_publisher":"https:\/\/www.facebook.com\/hydroseal.ee","article_modified_time":"2025-02-11T13:35:58+00:00","og_image":[{"width":1368,"height":912,"url":"https:\/\/www.hydroseal.ee\/wp-content\/uploads\/2024\/02\/Geotekstiil.jpg","type":"image\/jpeg"}],"twitter_card":"summary_large_image","twitter_misc":{"Est. reading time":"1 minute"},"schema":{"@context":"https:\/\/schema.org","@graph":[{"@type":"WebPage","@id":"https:\/\/www.hydroseal.ee\/lv\/produkts\/geotekstils-185g-m2-5x110\/","url":"https:\/\/www.hydroseal.ee\/lv\/produkts\/geotekstils-185g-m2-5x110\/","name":"\u0122eotekstils 185g\/m2 5x110 - Hydroseal","isPartOf":{"@id":"https:\/\/www.hydroseal.ee\/lv\/#website"},"primaryImageOfPage":{"@id":"https:\/\/www.hydroseal.ee\/lv\/produkts\/geotekstils-185g-m2-5x110\/#primaryimage"},"image":{"@id":"https:\/\/www.hydroseal.ee\/lv\/produkts\/geotekstils-185g-m2-5x110\/#primaryimage"},"thumbnailUrl":"https:\/\/www.hydroseal.ee\/wp-content\/uploads\/2024\/02\/Geotekstiil.jpg","datePublished":"2024-04-17T12:07:44+00:00","dateModified":"2025-02-11T13:35:58+00:00","description":"\u0122eotekstilu izmanto da\u017e\u0101du augsnes sl\u0101\u0146u atdal\u012b\u0161anai. \u0122eotekstils virza lietus \u016bdeni caur sevi, vienlaikus noturot augsni viet\u0101.","breadcrumb":{"@id":"https:\/\/www.hydroseal.ee\/lv\/produkts\/geotekstils-185g-m2-5x110\/#breadcrumb"},"inLanguage":"lv-LV","potentialAction":[{"@type":"ReadAction","target":["https:\/\/www.hydroseal.ee\/lv\/produkts\/geotekstils-185g-m2-5x110\/"]}]},{"@type":"ImageObject","inLanguage":"lv-LV","@id":"https:\/\/www.hydroseal.ee\/lv\/produkts\/geotekstils-185g-m2-5x110\/#primaryimage","url":"https:\/\/www.hydroseal.ee\/wp-content\/uploads\/2024\/02\/Geotekstiil.jpg","contentUrl":"https:\/\/www.hydroseal.ee\/wp-content\/uploads\/2024\/02\/Geotekstiil.jpg","width":1368,"height":912,"caption":"Geotekstiil"},{"@type":"BreadcrumbList","@id":"https:\/\/www.hydroseal.ee\/lv\/produkts\/geotekstils-185g-m2-5x110\/#breadcrumb","itemListElement":[{"@type":"ListItem","position":1,"name":"Home","item":"https:\/\/www.hydroseal.ee\/lv\/"},{"@type":"ListItem","position":2,"name":"E-veikals","item":"https:\/\/www.hydroseal.ee\/lv\/e-veikals\/"},{"@type":"ListItem","position":3,"name":"\u0122eotekstils 185g\/m2 5&#215;110"}]},{"@type":"WebSite","@id":"https:\/\/www.hydroseal.ee\/lv\/#website","url":"https:\/\/www.hydroseal.ee\/lv\/","name":"Hydroseal","description":"Pakume kestvaid lahendusi igale geotehnilisele ja taristualasele v\u00e4ljakutsele","publisher":{"@id":"https:\/\/www.hydroseal.ee\/lv\/#organization"},"potentialAction":[{"@type":"SearchAction","target":{"@type":"EntryPoint","urlTemplate":"https:\/\/www.hydroseal.ee\/lv\/?s={search_term_string}"},"query-input":{"@type":"PropertyValueSpecification","valueRequired":true,"valueName":"search_term_string"}}],"inLanguage":"lv-LV"},{"@type":"Organization","@id":"https:\/\/www.hydroseal.ee\/lv\/#organization","name":"Hydroseal","url":"https:\/\/www.hydroseal.ee\/lv\/","logo":{"@type":"ImageObject","inLanguage":"lv-LV","@id":"https:\/\/www.hydroseal.ee\/lv\/#\/schema\/logo\/image\/","url":"https:\/\/www.hydroseal.ee\/wp-content\/uploads\/2024\/03\/Frame-6870.svg","contentUrl":"https:\/\/www.hydroseal.ee\/wp-content\/uploads\/2024\/03\/Frame-6870.svg","width":1,"height":1,"caption":"Hydroseal"},"image":{"@id":"https:\/\/www.hydroseal.ee\/lv\/#\/schema\/logo\/image\/"},"sameAs":["https:\/\/www.facebook.com\/hydroseal.ee"]}]}},"_links":{"self":[{"href":"https:\/\/www.hydroseal.ee\/lv\/wp-json\/wp\/v2\/product\/7664","targetHints":{"allow":["GET"]}}],"collection":[{"href":"https:\/\/www.hydroseal.ee\/lv\/wp-json\/wp\/v2\/product"}],"about":[{"href":"https:\/\/www.hydroseal.ee\/lv\/wp-json\/wp\/v2\/types\/product"}],"replies":[{"embeddable":true,"href":"https:\/\/www.hydroseal.ee\/lv\/wp-json\/wp\/v2\/comments?post=7664"}],"wp:featuredmedia":[{"embeddable":true,"href":"https:\/\/www.hydroseal.ee\/lv\/wp-json\/wp\/v2\/media\/6469"}],"wp:attachment":[{"href":"https:\/\/www.hydroseal.ee\/lv\/wp-json\/wp\/v2\/media?parent=7664"}],"wp:term":[{"taxonomy":"product_brand","embeddable":true,"href":"https:\/\/www.hydroseal.ee\/lv\/wp-json\/wp\/v2\/product_brand?post=7664"},{"taxonomy":"product_cat","embeddable":true,"href":"https:\/\/www.hydroseal.ee\/lv\/wp-json\/wp\/v2\/product_cat?post=7664"},{"taxonomy":"product_tag","embeddable":true,"href":"https:\/\/www.hydroseal.ee\/lv\/wp-json\/wp\/v2\/product_tag?post=7664"}],"curies":[{"name":"wp","href":"https:\/\/api.w.org\/{rel}","templated":true}]}}