{"id":7624,"date":"2024-04-24T10:54:30","date_gmt":"2024-04-24T10:54:30","guid":{"rendered":"https:\/\/www.hydroseal.ee\/?post_type=product&#038;p=7624"},"modified":"2024-04-26T06:55:48","modified_gmt":"2024-04-26T06:55:48","slug":"drenazas-caurule-92-mm-ar-geotekstilu","status":"publish","type":"product","link":"https:\/\/www.hydroseal.ee\/lv\/produkts\/drenazas-caurule-92-mm-ar-geotekstilu\/","title":{"rendered":"Dren\u0101\u017eas caurule 92 mm ar \u0123eotekstilu"},"content":{"rendered":"","protected":false},"excerpt":{"rendered":"<div class=\"description\">\n<p>Dren\u0101\u017eas caurule 92 x 80 mm Ru\u013c\u013ca garums 50 m.<\/p>\n<p>Dren\u0101\u017eas caurulei ir 360\u02da perfor\u0101cija, un t\u0101 ir p\u0101rkl\u0101ta ar \u0123eotekstila filtru, lai uzlabotu efektivit\u0101ti. Gredzena stingr\u012bba ir SN4 kN\/m<sup>2<\/sup>.<\/p>\n<p>Dren\u0101\u017eas caurules tiek izmantotas liek\u0101 \u016bdens novad\u012b\u0161anai no zemes, k\u0101 rezult\u0101t\u0101 uzlabojas zemes \u012bpa\u0161\u012bbas, pieejam\u012bba un paaugstin\u0101s ra\u017ea. Papildus iepriek\u0161 min\u0113tajiem lietojumiem lauksaimniec\u012bb\u0101 dren\u0101\u017eas caurules ir piem\u0113rotas ar\u012b \u0113ku, dz\u012bvojamo teritoriju un sporta laukumu nosusin\u0101\u0161anai.<\/p>\n<\/div>\n","protected":false},"featured_media":7627,"comment_status":"closed","ping_status":"closed","template":"","meta":{"_acf_changed":false},"product_brand":[],"product_cat":[91],"product_tag":[],"class_list":{"0":"post-7624","1":"product","2":"type-product","3":"status-publish","4":"has-post-thumbnail","6":"product_cat-drenaaz","8":"first","9":"instock","10":"shipping-taxable","11":"purchasable","12":"product-type-simple"},"acf":[],"yoast_head":"<!-- This site is optimized with the Yoast SEO plugin v27.2 - https:\/\/yoast.com\/product\/yoast-seo-wordpress\/ -->\n<title>Dren\u0101\u017eas caurule 92 mm ar \u0123eotekstilu - Hydroseal<\/title>\n<meta name=\"description\" content=\"Dren\u0101\u017eas caurulei ir 360\u02da atv\u0113rums, un t\u0101 ir p\u0101rkl\u0101ta ar filtr\u0113jo\u0161u audumu, kas palielina t\u0101s efektivit\u0101ti.\" \/>\n<meta name=\"robots\" content=\"index, follow, max-snippet:-1, max-image-preview:large, max-video-preview:-1\" \/>\n<link rel=\"canonical\" href=\"https:\/\/www.hydroseal.ee\/lv\/produkts\/drenazas-caurule-92-mm-ar-geotekstilu\/\" \/>\n<meta property=\"og:locale\" content=\"lv_LV\" \/>\n<meta property=\"og:type\" content=\"article\" \/>\n<meta property=\"og:title\" content=\"Dren\u0101\u017eas caurule 92 mm ar \u0123eotekstilu - Hydroseal\" \/>\n<meta property=\"og:description\" content=\"Dren\u0101\u017eas caurulei ir 360\u02da atv\u0113rums, un t\u0101 ir p\u0101rkl\u0101ta ar filtr\u0113jo\u0161u audumu, kas palielina t\u0101s efektivit\u0101ti.\" \/>\n<meta property=\"og:url\" content=\"https:\/\/www.hydroseal.ee\/lv\/produkts\/drenazas-caurule-92-mm-ar-geotekstilu\/\" \/>\n<meta property=\"og:site_name\" content=\"Hydroseal\" \/>\n<meta property=\"article:publisher\" content=\"https:\/\/www.facebook.com\/hydroseal.ee\" \/>\n<meta property=\"article:modified_time\" content=\"2024-04-26T06:55:48+00:00\" \/>\n<meta property=\"og:image\" content=\"https:\/\/www.hydroseal.ee\/wp-content\/uploads\/2024\/04\/mg_0071-scaled.jpg\" \/>\n\t<meta property=\"og:image:width\" content=\"2560\" \/>\n\t<meta property=\"og:image:height\" content=\"2235\" \/>\n\t<meta property=\"og:image:type\" content=\"image\/jpeg\" \/>\n<meta name=\"twitter:card\" content=\"summary_large_image\" \/>\n<meta name=\"twitter:label1\" content=\"Est. reading time\" \/>\n\t<meta name=\"twitter:data1\" content=\"1 minute\" \/>\n<script type=\"application\/ld+json\" class=\"yoast-schema-graph\">{\"@context\":\"https:\/\/schema.org\",\"@graph\":[{\"@type\":\"WebPage\",\"@id\":\"https:\/\/www.hydroseal.ee\/lv\/produkts\/drenazas-caurule-92-mm-ar-geotekstilu\/\",\"url\":\"https:\/\/www.hydroseal.ee\/lv\/produkts\/drenazas-caurule-92-mm-ar-geotekstilu\/\",\"name\":\"Dren\u0101\u017eas caurule 92 mm ar \u0123eotekstilu - Hydroseal\",\"isPartOf\":{\"@id\":\"https:\/\/www.hydroseal.ee\/lv\/#website\"},\"primaryImageOfPage\":{\"@id\":\"https:\/\/www.hydroseal.ee\/lv\/produkts\/drenazas-caurule-92-mm-ar-geotekstilu\/#primaryimage\"},\"image\":{\"@id\":\"https:\/\/www.hydroseal.ee\/lv\/produkts\/drenazas-caurule-92-mm-ar-geotekstilu\/#primaryimage\"},\"thumbnailUrl\":\"https:\/\/www.hydroseal.ee\/wp-content\/uploads\/2024\/04\/mg_0071-scaled.jpg\",\"datePublished\":\"2024-04-24T10:54:30+00:00\",\"dateModified\":\"2024-04-26T06:55:48+00:00\",\"description\":\"Dren\u0101\u017eas caurulei ir 360\u02da atv\u0113rums, un t\u0101 ir p\u0101rkl\u0101ta ar filtr\u0113jo\u0161u audumu, kas palielina t\u0101s efektivit\u0101ti.\",\"breadcrumb\":{\"@id\":\"https:\/\/www.hydroseal.ee\/lv\/produkts\/drenazas-caurule-92-mm-ar-geotekstilu\/#breadcrumb\"},\"inLanguage\":\"lv-LV\",\"potentialAction\":[{\"@type\":\"ReadAction\",\"target\":[\"https:\/\/www.hydroseal.ee\/lv\/produkts\/drenazas-caurule-92-mm-ar-geotekstilu\/\"]}]},{\"@type\":\"ImageObject\",\"inLanguage\":\"lv-LV\",\"@id\":\"https:\/\/www.hydroseal.ee\/lv\/produkts\/drenazas-caurule-92-mm-ar-geotekstilu\/#primaryimage\",\"url\":\"https:\/\/www.hydroseal.ee\/wp-content\/uploads\/2024\/04\/mg_0071-scaled.jpg\",\"contentUrl\":\"https:\/\/www.hydroseal.ee\/wp-content\/uploads\/2024\/04\/mg_0071-scaled.jpg\",\"width\":2560,\"height\":2235,\"caption\":\"Rullis drenaa\u017eitoru\"},{\"@type\":\"BreadcrumbList\",\"@id\":\"https:\/\/www.hydroseal.ee\/lv\/produkts\/drenazas-caurule-92-mm-ar-geotekstilu\/#breadcrumb\",\"itemListElement\":[{\"@type\":\"ListItem\",\"position\":1,\"name\":\"Home\",\"item\":\"https:\/\/www.hydroseal.ee\/lv\/\"},{\"@type\":\"ListItem\",\"position\":2,\"name\":\"E-veikals\",\"item\":\"https:\/\/www.hydroseal.ee\/lv\/e-veikals\/\"},{\"@type\":\"ListItem\",\"position\":3,\"name\":\"Dren\u0101\u017eas caurule 92 mm ar \u0123eotekstilu\"}]},{\"@type\":\"WebSite\",\"@id\":\"https:\/\/www.hydroseal.ee\/lv\/#website\",\"url\":\"https:\/\/www.hydroseal.ee\/lv\/\",\"name\":\"Hydroseal\",\"description\":\"Pakume kestvaid lahendusi igale geotehnilisele ja taristualasele v\u00e4ljakutsele\",\"publisher\":{\"@id\":\"https:\/\/www.hydroseal.ee\/lv\/#organization\"},\"potentialAction\":[{\"@type\":\"SearchAction\",\"target\":{\"@type\":\"EntryPoint\",\"urlTemplate\":\"https:\/\/www.hydroseal.ee\/lv\/?s={search_term_string}\"},\"query-input\":{\"@type\":\"PropertyValueSpecification\",\"valueRequired\":true,\"valueName\":\"search_term_string\"}}],\"inLanguage\":\"lv-LV\"},{\"@type\":\"Organization\",\"@id\":\"https:\/\/www.hydroseal.ee\/lv\/#organization\",\"name\":\"Hydroseal\",\"url\":\"https:\/\/www.hydroseal.ee\/lv\/\",\"logo\":{\"@type\":\"ImageObject\",\"inLanguage\":\"lv-LV\",\"@id\":\"https:\/\/www.hydroseal.ee\/lv\/#\/schema\/logo\/image\/\",\"url\":\"https:\/\/www.hydroseal.ee\/wp-content\/uploads\/2024\/03\/Frame-6870.svg\",\"contentUrl\":\"https:\/\/www.hydroseal.ee\/wp-content\/uploads\/2024\/03\/Frame-6870.svg\",\"width\":1,\"height\":1,\"caption\":\"Hydroseal\"},\"image\":{\"@id\":\"https:\/\/www.hydroseal.ee\/lv\/#\/schema\/logo\/image\/\"},\"sameAs\":[\"https:\/\/www.facebook.com\/hydroseal.ee\"]}]}<\/script>\n<!-- \/ Yoast SEO plugin. -->","yoast_head_json":{"title":"Dren\u0101\u017eas caurule 92 mm ar \u0123eotekstilu - Hydroseal","description":"Dren\u0101\u017eas caurulei ir 360\u02da atv\u0113rums, un t\u0101 ir p\u0101rkl\u0101ta ar filtr\u0113jo\u0161u audumu, kas palielina t\u0101s efektivit\u0101ti.","robots":{"index":"index","follow":"follow","max-snippet":"max-snippet:-1","max-image-preview":"max-image-preview:large","max-video-preview":"max-video-preview:-1"},"canonical":"https:\/\/www.hydroseal.ee\/lv\/produkts\/drenazas-caurule-92-mm-ar-geotekstilu\/","og_locale":"lv_LV","og_type":"article","og_title":"Dren\u0101\u017eas caurule 92 mm ar \u0123eotekstilu - Hydroseal","og_description":"Dren\u0101\u017eas caurulei ir 360\u02da atv\u0113rums, un t\u0101 ir p\u0101rkl\u0101ta ar filtr\u0113jo\u0161u audumu, kas palielina t\u0101s efektivit\u0101ti.","og_url":"https:\/\/www.hydroseal.ee\/lv\/produkts\/drenazas-caurule-92-mm-ar-geotekstilu\/","og_site_name":"Hydroseal","article_publisher":"https:\/\/www.facebook.com\/hydroseal.ee","article_modified_time":"2024-04-26T06:55:48+00:00","og_image":[{"width":2560,"height":2235,"url":"https:\/\/www.hydroseal.ee\/wp-content\/uploads\/2024\/04\/mg_0071-scaled.jpg","type":"image\/jpeg"}],"twitter_card":"summary_large_image","twitter_misc":{"Est. reading time":"1 minute"},"schema":{"@context":"https:\/\/schema.org","@graph":[{"@type":"WebPage","@id":"https:\/\/www.hydroseal.ee\/lv\/produkts\/drenazas-caurule-92-mm-ar-geotekstilu\/","url":"https:\/\/www.hydroseal.ee\/lv\/produkts\/drenazas-caurule-92-mm-ar-geotekstilu\/","name":"Dren\u0101\u017eas caurule 92 mm ar \u0123eotekstilu - Hydroseal","isPartOf":{"@id":"https:\/\/www.hydroseal.ee\/lv\/#website"},"primaryImageOfPage":{"@id":"https:\/\/www.hydroseal.ee\/lv\/produkts\/drenazas-caurule-92-mm-ar-geotekstilu\/#primaryimage"},"image":{"@id":"https:\/\/www.hydroseal.ee\/lv\/produkts\/drenazas-caurule-92-mm-ar-geotekstilu\/#primaryimage"},"thumbnailUrl":"https:\/\/www.hydroseal.ee\/wp-content\/uploads\/2024\/04\/mg_0071-scaled.jpg","datePublished":"2024-04-24T10:54:30+00:00","dateModified":"2024-04-26T06:55:48+00:00","description":"Dren\u0101\u017eas caurulei ir 360\u02da atv\u0113rums, un t\u0101 ir p\u0101rkl\u0101ta ar filtr\u0113jo\u0161u audumu, kas palielina t\u0101s efektivit\u0101ti.","breadcrumb":{"@id":"https:\/\/www.hydroseal.ee\/lv\/produkts\/drenazas-caurule-92-mm-ar-geotekstilu\/#breadcrumb"},"inLanguage":"lv-LV","potentialAction":[{"@type":"ReadAction","target":["https:\/\/www.hydroseal.ee\/lv\/produkts\/drenazas-caurule-92-mm-ar-geotekstilu\/"]}]},{"@type":"ImageObject","inLanguage":"lv-LV","@id":"https:\/\/www.hydroseal.ee\/lv\/produkts\/drenazas-caurule-92-mm-ar-geotekstilu\/#primaryimage","url":"https:\/\/www.hydroseal.ee\/wp-content\/uploads\/2024\/04\/mg_0071-scaled.jpg","contentUrl":"https:\/\/www.hydroseal.ee\/wp-content\/uploads\/2024\/04\/mg_0071-scaled.jpg","width":2560,"height":2235,"caption":"Rullis drenaa\u017eitoru"},{"@type":"BreadcrumbList","@id":"https:\/\/www.hydroseal.ee\/lv\/produkts\/drenazas-caurule-92-mm-ar-geotekstilu\/#breadcrumb","itemListElement":[{"@type":"ListItem","position":1,"name":"Home","item":"https:\/\/www.hydroseal.ee\/lv\/"},{"@type":"ListItem","position":2,"name":"E-veikals","item":"https:\/\/www.hydroseal.ee\/lv\/e-veikals\/"},{"@type":"ListItem","position":3,"name":"Dren\u0101\u017eas caurule 92 mm ar \u0123eotekstilu"}]},{"@type":"WebSite","@id":"https:\/\/www.hydroseal.ee\/lv\/#website","url":"https:\/\/www.hydroseal.ee\/lv\/","name":"Hydroseal","description":"Pakume kestvaid lahendusi igale geotehnilisele ja taristualasele v\u00e4ljakutsele","publisher":{"@id":"https:\/\/www.hydroseal.ee\/lv\/#organization"},"potentialAction":[{"@type":"SearchAction","target":{"@type":"EntryPoint","urlTemplate":"https:\/\/www.hydroseal.ee\/lv\/?s={search_term_string}"},"query-input":{"@type":"PropertyValueSpecification","valueRequired":true,"valueName":"search_term_string"}}],"inLanguage":"lv-LV"},{"@type":"Organization","@id":"https:\/\/www.hydroseal.ee\/lv\/#organization","name":"Hydroseal","url":"https:\/\/www.hydroseal.ee\/lv\/","logo":{"@type":"ImageObject","inLanguage":"lv-LV","@id":"https:\/\/www.hydroseal.ee\/lv\/#\/schema\/logo\/image\/","url":"https:\/\/www.hydroseal.ee\/wp-content\/uploads\/2024\/03\/Frame-6870.svg","contentUrl":"https:\/\/www.hydroseal.ee\/wp-content\/uploads\/2024\/03\/Frame-6870.svg","width":1,"height":1,"caption":"Hydroseal"},"image":{"@id":"https:\/\/www.hydroseal.ee\/lv\/#\/schema\/logo\/image\/"},"sameAs":["https:\/\/www.facebook.com\/hydroseal.ee"]}]}},"_links":{"self":[{"href":"https:\/\/www.hydroseal.ee\/lv\/wp-json\/wp\/v2\/product\/7624","targetHints":{"allow":["GET"]}}],"collection":[{"href":"https:\/\/www.hydroseal.ee\/lv\/wp-json\/wp\/v2\/product"}],"about":[{"href":"https:\/\/www.hydroseal.ee\/lv\/wp-json\/wp\/v2\/types\/product"}],"replies":[{"embeddable":true,"href":"https:\/\/www.hydroseal.ee\/lv\/wp-json\/wp\/v2\/comments?post=7624"}],"wp:featuredmedia":[{"embeddable":true,"href":"https:\/\/www.hydroseal.ee\/lv\/wp-json\/wp\/v2\/media\/7627"}],"wp:attachment":[{"href":"https:\/\/www.hydroseal.ee\/lv\/wp-json\/wp\/v2\/media?parent=7624"}],"wp:term":[{"taxonomy":"product_brand","embeddable":true,"href":"https:\/\/www.hydroseal.ee\/lv\/wp-json\/wp\/v2\/product_brand?post=7624"},{"taxonomy":"product_cat","embeddable":true,"href":"https:\/\/www.hydroseal.ee\/lv\/wp-json\/wp\/v2\/product_cat?post=7624"},{"taxonomy":"product_tag","embeddable":true,"href":"https:\/\/www.hydroseal.ee\/lv\/wp-json\/wp\/v2\/product_tag?post=7624"}],"curies":[{"name":"wp","href":"https:\/\/api.w.org\/{rel}","templated":true}]}}