{"id":7517,"date":"2024-04-15T08:22:40","date_gmt":"2024-04-15T08:22:40","guid":{"rendered":"https:\/\/www.hydroseal.ee\/toode\/plastmasas-caurule-400-mm-6-metrus-gara\/"},"modified":"2024-04-16T09:56:08","modified_gmt":"2024-04-16T09:56:08","slug":"plastmasas-caurule-400-mm-6-metrus-gara","status":"publish","type":"product","link":"https:\/\/www.hydroseal.ee\/lv\/produkts\/plastmasas-caurule-400-mm-6-metrus-gara\/","title":{"rendered":"Plastmasas caurule 400 mm 6-metrus gara"},"content":{"rendered":"","protected":false},"excerpt":{"rendered":"<p>Plastmasas caurule ar 400 mm iek\u0161\u0113jo diametru, 6 metrus gara. Izgatavotas no polipropil\u0113na (PP). Gredzena stingr\u012bba ir SN8 <sup>kN\/m2<\/sup>. Katrai caurulei ir uzmava.<\/p>\n<p>Plastmasas caurules tiek izmantotas lietus\u016bdens un notek\u016bde\u0146u cauru\u013cvadu un notek\u016bde\u0146u pa\u0161pl\u016bsmas cauru\u013cvadu izb\u016bvei.<\/p>\n","protected":false},"featured_media":8213,"comment_status":"closed","ping_status":"closed","template":"","meta":{"_acf_changed":false},"product_brand":[],"product_cat":[93],"product_tag":[],"class_list":{"0":"post-7517","1":"product","2":"type-product","3":"status-publish","4":"has-post-thumbnail","6":"product_cat-plasttruubid","8":"first","9":"instock","10":"shipping-taxable","11":"purchasable","12":"product-type-simple"},"acf":[],"yoast_head":"<!-- This site is optimized with the Yoast SEO plugin v27.4 - https:\/\/yoast.com\/product\/yoast-seo-wordpress\/ -->\n<title>Plastmasas caurule 400 mm 6-metrus gara - Hydroseal<\/title>\n<meta name=\"description\" content=\"Caurules no \u0101rpuses ir vafe\u013cotas, bet no iek\u0161puses ar glud\u0101m sieni\u0146\u0101m. Plastmasas caurules tiek izmantotas lietus\u016bdens un notek\u016bde\u0146u cauru\u013cvadu un notek\u016bde\u0146u pa\u0161pl\u016bsmas cauru\u013cvadu izb\u016bvei.\" \/>\n<meta name=\"robots\" content=\"index, follow, max-snippet:-1, max-image-preview:large, max-video-preview:-1\" \/>\n<link rel=\"canonical\" href=\"https:\/\/www.hydroseal.ee\/lv\/produkts\/plastmasas-caurule-400-mm-6-metrus-gara\/\" \/>\n<meta property=\"og:locale\" content=\"lv_LV\" \/>\n<meta property=\"og:type\" content=\"article\" \/>\n<meta property=\"og:title\" content=\"Plastmasas caurule 400 mm 6-metrus gara - Hydroseal\" \/>\n<meta property=\"og:description\" content=\"Caurules no \u0101rpuses ir vafe\u013cotas, bet no iek\u0161puses ar glud\u0101m sieni\u0146\u0101m. Plastmasas caurules tiek izmantotas lietus\u016bdens un notek\u016bde\u0146u cauru\u013cvadu un notek\u016bde\u0146u pa\u0161pl\u016bsmas cauru\u013cvadu izb\u016bvei.\" \/>\n<meta property=\"og:url\" content=\"https:\/\/www.hydroseal.ee\/lv\/produkts\/plastmasas-caurule-400-mm-6-metrus-gara\/\" \/>\n<meta property=\"og:site_name\" content=\"Hydroseal\" \/>\n<meta property=\"article:publisher\" content=\"https:\/\/www.facebook.com\/hydroseal.ee\" \/>\n<meta property=\"article:modified_time\" content=\"2024-04-16T09:56:08+00:00\" \/>\n<meta property=\"og:image\" content=\"https:\/\/www.hydroseal.ee\/wp-content\/uploads\/2024\/02\/img_1187-scaled.jpg\" \/>\n\t<meta property=\"og:image:width\" content=\"2560\" \/>\n\t<meta property=\"og:image:height\" content=\"1920\" \/>\n\t<meta property=\"og:image:type\" content=\"image\/jpeg\" \/>\n<meta name=\"twitter:card\" content=\"summary_large_image\" \/>\n<script type=\"application\/ld+json\" class=\"yoast-schema-graph\">{\"@context\":\"https:\\\/\\\/schema.org\",\"@graph\":[{\"@type\":\"WebPage\",\"@id\":\"https:\\\/\\\/www.hydroseal.ee\\\/lv\\\/produkts\\\/plastmasas-caurule-400-mm-6-metrus-gara\\\/\",\"url\":\"https:\\\/\\\/www.hydroseal.ee\\\/lv\\\/produkts\\\/plastmasas-caurule-400-mm-6-metrus-gara\\\/\",\"name\":\"Plastmasas caurule 400 mm 6-metrus gara - Hydroseal\",\"isPartOf\":{\"@id\":\"https:\\\/\\\/www.hydroseal.ee\\\/lv\\\/#website\"},\"primaryImageOfPage\":{\"@id\":\"https:\\\/\\\/www.hydroseal.ee\\\/lv\\\/produkts\\\/plastmasas-caurule-400-mm-6-metrus-gara\\\/#primaryimage\"},\"image\":{\"@id\":\"https:\\\/\\\/www.hydroseal.ee\\\/lv\\\/produkts\\\/plastmasas-caurule-400-mm-6-metrus-gara\\\/#primaryimage\"},\"thumbnailUrl\":\"https:\\\/\\\/www.hydroseal.ee\\\/wp-content\\\/uploads\\\/2024\\\/04\\\/4.png\",\"datePublished\":\"2024-04-15T08:22:40+00:00\",\"dateModified\":\"2024-04-16T09:56:08+00:00\",\"description\":\"Caurules no \u0101rpuses ir vafe\u013cotas, bet no iek\u0161puses ar glud\u0101m sieni\u0146\u0101m. Plastmasas caurules tiek izmantotas lietus\u016bdens un notek\u016bde\u0146u cauru\u013cvadu un notek\u016bde\u0146u pa\u0161pl\u016bsmas cauru\u013cvadu izb\u016bvei.\",\"breadcrumb\":{\"@id\":\"https:\\\/\\\/www.hydroseal.ee\\\/lv\\\/produkts\\\/plastmasas-caurule-400-mm-6-metrus-gara\\\/#breadcrumb\"},\"inLanguage\":\"lv-LV\",\"potentialAction\":[{\"@type\":\"ReadAction\",\"target\":[\"https:\\\/\\\/www.hydroseal.ee\\\/lv\\\/produkts\\\/plastmasas-caurule-400-mm-6-metrus-gara\\\/\"]}]},{\"@type\":\"ImageObject\",\"inLanguage\":\"lv-LV\",\"@id\":\"https:\\\/\\\/www.hydroseal.ee\\\/lv\\\/produkts\\\/plastmasas-caurule-400-mm-6-metrus-gara\\\/#primaryimage\",\"url\":\"https:\\\/\\\/www.hydroseal.ee\\\/wp-content\\\/uploads\\\/2024\\\/04\\\/4.png\",\"contentUrl\":\"https:\\\/\\\/www.hydroseal.ee\\\/wp-content\\\/uploads\\\/2024\\\/04\\\/4.png\",\"width\":942,\"height\":666,\"caption\":\"Truubitoru\"},{\"@type\":\"BreadcrumbList\",\"@id\":\"https:\\\/\\\/www.hydroseal.ee\\\/lv\\\/produkts\\\/plastmasas-caurule-400-mm-6-metrus-gara\\\/#breadcrumb\",\"itemListElement\":[{\"@type\":\"ListItem\",\"position\":1,\"name\":\"Home\",\"item\":\"https:\\\/\\\/www.hydroseal.ee\\\/lv\\\/\"},{\"@type\":\"ListItem\",\"position\":2,\"name\":\"E-veikals\",\"item\":\"https:\\\/\\\/www.hydroseal.ee\\\/lv\\\/e-veikals\\\/\"},{\"@type\":\"ListItem\",\"position\":3,\"name\":\"Plastmasas caurule 400 mm 6-metrus gara\"}]},{\"@type\":\"WebSite\",\"@id\":\"https:\\\/\\\/www.hydroseal.ee\\\/lv\\\/#website\",\"url\":\"https:\\\/\\\/www.hydroseal.ee\\\/lv\\\/\",\"name\":\"Hydroseal\",\"description\":\"Pakume kestvaid lahendusi igale geotehnilisele ja taristualasele v\u00e4ljakutsele\",\"publisher\":{\"@id\":\"https:\\\/\\\/www.hydroseal.ee\\\/lv\\\/#organization\"},\"potentialAction\":[{\"@type\":\"SearchAction\",\"target\":{\"@type\":\"EntryPoint\",\"urlTemplate\":\"https:\\\/\\\/www.hydroseal.ee\\\/lv\\\/?s={search_term_string}\"},\"query-input\":{\"@type\":\"PropertyValueSpecification\",\"valueRequired\":true,\"valueName\":\"search_term_string\"}}],\"inLanguage\":\"lv-LV\"},{\"@type\":\"Organization\",\"@id\":\"https:\\\/\\\/www.hydroseal.ee\\\/lv\\\/#organization\",\"name\":\"Hydroseal\",\"url\":\"https:\\\/\\\/www.hydroseal.ee\\\/lv\\\/\",\"logo\":{\"@type\":\"ImageObject\",\"inLanguage\":\"lv-LV\",\"@id\":\"https:\\\/\\\/www.hydroseal.ee\\\/lv\\\/#\\\/schema\\\/logo\\\/image\\\/\",\"url\":\"https:\\\/\\\/www.hydroseal.ee\\\/wp-content\\\/uploads\\\/2024\\\/03\\\/Frame-6870.svg\",\"contentUrl\":\"https:\\\/\\\/www.hydroseal.ee\\\/wp-content\\\/uploads\\\/2024\\\/03\\\/Frame-6870.svg\",\"width\":1,\"height\":1,\"caption\":\"Hydroseal\"},\"image\":{\"@id\":\"https:\\\/\\\/www.hydroseal.ee\\\/lv\\\/#\\\/schema\\\/logo\\\/image\\\/\"},\"sameAs\":[\"https:\\\/\\\/www.facebook.com\\\/hydroseal.ee\"]}]}<\/script>\n<!-- \/ Yoast SEO plugin. -->","yoast_head_json":{"title":"Plastmasas caurule 400 mm 6-metrus gara - Hydroseal","description":"Caurules no \u0101rpuses ir vafe\u013cotas, bet no iek\u0161puses ar glud\u0101m sieni\u0146\u0101m. Plastmasas caurules tiek izmantotas lietus\u016bdens un notek\u016bde\u0146u cauru\u013cvadu un notek\u016bde\u0146u pa\u0161pl\u016bsmas cauru\u013cvadu izb\u016bvei.","robots":{"index":"index","follow":"follow","max-snippet":"max-snippet:-1","max-image-preview":"max-image-preview:large","max-video-preview":"max-video-preview:-1"},"canonical":"https:\/\/www.hydroseal.ee\/lv\/produkts\/plastmasas-caurule-400-mm-6-metrus-gara\/","og_locale":"lv_LV","og_type":"article","og_title":"Plastmasas caurule 400 mm 6-metrus gara - Hydroseal","og_description":"Caurules no \u0101rpuses ir vafe\u013cotas, bet no iek\u0161puses ar glud\u0101m sieni\u0146\u0101m. Plastmasas caurules tiek izmantotas lietus\u016bdens un notek\u016bde\u0146u cauru\u013cvadu un notek\u016bde\u0146u pa\u0161pl\u016bsmas cauru\u013cvadu izb\u016bvei.","og_url":"https:\/\/www.hydroseal.ee\/lv\/produkts\/plastmasas-caurule-400-mm-6-metrus-gara\/","og_site_name":"Hydroseal","article_publisher":"https:\/\/www.facebook.com\/hydroseal.ee","article_modified_time":"2024-04-16T09:56:08+00:00","og_image":[{"width":2560,"height":1920,"url":"https:\/\/www.hydroseal.ee\/wp-content\/uploads\/2024\/02\/img_1187-scaled.jpg","type":"image\/jpeg"}],"twitter_card":"summary_large_image","schema":{"@context":"https:\/\/schema.org","@graph":[{"@type":"WebPage","@id":"https:\/\/www.hydroseal.ee\/lv\/produkts\/plastmasas-caurule-400-mm-6-metrus-gara\/","url":"https:\/\/www.hydroseal.ee\/lv\/produkts\/plastmasas-caurule-400-mm-6-metrus-gara\/","name":"Plastmasas caurule 400 mm 6-metrus gara - Hydroseal","isPartOf":{"@id":"https:\/\/www.hydroseal.ee\/lv\/#website"},"primaryImageOfPage":{"@id":"https:\/\/www.hydroseal.ee\/lv\/produkts\/plastmasas-caurule-400-mm-6-metrus-gara\/#primaryimage"},"image":{"@id":"https:\/\/www.hydroseal.ee\/lv\/produkts\/plastmasas-caurule-400-mm-6-metrus-gara\/#primaryimage"},"thumbnailUrl":"https:\/\/www.hydroseal.ee\/wp-content\/uploads\/2024\/04\/4.png","datePublished":"2024-04-15T08:22:40+00:00","dateModified":"2024-04-16T09:56:08+00:00","description":"Caurules no \u0101rpuses ir vafe\u013cotas, bet no iek\u0161puses ar glud\u0101m sieni\u0146\u0101m. Plastmasas caurules tiek izmantotas lietus\u016bdens un notek\u016bde\u0146u cauru\u013cvadu un notek\u016bde\u0146u pa\u0161pl\u016bsmas cauru\u013cvadu izb\u016bvei.","breadcrumb":{"@id":"https:\/\/www.hydroseal.ee\/lv\/produkts\/plastmasas-caurule-400-mm-6-metrus-gara\/#breadcrumb"},"inLanguage":"lv-LV","potentialAction":[{"@type":"ReadAction","target":["https:\/\/www.hydroseal.ee\/lv\/produkts\/plastmasas-caurule-400-mm-6-metrus-gara\/"]}]},{"@type":"ImageObject","inLanguage":"lv-LV","@id":"https:\/\/www.hydroseal.ee\/lv\/produkts\/plastmasas-caurule-400-mm-6-metrus-gara\/#primaryimage","url":"https:\/\/www.hydroseal.ee\/wp-content\/uploads\/2024\/04\/4.png","contentUrl":"https:\/\/www.hydroseal.ee\/wp-content\/uploads\/2024\/04\/4.png","width":942,"height":666,"caption":"Truubitoru"},{"@type":"BreadcrumbList","@id":"https:\/\/www.hydroseal.ee\/lv\/produkts\/plastmasas-caurule-400-mm-6-metrus-gara\/#breadcrumb","itemListElement":[{"@type":"ListItem","position":1,"name":"Home","item":"https:\/\/www.hydroseal.ee\/lv\/"},{"@type":"ListItem","position":2,"name":"E-veikals","item":"https:\/\/www.hydroseal.ee\/lv\/e-veikals\/"},{"@type":"ListItem","position":3,"name":"Plastmasas caurule 400 mm 6-metrus gara"}]},{"@type":"WebSite","@id":"https:\/\/www.hydroseal.ee\/lv\/#website","url":"https:\/\/www.hydroseal.ee\/lv\/","name":"Hydroseal","description":"Pakume kestvaid lahendusi igale geotehnilisele ja taristualasele v\u00e4ljakutsele","publisher":{"@id":"https:\/\/www.hydroseal.ee\/lv\/#organization"},"potentialAction":[{"@type":"SearchAction","target":{"@type":"EntryPoint","urlTemplate":"https:\/\/www.hydroseal.ee\/lv\/?s={search_term_string}"},"query-input":{"@type":"PropertyValueSpecification","valueRequired":true,"valueName":"search_term_string"}}],"inLanguage":"lv-LV"},{"@type":"Organization","@id":"https:\/\/www.hydroseal.ee\/lv\/#organization","name":"Hydroseal","url":"https:\/\/www.hydroseal.ee\/lv\/","logo":{"@type":"ImageObject","inLanguage":"lv-LV","@id":"https:\/\/www.hydroseal.ee\/lv\/#\/schema\/logo\/image\/","url":"https:\/\/www.hydroseal.ee\/wp-content\/uploads\/2024\/03\/Frame-6870.svg","contentUrl":"https:\/\/www.hydroseal.ee\/wp-content\/uploads\/2024\/03\/Frame-6870.svg","width":1,"height":1,"caption":"Hydroseal"},"image":{"@id":"https:\/\/www.hydroseal.ee\/lv\/#\/schema\/logo\/image\/"},"sameAs":["https:\/\/www.facebook.com\/hydroseal.ee"]}]}},"_links":{"self":[{"href":"https:\/\/www.hydroseal.ee\/lv\/wp-json\/wp\/v2\/product\/7517","targetHints":{"allow":["GET"]}}],"collection":[{"href":"https:\/\/www.hydroseal.ee\/lv\/wp-json\/wp\/v2\/product"}],"about":[{"href":"https:\/\/www.hydroseal.ee\/lv\/wp-json\/wp\/v2\/types\/product"}],"replies":[{"embeddable":true,"href":"https:\/\/www.hydroseal.ee\/lv\/wp-json\/wp\/v2\/comments?post=7517"}],"wp:featuredmedia":[{"embeddable":true,"href":"https:\/\/www.hydroseal.ee\/lv\/wp-json\/wp\/v2\/media\/8213"}],"wp:attachment":[{"href":"https:\/\/www.hydroseal.ee\/lv\/wp-json\/wp\/v2\/media?parent=7517"}],"wp:term":[{"taxonomy":"product_brand","embeddable":true,"href":"https:\/\/www.hydroseal.ee\/lv\/wp-json\/wp\/v2\/product_brand?post=7517"},{"taxonomy":"product_cat","embeddable":true,"href":"https:\/\/www.hydroseal.ee\/lv\/wp-json\/wp\/v2\/product_cat?post=7517"},{"taxonomy":"product_tag","embeddable":true,"href":"https:\/\/www.hydroseal.ee\/lv\/wp-json\/wp\/v2\/product_tag?post=7517"}],"curies":[{"name":"wp","href":"https:\/\/api.w.org\/{rel}","templated":true}]}}