{"id":6806,"date":"2024-02-09T13:36:30","date_gmt":"2024-02-09T13:36:30","guid":{"rendered":"https:\/\/hydroseal.vdisain.dev\/toode\/daudzkrasains\/"},"modified":"2024-05-29T07:15:55","modified_gmt":"2024-05-29T07:15:55","slug":"mulcas-audums-1x25","status":"publish","type":"product","link":"https:\/\/www.hydroseal.ee\/lv\/produkts\/mulcas-audums-1x25\/","title":{"rendered":"Mul\u010das audums 1&#215;25"},"content":{"rendered":"","protected":false},"excerpt":{"rendered":"<p>Mul\u010das audumu izmanto nez\u0101\u013cu apkaro\u0161anai zem mizas mul\u010das un da\u017e\u0101du augsnes sl\u0101\u0146u atdal\u012b\u0161anai. To izmanto ar\u012b k\u0101 dren\u0101\u017eas audumu. Auduma svars ir 90 g\/m2.<\/p>\n<p>\u0122eotekstils galvenok\u0101rt paredz\u0113ts priv\u0101t\u0101m m\u0101jsaimniec\u012bb\u0101m un d\u0101rzniekiem, jo tam ir vismaz\u0101kais izm\u0113rs, rullis nesver daudz un to ir viegli transport\u0113t.<\/p>\n<p>Rullis ir 1 metru plats, un uz ru\u013c\u013ca ir 25 metri \u0123eotekstila. Rullis sver tikai 3 kg.<\/p>\n<p>Viena ru\u013c\u013ca transport\u0113\u0161ana ar kurjeru kontinent\u0101l\u0101s Igaunijas robe\u017e\u0101s ir 6 \u20ac. Vair\u0101ku ru\u013c\u013cu gad\u012bjum\u0101 cenu apr\u0113\u0137in\u0101s klientu apkalpo\u0161anas p\u0101rst\u0101vis.<\/p>\n","protected":false},"featured_media":7195,"comment_status":"closed","ping_status":"closed","template":"","meta":{"_acf_changed":false},"product_brand":[],"product_cat":[38],"product_tag":[],"class_list":{"0":"post-6806","1":"product","2":"type-product","3":"status-publish","4":"has-post-thumbnail","6":"product_cat-geotekstiilid","8":"first","9":"instock","10":"sale","11":"featured","12":"shipping-taxable","13":"purchasable","14":"product-type-simple"},"acf":[],"yoast_head":"<!-- This site is optimized with the Yoast SEO plugin v27.4 - https:\/\/yoast.com\/product\/yoast-seo-wordpress\/ -->\n<title>Mul\u010das audums 1x25 - Hydroseal<\/title>\n<meta name=\"description\" content=\"Mul\u010das audumu izmanto nez\u0101\u013cu apkaro\u0161anai zem mizas mul\u010das un da\u017e\u0101du augsnes sl\u0101\u0146u atdal\u012b\u0161anai. To izmanto ar\u012b k\u0101 dren\u0101\u017eas audumu.\" \/>\n<meta name=\"robots\" content=\"index, follow, max-snippet:-1, max-image-preview:large, max-video-preview:-1\" \/>\n<link rel=\"canonical\" href=\"https:\/\/www.hydroseal.ee\/lv\/produkts\/mulcas-audums-1x25\/\" \/>\n<meta property=\"og:locale\" content=\"lv_LV\" \/>\n<meta property=\"og:type\" content=\"article\" \/>\n<meta property=\"og:title\" content=\"Mul\u010das audums 1x25 - Hydroseal\" \/>\n<meta property=\"og:description\" content=\"Mul\u010das audumu izmanto nez\u0101\u013cu apkaro\u0161anai zem mizas mul\u010das un da\u017e\u0101du augsnes sl\u0101\u0146u atdal\u012b\u0161anai. To izmanto ar\u012b k\u0101 dren\u0101\u017eas audumu.\" \/>\n<meta property=\"og:url\" content=\"https:\/\/www.hydroseal.ee\/lv\/produkts\/mulcas-audums-1x25\/\" \/>\n<meta property=\"og:site_name\" content=\"Hydroseal\" \/>\n<meta property=\"article:publisher\" content=\"https:\/\/www.facebook.com\/hydroseal.ee\" \/>\n<meta property=\"article:modified_time\" content=\"2024-05-29T07:15:55+00:00\" \/>\n<meta property=\"og:image\" content=\"https:\/\/www.hydroseal.ee\/wp-content\/uploads\/2024\/02\/img_1163-scaled.jpg\" \/>\n\t<meta property=\"og:image:width\" content=\"2560\" \/>\n\t<meta property=\"og:image:height\" content=\"1920\" \/>\n\t<meta property=\"og:image:type\" content=\"image\/jpeg\" \/>\n<meta name=\"twitter:card\" content=\"summary_large_image\" \/>\n<meta name=\"twitter:label1\" content=\"Est. reading time\" \/>\n\t<meta name=\"twitter:data1\" content=\"1 minute\" \/>\n<script type=\"application\/ld+json\" class=\"yoast-schema-graph\">{\"@context\":\"https:\\\/\\\/schema.org\",\"@graph\":[{\"@type\":\"WebPage\",\"@id\":\"https:\\\/\\\/www.hydroseal.ee\\\/lv\\\/produkts\\\/mulcas-audums-1x25\\\/\",\"url\":\"https:\\\/\\\/www.hydroseal.ee\\\/lv\\\/produkts\\\/mulcas-audums-1x25\\\/\",\"name\":\"Mul\u010das audums 1x25 - Hydroseal\",\"isPartOf\":{\"@id\":\"https:\\\/\\\/www.hydroseal.ee\\\/lv\\\/#website\"},\"primaryImageOfPage\":{\"@id\":\"https:\\\/\\\/www.hydroseal.ee\\\/lv\\\/produkts\\\/mulcas-audums-1x25\\\/#primaryimage\"},\"image\":{\"@id\":\"https:\\\/\\\/www.hydroseal.ee\\\/lv\\\/produkts\\\/mulcas-audums-1x25\\\/#primaryimage\"},\"thumbnailUrl\":\"https:\\\/\\\/www.hydroseal.ee\\\/wp-content\\\/uploads\\\/2024\\\/02\\\/img_1163-scaled.jpg\",\"datePublished\":\"2024-02-09T13:36:30+00:00\",\"dateModified\":\"2024-05-29T07:15:55+00:00\",\"description\":\"Mul\u010das audumu izmanto nez\u0101\u013cu apkaro\u0161anai zem mizas mul\u010das un da\u017e\u0101du augsnes sl\u0101\u0146u atdal\u012b\u0161anai. To izmanto ar\u012b k\u0101 dren\u0101\u017eas audumu.\",\"breadcrumb\":{\"@id\":\"https:\\\/\\\/www.hydroseal.ee\\\/lv\\\/produkts\\\/mulcas-audums-1x25\\\/#breadcrumb\"},\"inLanguage\":\"lv-LV\",\"potentialAction\":[{\"@type\":\"ReadAction\",\"target\":[\"https:\\\/\\\/www.hydroseal.ee\\\/lv\\\/produkts\\\/mulcas-audums-1x25\\\/\"]}]},{\"@type\":\"ImageObject\",\"inLanguage\":\"lv-LV\",\"@id\":\"https:\\\/\\\/www.hydroseal.ee\\\/lv\\\/produkts\\\/mulcas-audums-1x25\\\/#primaryimage\",\"url\":\"https:\\\/\\\/www.hydroseal.ee\\\/wp-content\\\/uploads\\\/2024\\\/02\\\/img_1163-scaled.jpg\",\"contentUrl\":\"https:\\\/\\\/www.hydroseal.ee\\\/wp-content\\\/uploads\\\/2024\\\/02\\\/img_1163-scaled.jpg\",\"width\":2560,\"height\":1920,\"caption\":\"Mult\u0161ikangas\"},{\"@type\":\"BreadcrumbList\",\"@id\":\"https:\\\/\\\/www.hydroseal.ee\\\/lv\\\/produkts\\\/mulcas-audums-1x25\\\/#breadcrumb\",\"itemListElement\":[{\"@type\":\"ListItem\",\"position\":1,\"name\":\"Home\",\"item\":\"https:\\\/\\\/www.hydroseal.ee\\\/lv\\\/\"},{\"@type\":\"ListItem\",\"position\":2,\"name\":\"E-veikals\",\"item\":\"https:\\\/\\\/www.hydroseal.ee\\\/lv\\\/e-veikals\\\/\"},{\"@type\":\"ListItem\",\"position\":3,\"name\":\"Mul\u010das audums 1&#215;25\"}]},{\"@type\":\"WebSite\",\"@id\":\"https:\\\/\\\/www.hydroseal.ee\\\/lv\\\/#website\",\"url\":\"https:\\\/\\\/www.hydroseal.ee\\\/lv\\\/\",\"name\":\"Hydroseal\",\"description\":\"Pakume kestvaid lahendusi igale geotehnilisele ja taristualasele v\u00e4ljakutsele\",\"publisher\":{\"@id\":\"https:\\\/\\\/www.hydroseal.ee\\\/lv\\\/#organization\"},\"potentialAction\":[{\"@type\":\"SearchAction\",\"target\":{\"@type\":\"EntryPoint\",\"urlTemplate\":\"https:\\\/\\\/www.hydroseal.ee\\\/lv\\\/?s={search_term_string}\"},\"query-input\":{\"@type\":\"PropertyValueSpecification\",\"valueRequired\":true,\"valueName\":\"search_term_string\"}}],\"inLanguage\":\"lv-LV\"},{\"@type\":\"Organization\",\"@id\":\"https:\\\/\\\/www.hydroseal.ee\\\/lv\\\/#organization\",\"name\":\"Hydroseal\",\"url\":\"https:\\\/\\\/www.hydroseal.ee\\\/lv\\\/\",\"logo\":{\"@type\":\"ImageObject\",\"inLanguage\":\"lv-LV\",\"@id\":\"https:\\\/\\\/www.hydroseal.ee\\\/lv\\\/#\\\/schema\\\/logo\\\/image\\\/\",\"url\":\"https:\\\/\\\/www.hydroseal.ee\\\/wp-content\\\/uploads\\\/2024\\\/03\\\/Frame-6870.svg\",\"contentUrl\":\"https:\\\/\\\/www.hydroseal.ee\\\/wp-content\\\/uploads\\\/2024\\\/03\\\/Frame-6870.svg\",\"width\":1,\"height\":1,\"caption\":\"Hydroseal\"},\"image\":{\"@id\":\"https:\\\/\\\/www.hydroseal.ee\\\/lv\\\/#\\\/schema\\\/logo\\\/image\\\/\"},\"sameAs\":[\"https:\\\/\\\/www.facebook.com\\\/hydroseal.ee\"]}]}<\/script>\n<!-- \/ Yoast SEO plugin. -->","yoast_head_json":{"title":"Mul\u010das audums 1x25 - Hydroseal","description":"Mul\u010das audumu izmanto nez\u0101\u013cu apkaro\u0161anai zem mizas mul\u010das un da\u017e\u0101du augsnes sl\u0101\u0146u atdal\u012b\u0161anai. To izmanto ar\u012b k\u0101 dren\u0101\u017eas audumu.","robots":{"index":"index","follow":"follow","max-snippet":"max-snippet:-1","max-image-preview":"max-image-preview:large","max-video-preview":"max-video-preview:-1"},"canonical":"https:\/\/www.hydroseal.ee\/lv\/produkts\/mulcas-audums-1x25\/","og_locale":"lv_LV","og_type":"article","og_title":"Mul\u010das audums 1x25 - Hydroseal","og_description":"Mul\u010das audumu izmanto nez\u0101\u013cu apkaro\u0161anai zem mizas mul\u010das un da\u017e\u0101du augsnes sl\u0101\u0146u atdal\u012b\u0161anai. To izmanto ar\u012b k\u0101 dren\u0101\u017eas audumu.","og_url":"https:\/\/www.hydroseal.ee\/lv\/produkts\/mulcas-audums-1x25\/","og_site_name":"Hydroseal","article_publisher":"https:\/\/www.facebook.com\/hydroseal.ee","article_modified_time":"2024-05-29T07:15:55+00:00","og_image":[{"width":2560,"height":1920,"url":"https:\/\/www.hydroseal.ee\/wp-content\/uploads\/2024\/02\/img_1163-scaled.jpg","type":"image\/jpeg"}],"twitter_card":"summary_large_image","twitter_misc":{"Est. reading time":"1 minute"},"schema":{"@context":"https:\/\/schema.org","@graph":[{"@type":"WebPage","@id":"https:\/\/www.hydroseal.ee\/lv\/produkts\/mulcas-audums-1x25\/","url":"https:\/\/www.hydroseal.ee\/lv\/produkts\/mulcas-audums-1x25\/","name":"Mul\u010das audums 1x25 - Hydroseal","isPartOf":{"@id":"https:\/\/www.hydroseal.ee\/lv\/#website"},"primaryImageOfPage":{"@id":"https:\/\/www.hydroseal.ee\/lv\/produkts\/mulcas-audums-1x25\/#primaryimage"},"image":{"@id":"https:\/\/www.hydroseal.ee\/lv\/produkts\/mulcas-audums-1x25\/#primaryimage"},"thumbnailUrl":"https:\/\/www.hydroseal.ee\/wp-content\/uploads\/2024\/02\/img_1163-scaled.jpg","datePublished":"2024-02-09T13:36:30+00:00","dateModified":"2024-05-29T07:15:55+00:00","description":"Mul\u010das audumu izmanto nez\u0101\u013cu apkaro\u0161anai zem mizas mul\u010das un da\u017e\u0101du augsnes sl\u0101\u0146u atdal\u012b\u0161anai. To izmanto ar\u012b k\u0101 dren\u0101\u017eas audumu.","breadcrumb":{"@id":"https:\/\/www.hydroseal.ee\/lv\/produkts\/mulcas-audums-1x25\/#breadcrumb"},"inLanguage":"lv-LV","potentialAction":[{"@type":"ReadAction","target":["https:\/\/www.hydroseal.ee\/lv\/produkts\/mulcas-audums-1x25\/"]}]},{"@type":"ImageObject","inLanguage":"lv-LV","@id":"https:\/\/www.hydroseal.ee\/lv\/produkts\/mulcas-audums-1x25\/#primaryimage","url":"https:\/\/www.hydroseal.ee\/wp-content\/uploads\/2024\/02\/img_1163-scaled.jpg","contentUrl":"https:\/\/www.hydroseal.ee\/wp-content\/uploads\/2024\/02\/img_1163-scaled.jpg","width":2560,"height":1920,"caption":"Mult\u0161ikangas"},{"@type":"BreadcrumbList","@id":"https:\/\/www.hydroseal.ee\/lv\/produkts\/mulcas-audums-1x25\/#breadcrumb","itemListElement":[{"@type":"ListItem","position":1,"name":"Home","item":"https:\/\/www.hydroseal.ee\/lv\/"},{"@type":"ListItem","position":2,"name":"E-veikals","item":"https:\/\/www.hydroseal.ee\/lv\/e-veikals\/"},{"@type":"ListItem","position":3,"name":"Mul\u010das audums 1&#215;25"}]},{"@type":"WebSite","@id":"https:\/\/www.hydroseal.ee\/lv\/#website","url":"https:\/\/www.hydroseal.ee\/lv\/","name":"Hydroseal","description":"Pakume kestvaid lahendusi igale geotehnilisele ja taristualasele v\u00e4ljakutsele","publisher":{"@id":"https:\/\/www.hydroseal.ee\/lv\/#organization"},"potentialAction":[{"@type":"SearchAction","target":{"@type":"EntryPoint","urlTemplate":"https:\/\/www.hydroseal.ee\/lv\/?s={search_term_string}"},"query-input":{"@type":"PropertyValueSpecification","valueRequired":true,"valueName":"search_term_string"}}],"inLanguage":"lv-LV"},{"@type":"Organization","@id":"https:\/\/www.hydroseal.ee\/lv\/#organization","name":"Hydroseal","url":"https:\/\/www.hydroseal.ee\/lv\/","logo":{"@type":"ImageObject","inLanguage":"lv-LV","@id":"https:\/\/www.hydroseal.ee\/lv\/#\/schema\/logo\/image\/","url":"https:\/\/www.hydroseal.ee\/wp-content\/uploads\/2024\/03\/Frame-6870.svg","contentUrl":"https:\/\/www.hydroseal.ee\/wp-content\/uploads\/2024\/03\/Frame-6870.svg","width":1,"height":1,"caption":"Hydroseal"},"image":{"@id":"https:\/\/www.hydroseal.ee\/lv\/#\/schema\/logo\/image\/"},"sameAs":["https:\/\/www.facebook.com\/hydroseal.ee"]}]}},"_links":{"self":[{"href":"https:\/\/www.hydroseal.ee\/lv\/wp-json\/wp\/v2\/product\/6806","targetHints":{"allow":["GET"]}}],"collection":[{"href":"https:\/\/www.hydroseal.ee\/lv\/wp-json\/wp\/v2\/product"}],"about":[{"href":"https:\/\/www.hydroseal.ee\/lv\/wp-json\/wp\/v2\/types\/product"}],"replies":[{"embeddable":true,"href":"https:\/\/www.hydroseal.ee\/lv\/wp-json\/wp\/v2\/comments?post=6806"}],"wp:featuredmedia":[{"embeddable":true,"href":"https:\/\/www.hydroseal.ee\/lv\/wp-json\/wp\/v2\/media\/7195"}],"wp:attachment":[{"href":"https:\/\/www.hydroseal.ee\/lv\/wp-json\/wp\/v2\/media?parent=6806"}],"wp:term":[{"taxonomy":"product_brand","embeddable":true,"href":"https:\/\/www.hydroseal.ee\/lv\/wp-json\/wp\/v2\/product_brand?post=6806"},{"taxonomy":"product_cat","embeddable":true,"href":"https:\/\/www.hydroseal.ee\/lv\/wp-json\/wp\/v2\/product_cat?post=6806"},{"taxonomy":"product_tag","embeddable":true,"href":"https:\/\/www.hydroseal.ee\/lv\/wp-json\/wp\/v2\/product_tag?post=6806"}],"curies":[{"name":"wp","href":"https:\/\/api.w.org\/{rel}","templated":true}]}}