{"id":6803,"date":"2024-02-29T14:34:05","date_gmt":"2024-02-29T14:34:05","guid":{"rendered":"https:\/\/hydroseal.vdisain.dev\/toode\/geotekstils-100g-m2\/"},"modified":"2024-04-26T07:11:12","modified_gmt":"2024-04-26T07:11:12","slug":"geotekstils-100g-m2-3x100","status":"publish","type":"product","link":"https:\/\/www.hydroseal.ee\/lv\/produkts\/geotekstils-100g-m2-3x100\/","title":{"rendered":"\u0122eotekstils 100g\/m2 3\u00d7100"},"content":{"rendered":"","protected":false},"excerpt":{"rendered":"<p>\u0122eotekstils ir paredz\u0113ts augsnes nostiprin\u0101\u0161anai un da\u017e\u0101du augsnes sl\u0101\u0146u atdal\u012b\u0161anai, nov\u0113r\u0161ot augsnes eroziju un augu aug\u0161anu, vienlaikus \u013caujot lietus \u016bdenim izpl\u016bst cauri.<\/p>\n<p>\u0122eotekstils 100 g\/m2 galvenok\u0101rt paredz\u0113ts da\u017e\u0101du augsnes sl\u0101\u0146u izol\u0101cijai. Pateicoties t\u0101 labaj\u0101m filtr\u0101cijas \u012bpa\u0161\u012bb\u0101m, tas ir \u013coti piem\u0113rots infiltr\u0101cijas lauku un dren\u0101\u017eas audumu b\u016bvniec\u012bbai.<\/p>\n<p>\u0122eotekstila ru\u013c\u013ca platums ir 3 metri, un vien\u0101 ru\u013cl\u012b ir 100 metri \u0123eotekstila. Ru\u013c\u013ca diametrs ir 30 cm, un tas sver 30 kg.<\/p>\n<p>Viena ru\u013c\u013ca pieg\u0101de ar kurjeru Igaunijas kontinent\u0101laj\u0101 da\u013c\u0101 ir 30 \u20ac. Vair\u0101ku ru\u013c\u013cu gad\u012bjum\u0101 cenu apr\u0113\u0137in\u0101s klientu apkalpo\u0161anas p\u0101rst\u0101vis.<\/p>\n","protected":false},"featured_media":6469,"comment_status":"closed","ping_status":"closed","template":"","meta":{"_acf_changed":false},"product_brand":[],"product_cat":[38],"product_tag":[],"class_list":{"0":"post-6803","1":"product","2":"type-product","3":"status-publish","4":"has-post-thumbnail","6":"product_cat-geotekstiilid","8":"first","9":"instock","10":"sale","11":"featured","12":"shipping-taxable","13":"purchasable","14":"product-type-simple"},"acf":[],"yoast_head":"<!-- This site is optimized with the Yoast SEO plugin v27.2 - https:\/\/yoast.com\/product\/yoast-seo-wordpress\/ -->\n<title>\u0122eotekstils 100g\/m2 3\u00d7100 - Hydroseal<\/title>\n<meta name=\"description\" content=\"\u0122eotekstilu izmanto da\u017e\u0101du augsnes sl\u0101\u0146u atdal\u012b\u0161anai. \u0122eotekstils virza lietus \u016bdeni caur sevi, vienlaikus noturot augsni viet\u0101.\" \/>\n<meta name=\"robots\" content=\"index, follow, max-snippet:-1, max-image-preview:large, max-video-preview:-1\" \/>\n<link rel=\"canonical\" href=\"https:\/\/www.hydroseal.ee\/lv\/produkts\/geotekstils-100g-m2-3x100\/\" \/>\n<meta property=\"og:locale\" content=\"lv_LV\" \/>\n<meta property=\"og:type\" content=\"article\" \/>\n<meta property=\"og:title\" content=\"\u0122eotekstils 100g\/m2 3\u00d7100 - Hydroseal\" \/>\n<meta property=\"og:description\" content=\"\u0122eotekstilu izmanto da\u017e\u0101du augsnes sl\u0101\u0146u atdal\u012b\u0161anai. \u0122eotekstils virza lietus \u016bdeni caur sevi, vienlaikus noturot augsni viet\u0101.\" \/>\n<meta property=\"og:url\" content=\"https:\/\/www.hydroseal.ee\/lv\/produkts\/geotekstils-100g-m2-3x100\/\" \/>\n<meta property=\"og:site_name\" content=\"Hydroseal\" \/>\n<meta property=\"article:publisher\" content=\"https:\/\/www.facebook.com\/hydroseal.ee\" \/>\n<meta property=\"article:modified_time\" content=\"2024-04-26T07:11:12+00:00\" \/>\n<meta property=\"og:image\" content=\"https:\/\/www.hydroseal.ee\/wp-content\/uploads\/2024\/02\/Geotekstiil.jpg\" \/>\n\t<meta property=\"og:image:width\" content=\"1368\" \/>\n\t<meta property=\"og:image:height\" content=\"912\" \/>\n\t<meta property=\"og:image:type\" content=\"image\/jpeg\" \/>\n<meta name=\"twitter:card\" content=\"summary_large_image\" \/>\n<meta name=\"twitter:label1\" content=\"Est. reading time\" \/>\n\t<meta name=\"twitter:data1\" content=\"1 minute\" \/>\n<script type=\"application\/ld+json\" class=\"yoast-schema-graph\">{\"@context\":\"https:\/\/schema.org\",\"@graph\":[{\"@type\":\"WebPage\",\"@id\":\"https:\/\/www.hydroseal.ee\/lv\/produkts\/geotekstils-100g-m2-3x100\/\",\"url\":\"https:\/\/www.hydroseal.ee\/lv\/produkts\/geotekstils-100g-m2-3x100\/\",\"name\":\"\u0122eotekstils 100g\/m2 3\u00d7100 - Hydroseal\",\"isPartOf\":{\"@id\":\"https:\/\/www.hydroseal.ee\/lv\/#website\"},\"primaryImageOfPage\":{\"@id\":\"https:\/\/www.hydroseal.ee\/lv\/produkts\/geotekstils-100g-m2-3x100\/#primaryimage\"},\"image\":{\"@id\":\"https:\/\/www.hydroseal.ee\/lv\/produkts\/geotekstils-100g-m2-3x100\/#primaryimage\"},\"thumbnailUrl\":\"https:\/\/www.hydroseal.ee\/wp-content\/uploads\/2024\/02\/Geotekstiil.jpg\",\"datePublished\":\"2024-02-29T14:34:05+00:00\",\"dateModified\":\"2024-04-26T07:11:12+00:00\",\"description\":\"\u0122eotekstilu izmanto da\u017e\u0101du augsnes sl\u0101\u0146u atdal\u012b\u0161anai. \u0122eotekstils virza lietus \u016bdeni caur sevi, vienlaikus noturot augsni viet\u0101.\",\"breadcrumb\":{\"@id\":\"https:\/\/www.hydroseal.ee\/lv\/produkts\/geotekstils-100g-m2-3x100\/#breadcrumb\"},\"inLanguage\":\"lv-LV\",\"potentialAction\":[{\"@type\":\"ReadAction\",\"target\":[\"https:\/\/www.hydroseal.ee\/lv\/produkts\/geotekstils-100g-m2-3x100\/\"]}]},{\"@type\":\"ImageObject\",\"inLanguage\":\"lv-LV\",\"@id\":\"https:\/\/www.hydroseal.ee\/lv\/produkts\/geotekstils-100g-m2-3x100\/#primaryimage\",\"url\":\"https:\/\/www.hydroseal.ee\/wp-content\/uploads\/2024\/02\/Geotekstiil.jpg\",\"contentUrl\":\"https:\/\/www.hydroseal.ee\/wp-content\/uploads\/2024\/02\/Geotekstiil.jpg\",\"width\":1368,\"height\":912,\"caption\":\"Geotekstiil\"},{\"@type\":\"BreadcrumbList\",\"@id\":\"https:\/\/www.hydroseal.ee\/lv\/produkts\/geotekstils-100g-m2-3x100\/#breadcrumb\",\"itemListElement\":[{\"@type\":\"ListItem\",\"position\":1,\"name\":\"Home\",\"item\":\"https:\/\/www.hydroseal.ee\/lv\/\"},{\"@type\":\"ListItem\",\"position\":2,\"name\":\"E-veikals\",\"item\":\"https:\/\/www.hydroseal.ee\/lv\/e-veikals\/\"},{\"@type\":\"ListItem\",\"position\":3,\"name\":\"\u0122eotekstils 100g\/m2 3\u00d7100\"}]},{\"@type\":\"WebSite\",\"@id\":\"https:\/\/www.hydroseal.ee\/lv\/#website\",\"url\":\"https:\/\/www.hydroseal.ee\/lv\/\",\"name\":\"Hydroseal\",\"description\":\"Pakume kestvaid lahendusi igale geotehnilisele ja taristualasele v\u00e4ljakutsele\",\"publisher\":{\"@id\":\"https:\/\/www.hydroseal.ee\/lv\/#organization\"},\"potentialAction\":[{\"@type\":\"SearchAction\",\"target\":{\"@type\":\"EntryPoint\",\"urlTemplate\":\"https:\/\/www.hydroseal.ee\/lv\/?s={search_term_string}\"},\"query-input\":{\"@type\":\"PropertyValueSpecification\",\"valueRequired\":true,\"valueName\":\"search_term_string\"}}],\"inLanguage\":\"lv-LV\"},{\"@type\":\"Organization\",\"@id\":\"https:\/\/www.hydroseal.ee\/lv\/#organization\",\"name\":\"Hydroseal\",\"url\":\"https:\/\/www.hydroseal.ee\/lv\/\",\"logo\":{\"@type\":\"ImageObject\",\"inLanguage\":\"lv-LV\",\"@id\":\"https:\/\/www.hydroseal.ee\/lv\/#\/schema\/logo\/image\/\",\"url\":\"https:\/\/www.hydroseal.ee\/wp-content\/uploads\/2024\/03\/Frame-6870.svg\",\"contentUrl\":\"https:\/\/www.hydroseal.ee\/wp-content\/uploads\/2024\/03\/Frame-6870.svg\",\"width\":1,\"height\":1,\"caption\":\"Hydroseal\"},\"image\":{\"@id\":\"https:\/\/www.hydroseal.ee\/lv\/#\/schema\/logo\/image\/\"},\"sameAs\":[\"https:\/\/www.facebook.com\/hydroseal.ee\"]}]}<\/script>\n<!-- \/ Yoast SEO plugin. -->","yoast_head_json":{"title":"\u0122eotekstils 100g\/m2 3\u00d7100 - Hydroseal","description":"\u0122eotekstilu izmanto da\u017e\u0101du augsnes sl\u0101\u0146u atdal\u012b\u0161anai. \u0122eotekstils virza lietus \u016bdeni caur sevi, vienlaikus noturot augsni viet\u0101.","robots":{"index":"index","follow":"follow","max-snippet":"max-snippet:-1","max-image-preview":"max-image-preview:large","max-video-preview":"max-video-preview:-1"},"canonical":"https:\/\/www.hydroseal.ee\/lv\/produkts\/geotekstils-100g-m2-3x100\/","og_locale":"lv_LV","og_type":"article","og_title":"\u0122eotekstils 100g\/m2 3\u00d7100 - Hydroseal","og_description":"\u0122eotekstilu izmanto da\u017e\u0101du augsnes sl\u0101\u0146u atdal\u012b\u0161anai. \u0122eotekstils virza lietus \u016bdeni caur sevi, vienlaikus noturot augsni viet\u0101.","og_url":"https:\/\/www.hydroseal.ee\/lv\/produkts\/geotekstils-100g-m2-3x100\/","og_site_name":"Hydroseal","article_publisher":"https:\/\/www.facebook.com\/hydroseal.ee","article_modified_time":"2024-04-26T07:11:12+00:00","og_image":[{"width":1368,"height":912,"url":"https:\/\/www.hydroseal.ee\/wp-content\/uploads\/2024\/02\/Geotekstiil.jpg","type":"image\/jpeg"}],"twitter_card":"summary_large_image","twitter_misc":{"Est. reading time":"1 minute"},"schema":{"@context":"https:\/\/schema.org","@graph":[{"@type":"WebPage","@id":"https:\/\/www.hydroseal.ee\/lv\/produkts\/geotekstils-100g-m2-3x100\/","url":"https:\/\/www.hydroseal.ee\/lv\/produkts\/geotekstils-100g-m2-3x100\/","name":"\u0122eotekstils 100g\/m2 3\u00d7100 - Hydroseal","isPartOf":{"@id":"https:\/\/www.hydroseal.ee\/lv\/#website"},"primaryImageOfPage":{"@id":"https:\/\/www.hydroseal.ee\/lv\/produkts\/geotekstils-100g-m2-3x100\/#primaryimage"},"image":{"@id":"https:\/\/www.hydroseal.ee\/lv\/produkts\/geotekstils-100g-m2-3x100\/#primaryimage"},"thumbnailUrl":"https:\/\/www.hydroseal.ee\/wp-content\/uploads\/2024\/02\/Geotekstiil.jpg","datePublished":"2024-02-29T14:34:05+00:00","dateModified":"2024-04-26T07:11:12+00:00","description":"\u0122eotekstilu izmanto da\u017e\u0101du augsnes sl\u0101\u0146u atdal\u012b\u0161anai. \u0122eotekstils virza lietus \u016bdeni caur sevi, vienlaikus noturot augsni viet\u0101.","breadcrumb":{"@id":"https:\/\/www.hydroseal.ee\/lv\/produkts\/geotekstils-100g-m2-3x100\/#breadcrumb"},"inLanguage":"lv-LV","potentialAction":[{"@type":"ReadAction","target":["https:\/\/www.hydroseal.ee\/lv\/produkts\/geotekstils-100g-m2-3x100\/"]}]},{"@type":"ImageObject","inLanguage":"lv-LV","@id":"https:\/\/www.hydroseal.ee\/lv\/produkts\/geotekstils-100g-m2-3x100\/#primaryimage","url":"https:\/\/www.hydroseal.ee\/wp-content\/uploads\/2024\/02\/Geotekstiil.jpg","contentUrl":"https:\/\/www.hydroseal.ee\/wp-content\/uploads\/2024\/02\/Geotekstiil.jpg","width":1368,"height":912,"caption":"Geotekstiil"},{"@type":"BreadcrumbList","@id":"https:\/\/www.hydroseal.ee\/lv\/produkts\/geotekstils-100g-m2-3x100\/#breadcrumb","itemListElement":[{"@type":"ListItem","position":1,"name":"Home","item":"https:\/\/www.hydroseal.ee\/lv\/"},{"@type":"ListItem","position":2,"name":"E-veikals","item":"https:\/\/www.hydroseal.ee\/lv\/e-veikals\/"},{"@type":"ListItem","position":3,"name":"\u0122eotekstils 100g\/m2 3\u00d7100"}]},{"@type":"WebSite","@id":"https:\/\/www.hydroseal.ee\/lv\/#website","url":"https:\/\/www.hydroseal.ee\/lv\/","name":"Hydroseal","description":"Pakume kestvaid lahendusi igale geotehnilisele ja taristualasele v\u00e4ljakutsele","publisher":{"@id":"https:\/\/www.hydroseal.ee\/lv\/#organization"},"potentialAction":[{"@type":"SearchAction","target":{"@type":"EntryPoint","urlTemplate":"https:\/\/www.hydroseal.ee\/lv\/?s={search_term_string}"},"query-input":{"@type":"PropertyValueSpecification","valueRequired":true,"valueName":"search_term_string"}}],"inLanguage":"lv-LV"},{"@type":"Organization","@id":"https:\/\/www.hydroseal.ee\/lv\/#organization","name":"Hydroseal","url":"https:\/\/www.hydroseal.ee\/lv\/","logo":{"@type":"ImageObject","inLanguage":"lv-LV","@id":"https:\/\/www.hydroseal.ee\/lv\/#\/schema\/logo\/image\/","url":"https:\/\/www.hydroseal.ee\/wp-content\/uploads\/2024\/03\/Frame-6870.svg","contentUrl":"https:\/\/www.hydroseal.ee\/wp-content\/uploads\/2024\/03\/Frame-6870.svg","width":1,"height":1,"caption":"Hydroseal"},"image":{"@id":"https:\/\/www.hydroseal.ee\/lv\/#\/schema\/logo\/image\/"},"sameAs":["https:\/\/www.facebook.com\/hydroseal.ee"]}]}},"_links":{"self":[{"href":"https:\/\/www.hydroseal.ee\/lv\/wp-json\/wp\/v2\/product\/6803","targetHints":{"allow":["GET"]}}],"collection":[{"href":"https:\/\/www.hydroseal.ee\/lv\/wp-json\/wp\/v2\/product"}],"about":[{"href":"https:\/\/www.hydroseal.ee\/lv\/wp-json\/wp\/v2\/types\/product"}],"replies":[{"embeddable":true,"href":"https:\/\/www.hydroseal.ee\/lv\/wp-json\/wp\/v2\/comments?post=6803"}],"wp:featuredmedia":[{"embeddable":true,"href":"https:\/\/www.hydroseal.ee\/lv\/wp-json\/wp\/v2\/media\/6469"}],"wp:attachment":[{"href":"https:\/\/www.hydroseal.ee\/lv\/wp-json\/wp\/v2\/media?parent=6803"}],"wp:term":[{"taxonomy":"product_brand","embeddable":true,"href":"https:\/\/www.hydroseal.ee\/lv\/wp-json\/wp\/v2\/product_brand?post=6803"},{"taxonomy":"product_cat","embeddable":true,"href":"https:\/\/www.hydroseal.ee\/lv\/wp-json\/wp\/v2\/product_cat?post=6803"},{"taxonomy":"product_tag","embeddable":true,"href":"https:\/\/www.hydroseal.ee\/lv\/wp-json\/wp\/v2\/product_tag?post=6803"}],"curies":[{"name":"wp","href":"https:\/\/api.w.org\/{rel}","templated":true}]}}