{"id":6797,"date":"2024-02-29T14:38:53","date_gmt":"2024-02-29T12:38:53","guid":{"rendered":"https:\/\/hydroseal.vdisain.dev\/toode\/zalaja-sunas\/"},"modified":"2024-04-11T13:00:51","modified_gmt":"2024-04-11T13:00:51","slug":"zalaja-sunas-h4cm","status":"publish","type":"product","link":"https:\/\/www.hydroseal.ee\/lv\/produkts\/zalaja-sunas-h4cm\/","title":{"rendered":"Z\u0101l\u0101ja \u0161\u016bnas h=4cm"},"content":{"rendered":"","protected":false},"excerpt":{"rendered":"<p>Z\u0101l\u0101ja strukt\u016bra ir \u013coti iztur\u012bga un iztur\u012bga, t\u0101p\u0113c to pla\u0161i izmanto ne tikai apst\u0101d\u012bjumiem un z\u0101lieniem, bet ar\u012b da\u017e\u0101diem ce\u013ciem, g\u0101j\u0113ju celi\u0146iem, atp\u016btas zon\u0101m u. c. l\u012bdz\u012bg\u0101m iek\u0101rt\u0101m. Drupin\u0101t\u0101ju ir \u013coti viegli uzst\u0101d\u012bt, tas ir videi draudz\u012bgs, tam ir laba \u016bdens caurlaid\u012bba un tas nodro\u0161ina stabilu pamatni, vienm\u0113r\u012bgi sadalot augsnes svaru pa visu virsmu. Tas ir iztur\u012bgs pret laikapst\u0101k\u013ciem un sadr\u016b\u0161anu, nesl\u012bd un nekrop\u013co, turkl\u0101t to var p\u0101rstr\u0101d\u0101t. S\u012bk\u0101ku p\u0101rskatu par z\u0101les p\u013c\u0101v\u0113ja lietojumiem un funkcij\u0101m skatiet m\u016bsu <a href=\"https:\/\/www.hydroseal.ee\/lv\/vaicajiet_produktus\/zalaja-sunas\/\">inform\u0101cijas lap\u0101<\/a>.<\/p>\n<p>Drupatas kubu modu\u013ca izm\u0113ri ir 50x50x4 cm. Kvadr\u0101tmetrs sast\u0101v no \u010detriem modu\u013ciem. Cena nor\u0101d\u012bta par kvadr\u0101tmetru.<\/p>\n","protected":false},"featured_media":6388,"comment_status":"closed","ping_status":"closed","template":"","meta":{"_acf_changed":false},"product_brand":[],"product_cat":[37],"product_tag":[],"class_list":{"0":"post-6797","1":"product","2":"type-product","3":"status-publish","4":"has-post-thumbnail","6":"product_cat-pinnasekatted","8":"first","9":"instock","10":"featured","11":"shipping-taxable","12":"purchasable","13":"product-type-simple"},"acf":[],"yoast_head":"<!-- This site is optimized with the Yoast SEO plugin v27.4 - https:\/\/yoast.com\/product\/yoast-seo-wordpress\/ -->\n<title>Z\u0101l\u0101ja \u0161\u016bnas h=4cm - Hydroseal<\/title>\n<meta name=\"description\" content=\"\u0160\u0137embas ir laba alternat\u012bva bru\u0123akme\u0146iem, ja ir v\u0113lme palielin\u0101t augsnes nestsp\u0113ju, vienlaikus saglab\u0101jot za\u013co izskatu.\" \/>\n<meta name=\"robots\" content=\"index, follow, max-snippet:-1, max-image-preview:large, max-video-preview:-1\" \/>\n<link rel=\"canonical\" href=\"https:\/\/www.hydroseal.ee\/lv\/produkts\/zalaja-sunas-h4cm\/\" \/>\n<meta property=\"og:locale\" content=\"lv_LV\" \/>\n<meta property=\"og:type\" content=\"article\" \/>\n<meta property=\"og:title\" content=\"Z\u0101l\u0101ja \u0161\u016bnas h=4cm - Hydroseal\" \/>\n<meta property=\"og:description\" content=\"\u0160\u0137embas ir laba alternat\u012bva bru\u0123akme\u0146iem, ja ir v\u0113lme palielin\u0101t augsnes nestsp\u0113ju, vienlaikus saglab\u0101jot za\u013co izskatu.\" \/>\n<meta property=\"og:url\" content=\"https:\/\/www.hydroseal.ee\/lv\/produkts\/zalaja-sunas-h4cm\/\" \/>\n<meta property=\"og:site_name\" content=\"Hydroseal\" \/>\n<meta property=\"article:publisher\" content=\"https:\/\/www.facebook.com\/hydroseal.ee\" \/>\n<meta property=\"article:modified_time\" content=\"2024-04-11T13:00:51+00:00\" \/>\n<meta property=\"og:image\" content=\"https:\/\/www.hydroseal.ee\/wp-content\/uploads\/2024\/02\/murukarg.jpg\" \/>\n\t<meta property=\"og:image:width\" content=\"800\" \/>\n\t<meta property=\"og:image:height\" content=\"555\" \/>\n\t<meta property=\"og:image:type\" content=\"image\/jpeg\" \/>\n<meta name=\"twitter:card\" content=\"summary_large_image\" \/>\n<meta name=\"twitter:label1\" content=\"Est. reading time\" \/>\n\t<meta name=\"twitter:data1\" content=\"1 minute\" \/>\n<script type=\"application\/ld+json\" class=\"yoast-schema-graph\">{\"@context\":\"https:\\\/\\\/schema.org\",\"@graph\":[{\"@type\":\"WebPage\",\"@id\":\"https:\\\/\\\/www.hydroseal.ee\\\/lv\\\/produkts\\\/zalaja-sunas-h4cm\\\/\",\"url\":\"https:\\\/\\\/www.hydroseal.ee\\\/lv\\\/produkts\\\/zalaja-sunas-h4cm\\\/\",\"name\":\"Z\u0101l\u0101ja \u0161\u016bnas h=4cm - Hydroseal\",\"isPartOf\":{\"@id\":\"https:\\\/\\\/www.hydroseal.ee\\\/lv\\\/#website\"},\"primaryImageOfPage\":{\"@id\":\"https:\\\/\\\/www.hydroseal.ee\\\/lv\\\/produkts\\\/zalaja-sunas-h4cm\\\/#primaryimage\"},\"image\":{\"@id\":\"https:\\\/\\\/www.hydroseal.ee\\\/lv\\\/produkts\\\/zalaja-sunas-h4cm\\\/#primaryimage\"},\"thumbnailUrl\":\"https:\\\/\\\/www.hydroseal.ee\\\/wp-content\\\/uploads\\\/2024\\\/02\\\/murukarg.jpg\",\"datePublished\":\"2024-02-29T12:38:53+00:00\",\"dateModified\":\"2024-04-11T13:00:51+00:00\",\"description\":\"\u0160\u0137embas ir laba alternat\u012bva bru\u0123akme\u0146iem, ja ir v\u0113lme palielin\u0101t augsnes nestsp\u0113ju, vienlaikus saglab\u0101jot za\u013co izskatu.\",\"breadcrumb\":{\"@id\":\"https:\\\/\\\/www.hydroseal.ee\\\/lv\\\/produkts\\\/zalaja-sunas-h4cm\\\/#breadcrumb\"},\"inLanguage\":\"lv-LV\",\"potentialAction\":[{\"@type\":\"ReadAction\",\"target\":[\"https:\\\/\\\/www.hydroseal.ee\\\/lv\\\/produkts\\\/zalaja-sunas-h4cm\\\/\"]}]},{\"@type\":\"ImageObject\",\"inLanguage\":\"lv-LV\",\"@id\":\"https:\\\/\\\/www.hydroseal.ee\\\/lv\\\/produkts\\\/zalaja-sunas-h4cm\\\/#primaryimage\",\"url\":\"https:\\\/\\\/www.hydroseal.ee\\\/wp-content\\\/uploads\\\/2024\\\/02\\\/murukarg.jpg\",\"contentUrl\":\"https:\\\/\\\/www.hydroseal.ee\\\/wp-content\\\/uploads\\\/2024\\\/02\\\/murukarg.jpg\",\"width\":800,\"height\":555},{\"@type\":\"BreadcrumbList\",\"@id\":\"https:\\\/\\\/www.hydroseal.ee\\\/lv\\\/produkts\\\/zalaja-sunas-h4cm\\\/#breadcrumb\",\"itemListElement\":[{\"@type\":\"ListItem\",\"position\":1,\"name\":\"Home\",\"item\":\"https:\\\/\\\/www.hydroseal.ee\\\/lv\\\/\"},{\"@type\":\"ListItem\",\"position\":2,\"name\":\"E-veikals\",\"item\":\"https:\\\/\\\/www.hydroseal.ee\\\/lv\\\/e-veikals\\\/\"},{\"@type\":\"ListItem\",\"position\":3,\"name\":\"Z\u0101l\u0101ja \u0161\u016bnas h=4cm\"}]},{\"@type\":\"WebSite\",\"@id\":\"https:\\\/\\\/www.hydroseal.ee\\\/lv\\\/#website\",\"url\":\"https:\\\/\\\/www.hydroseal.ee\\\/lv\\\/\",\"name\":\"Hydroseal\",\"description\":\"Pakume kestvaid lahendusi igale geotehnilisele ja taristualasele v\u00e4ljakutsele\",\"publisher\":{\"@id\":\"https:\\\/\\\/www.hydroseal.ee\\\/lv\\\/#organization\"},\"potentialAction\":[{\"@type\":\"SearchAction\",\"target\":{\"@type\":\"EntryPoint\",\"urlTemplate\":\"https:\\\/\\\/www.hydroseal.ee\\\/lv\\\/?s={search_term_string}\"},\"query-input\":{\"@type\":\"PropertyValueSpecification\",\"valueRequired\":true,\"valueName\":\"search_term_string\"}}],\"inLanguage\":\"lv-LV\"},{\"@type\":\"Organization\",\"@id\":\"https:\\\/\\\/www.hydroseal.ee\\\/lv\\\/#organization\",\"name\":\"Hydroseal\",\"url\":\"https:\\\/\\\/www.hydroseal.ee\\\/lv\\\/\",\"logo\":{\"@type\":\"ImageObject\",\"inLanguage\":\"lv-LV\",\"@id\":\"https:\\\/\\\/www.hydroseal.ee\\\/lv\\\/#\\\/schema\\\/logo\\\/image\\\/\",\"url\":\"https:\\\/\\\/www.hydroseal.ee\\\/wp-content\\\/uploads\\\/2024\\\/03\\\/Frame-6870.svg\",\"contentUrl\":\"https:\\\/\\\/www.hydroseal.ee\\\/wp-content\\\/uploads\\\/2024\\\/03\\\/Frame-6870.svg\",\"width\":1,\"height\":1,\"caption\":\"Hydroseal\"},\"image\":{\"@id\":\"https:\\\/\\\/www.hydroseal.ee\\\/lv\\\/#\\\/schema\\\/logo\\\/image\\\/\"},\"sameAs\":[\"https:\\\/\\\/www.facebook.com\\\/hydroseal.ee\"]}]}<\/script>\n<!-- \/ Yoast SEO plugin. -->","yoast_head_json":{"title":"Z\u0101l\u0101ja \u0161\u016bnas h=4cm - Hydroseal","description":"\u0160\u0137embas ir laba alternat\u012bva bru\u0123akme\u0146iem, ja ir v\u0113lme palielin\u0101t augsnes nestsp\u0113ju, vienlaikus saglab\u0101jot za\u013co izskatu.","robots":{"index":"index","follow":"follow","max-snippet":"max-snippet:-1","max-image-preview":"max-image-preview:large","max-video-preview":"max-video-preview:-1"},"canonical":"https:\/\/www.hydroseal.ee\/lv\/produkts\/zalaja-sunas-h4cm\/","og_locale":"lv_LV","og_type":"article","og_title":"Z\u0101l\u0101ja \u0161\u016bnas h=4cm - Hydroseal","og_description":"\u0160\u0137embas ir laba alternat\u012bva bru\u0123akme\u0146iem, ja ir v\u0113lme palielin\u0101t augsnes nestsp\u0113ju, vienlaikus saglab\u0101jot za\u013co izskatu.","og_url":"https:\/\/www.hydroseal.ee\/lv\/produkts\/zalaja-sunas-h4cm\/","og_site_name":"Hydroseal","article_publisher":"https:\/\/www.facebook.com\/hydroseal.ee","article_modified_time":"2024-04-11T13:00:51+00:00","og_image":[{"width":800,"height":555,"url":"https:\/\/www.hydroseal.ee\/wp-content\/uploads\/2024\/02\/murukarg.jpg","type":"image\/jpeg"}],"twitter_card":"summary_large_image","twitter_misc":{"Est. reading time":"1 minute"},"schema":{"@context":"https:\/\/schema.org","@graph":[{"@type":"WebPage","@id":"https:\/\/www.hydroseal.ee\/lv\/produkts\/zalaja-sunas-h4cm\/","url":"https:\/\/www.hydroseal.ee\/lv\/produkts\/zalaja-sunas-h4cm\/","name":"Z\u0101l\u0101ja \u0161\u016bnas h=4cm - Hydroseal","isPartOf":{"@id":"https:\/\/www.hydroseal.ee\/lv\/#website"},"primaryImageOfPage":{"@id":"https:\/\/www.hydroseal.ee\/lv\/produkts\/zalaja-sunas-h4cm\/#primaryimage"},"image":{"@id":"https:\/\/www.hydroseal.ee\/lv\/produkts\/zalaja-sunas-h4cm\/#primaryimage"},"thumbnailUrl":"https:\/\/www.hydroseal.ee\/wp-content\/uploads\/2024\/02\/murukarg.jpg","datePublished":"2024-02-29T12:38:53+00:00","dateModified":"2024-04-11T13:00:51+00:00","description":"\u0160\u0137embas ir laba alternat\u012bva bru\u0123akme\u0146iem, ja ir v\u0113lme palielin\u0101t augsnes nestsp\u0113ju, vienlaikus saglab\u0101jot za\u013co izskatu.","breadcrumb":{"@id":"https:\/\/www.hydroseal.ee\/lv\/produkts\/zalaja-sunas-h4cm\/#breadcrumb"},"inLanguage":"lv-LV","potentialAction":[{"@type":"ReadAction","target":["https:\/\/www.hydroseal.ee\/lv\/produkts\/zalaja-sunas-h4cm\/"]}]},{"@type":"ImageObject","inLanguage":"lv-LV","@id":"https:\/\/www.hydroseal.ee\/lv\/produkts\/zalaja-sunas-h4cm\/#primaryimage","url":"https:\/\/www.hydroseal.ee\/wp-content\/uploads\/2024\/02\/murukarg.jpg","contentUrl":"https:\/\/www.hydroseal.ee\/wp-content\/uploads\/2024\/02\/murukarg.jpg","width":800,"height":555},{"@type":"BreadcrumbList","@id":"https:\/\/www.hydroseal.ee\/lv\/produkts\/zalaja-sunas-h4cm\/#breadcrumb","itemListElement":[{"@type":"ListItem","position":1,"name":"Home","item":"https:\/\/www.hydroseal.ee\/lv\/"},{"@type":"ListItem","position":2,"name":"E-veikals","item":"https:\/\/www.hydroseal.ee\/lv\/e-veikals\/"},{"@type":"ListItem","position":3,"name":"Z\u0101l\u0101ja \u0161\u016bnas h=4cm"}]},{"@type":"WebSite","@id":"https:\/\/www.hydroseal.ee\/lv\/#website","url":"https:\/\/www.hydroseal.ee\/lv\/","name":"Hydroseal","description":"Pakume kestvaid lahendusi igale geotehnilisele ja taristualasele v\u00e4ljakutsele","publisher":{"@id":"https:\/\/www.hydroseal.ee\/lv\/#organization"},"potentialAction":[{"@type":"SearchAction","target":{"@type":"EntryPoint","urlTemplate":"https:\/\/www.hydroseal.ee\/lv\/?s={search_term_string}"},"query-input":{"@type":"PropertyValueSpecification","valueRequired":true,"valueName":"search_term_string"}}],"inLanguage":"lv-LV"},{"@type":"Organization","@id":"https:\/\/www.hydroseal.ee\/lv\/#organization","name":"Hydroseal","url":"https:\/\/www.hydroseal.ee\/lv\/","logo":{"@type":"ImageObject","inLanguage":"lv-LV","@id":"https:\/\/www.hydroseal.ee\/lv\/#\/schema\/logo\/image\/","url":"https:\/\/www.hydroseal.ee\/wp-content\/uploads\/2024\/03\/Frame-6870.svg","contentUrl":"https:\/\/www.hydroseal.ee\/wp-content\/uploads\/2024\/03\/Frame-6870.svg","width":1,"height":1,"caption":"Hydroseal"},"image":{"@id":"https:\/\/www.hydroseal.ee\/lv\/#\/schema\/logo\/image\/"},"sameAs":["https:\/\/www.facebook.com\/hydroseal.ee"]}]}},"_links":{"self":[{"href":"https:\/\/www.hydroseal.ee\/lv\/wp-json\/wp\/v2\/product\/6797","targetHints":{"allow":["GET"]}}],"collection":[{"href":"https:\/\/www.hydroseal.ee\/lv\/wp-json\/wp\/v2\/product"}],"about":[{"href":"https:\/\/www.hydroseal.ee\/lv\/wp-json\/wp\/v2\/types\/product"}],"replies":[{"embeddable":true,"href":"https:\/\/www.hydroseal.ee\/lv\/wp-json\/wp\/v2\/comments?post=6797"}],"wp:featuredmedia":[{"embeddable":true,"href":"https:\/\/www.hydroseal.ee\/lv\/wp-json\/wp\/v2\/media\/6388"}],"wp:attachment":[{"href":"https:\/\/www.hydroseal.ee\/lv\/wp-json\/wp\/v2\/media?parent=6797"}],"wp:term":[{"taxonomy":"product_brand","embeddable":true,"href":"https:\/\/www.hydroseal.ee\/lv\/wp-json\/wp\/v2\/product_brand?post=6797"},{"taxonomy":"product_cat","embeddable":true,"href":"https:\/\/www.hydroseal.ee\/lv\/wp-json\/wp\/v2\/product_cat?post=6797"},{"taxonomy":"product_tag","embeddable":true,"href":"https:\/\/www.hydroseal.ee\/lv\/wp-json\/wp\/v2\/product_tag?post=6797"}],"curies":[{"name":"wp","href":"https:\/\/api.w.org\/{rel}","templated":true}]}}