{"id":6796,"date":"2024-02-29T14:50:22","date_gmt":"2024-02-29T12:50:22","guid":{"rendered":"https:\/\/hydroseal.vdisain.dev\/toode\/kokosriekstu-matets\/"},"modified":"2024-04-11T12:13:13","modified_gmt":"2024-04-11T12:13:13","slug":"kokosriekstu-matets-24x50","status":"publish","type":"product","link":"https:\/\/www.hydroseal.ee\/lv\/produkts\/kokosriekstu-matets-24x50\/","title":{"rendered":"Kokosriekstu mat\u0113ts 2,4\u00d750"},"content":{"rendered":"","protected":false},"excerpt":{"rendered":"<p>Kokosriekstu pakl\u0101js ir erozijas iztur\u012bgs pakl\u0101js, kas sast\u0101v no 100 % kokosriekstu \u0161\u0137iedras un ir sav\u012bts ar abpus\u0113ji kl\u0101tu PP \u0161\u0137iedru. Kokosriekstu pakl\u0101ja platums ir 2,4 metri, un ru\u013c\u013ca platums ir 50 line\u0101rie metri.<\/p>\n<p>Kokosriekstu pakl\u0101ji nodro\u0161ina aizsardz\u012bbu pret lietus, v\u0113ja un \u016bdens eroziju uzreiz p\u0113c uzst\u0101d\u012b\u0161anas. Taj\u0101 pa\u0161\u0101 laik\u0101 augsne ir aizsarg\u0101ta, un mikroklimats ir labv\u0113l\u012bgs d\u012bg\u0161anai un s\u0113klu aug\u0161anai. Turkl\u0101t erozijas kontroles pakl\u0101js darbojas ar\u012b k\u0101 mitrin\u0101t\u0101js, filtrs un rada papildu humusu.<\/p>\n<p>Vair\u0101k par erozijas kontroles pakl\u0101jiem var izlas\u012bt <a href=\"https:\/\/www.hydroseal.ee\/lv\/vaicajiet_produktus\/erozijas-inhibitori\/\">produkta buklet\u0101<\/a>, kur atrad\u012bsiet ar\u012b noder\u012bgus padomus par to, kas j\u0101\u0146em v\u0113r\u0101, ier\u012bkojot pakl\u0101jus.<\/p>\n<p><em>Pakl\u0101ja nostiprin\u0101\u0161anai ir iesp\u0113jams ieg\u0101d\u0101ties U-veida met\u0101la skavas, 250 gab.\/kast\u0113. Vienas kastes cena ir 52,80 \u20ac. Lai ieg\u0101d\u0101tos skavas, pierakstiet savu piepras\u012bjumu koment\u0101ru lodzi\u0146\u0101, kad izrakst\u0101ties.<\/em><\/p>\n<p>Viena ru\u013c\u013ca transport\u0113\u0161ana ar kurjeru Igaunijas kontinent\u0101laj\u0101 teritorij\u0101 maks\u0101 30 eiro. Vair\u0101ku ru\u013c\u013cu gad\u012bjum\u0101 cenu apr\u0113\u0137in\u0101s klientu apkalpo\u0161anas p\u0101rst\u0101vis.<\/p>\n","protected":false},"featured_media":7148,"comment_status":"closed","ping_status":"closed","template":"","meta":{"_acf_changed":false},"product_brand":[],"product_cat":[37],"product_tag":[],"class_list":{"0":"post-6796","1":"product","2":"type-product","3":"status-publish","4":"has-post-thumbnail","6":"product_cat-pinnasekatted","8":"first","9":"instock","10":"featured","11":"shipping-taxable","12":"purchasable","13":"product-type-simple"},"acf":[],"yoast_head":"<!-- This site is optimized with the Yoast SEO plugin v27.5 - https:\/\/yoast.com\/product\/yoast-seo-wordpress\/ -->\n<title>Kokosriekstu mat\u0113ts 2,4\u00d750 - Hydroseal<\/title>\n<meta name=\"description\" content=\"Kokosriekstu pakl\u0101js ir erozijas iztur\u012bgs pakl\u0101js, kas sast\u0101v no 100 % kokosriekstu \u0161\u0137iedras un ir sav\u012bts ar abpus\u0113ji kl\u0101tu PP \u0161\u0137iedru.\" \/>\n<meta name=\"robots\" content=\"index, follow, max-snippet:-1, max-image-preview:large, max-video-preview:-1\" \/>\n<link rel=\"canonical\" href=\"https:\/\/www.hydroseal.ee\/lv\/produkts\/kokosriekstu-matets-24x50\/\" \/>\n<meta property=\"og:locale\" content=\"lv_LV\" \/>\n<meta property=\"og:type\" content=\"article\" \/>\n<meta property=\"og:title\" content=\"Kokosriekstu mat\u0113ts 2,4\u00d750 - Hydroseal\" \/>\n<meta property=\"og:description\" content=\"Kokosriekstu pakl\u0101js ir erozijas iztur\u012bgs pakl\u0101js, kas sast\u0101v no 100 % kokosriekstu \u0161\u0137iedras un ir sav\u012bts ar abpus\u0113ji kl\u0101tu PP \u0161\u0137iedru.\" \/>\n<meta property=\"og:url\" content=\"https:\/\/www.hydroseal.ee\/lv\/produkts\/kokosriekstu-matets-24x50\/\" \/>\n<meta property=\"og:site_name\" content=\"Hydroseal\" \/>\n<meta property=\"article:publisher\" content=\"https:\/\/www.facebook.com\/hydroseal.ee\" \/>\n<meta property=\"article:modified_time\" content=\"2024-04-11T12:13:13+00:00\" \/>\n<meta property=\"og:image\" content=\"https:\/\/www.hydroseal.ee\/wp-content\/uploads\/2024\/02\/7.jpg\" \/>\n\t<meta property=\"og:image:width\" content=\"2560\" \/>\n\t<meta property=\"og:image:height\" content=\"1920\" \/>\n\t<meta property=\"og:image:type\" content=\"image\/jpeg\" \/>\n<meta name=\"twitter:card\" content=\"summary_large_image\" \/>\n<meta name=\"twitter:label1\" content=\"Est. reading time\" \/>\n\t<meta name=\"twitter:data1\" content=\"1 minute\" \/>\n<script type=\"application\/ld+json\" class=\"yoast-schema-graph\">{\"@context\":\"https:\\\/\\\/schema.org\",\"@graph\":[{\"@type\":\"WebPage\",\"@id\":\"https:\\\/\\\/www.hydroseal.ee\\\/lv\\\/produkts\\\/kokosriekstu-matets-24x50\\\/\",\"url\":\"https:\\\/\\\/www.hydroseal.ee\\\/lv\\\/produkts\\\/kokosriekstu-matets-24x50\\\/\",\"name\":\"Kokosriekstu mat\u0113ts 2,4\u00d750 - Hydroseal\",\"isPartOf\":{\"@id\":\"https:\\\/\\\/www.hydroseal.ee\\\/lv\\\/#website\"},\"primaryImageOfPage\":{\"@id\":\"https:\\\/\\\/www.hydroseal.ee\\\/lv\\\/produkts\\\/kokosriekstu-matets-24x50\\\/#primaryimage\"},\"image\":{\"@id\":\"https:\\\/\\\/www.hydroseal.ee\\\/lv\\\/produkts\\\/kokosriekstu-matets-24x50\\\/#primaryimage\"},\"thumbnailUrl\":\"https:\\\/\\\/www.hydroseal.ee\\\/wp-content\\\/uploads\\\/2024\\\/02\\\/7.jpg\",\"datePublished\":\"2024-02-29T12:50:22+00:00\",\"dateModified\":\"2024-04-11T12:13:13+00:00\",\"description\":\"Kokosriekstu pakl\u0101js ir erozijas iztur\u012bgs pakl\u0101js, kas sast\u0101v no 100 % kokosriekstu \u0161\u0137iedras un ir sav\u012bts ar abpus\u0113ji kl\u0101tu PP \u0161\u0137iedru.\",\"breadcrumb\":{\"@id\":\"https:\\\/\\\/www.hydroseal.ee\\\/lv\\\/produkts\\\/kokosriekstu-matets-24x50\\\/#breadcrumb\"},\"inLanguage\":\"lv-LV\",\"potentialAction\":[{\"@type\":\"ReadAction\",\"target\":[\"https:\\\/\\\/www.hydroseal.ee\\\/lv\\\/produkts\\\/kokosriekstu-matets-24x50\\\/\"]}]},{\"@type\":\"ImageObject\",\"inLanguage\":\"lv-LV\",\"@id\":\"https:\\\/\\\/www.hydroseal.ee\\\/lv\\\/produkts\\\/kokosriekstu-matets-24x50\\\/#primaryimage\",\"url\":\"https:\\\/\\\/www.hydroseal.ee\\\/wp-content\\\/uploads\\\/2024\\\/02\\\/7.jpg\",\"contentUrl\":\"https:\\\/\\\/www.hydroseal.ee\\\/wp-content\\\/uploads\\\/2024\\\/02\\\/7.jpg\",\"width\":2560,\"height\":1920,\"caption\":\"Kookosmatt\"},{\"@type\":\"BreadcrumbList\",\"@id\":\"https:\\\/\\\/www.hydroseal.ee\\\/lv\\\/produkts\\\/kokosriekstu-matets-24x50\\\/#breadcrumb\",\"itemListElement\":[{\"@type\":\"ListItem\",\"position\":1,\"name\":\"Home\",\"item\":\"https:\\\/\\\/www.hydroseal.ee\\\/lv\\\/\"},{\"@type\":\"ListItem\",\"position\":2,\"name\":\"E-veikals\",\"item\":\"https:\\\/\\\/www.hydroseal.ee\\\/lv\\\/e-veikals\\\/\"},{\"@type\":\"ListItem\",\"position\":3,\"name\":\"Kokosriekstu mat\u0113ts 2,4\u00d750\"}]},{\"@type\":\"WebSite\",\"@id\":\"https:\\\/\\\/www.hydroseal.ee\\\/lv\\\/#website\",\"url\":\"https:\\\/\\\/www.hydroseal.ee\\\/lv\\\/\",\"name\":\"Hydroseal\",\"description\":\"Pakume kestvaid lahendusi igale geotehnilisele ja taristualasele v\u00e4ljakutsele\",\"publisher\":{\"@id\":\"https:\\\/\\\/www.hydroseal.ee\\\/lv\\\/#organization\"},\"potentialAction\":[{\"@type\":\"SearchAction\",\"target\":{\"@type\":\"EntryPoint\",\"urlTemplate\":\"https:\\\/\\\/www.hydroseal.ee\\\/lv\\\/?s={search_term_string}\"},\"query-input\":{\"@type\":\"PropertyValueSpecification\",\"valueRequired\":true,\"valueName\":\"search_term_string\"}}],\"inLanguage\":\"lv-LV\"},{\"@type\":\"Organization\",\"@id\":\"https:\\\/\\\/www.hydroseal.ee\\\/lv\\\/#organization\",\"name\":\"Hydroseal\",\"url\":\"https:\\\/\\\/www.hydroseal.ee\\\/lv\\\/\",\"logo\":{\"@type\":\"ImageObject\",\"inLanguage\":\"lv-LV\",\"@id\":\"https:\\\/\\\/www.hydroseal.ee\\\/lv\\\/#\\\/schema\\\/logo\\\/image\\\/\",\"url\":\"https:\\\/\\\/www.hydroseal.ee\\\/wp-content\\\/uploads\\\/2024\\\/03\\\/Frame-6870.svg\",\"contentUrl\":\"https:\\\/\\\/www.hydroseal.ee\\\/wp-content\\\/uploads\\\/2024\\\/03\\\/Frame-6870.svg\",\"width\":1,\"height\":1,\"caption\":\"Hydroseal\"},\"image\":{\"@id\":\"https:\\\/\\\/www.hydroseal.ee\\\/lv\\\/#\\\/schema\\\/logo\\\/image\\\/\"},\"sameAs\":[\"https:\\\/\\\/www.facebook.com\\\/hydroseal.ee\"]}]}<\/script>\n<!-- \/ Yoast SEO plugin. -->","yoast_head_json":{"title":"Kokosriekstu mat\u0113ts 2,4\u00d750 - Hydroseal","description":"Kokosriekstu pakl\u0101js ir erozijas iztur\u012bgs pakl\u0101js, kas sast\u0101v no 100 % kokosriekstu \u0161\u0137iedras un ir sav\u012bts ar abpus\u0113ji kl\u0101tu PP \u0161\u0137iedru.","robots":{"index":"index","follow":"follow","max-snippet":"max-snippet:-1","max-image-preview":"max-image-preview:large","max-video-preview":"max-video-preview:-1"},"canonical":"https:\/\/www.hydroseal.ee\/lv\/produkts\/kokosriekstu-matets-24x50\/","og_locale":"lv_LV","og_type":"article","og_title":"Kokosriekstu mat\u0113ts 2,4\u00d750 - Hydroseal","og_description":"Kokosriekstu pakl\u0101js ir erozijas iztur\u012bgs pakl\u0101js, kas sast\u0101v no 100 % kokosriekstu \u0161\u0137iedras un ir sav\u012bts ar abpus\u0113ji kl\u0101tu PP \u0161\u0137iedru.","og_url":"https:\/\/www.hydroseal.ee\/lv\/produkts\/kokosriekstu-matets-24x50\/","og_site_name":"Hydroseal","article_publisher":"https:\/\/www.facebook.com\/hydroseal.ee","article_modified_time":"2024-04-11T12:13:13+00:00","og_image":[{"width":2560,"height":1920,"url":"https:\/\/www.hydroseal.ee\/wp-content\/uploads\/2024\/02\/7.jpg","type":"image\/jpeg"}],"twitter_card":"summary_large_image","twitter_misc":{"Est. reading time":"1 minute"},"schema":{"@context":"https:\/\/schema.org","@graph":[{"@type":"WebPage","@id":"https:\/\/www.hydroseal.ee\/lv\/produkts\/kokosriekstu-matets-24x50\/","url":"https:\/\/www.hydroseal.ee\/lv\/produkts\/kokosriekstu-matets-24x50\/","name":"Kokosriekstu mat\u0113ts 2,4\u00d750 - Hydroseal","isPartOf":{"@id":"https:\/\/www.hydroseal.ee\/lv\/#website"},"primaryImageOfPage":{"@id":"https:\/\/www.hydroseal.ee\/lv\/produkts\/kokosriekstu-matets-24x50\/#primaryimage"},"image":{"@id":"https:\/\/www.hydroseal.ee\/lv\/produkts\/kokosriekstu-matets-24x50\/#primaryimage"},"thumbnailUrl":"https:\/\/www.hydroseal.ee\/wp-content\/uploads\/2024\/02\/7.jpg","datePublished":"2024-02-29T12:50:22+00:00","dateModified":"2024-04-11T12:13:13+00:00","description":"Kokosriekstu pakl\u0101js ir erozijas iztur\u012bgs pakl\u0101js, kas sast\u0101v no 100 % kokosriekstu \u0161\u0137iedras un ir sav\u012bts ar abpus\u0113ji kl\u0101tu PP \u0161\u0137iedru.","breadcrumb":{"@id":"https:\/\/www.hydroseal.ee\/lv\/produkts\/kokosriekstu-matets-24x50\/#breadcrumb"},"inLanguage":"lv-LV","potentialAction":[{"@type":"ReadAction","target":["https:\/\/www.hydroseal.ee\/lv\/produkts\/kokosriekstu-matets-24x50\/"]}]},{"@type":"ImageObject","inLanguage":"lv-LV","@id":"https:\/\/www.hydroseal.ee\/lv\/produkts\/kokosriekstu-matets-24x50\/#primaryimage","url":"https:\/\/www.hydroseal.ee\/wp-content\/uploads\/2024\/02\/7.jpg","contentUrl":"https:\/\/www.hydroseal.ee\/wp-content\/uploads\/2024\/02\/7.jpg","width":2560,"height":1920,"caption":"Kookosmatt"},{"@type":"BreadcrumbList","@id":"https:\/\/www.hydroseal.ee\/lv\/produkts\/kokosriekstu-matets-24x50\/#breadcrumb","itemListElement":[{"@type":"ListItem","position":1,"name":"Home","item":"https:\/\/www.hydroseal.ee\/lv\/"},{"@type":"ListItem","position":2,"name":"E-veikals","item":"https:\/\/www.hydroseal.ee\/lv\/e-veikals\/"},{"@type":"ListItem","position":3,"name":"Kokosriekstu mat\u0113ts 2,4\u00d750"}]},{"@type":"WebSite","@id":"https:\/\/www.hydroseal.ee\/lv\/#website","url":"https:\/\/www.hydroseal.ee\/lv\/","name":"Hydroseal","description":"Pakume kestvaid lahendusi igale geotehnilisele ja taristualasele v\u00e4ljakutsele","publisher":{"@id":"https:\/\/www.hydroseal.ee\/lv\/#organization"},"potentialAction":[{"@type":"SearchAction","target":{"@type":"EntryPoint","urlTemplate":"https:\/\/www.hydroseal.ee\/lv\/?s={search_term_string}"},"query-input":{"@type":"PropertyValueSpecification","valueRequired":true,"valueName":"search_term_string"}}],"inLanguage":"lv-LV"},{"@type":"Organization","@id":"https:\/\/www.hydroseal.ee\/lv\/#organization","name":"Hydroseal","url":"https:\/\/www.hydroseal.ee\/lv\/","logo":{"@type":"ImageObject","inLanguage":"lv-LV","@id":"https:\/\/www.hydroseal.ee\/lv\/#\/schema\/logo\/image\/","url":"https:\/\/www.hydroseal.ee\/wp-content\/uploads\/2024\/03\/Frame-6870.svg","contentUrl":"https:\/\/www.hydroseal.ee\/wp-content\/uploads\/2024\/03\/Frame-6870.svg","width":1,"height":1,"caption":"Hydroseal"},"image":{"@id":"https:\/\/www.hydroseal.ee\/lv\/#\/schema\/logo\/image\/"},"sameAs":["https:\/\/www.facebook.com\/hydroseal.ee"]}]}},"_links":{"self":[{"href":"https:\/\/www.hydroseal.ee\/lv\/wp-json\/wp\/v2\/product\/6796","targetHints":{"allow":["GET"]}}],"collection":[{"href":"https:\/\/www.hydroseal.ee\/lv\/wp-json\/wp\/v2\/product"}],"about":[{"href":"https:\/\/www.hydroseal.ee\/lv\/wp-json\/wp\/v2\/types\/product"}],"replies":[{"embeddable":true,"href":"https:\/\/www.hydroseal.ee\/lv\/wp-json\/wp\/v2\/comments?post=6796"}],"wp:featuredmedia":[{"embeddable":true,"href":"https:\/\/www.hydroseal.ee\/lv\/wp-json\/wp\/v2\/media\/7148"}],"wp:attachment":[{"href":"https:\/\/www.hydroseal.ee\/lv\/wp-json\/wp\/v2\/media?parent=6796"}],"wp:term":[{"taxonomy":"product_brand","embeddable":true,"href":"https:\/\/www.hydroseal.ee\/lv\/wp-json\/wp\/v2\/product_brand?post=6796"},{"taxonomy":"product_cat","embeddable":true,"href":"https:\/\/www.hydroseal.ee\/lv\/wp-json\/wp\/v2\/product_cat?post=6796"},{"taxonomy":"product_tag","embeddable":true,"href":"https:\/\/www.hydroseal.ee\/lv\/wp-json\/wp\/v2\/product_tag?post=6796"}],"curies":[{"name":"wp","href":"https:\/\/api.w.org\/{rel}","templated":true}]}}