{"id":6795,"date":"2024-02-29T14:52:58","date_gmt":"2024-02-29T14:52:58","guid":{"rendered":"https:\/\/hydroseal.vdisain.dev\/toode\/kontroles-gravis\/"},"modified":"2024-04-26T07:25:20","modified_gmt":"2024-04-26T07:25:20","slug":"kontrolaka-400-315","status":"publish","type":"product","link":"https:\/\/www.hydroseal.ee\/lv\/produkts\/kontrolaka-400-315\/","title":{"rendered":"Kontrolaka 400\/315"},"content":{"rendered":"","protected":false},"excerpt":{"rendered":"<div class=\"description\">\n<p>Teleskopisk\u0101 400\/315 l\u016bka lietus \u016bdens un kanaliz\u0101cijas cauru\u013cvadu p\u0101rbaudei un apkopei. Var izmantot ar\u012b k\u0101 rede\u013cu l\u016bku (\u0161aj\u0101 gad\u012bjum\u0101, veicot pirkumu e-veikal\u0101, koment\u0101ru lodzi\u0146\u0101 j\u0101ieraksta, ka l\u016bkas viet\u0101 v\u0113laties rede\u013cu l\u016bku).<\/p>\n<p>Aku urbumi ir izgatavoti no polietil\u0113na caurul\u0113m ar glud\u0101m caurul\u0113m un gredzenu stingr\u012bbu SN2 kN\/m\u00b2. \u010cuguna sijas kravnes\u012bba 40T.<\/p>\n<p>T\u0101 ir modul\u0101ra aka, t.i., akas darba augstumu klients iestata tie\u0161i uz vietas (augstums regul\u0113jams no 1,3 l\u012bdz 1,8 m). Kontrolaka sast\u0101v no plastmasas pamatnes, De400 st\u0101vvada caurules, 400\/315 teleskopisk\u0101 gredzena, De315 teleskopisk\u0101s caurules un \u010duguna v\u0101ka. Varat izv\u0113l\u0113ties starp umb vai plaukta kan\u0101liem. Turkl\u0101t cen\u0101 ir iek\u013cautas divas caurul\u012btes De110 caurules savienojumam.<\/p>\n<p>Akas sast\u0101vda\u013cas tiek pieg\u0101d\u0101tas k\u0101 atsevi\u0161\u0137as da\u013cas.<\/p>\n<p>Ja ir nepiecie\u0161ama aka, kuras diametrs ir liel\u0101ks par 1,8 m vai liel\u0101ku (piem\u0113ram, 560\/500), l\u016bdzu, sazinieties tie\u0161i ar m\u016bsu <a href=\"https:\/\/www.hydroseal.ee\/kontakt\/\">klientu apkalpo\u0161anas dienestu<\/a>, kas jums sast\u0101d\u012bs atsevi\u0161\u0137u cenas pied\u0101v\u0101jumu.<\/p>\n<\/div>\n<form class=\"cart\" enctype=\"multipart\/form-data\" method=\"post\" data-np-autofill-form-type=\"other\" data-np-checked=\"1\" data-np-watching=\"1\">\n<div class=\"variations_button simple_product\"><\/div>\n<\/form>\n","protected":false},"featured_media":9068,"comment_status":"closed","ping_status":"closed","template":"","meta":{"_acf_changed":false},"product_brand":[],"product_cat":[90],"product_tag":[],"class_list":{"0":"post-6795","1":"product","2":"type-product","3":"status-publish","4":"has-post-thumbnail","6":"product_cat-kaevud","8":"first","9":"instock","10":"shipping-taxable","11":"purchasable","12":"product-type-simple"},"acf":[],"yoast_head":"<!-- This site is optimized with the Yoast SEO plugin v27.2 - https:\/\/yoast.com\/product\/yoast-seo-wordpress\/ -->\n<title>Kontrolaka 400\/315 - Hydroseal<\/title>\n<meta name=\"description\" content=\"Teleskopisk\u0101 400\/315 l\u016bka lietus \u016bdens un kanaliz\u0101cijas cauru\u013cvadu p\u0101rbaudei un apkopei. J\u016bs varat izv\u0113l\u0113ties starp \u010duguna v\u0101ku un re\u017e\u0123a v\u0101ku.\" \/>\n<meta name=\"robots\" content=\"index, follow, max-snippet:-1, max-image-preview:large, max-video-preview:-1\" \/>\n<link rel=\"canonical\" href=\"https:\/\/www.hydroseal.ee\/lv\/produkts\/kontrolaka-400-315\/\" \/>\n<meta property=\"og:locale\" content=\"lv_LV\" \/>\n<meta property=\"og:type\" content=\"article\" \/>\n<meta property=\"og:title\" content=\"Kontrolaka 400\/315 - Hydroseal\" \/>\n<meta property=\"og:description\" content=\"Teleskopisk\u0101 400\/315 l\u016bka lietus \u016bdens un kanaliz\u0101cijas cauru\u013cvadu p\u0101rbaudei un apkopei. J\u016bs varat izv\u0113l\u0113ties starp \u010duguna v\u0101ku un re\u017e\u0123a v\u0101ku.\" \/>\n<meta property=\"og:url\" content=\"https:\/\/www.hydroseal.ee\/lv\/produkts\/kontrolaka-400-315\/\" \/>\n<meta property=\"og:site_name\" content=\"Hydroseal\" \/>\n<meta property=\"article:publisher\" content=\"https:\/\/www.facebook.com\/hydroseal.ee\" \/>\n<meta property=\"article:modified_time\" content=\"2024-04-26T07:25:20+00:00\" \/>\n<meta property=\"og:image\" content=\"https:\/\/www.hydroseal.ee\/wp-content\/uploads\/2024\/02\/kaev4-scaled-1.webp\" \/>\n\t<meta property=\"og:image:width\" content=\"1037\" \/>\n\t<meta property=\"og:image:height\" content=\"1440\" \/>\n\t<meta property=\"og:image:type\" content=\"image\/webp\" \/>\n<meta name=\"twitter:card\" content=\"summary_large_image\" \/>\n<meta name=\"twitter:label1\" content=\"Est. reading time\" \/>\n\t<meta name=\"twitter:data1\" content=\"1 minute\" \/>\n<script type=\"application\/ld+json\" class=\"yoast-schema-graph\">{\"@context\":\"https:\/\/schema.org\",\"@graph\":[{\"@type\":\"WebPage\",\"@id\":\"https:\/\/www.hydroseal.ee\/lv\/produkts\/kontrolaka-400-315\/\",\"url\":\"https:\/\/www.hydroseal.ee\/lv\/produkts\/kontrolaka-400-315\/\",\"name\":\"Kontrolaka 400\/315 - Hydroseal\",\"isPartOf\":{\"@id\":\"https:\/\/www.hydroseal.ee\/lv\/#website\"},\"primaryImageOfPage\":{\"@id\":\"https:\/\/www.hydroseal.ee\/lv\/produkts\/kontrolaka-400-315\/#primaryimage\"},\"image\":{\"@id\":\"https:\/\/www.hydroseal.ee\/lv\/produkts\/kontrolaka-400-315\/#primaryimage\"},\"thumbnailUrl\":\"https:\/\/www.hydroseal.ee\/wp-content\/uploads\/2024\/02\/kontrollkaev_1200x1200_transparent_clean.png\",\"datePublished\":\"2024-02-29T14:52:58+00:00\",\"dateModified\":\"2024-04-26T07:25:20+00:00\",\"description\":\"Teleskopisk\u0101 400\/315 l\u016bka lietus \u016bdens un kanaliz\u0101cijas cauru\u013cvadu p\u0101rbaudei un apkopei. J\u016bs varat izv\u0113l\u0113ties starp \u010duguna v\u0101ku un re\u017e\u0123a v\u0101ku.\",\"breadcrumb\":{\"@id\":\"https:\/\/www.hydroseal.ee\/lv\/produkts\/kontrolaka-400-315\/#breadcrumb\"},\"inLanguage\":\"lv-LV\",\"potentialAction\":[{\"@type\":\"ReadAction\",\"target\":[\"https:\/\/www.hydroseal.ee\/lv\/produkts\/kontrolaka-400-315\/\"]}]},{\"@type\":\"ImageObject\",\"inLanguage\":\"lv-LV\",\"@id\":\"https:\/\/www.hydroseal.ee\/lv\/produkts\/kontrolaka-400-315\/#primaryimage\",\"url\":\"https:\/\/www.hydroseal.ee\/wp-content\/uploads\/2024\/02\/kontrollkaev_1200x1200_transparent_clean.png\",\"contentUrl\":\"https:\/\/www.hydroseal.ee\/wp-content\/uploads\/2024\/02\/kontrollkaev_1200x1200_transparent_clean.png\",\"width\":1000,\"height\":1000,\"caption\":\"kontrollkaev\"},{\"@type\":\"BreadcrumbList\",\"@id\":\"https:\/\/www.hydroseal.ee\/lv\/produkts\/kontrolaka-400-315\/#breadcrumb\",\"itemListElement\":[{\"@type\":\"ListItem\",\"position\":1,\"name\":\"Home\",\"item\":\"https:\/\/www.hydroseal.ee\/lv\/\"},{\"@type\":\"ListItem\",\"position\":2,\"name\":\"E-veikals\",\"item\":\"https:\/\/www.hydroseal.ee\/lv\/e-veikals\/\"},{\"@type\":\"ListItem\",\"position\":3,\"name\":\"Kontrolaka 400\/315\"}]},{\"@type\":\"WebSite\",\"@id\":\"https:\/\/www.hydroseal.ee\/lv\/#website\",\"url\":\"https:\/\/www.hydroseal.ee\/lv\/\",\"name\":\"Hydroseal\",\"description\":\"Pakume kestvaid lahendusi igale geotehnilisele ja taristualasele v\u00e4ljakutsele\",\"publisher\":{\"@id\":\"https:\/\/www.hydroseal.ee\/lv\/#organization\"},\"potentialAction\":[{\"@type\":\"SearchAction\",\"target\":{\"@type\":\"EntryPoint\",\"urlTemplate\":\"https:\/\/www.hydroseal.ee\/lv\/?s={search_term_string}\"},\"query-input\":{\"@type\":\"PropertyValueSpecification\",\"valueRequired\":true,\"valueName\":\"search_term_string\"}}],\"inLanguage\":\"lv-LV\"},{\"@type\":\"Organization\",\"@id\":\"https:\/\/www.hydroseal.ee\/lv\/#organization\",\"name\":\"Hydroseal\",\"url\":\"https:\/\/www.hydroseal.ee\/lv\/\",\"logo\":{\"@type\":\"ImageObject\",\"inLanguage\":\"lv-LV\",\"@id\":\"https:\/\/www.hydroseal.ee\/lv\/#\/schema\/logo\/image\/\",\"url\":\"https:\/\/www.hydroseal.ee\/wp-content\/uploads\/2024\/03\/Frame-6870.svg\",\"contentUrl\":\"https:\/\/www.hydroseal.ee\/wp-content\/uploads\/2024\/03\/Frame-6870.svg\",\"width\":1,\"height\":1,\"caption\":\"Hydroseal\"},\"image\":{\"@id\":\"https:\/\/www.hydroseal.ee\/lv\/#\/schema\/logo\/image\/\"},\"sameAs\":[\"https:\/\/www.facebook.com\/hydroseal.ee\"]}]}<\/script>\n<!-- \/ Yoast SEO plugin. -->","yoast_head_json":{"title":"Kontrolaka 400\/315 - Hydroseal","description":"Teleskopisk\u0101 400\/315 l\u016bka lietus \u016bdens un kanaliz\u0101cijas cauru\u013cvadu p\u0101rbaudei un apkopei. J\u016bs varat izv\u0113l\u0113ties starp \u010duguna v\u0101ku un re\u017e\u0123a v\u0101ku.","robots":{"index":"index","follow":"follow","max-snippet":"max-snippet:-1","max-image-preview":"max-image-preview:large","max-video-preview":"max-video-preview:-1"},"canonical":"https:\/\/www.hydroseal.ee\/lv\/produkts\/kontrolaka-400-315\/","og_locale":"lv_LV","og_type":"article","og_title":"Kontrolaka 400\/315 - Hydroseal","og_description":"Teleskopisk\u0101 400\/315 l\u016bka lietus \u016bdens un kanaliz\u0101cijas cauru\u013cvadu p\u0101rbaudei un apkopei. J\u016bs varat izv\u0113l\u0113ties starp \u010duguna v\u0101ku un re\u017e\u0123a v\u0101ku.","og_url":"https:\/\/www.hydroseal.ee\/lv\/produkts\/kontrolaka-400-315\/","og_site_name":"Hydroseal","article_publisher":"https:\/\/www.facebook.com\/hydroseal.ee","article_modified_time":"2024-04-26T07:25:20+00:00","og_image":[{"width":1037,"height":1440,"url":"https:\/\/www.hydroseal.ee\/wp-content\/uploads\/2024\/02\/kaev4-scaled-1.webp","type":"image\/webp"}],"twitter_card":"summary_large_image","twitter_misc":{"Est. reading time":"1 minute"},"schema":{"@context":"https:\/\/schema.org","@graph":[{"@type":"WebPage","@id":"https:\/\/www.hydroseal.ee\/lv\/produkts\/kontrolaka-400-315\/","url":"https:\/\/www.hydroseal.ee\/lv\/produkts\/kontrolaka-400-315\/","name":"Kontrolaka 400\/315 - Hydroseal","isPartOf":{"@id":"https:\/\/www.hydroseal.ee\/lv\/#website"},"primaryImageOfPage":{"@id":"https:\/\/www.hydroseal.ee\/lv\/produkts\/kontrolaka-400-315\/#primaryimage"},"image":{"@id":"https:\/\/www.hydroseal.ee\/lv\/produkts\/kontrolaka-400-315\/#primaryimage"},"thumbnailUrl":"https:\/\/www.hydroseal.ee\/wp-content\/uploads\/2024\/02\/kontrollkaev_1200x1200_transparent_clean.png","datePublished":"2024-02-29T14:52:58+00:00","dateModified":"2024-04-26T07:25:20+00:00","description":"Teleskopisk\u0101 400\/315 l\u016bka lietus \u016bdens un kanaliz\u0101cijas cauru\u013cvadu p\u0101rbaudei un apkopei. J\u016bs varat izv\u0113l\u0113ties starp \u010duguna v\u0101ku un re\u017e\u0123a v\u0101ku.","breadcrumb":{"@id":"https:\/\/www.hydroseal.ee\/lv\/produkts\/kontrolaka-400-315\/#breadcrumb"},"inLanguage":"lv-LV","potentialAction":[{"@type":"ReadAction","target":["https:\/\/www.hydroseal.ee\/lv\/produkts\/kontrolaka-400-315\/"]}]},{"@type":"ImageObject","inLanguage":"lv-LV","@id":"https:\/\/www.hydroseal.ee\/lv\/produkts\/kontrolaka-400-315\/#primaryimage","url":"https:\/\/www.hydroseal.ee\/wp-content\/uploads\/2024\/02\/kontrollkaev_1200x1200_transparent_clean.png","contentUrl":"https:\/\/www.hydroseal.ee\/wp-content\/uploads\/2024\/02\/kontrollkaev_1200x1200_transparent_clean.png","width":1000,"height":1000,"caption":"kontrollkaev"},{"@type":"BreadcrumbList","@id":"https:\/\/www.hydroseal.ee\/lv\/produkts\/kontrolaka-400-315\/#breadcrumb","itemListElement":[{"@type":"ListItem","position":1,"name":"Home","item":"https:\/\/www.hydroseal.ee\/lv\/"},{"@type":"ListItem","position":2,"name":"E-veikals","item":"https:\/\/www.hydroseal.ee\/lv\/e-veikals\/"},{"@type":"ListItem","position":3,"name":"Kontrolaka 400\/315"}]},{"@type":"WebSite","@id":"https:\/\/www.hydroseal.ee\/lv\/#website","url":"https:\/\/www.hydroseal.ee\/lv\/","name":"Hydroseal","description":"Pakume kestvaid lahendusi igale geotehnilisele ja taristualasele v\u00e4ljakutsele","publisher":{"@id":"https:\/\/www.hydroseal.ee\/lv\/#organization"},"potentialAction":[{"@type":"SearchAction","target":{"@type":"EntryPoint","urlTemplate":"https:\/\/www.hydroseal.ee\/lv\/?s={search_term_string}"},"query-input":{"@type":"PropertyValueSpecification","valueRequired":true,"valueName":"search_term_string"}}],"inLanguage":"lv-LV"},{"@type":"Organization","@id":"https:\/\/www.hydroseal.ee\/lv\/#organization","name":"Hydroseal","url":"https:\/\/www.hydroseal.ee\/lv\/","logo":{"@type":"ImageObject","inLanguage":"lv-LV","@id":"https:\/\/www.hydroseal.ee\/lv\/#\/schema\/logo\/image\/","url":"https:\/\/www.hydroseal.ee\/wp-content\/uploads\/2024\/03\/Frame-6870.svg","contentUrl":"https:\/\/www.hydroseal.ee\/wp-content\/uploads\/2024\/03\/Frame-6870.svg","width":1,"height":1,"caption":"Hydroseal"},"image":{"@id":"https:\/\/www.hydroseal.ee\/lv\/#\/schema\/logo\/image\/"},"sameAs":["https:\/\/www.facebook.com\/hydroseal.ee"]}]}},"_links":{"self":[{"href":"https:\/\/www.hydroseal.ee\/lv\/wp-json\/wp\/v2\/product\/6795","targetHints":{"allow":["GET"]}}],"collection":[{"href":"https:\/\/www.hydroseal.ee\/lv\/wp-json\/wp\/v2\/product"}],"about":[{"href":"https:\/\/www.hydroseal.ee\/lv\/wp-json\/wp\/v2\/types\/product"}],"replies":[{"embeddable":true,"href":"https:\/\/www.hydroseal.ee\/lv\/wp-json\/wp\/v2\/comments?post=6795"}],"wp:featuredmedia":[{"embeddable":true,"href":"https:\/\/www.hydroseal.ee\/lv\/wp-json\/wp\/v2\/media\/9068"}],"wp:attachment":[{"href":"https:\/\/www.hydroseal.ee\/lv\/wp-json\/wp\/v2\/media?parent=6795"}],"wp:term":[{"taxonomy":"product_brand","embeddable":true,"href":"https:\/\/www.hydroseal.ee\/lv\/wp-json\/wp\/v2\/product_brand?post=6795"},{"taxonomy":"product_cat","embeddable":true,"href":"https:\/\/www.hydroseal.ee\/lv\/wp-json\/wp\/v2\/product_cat?post=6795"},{"taxonomy":"product_tag","embeddable":true,"href":"https:\/\/www.hydroseal.ee\/lv\/wp-json\/wp\/v2\/product_tag?post=6795"}],"curies":[{"name":"wp","href":"https:\/\/api.w.org\/{rel}","templated":true}]}}