{"id":6792,"date":"2024-02-29T15:10:45","date_gmt":"2024-02-29T15:10:45","guid":{"rendered":"https:\/\/hydroseal.vdisain.dev\/toode\/110-mm-celtniecibas-drenazas-caurule\/"},"modified":"2024-04-24T08:01:13","modified_gmt":"2024-04-24T08:01:13","slug":"drenazas-caurule-110-mm-3-metrus-gara","status":"publish","type":"product","link":"https:\/\/www.hydroseal.ee\/lv\/produkts\/drenazas-caurule-110-mm-3-metrus-gara\/","title":{"rendered":"Dren\u0101\u017eas caurule 110 mm 3-metrus gara"},"content":{"rendered":"","protected":false},"excerpt":{"rendered":"<p>De110 3-metrus gara dren\u0101\u017eas caurule. Perfor\u0113ta 360\u00ba Gredzena stingr\u012bba ir SN8 kN\/m<sup>2<\/sup>. Katrai caurulei ir uzmava.<\/p>\n<p>Dren\u0101\u017eas caurules tiek izmantotas liek\u0101 \u016bdens novad\u012b\u0161anai no zemes, kas uzlabo zemes \u012bpa\u0161\u012bbas un sasniedzam\u012bbu. Piem\u0113rotas \u0113ku pamatu, dz\u012bvojamo teritoriju un sporta laukumu nosusin\u0101\u0161anai.<\/p>\n","protected":false},"featured_media":8233,"comment_status":"closed","ping_status":"closed","template":"","meta":{"_acf_changed":false},"product_brand":[],"product_cat":[91],"product_tag":[],"class_list":{"0":"post-6792","1":"product","2":"type-product","3":"status-publish","4":"has-post-thumbnail","6":"product_cat-drenaaz","8":"first","9":"instock","10":"shipping-taxable","11":"purchasable","12":"product-type-simple"},"acf":[],"yoast_head":"<!-- This site is optimized with the Yoast SEO plugin v27.2 - https:\/\/yoast.com\/product\/yoast-seo-wordpress\/ -->\n<title>Dren\u0101\u017eas caurule 110 mm 3-metrus gara - Hydroseal<\/title>\n<meta name=\"description\" content=\"De110 3-metrus gara dren\u0101\u017eas caurule. Perfor\u0113ta 360\u00ba Gredzena stingr\u012bba ir SN8 kN\/m2.\" \/>\n<meta name=\"robots\" content=\"index, follow, max-snippet:-1, max-image-preview:large, max-video-preview:-1\" \/>\n<link rel=\"canonical\" href=\"https:\/\/www.hydroseal.ee\/lv\/produkts\/drenazas-caurule-110-mm-3-metrus-gara\/\" \/>\n<meta property=\"og:locale\" content=\"lv_LV\" \/>\n<meta property=\"og:type\" content=\"article\" \/>\n<meta property=\"og:title\" content=\"Dren\u0101\u017eas caurule 110 mm 3-metrus gara - Hydroseal\" \/>\n<meta property=\"og:description\" content=\"De110 3-metrus gara dren\u0101\u017eas caurule. Perfor\u0113ta 360\u00ba Gredzena stingr\u012bba ir SN8 kN\/m2.\" \/>\n<meta property=\"og:url\" content=\"https:\/\/www.hydroseal.ee\/lv\/produkts\/drenazas-caurule-110-mm-3-metrus-gara\/\" \/>\n<meta property=\"og:site_name\" content=\"Hydroseal\" \/>\n<meta property=\"article:publisher\" content=\"https:\/\/www.facebook.com\/hydroseal.ee\" \/>\n<meta property=\"article:modified_time\" content=\"2024-04-24T08:01:13+00:00\" \/>\n<meta property=\"og:image\" content=\"https:\/\/www.hydroseal.ee\/wp-content\/uploads\/2024\/02\/img_1173-1-scaled.jpg\" \/>\n\t<meta property=\"og:image:width\" content=\"2560\" \/>\n\t<meta property=\"og:image:height\" content=\"1941\" \/>\n\t<meta property=\"og:image:type\" content=\"image\/jpeg\" \/>\n<meta name=\"twitter:card\" content=\"summary_large_image\" \/>\n<meta name=\"twitter:label1\" content=\"Est. reading time\" \/>\n\t<meta name=\"twitter:data1\" content=\"1 minute\" \/>\n<script type=\"application\/ld+json\" class=\"yoast-schema-graph\">{\"@context\":\"https:\/\/schema.org\",\"@graph\":[{\"@type\":\"WebPage\",\"@id\":\"https:\/\/www.hydroseal.ee\/lv\/produkts\/drenazas-caurule-110-mm-3-metrus-gara\/\",\"url\":\"https:\/\/www.hydroseal.ee\/lv\/produkts\/drenazas-caurule-110-mm-3-metrus-gara\/\",\"name\":\"Dren\u0101\u017eas caurule 110 mm 3-metrus gara - Hydroseal\",\"isPartOf\":{\"@id\":\"https:\/\/www.hydroseal.ee\/lv\/#website\"},\"primaryImageOfPage\":{\"@id\":\"https:\/\/www.hydroseal.ee\/lv\/produkts\/drenazas-caurule-110-mm-3-metrus-gara\/#primaryimage\"},\"image\":{\"@id\":\"https:\/\/www.hydroseal.ee\/lv\/produkts\/drenazas-caurule-110-mm-3-metrus-gara\/#primaryimage\"},\"thumbnailUrl\":\"https:\/\/www.hydroseal.ee\/wp-content\/uploads\/2024\/02\/1-2.png\",\"datePublished\":\"2024-02-29T15:10:45+00:00\",\"dateModified\":\"2024-04-24T08:01:13+00:00\",\"description\":\"De110 3-metrus gara dren\u0101\u017eas caurule. Perfor\u0113ta 360\u00ba Gredzena stingr\u012bba ir SN8 kN\/m2.\",\"breadcrumb\":{\"@id\":\"https:\/\/www.hydroseal.ee\/lv\/produkts\/drenazas-caurule-110-mm-3-metrus-gara\/#breadcrumb\"},\"inLanguage\":\"lv-LV\",\"potentialAction\":[{\"@type\":\"ReadAction\",\"target\":[\"https:\/\/www.hydroseal.ee\/lv\/produkts\/drenazas-caurule-110-mm-3-metrus-gara\/\"]}]},{\"@type\":\"ImageObject\",\"inLanguage\":\"lv-LV\",\"@id\":\"https:\/\/www.hydroseal.ee\/lv\/produkts\/drenazas-caurule-110-mm-3-metrus-gara\/#primaryimage\",\"url\":\"https:\/\/www.hydroseal.ee\/wp-content\/uploads\/2024\/02\/1-2.png\",\"contentUrl\":\"https:\/\/www.hydroseal.ee\/wp-content\/uploads\/2024\/02\/1-2.png\",\"width\":942,\"height\":666,\"caption\":\"Drenaa\u017eitoru\"},{\"@type\":\"BreadcrumbList\",\"@id\":\"https:\/\/www.hydroseal.ee\/lv\/produkts\/drenazas-caurule-110-mm-3-metrus-gara\/#breadcrumb\",\"itemListElement\":[{\"@type\":\"ListItem\",\"position\":1,\"name\":\"Home\",\"item\":\"https:\/\/www.hydroseal.ee\/lv\/\"},{\"@type\":\"ListItem\",\"position\":2,\"name\":\"E-veikals\",\"item\":\"https:\/\/www.hydroseal.ee\/lv\/e-veikals\/\"},{\"@type\":\"ListItem\",\"position\":3,\"name\":\"Dren\u0101\u017eas caurule 110 mm 3-metrus gara\"}]},{\"@type\":\"WebSite\",\"@id\":\"https:\/\/www.hydroseal.ee\/lv\/#website\",\"url\":\"https:\/\/www.hydroseal.ee\/lv\/\",\"name\":\"Hydroseal\",\"description\":\"Pakume kestvaid lahendusi igale geotehnilisele ja taristualasele v\u00e4ljakutsele\",\"publisher\":{\"@id\":\"https:\/\/www.hydroseal.ee\/lv\/#organization\"},\"potentialAction\":[{\"@type\":\"SearchAction\",\"target\":{\"@type\":\"EntryPoint\",\"urlTemplate\":\"https:\/\/www.hydroseal.ee\/lv\/?s={search_term_string}\"},\"query-input\":{\"@type\":\"PropertyValueSpecification\",\"valueRequired\":true,\"valueName\":\"search_term_string\"}}],\"inLanguage\":\"lv-LV\"},{\"@type\":\"Organization\",\"@id\":\"https:\/\/www.hydroseal.ee\/lv\/#organization\",\"name\":\"Hydroseal\",\"url\":\"https:\/\/www.hydroseal.ee\/lv\/\",\"logo\":{\"@type\":\"ImageObject\",\"inLanguage\":\"lv-LV\",\"@id\":\"https:\/\/www.hydroseal.ee\/lv\/#\/schema\/logo\/image\/\",\"url\":\"https:\/\/www.hydroseal.ee\/wp-content\/uploads\/2024\/03\/Frame-6870.svg\",\"contentUrl\":\"https:\/\/www.hydroseal.ee\/wp-content\/uploads\/2024\/03\/Frame-6870.svg\",\"width\":1,\"height\":1,\"caption\":\"Hydroseal\"},\"image\":{\"@id\":\"https:\/\/www.hydroseal.ee\/lv\/#\/schema\/logo\/image\/\"},\"sameAs\":[\"https:\/\/www.facebook.com\/hydroseal.ee\"]}]}<\/script>\n<!-- \/ Yoast SEO plugin. -->","yoast_head_json":{"title":"Dren\u0101\u017eas caurule 110 mm 3-metrus gara - Hydroseal","description":"De110 3-metrus gara dren\u0101\u017eas caurule. Perfor\u0113ta 360\u00ba Gredzena stingr\u012bba ir SN8 kN\/m2.","robots":{"index":"index","follow":"follow","max-snippet":"max-snippet:-1","max-image-preview":"max-image-preview:large","max-video-preview":"max-video-preview:-1"},"canonical":"https:\/\/www.hydroseal.ee\/lv\/produkts\/drenazas-caurule-110-mm-3-metrus-gara\/","og_locale":"lv_LV","og_type":"article","og_title":"Dren\u0101\u017eas caurule 110 mm 3-metrus gara - Hydroseal","og_description":"De110 3-metrus gara dren\u0101\u017eas caurule. Perfor\u0113ta 360\u00ba Gredzena stingr\u012bba ir SN8 kN\/m2.","og_url":"https:\/\/www.hydroseal.ee\/lv\/produkts\/drenazas-caurule-110-mm-3-metrus-gara\/","og_site_name":"Hydroseal","article_publisher":"https:\/\/www.facebook.com\/hydroseal.ee","article_modified_time":"2024-04-24T08:01:13+00:00","og_image":[{"width":2560,"height":1941,"url":"https:\/\/www.hydroseal.ee\/wp-content\/uploads\/2024\/02\/img_1173-1-scaled.jpg","type":"image\/jpeg"}],"twitter_card":"summary_large_image","twitter_misc":{"Est. reading time":"1 minute"},"schema":{"@context":"https:\/\/schema.org","@graph":[{"@type":"WebPage","@id":"https:\/\/www.hydroseal.ee\/lv\/produkts\/drenazas-caurule-110-mm-3-metrus-gara\/","url":"https:\/\/www.hydroseal.ee\/lv\/produkts\/drenazas-caurule-110-mm-3-metrus-gara\/","name":"Dren\u0101\u017eas caurule 110 mm 3-metrus gara - Hydroseal","isPartOf":{"@id":"https:\/\/www.hydroseal.ee\/lv\/#website"},"primaryImageOfPage":{"@id":"https:\/\/www.hydroseal.ee\/lv\/produkts\/drenazas-caurule-110-mm-3-metrus-gara\/#primaryimage"},"image":{"@id":"https:\/\/www.hydroseal.ee\/lv\/produkts\/drenazas-caurule-110-mm-3-metrus-gara\/#primaryimage"},"thumbnailUrl":"https:\/\/www.hydroseal.ee\/wp-content\/uploads\/2024\/02\/1-2.png","datePublished":"2024-02-29T15:10:45+00:00","dateModified":"2024-04-24T08:01:13+00:00","description":"De110 3-metrus gara dren\u0101\u017eas caurule. Perfor\u0113ta 360\u00ba Gredzena stingr\u012bba ir SN8 kN\/m2.","breadcrumb":{"@id":"https:\/\/www.hydroseal.ee\/lv\/produkts\/drenazas-caurule-110-mm-3-metrus-gara\/#breadcrumb"},"inLanguage":"lv-LV","potentialAction":[{"@type":"ReadAction","target":["https:\/\/www.hydroseal.ee\/lv\/produkts\/drenazas-caurule-110-mm-3-metrus-gara\/"]}]},{"@type":"ImageObject","inLanguage":"lv-LV","@id":"https:\/\/www.hydroseal.ee\/lv\/produkts\/drenazas-caurule-110-mm-3-metrus-gara\/#primaryimage","url":"https:\/\/www.hydroseal.ee\/wp-content\/uploads\/2024\/02\/1-2.png","contentUrl":"https:\/\/www.hydroseal.ee\/wp-content\/uploads\/2024\/02\/1-2.png","width":942,"height":666,"caption":"Drenaa\u017eitoru"},{"@type":"BreadcrumbList","@id":"https:\/\/www.hydroseal.ee\/lv\/produkts\/drenazas-caurule-110-mm-3-metrus-gara\/#breadcrumb","itemListElement":[{"@type":"ListItem","position":1,"name":"Home","item":"https:\/\/www.hydroseal.ee\/lv\/"},{"@type":"ListItem","position":2,"name":"E-veikals","item":"https:\/\/www.hydroseal.ee\/lv\/e-veikals\/"},{"@type":"ListItem","position":3,"name":"Dren\u0101\u017eas caurule 110 mm 3-metrus gara"}]},{"@type":"WebSite","@id":"https:\/\/www.hydroseal.ee\/lv\/#website","url":"https:\/\/www.hydroseal.ee\/lv\/","name":"Hydroseal","description":"Pakume kestvaid lahendusi igale geotehnilisele ja taristualasele v\u00e4ljakutsele","publisher":{"@id":"https:\/\/www.hydroseal.ee\/lv\/#organization"},"potentialAction":[{"@type":"SearchAction","target":{"@type":"EntryPoint","urlTemplate":"https:\/\/www.hydroseal.ee\/lv\/?s={search_term_string}"},"query-input":{"@type":"PropertyValueSpecification","valueRequired":true,"valueName":"search_term_string"}}],"inLanguage":"lv-LV"},{"@type":"Organization","@id":"https:\/\/www.hydroseal.ee\/lv\/#organization","name":"Hydroseal","url":"https:\/\/www.hydroseal.ee\/lv\/","logo":{"@type":"ImageObject","inLanguage":"lv-LV","@id":"https:\/\/www.hydroseal.ee\/lv\/#\/schema\/logo\/image\/","url":"https:\/\/www.hydroseal.ee\/wp-content\/uploads\/2024\/03\/Frame-6870.svg","contentUrl":"https:\/\/www.hydroseal.ee\/wp-content\/uploads\/2024\/03\/Frame-6870.svg","width":1,"height":1,"caption":"Hydroseal"},"image":{"@id":"https:\/\/www.hydroseal.ee\/lv\/#\/schema\/logo\/image\/"},"sameAs":["https:\/\/www.facebook.com\/hydroseal.ee"]}]}},"_links":{"self":[{"href":"https:\/\/www.hydroseal.ee\/lv\/wp-json\/wp\/v2\/product\/6792","targetHints":{"allow":["GET"]}}],"collection":[{"href":"https:\/\/www.hydroseal.ee\/lv\/wp-json\/wp\/v2\/product"}],"about":[{"href":"https:\/\/www.hydroseal.ee\/lv\/wp-json\/wp\/v2\/types\/product"}],"replies":[{"embeddable":true,"href":"https:\/\/www.hydroseal.ee\/lv\/wp-json\/wp\/v2\/comments?post=6792"}],"wp:featuredmedia":[{"embeddable":true,"href":"https:\/\/www.hydroseal.ee\/lv\/wp-json\/wp\/v2\/media\/8233"}],"wp:attachment":[{"href":"https:\/\/www.hydroseal.ee\/lv\/wp-json\/wp\/v2\/media?parent=6792"}],"wp:term":[{"taxonomy":"product_brand","embeddable":true,"href":"https:\/\/www.hydroseal.ee\/lv\/wp-json\/wp\/v2\/product_brand?post=6792"},{"taxonomy":"product_cat","embeddable":true,"href":"https:\/\/www.hydroseal.ee\/lv\/wp-json\/wp\/v2\/product_cat?post=6792"},{"taxonomy":"product_tag","embeddable":true,"href":"https:\/\/www.hydroseal.ee\/lv\/wp-json\/wp\/v2\/product_tag?post=6792"}],"curies":[{"name":"wp","href":"https:\/\/api.w.org\/{rel}","templated":true}]}}