{"id":6788,"date":"2024-03-01T18:15:15","date_gmt":"2024-03-01T16:15:15","guid":{"rendered":"https:\/\/hydroseal.vdisain.dev\/toode\/geokompozits-50-50-180g\/"},"modified":"2024-04-26T07:14:13","modified_gmt":"2024-04-26T07:14:13","slug":"geokompozits-50-50-180g","status":"publish","type":"product","link":"https:\/\/www.hydroseal.ee\/lv\/produkts\/geokompozits-50-50-180g\/","title":{"rendered":"\u0122eokompoz\u012bts 50\/50+180g"},"content":{"rendered":"","protected":false},"excerpt":{"rendered":"<p>\u0122eokompoz\u012bts grunts nostiprin\u0101\u0161anai un da\u017e\u0101du augsnes sl\u0101\u0146u atdal\u012b\u0161anai.<\/p>\n<p>\u0122eokompoz\u012bts 50\/50+180 g sast\u0101v no 50\/50 kN\/m stikla \u0161\u0137iedras \u0123eore\u017e\u0123a ar stiepes iztur\u012bbu un 180 <sup>g\/m2<\/sup> \u0123eotekstila. Materi\u0101ls tiek izv\u0113rsts ar \u0123eotekstila sl\u0101ni apak\u0161\u0101 un \u0123eore\u017e\u0123i aug\u0161\u0101. \u0122eokompoz\u012btus izmanto ce\u013cu un laukumu pamatu nostiprin\u0101\u0161anai.<\/p>\n<p>Ru\u013c\u013ca ir 5 metrus plata un 100 metrus gara.<\/p>\n","protected":false},"featured_media":6310,"comment_status":"closed","ping_status":"closed","template":"","meta":{"_acf_changed":false},"product_brand":[],"product_cat":[38],"product_tag":[],"class_list":{"0":"post-6788","1":"product","2":"type-product","3":"status-publish","4":"has-post-thumbnail","6":"product_cat-geotekstiilid","8":"first","9":"instock","10":"shipping-taxable","11":"purchasable","12":"product-type-simple"},"acf":[],"yoast_head":"<!-- This site is optimized with the Yoast SEO plugin v27.4 - https:\/\/yoast.com\/product\/yoast-seo-wordpress\/ -->\n<title>\u0122eokompoz\u012bts 50\/50+180g - Hydroseal<\/title>\n<meta name=\"description\" content=\"\u0122eokompoz\u012bts grunts nostiprin\u0101\u0161anai un da\u017e\u0101du augsnes sl\u0101\u0146u atdal\u012b\u0161anai.\" \/>\n<meta name=\"robots\" content=\"index, follow, max-snippet:-1, max-image-preview:large, max-video-preview:-1\" \/>\n<link rel=\"canonical\" href=\"https:\/\/www.hydroseal.ee\/lv\/produkts\/geokompozits-50-50-180g\/\" \/>\n<meta property=\"og:locale\" content=\"lv_LV\" \/>\n<meta property=\"og:type\" content=\"article\" \/>\n<meta property=\"og:title\" content=\"\u0122eokompoz\u012bts 50\/50+180g - Hydroseal\" \/>\n<meta property=\"og:description\" content=\"\u0122eokompoz\u012bts grunts nostiprin\u0101\u0161anai un da\u017e\u0101du augsnes sl\u0101\u0146u atdal\u012b\u0161anai.\" \/>\n<meta property=\"og:url\" content=\"https:\/\/www.hydroseal.ee\/lv\/produkts\/geokompozits-50-50-180g\/\" \/>\n<meta property=\"og:site_name\" content=\"Hydroseal\" \/>\n<meta property=\"article:publisher\" content=\"https:\/\/www.facebook.com\/hydroseal.ee\" \/>\n<meta property=\"article:modified_time\" content=\"2024-04-26T07:14:13+00:00\" \/>\n<meta property=\"og:image\" content=\"https:\/\/www.hydroseal.ee\/wp-content\/uploads\/2024\/02\/Geokomposiit1-e1709645560992.jpg\" \/>\n\t<meta property=\"og:image:width\" content=\"1810\" \/>\n\t<meta property=\"og:image:height\" content=\"1223\" \/>\n\t<meta property=\"og:image:type\" content=\"image\/jpeg\" \/>\n<meta name=\"twitter:card\" content=\"summary_large_image\" \/>\n<meta name=\"twitter:label1\" content=\"Est. reading time\" \/>\n\t<meta name=\"twitter:data1\" content=\"1 minute\" \/>\n<script type=\"application\/ld+json\" class=\"yoast-schema-graph\">{\"@context\":\"https:\\\/\\\/schema.org\",\"@graph\":[{\"@type\":\"WebPage\",\"@id\":\"https:\\\/\\\/www.hydroseal.ee\\\/lv\\\/produkts\\\/geokompozits-50-50-180g\\\/\",\"url\":\"https:\\\/\\\/www.hydroseal.ee\\\/lv\\\/produkts\\\/geokompozits-50-50-180g\\\/\",\"name\":\"\u0122eokompoz\u012bts 50\\\/50+180g - Hydroseal\",\"isPartOf\":{\"@id\":\"https:\\\/\\\/www.hydroseal.ee\\\/lv\\\/#website\"},\"primaryImageOfPage\":{\"@id\":\"https:\\\/\\\/www.hydroseal.ee\\\/lv\\\/produkts\\\/geokompozits-50-50-180g\\\/#primaryimage\"},\"image\":{\"@id\":\"https:\\\/\\\/www.hydroseal.ee\\\/lv\\\/produkts\\\/geokompozits-50-50-180g\\\/#primaryimage\"},\"thumbnailUrl\":\"https:\\\/\\\/www.hydroseal.ee\\\/wp-content\\\/uploads\\\/2024\\\/02\\\/Geokomposiit1-e1709645560992.jpg\",\"datePublished\":\"2024-03-01T16:15:15+00:00\",\"dateModified\":\"2024-04-26T07:14:13+00:00\",\"description\":\"\u0122eokompoz\u012bts grunts nostiprin\u0101\u0161anai un da\u017e\u0101du augsnes sl\u0101\u0146u atdal\u012b\u0161anai.\",\"breadcrumb\":{\"@id\":\"https:\\\/\\\/www.hydroseal.ee\\\/lv\\\/produkts\\\/geokompozits-50-50-180g\\\/#breadcrumb\"},\"inLanguage\":\"lv-LV\",\"potentialAction\":[{\"@type\":\"ReadAction\",\"target\":[\"https:\\\/\\\/www.hydroseal.ee\\\/lv\\\/produkts\\\/geokompozits-50-50-180g\\\/\"]}]},{\"@type\":\"ImageObject\",\"inLanguage\":\"lv-LV\",\"@id\":\"https:\\\/\\\/www.hydroseal.ee\\\/lv\\\/produkts\\\/geokompozits-50-50-180g\\\/#primaryimage\",\"url\":\"https:\\\/\\\/www.hydroseal.ee\\\/wp-content\\\/uploads\\\/2024\\\/02\\\/Geokomposiit1-e1709645560992.jpg\",\"contentUrl\":\"https:\\\/\\\/www.hydroseal.ee\\\/wp-content\\\/uploads\\\/2024\\\/02\\\/Geokomposiit1-e1709645560992.jpg\",\"width\":1810,\"height\":1223},{\"@type\":\"BreadcrumbList\",\"@id\":\"https:\\\/\\\/www.hydroseal.ee\\\/lv\\\/produkts\\\/geokompozits-50-50-180g\\\/#breadcrumb\",\"itemListElement\":[{\"@type\":\"ListItem\",\"position\":1,\"name\":\"Home\",\"item\":\"https:\\\/\\\/www.hydroseal.ee\\\/lv\\\/\"},{\"@type\":\"ListItem\",\"position\":2,\"name\":\"E-veikals\",\"item\":\"https:\\\/\\\/www.hydroseal.ee\\\/lv\\\/e-veikals\\\/\"},{\"@type\":\"ListItem\",\"position\":3,\"name\":\"\u0122eokompoz\u012bts 50\\\/50+180g\"}]},{\"@type\":\"WebSite\",\"@id\":\"https:\\\/\\\/www.hydroseal.ee\\\/lv\\\/#website\",\"url\":\"https:\\\/\\\/www.hydroseal.ee\\\/lv\\\/\",\"name\":\"Hydroseal\",\"description\":\"Pakume kestvaid lahendusi igale geotehnilisele ja taristualasele v\u00e4ljakutsele\",\"publisher\":{\"@id\":\"https:\\\/\\\/www.hydroseal.ee\\\/lv\\\/#organization\"},\"potentialAction\":[{\"@type\":\"SearchAction\",\"target\":{\"@type\":\"EntryPoint\",\"urlTemplate\":\"https:\\\/\\\/www.hydroseal.ee\\\/lv\\\/?s={search_term_string}\"},\"query-input\":{\"@type\":\"PropertyValueSpecification\",\"valueRequired\":true,\"valueName\":\"search_term_string\"}}],\"inLanguage\":\"lv-LV\"},{\"@type\":\"Organization\",\"@id\":\"https:\\\/\\\/www.hydroseal.ee\\\/lv\\\/#organization\",\"name\":\"Hydroseal\",\"url\":\"https:\\\/\\\/www.hydroseal.ee\\\/lv\\\/\",\"logo\":{\"@type\":\"ImageObject\",\"inLanguage\":\"lv-LV\",\"@id\":\"https:\\\/\\\/www.hydroseal.ee\\\/lv\\\/#\\\/schema\\\/logo\\\/image\\\/\",\"url\":\"https:\\\/\\\/www.hydroseal.ee\\\/wp-content\\\/uploads\\\/2024\\\/03\\\/Frame-6870.svg\",\"contentUrl\":\"https:\\\/\\\/www.hydroseal.ee\\\/wp-content\\\/uploads\\\/2024\\\/03\\\/Frame-6870.svg\",\"width\":1,\"height\":1,\"caption\":\"Hydroseal\"},\"image\":{\"@id\":\"https:\\\/\\\/www.hydroseal.ee\\\/lv\\\/#\\\/schema\\\/logo\\\/image\\\/\"},\"sameAs\":[\"https:\\\/\\\/www.facebook.com\\\/hydroseal.ee\"]}]}<\/script>\n<!-- \/ Yoast SEO plugin. -->","yoast_head_json":{"title":"\u0122eokompoz\u012bts 50\/50+180g - Hydroseal","description":"\u0122eokompoz\u012bts grunts nostiprin\u0101\u0161anai un da\u017e\u0101du augsnes sl\u0101\u0146u atdal\u012b\u0161anai.","robots":{"index":"index","follow":"follow","max-snippet":"max-snippet:-1","max-image-preview":"max-image-preview:large","max-video-preview":"max-video-preview:-1"},"canonical":"https:\/\/www.hydroseal.ee\/lv\/produkts\/geokompozits-50-50-180g\/","og_locale":"lv_LV","og_type":"article","og_title":"\u0122eokompoz\u012bts 50\/50+180g - Hydroseal","og_description":"\u0122eokompoz\u012bts grunts nostiprin\u0101\u0161anai un da\u017e\u0101du augsnes sl\u0101\u0146u atdal\u012b\u0161anai.","og_url":"https:\/\/www.hydroseal.ee\/lv\/produkts\/geokompozits-50-50-180g\/","og_site_name":"Hydroseal","article_publisher":"https:\/\/www.facebook.com\/hydroseal.ee","article_modified_time":"2024-04-26T07:14:13+00:00","og_image":[{"width":1810,"height":1223,"url":"https:\/\/www.hydroseal.ee\/wp-content\/uploads\/2024\/02\/Geokomposiit1-e1709645560992.jpg","type":"image\/jpeg"}],"twitter_card":"summary_large_image","twitter_misc":{"Est. reading time":"1 minute"},"schema":{"@context":"https:\/\/schema.org","@graph":[{"@type":"WebPage","@id":"https:\/\/www.hydroseal.ee\/lv\/produkts\/geokompozits-50-50-180g\/","url":"https:\/\/www.hydroseal.ee\/lv\/produkts\/geokompozits-50-50-180g\/","name":"\u0122eokompoz\u012bts 50\/50+180g - Hydroseal","isPartOf":{"@id":"https:\/\/www.hydroseal.ee\/lv\/#website"},"primaryImageOfPage":{"@id":"https:\/\/www.hydroseal.ee\/lv\/produkts\/geokompozits-50-50-180g\/#primaryimage"},"image":{"@id":"https:\/\/www.hydroseal.ee\/lv\/produkts\/geokompozits-50-50-180g\/#primaryimage"},"thumbnailUrl":"https:\/\/www.hydroseal.ee\/wp-content\/uploads\/2024\/02\/Geokomposiit1-e1709645560992.jpg","datePublished":"2024-03-01T16:15:15+00:00","dateModified":"2024-04-26T07:14:13+00:00","description":"\u0122eokompoz\u012bts grunts nostiprin\u0101\u0161anai un da\u017e\u0101du augsnes sl\u0101\u0146u atdal\u012b\u0161anai.","breadcrumb":{"@id":"https:\/\/www.hydroseal.ee\/lv\/produkts\/geokompozits-50-50-180g\/#breadcrumb"},"inLanguage":"lv-LV","potentialAction":[{"@type":"ReadAction","target":["https:\/\/www.hydroseal.ee\/lv\/produkts\/geokompozits-50-50-180g\/"]}]},{"@type":"ImageObject","inLanguage":"lv-LV","@id":"https:\/\/www.hydroseal.ee\/lv\/produkts\/geokompozits-50-50-180g\/#primaryimage","url":"https:\/\/www.hydroseal.ee\/wp-content\/uploads\/2024\/02\/Geokomposiit1-e1709645560992.jpg","contentUrl":"https:\/\/www.hydroseal.ee\/wp-content\/uploads\/2024\/02\/Geokomposiit1-e1709645560992.jpg","width":1810,"height":1223},{"@type":"BreadcrumbList","@id":"https:\/\/www.hydroseal.ee\/lv\/produkts\/geokompozits-50-50-180g\/#breadcrumb","itemListElement":[{"@type":"ListItem","position":1,"name":"Home","item":"https:\/\/www.hydroseal.ee\/lv\/"},{"@type":"ListItem","position":2,"name":"E-veikals","item":"https:\/\/www.hydroseal.ee\/lv\/e-veikals\/"},{"@type":"ListItem","position":3,"name":"\u0122eokompoz\u012bts 50\/50+180g"}]},{"@type":"WebSite","@id":"https:\/\/www.hydroseal.ee\/lv\/#website","url":"https:\/\/www.hydroseal.ee\/lv\/","name":"Hydroseal","description":"Pakume kestvaid lahendusi igale geotehnilisele ja taristualasele v\u00e4ljakutsele","publisher":{"@id":"https:\/\/www.hydroseal.ee\/lv\/#organization"},"potentialAction":[{"@type":"SearchAction","target":{"@type":"EntryPoint","urlTemplate":"https:\/\/www.hydroseal.ee\/lv\/?s={search_term_string}"},"query-input":{"@type":"PropertyValueSpecification","valueRequired":true,"valueName":"search_term_string"}}],"inLanguage":"lv-LV"},{"@type":"Organization","@id":"https:\/\/www.hydroseal.ee\/lv\/#organization","name":"Hydroseal","url":"https:\/\/www.hydroseal.ee\/lv\/","logo":{"@type":"ImageObject","inLanguage":"lv-LV","@id":"https:\/\/www.hydroseal.ee\/lv\/#\/schema\/logo\/image\/","url":"https:\/\/www.hydroseal.ee\/wp-content\/uploads\/2024\/03\/Frame-6870.svg","contentUrl":"https:\/\/www.hydroseal.ee\/wp-content\/uploads\/2024\/03\/Frame-6870.svg","width":1,"height":1,"caption":"Hydroseal"},"image":{"@id":"https:\/\/www.hydroseal.ee\/lv\/#\/schema\/logo\/image\/"},"sameAs":["https:\/\/www.facebook.com\/hydroseal.ee"]}]}},"_links":{"self":[{"href":"https:\/\/www.hydroseal.ee\/lv\/wp-json\/wp\/v2\/product\/6788","targetHints":{"allow":["GET"]}}],"collection":[{"href":"https:\/\/www.hydroseal.ee\/lv\/wp-json\/wp\/v2\/product"}],"about":[{"href":"https:\/\/www.hydroseal.ee\/lv\/wp-json\/wp\/v2\/types\/product"}],"replies":[{"embeddable":true,"href":"https:\/\/www.hydroseal.ee\/lv\/wp-json\/wp\/v2\/comments?post=6788"}],"wp:featuredmedia":[{"embeddable":true,"href":"https:\/\/www.hydroseal.ee\/lv\/wp-json\/wp\/v2\/media\/6310"}],"wp:attachment":[{"href":"https:\/\/www.hydroseal.ee\/lv\/wp-json\/wp\/v2\/media?parent=6788"}],"wp:term":[{"taxonomy":"product_brand","embeddable":true,"href":"https:\/\/www.hydroseal.ee\/lv\/wp-json\/wp\/v2\/product_brand?post=6788"},{"taxonomy":"product_cat","embeddable":true,"href":"https:\/\/www.hydroseal.ee\/lv\/wp-json\/wp\/v2\/product_cat?post=6788"},{"taxonomy":"product_tag","embeddable":true,"href":"https:\/\/www.hydroseal.ee\/lv\/wp-json\/wp\/v2\/product_tag?post=6788"}],"curies":[{"name":"wp","href":"https:\/\/api.w.org\/{rel}","templated":true}]}}