{"id":6783,"date":"2024-03-01T19:12:31","date_gmt":"2024-03-01T17:12:31","guid":{"rendered":"https:\/\/hydroseal.vdisain.dev\/toode\/3000-l-septisko-tvertnu-komplekts\/"},"modified":"2025-04-04T13:04:05","modified_gmt":"2025-04-04T11:04:05","slug":"3000-l-septiska-tvertne","status":"publish","type":"product","link":"https:\/\/www.hydroseal.ee\/lv\/produkts\/3000-l-septiska-tvertne\/","title":{"rendered":"3000 l septisk\u0101 tvertne"},"content":{"rendered":"","protected":false},"excerpt":{"rendered":"<p>3000 l septisk\u0101s tvertnes komplekt\u0101 ietilpst septiska tvertne, sadales l\u016bka, dren\u0101\u017eas caurules, ventil\u0101cijas caurules ar v\u0101ci\u0146iem, \u0123eotekstils.<\/p>\n<p>Septisk\u0101 tvertne ir izgatavota no 100% plastmasas, kas padara to vieglu un iztur\u012bgu. Septisk\u0101 tvertne ir divu kameru.<\/p>\n<p>3000 l septisk\u0101 tvertne komplekts ir paredz\u0113ts 4-6 cilv\u0113ku \u0123imenei.<\/p>\n","protected":false},"featured_media":8320,"comment_status":"closed","ping_status":"closed","template":"","meta":{"_acf_changed":false},"product_brand":[],"product_cat":[94],"product_tag":[],"class_list":{"0":"post-6783","1":"product","2":"type-product","3":"status-publish","4":"has-post-thumbnail","6":"product_cat-septikud","8":"first","9":"instock","10":"shipping-taxable","11":"purchasable","12":"product-type-simple"},"acf":[],"yoast_head":"<!-- This site is optimized with the Yoast SEO plugin v27.2 - https:\/\/yoast.com\/product\/yoast-seo-wordpress\/ -->\n<title>3000 l septisk\u0101 tvertne - Hydroseal<\/title>\n<meta name=\"description\" content=\"Septisk\u0101 tvertne komplekt\u0101 ietilpst septiska tvertne, sadales l\u016bka, dren\u0101\u017eas caurules, ventil\u0101cijas caurules ar v\u0101ci\u0146iem, \u0123eotekstils.\" \/>\n<meta name=\"robots\" content=\"index, follow, max-snippet:-1, max-image-preview:large, max-video-preview:-1\" \/>\n<link rel=\"canonical\" href=\"https:\/\/www.hydroseal.ee\/lv\/produkts\/3000-l-septiska-tvertne\/\" \/>\n<meta property=\"og:locale\" content=\"lv_LV\" \/>\n<meta property=\"og:type\" content=\"article\" \/>\n<meta property=\"og:title\" content=\"3000 l septisk\u0101 tvertne - Hydroseal\" \/>\n<meta property=\"og:description\" content=\"Septisk\u0101 tvertne komplekt\u0101 ietilpst septiska tvertne, sadales l\u016bka, dren\u0101\u017eas caurules, ventil\u0101cijas caurules ar v\u0101ci\u0146iem, \u0123eotekstils.\" \/>\n<meta property=\"og:url\" content=\"https:\/\/www.hydroseal.ee\/lv\/produkts\/3000-l-septiska-tvertne\/\" \/>\n<meta property=\"og:site_name\" content=\"Hydroseal\" \/>\n<meta property=\"article:publisher\" content=\"https:\/\/www.facebook.com\/hydroseal.ee\" \/>\n<meta property=\"article:modified_time\" content=\"2025-04-04T11:04:05+00:00\" \/>\n<meta property=\"og:image\" content=\"https:\/\/www.hydroseal.ee\/wp-content\/uploads\/2024\/03\/1-1.webp\" \/>\n\t<meta property=\"og:image:width\" content=\"470\" \/>\n\t<meta property=\"og:image:height\" content=\"470\" \/>\n\t<meta property=\"og:image:type\" content=\"image\/webp\" \/>\n<meta name=\"twitter:card\" content=\"summary_large_image\" \/>\n<meta name=\"twitter:label1\" content=\"Est. reading time\" \/>\n\t<meta name=\"twitter:data1\" content=\"1 minute\" \/>\n<script type=\"application\/ld+json\" class=\"yoast-schema-graph\">{\"@context\":\"https:\/\/schema.org\",\"@graph\":[{\"@type\":\"WebPage\",\"@id\":\"https:\/\/www.hydroseal.ee\/lv\/produkts\/3000-l-septiska-tvertne\/\",\"url\":\"https:\/\/www.hydroseal.ee\/lv\/produkts\/3000-l-septiska-tvertne\/\",\"name\":\"3000 l septisk\u0101 tvertne - Hydroseal\",\"isPartOf\":{\"@id\":\"https:\/\/www.hydroseal.ee\/lv\/#website\"},\"primaryImageOfPage\":{\"@id\":\"https:\/\/www.hydroseal.ee\/lv\/produkts\/3000-l-septiska-tvertne\/#primaryimage\"},\"image\":{\"@id\":\"https:\/\/www.hydroseal.ee\/lv\/produkts\/3000-l-septiska-tvertne\/#primaryimage\"},\"thumbnailUrl\":\"https:\/\/www.hydroseal.ee\/wp-content\/uploads\/2024\/03\/1-1.webp\",\"datePublished\":\"2024-03-01T17:12:31+00:00\",\"dateModified\":\"2025-04-04T11:04:05+00:00\",\"description\":\"Septisk\u0101 tvertne komplekt\u0101 ietilpst septiska tvertne, sadales l\u016bka, dren\u0101\u017eas caurules, ventil\u0101cijas caurules ar v\u0101ci\u0146iem, \u0123eotekstils.\",\"breadcrumb\":{\"@id\":\"https:\/\/www.hydroseal.ee\/lv\/produkts\/3000-l-septiska-tvertne\/#breadcrumb\"},\"inLanguage\":\"lv-LV\",\"potentialAction\":[{\"@type\":\"ReadAction\",\"target\":[\"https:\/\/www.hydroseal.ee\/lv\/produkts\/3000-l-septiska-tvertne\/\"]}]},{\"@type\":\"ImageObject\",\"inLanguage\":\"lv-LV\",\"@id\":\"https:\/\/www.hydroseal.ee\/lv\/produkts\/3000-l-septiska-tvertne\/#primaryimage\",\"url\":\"https:\/\/www.hydroseal.ee\/wp-content\/uploads\/2024\/03\/1-1.webp\",\"contentUrl\":\"https:\/\/www.hydroseal.ee\/wp-content\/uploads\/2024\/03\/1-1.webp\",\"width\":470,\"height\":470,\"caption\":\"Septik 3000l\"},{\"@type\":\"BreadcrumbList\",\"@id\":\"https:\/\/www.hydroseal.ee\/lv\/produkts\/3000-l-septiska-tvertne\/#breadcrumb\",\"itemListElement\":[{\"@type\":\"ListItem\",\"position\":1,\"name\":\"Home\",\"item\":\"https:\/\/www.hydroseal.ee\/lv\/\"},{\"@type\":\"ListItem\",\"position\":2,\"name\":\"E-veikals\",\"item\":\"https:\/\/www.hydroseal.ee\/lv\/e-veikals\/\"},{\"@type\":\"ListItem\",\"position\":3,\"name\":\"3000 l septisk\u0101 tvertne\"}]},{\"@type\":\"WebSite\",\"@id\":\"https:\/\/www.hydroseal.ee\/lv\/#website\",\"url\":\"https:\/\/www.hydroseal.ee\/lv\/\",\"name\":\"Hydroseal\",\"description\":\"Pakume kestvaid lahendusi igale geotehnilisele ja taristualasele v\u00e4ljakutsele\",\"publisher\":{\"@id\":\"https:\/\/www.hydroseal.ee\/lv\/#organization\"},\"potentialAction\":[{\"@type\":\"SearchAction\",\"target\":{\"@type\":\"EntryPoint\",\"urlTemplate\":\"https:\/\/www.hydroseal.ee\/lv\/?s={search_term_string}\"},\"query-input\":{\"@type\":\"PropertyValueSpecification\",\"valueRequired\":true,\"valueName\":\"search_term_string\"}}],\"inLanguage\":\"lv-LV\"},{\"@type\":\"Organization\",\"@id\":\"https:\/\/www.hydroseal.ee\/lv\/#organization\",\"name\":\"Hydroseal\",\"url\":\"https:\/\/www.hydroseal.ee\/lv\/\",\"logo\":{\"@type\":\"ImageObject\",\"inLanguage\":\"lv-LV\",\"@id\":\"https:\/\/www.hydroseal.ee\/lv\/#\/schema\/logo\/image\/\",\"url\":\"https:\/\/www.hydroseal.ee\/wp-content\/uploads\/2024\/03\/Frame-6870.svg\",\"contentUrl\":\"https:\/\/www.hydroseal.ee\/wp-content\/uploads\/2024\/03\/Frame-6870.svg\",\"width\":1,\"height\":1,\"caption\":\"Hydroseal\"},\"image\":{\"@id\":\"https:\/\/www.hydroseal.ee\/lv\/#\/schema\/logo\/image\/\"},\"sameAs\":[\"https:\/\/www.facebook.com\/hydroseal.ee\"]}]}<\/script>\n<!-- \/ Yoast SEO plugin. -->","yoast_head_json":{"title":"3000 l septisk\u0101 tvertne - Hydroseal","description":"Septisk\u0101 tvertne komplekt\u0101 ietilpst septiska tvertne, sadales l\u016bka, dren\u0101\u017eas caurules, ventil\u0101cijas caurules ar v\u0101ci\u0146iem, \u0123eotekstils.","robots":{"index":"index","follow":"follow","max-snippet":"max-snippet:-1","max-image-preview":"max-image-preview:large","max-video-preview":"max-video-preview:-1"},"canonical":"https:\/\/www.hydroseal.ee\/lv\/produkts\/3000-l-septiska-tvertne\/","og_locale":"lv_LV","og_type":"article","og_title":"3000 l septisk\u0101 tvertne - Hydroseal","og_description":"Septisk\u0101 tvertne komplekt\u0101 ietilpst septiska tvertne, sadales l\u016bka, dren\u0101\u017eas caurules, ventil\u0101cijas caurules ar v\u0101ci\u0146iem, \u0123eotekstils.","og_url":"https:\/\/www.hydroseal.ee\/lv\/produkts\/3000-l-septiska-tvertne\/","og_site_name":"Hydroseal","article_publisher":"https:\/\/www.facebook.com\/hydroseal.ee","article_modified_time":"2025-04-04T11:04:05+00:00","og_image":[{"width":470,"height":470,"url":"https:\/\/www.hydroseal.ee\/wp-content\/uploads\/2024\/03\/1-1.webp","type":"image\/webp"}],"twitter_card":"summary_large_image","twitter_misc":{"Est. reading time":"1 minute"},"schema":{"@context":"https:\/\/schema.org","@graph":[{"@type":"WebPage","@id":"https:\/\/www.hydroseal.ee\/lv\/produkts\/3000-l-septiska-tvertne\/","url":"https:\/\/www.hydroseal.ee\/lv\/produkts\/3000-l-septiska-tvertne\/","name":"3000 l septisk\u0101 tvertne - Hydroseal","isPartOf":{"@id":"https:\/\/www.hydroseal.ee\/lv\/#website"},"primaryImageOfPage":{"@id":"https:\/\/www.hydroseal.ee\/lv\/produkts\/3000-l-septiska-tvertne\/#primaryimage"},"image":{"@id":"https:\/\/www.hydroseal.ee\/lv\/produkts\/3000-l-septiska-tvertne\/#primaryimage"},"thumbnailUrl":"https:\/\/www.hydroseal.ee\/wp-content\/uploads\/2024\/03\/1-1.webp","datePublished":"2024-03-01T17:12:31+00:00","dateModified":"2025-04-04T11:04:05+00:00","description":"Septisk\u0101 tvertne komplekt\u0101 ietilpst septiska tvertne, sadales l\u016bka, dren\u0101\u017eas caurules, ventil\u0101cijas caurules ar v\u0101ci\u0146iem, \u0123eotekstils.","breadcrumb":{"@id":"https:\/\/www.hydroseal.ee\/lv\/produkts\/3000-l-septiska-tvertne\/#breadcrumb"},"inLanguage":"lv-LV","potentialAction":[{"@type":"ReadAction","target":["https:\/\/www.hydroseal.ee\/lv\/produkts\/3000-l-septiska-tvertne\/"]}]},{"@type":"ImageObject","inLanguage":"lv-LV","@id":"https:\/\/www.hydroseal.ee\/lv\/produkts\/3000-l-septiska-tvertne\/#primaryimage","url":"https:\/\/www.hydroseal.ee\/wp-content\/uploads\/2024\/03\/1-1.webp","contentUrl":"https:\/\/www.hydroseal.ee\/wp-content\/uploads\/2024\/03\/1-1.webp","width":470,"height":470,"caption":"Septik 3000l"},{"@type":"BreadcrumbList","@id":"https:\/\/www.hydroseal.ee\/lv\/produkts\/3000-l-septiska-tvertne\/#breadcrumb","itemListElement":[{"@type":"ListItem","position":1,"name":"Home","item":"https:\/\/www.hydroseal.ee\/lv\/"},{"@type":"ListItem","position":2,"name":"E-veikals","item":"https:\/\/www.hydroseal.ee\/lv\/e-veikals\/"},{"@type":"ListItem","position":3,"name":"3000 l septisk\u0101 tvertne"}]},{"@type":"WebSite","@id":"https:\/\/www.hydroseal.ee\/lv\/#website","url":"https:\/\/www.hydroseal.ee\/lv\/","name":"Hydroseal","description":"Pakume kestvaid lahendusi igale geotehnilisele ja taristualasele v\u00e4ljakutsele","publisher":{"@id":"https:\/\/www.hydroseal.ee\/lv\/#organization"},"potentialAction":[{"@type":"SearchAction","target":{"@type":"EntryPoint","urlTemplate":"https:\/\/www.hydroseal.ee\/lv\/?s={search_term_string}"},"query-input":{"@type":"PropertyValueSpecification","valueRequired":true,"valueName":"search_term_string"}}],"inLanguage":"lv-LV"},{"@type":"Organization","@id":"https:\/\/www.hydroseal.ee\/lv\/#organization","name":"Hydroseal","url":"https:\/\/www.hydroseal.ee\/lv\/","logo":{"@type":"ImageObject","inLanguage":"lv-LV","@id":"https:\/\/www.hydroseal.ee\/lv\/#\/schema\/logo\/image\/","url":"https:\/\/www.hydroseal.ee\/wp-content\/uploads\/2024\/03\/Frame-6870.svg","contentUrl":"https:\/\/www.hydroseal.ee\/wp-content\/uploads\/2024\/03\/Frame-6870.svg","width":1,"height":1,"caption":"Hydroseal"},"image":{"@id":"https:\/\/www.hydroseal.ee\/lv\/#\/schema\/logo\/image\/"},"sameAs":["https:\/\/www.facebook.com\/hydroseal.ee"]}]}},"_links":{"self":[{"href":"https:\/\/www.hydroseal.ee\/lv\/wp-json\/wp\/v2\/product\/6783","targetHints":{"allow":["GET"]}}],"collection":[{"href":"https:\/\/www.hydroseal.ee\/lv\/wp-json\/wp\/v2\/product"}],"about":[{"href":"https:\/\/www.hydroseal.ee\/lv\/wp-json\/wp\/v2\/types\/product"}],"replies":[{"embeddable":true,"href":"https:\/\/www.hydroseal.ee\/lv\/wp-json\/wp\/v2\/comments?post=6783"}],"wp:featuredmedia":[{"embeddable":true,"href":"https:\/\/www.hydroseal.ee\/lv\/wp-json\/wp\/v2\/media\/8320"}],"wp:attachment":[{"href":"https:\/\/www.hydroseal.ee\/lv\/wp-json\/wp\/v2\/media?parent=6783"}],"wp:term":[{"taxonomy":"product_brand","embeddable":true,"href":"https:\/\/www.hydroseal.ee\/lv\/wp-json\/wp\/v2\/product_brand?post=6783"},{"taxonomy":"product_cat","embeddable":true,"href":"https:\/\/www.hydroseal.ee\/lv\/wp-json\/wp\/v2\/product_cat?post=6783"},{"taxonomy":"product_tag","embeddable":true,"href":"https:\/\/www.hydroseal.ee\/lv\/wp-json\/wp\/v2\/product_tag?post=6783"}],"curies":[{"name":"wp","href":"https:\/\/api.w.org\/{rel}","templated":true}]}}