{"id":6779,"date":"2024-03-01T19:37:33","date_gmt":"2024-03-01T19:37:33","guid":{"rendered":"https:\/\/hydroseal.vdisain.dev\/toode\/geosunas\/"},"modified":"2026-02-20T14:24:52","modified_gmt":"2026-02-20T12:24:52","slug":"geosunas","status":"publish","type":"product","link":"https:\/\/www.hydroseal.ee\/lv\/produkts\/geosunas\/","title":{"rendered":"\u0122eo\u0161\u016bnas"},"content":{"rendered":"","protected":false},"excerpt":{"rendered":"<p>\u0122eo\u0161\u016bnas h=10 cm. Plat\u012bba ir 10 m\u00b2 (2\u00d75 m). Acu caurums 33\u00d728 cm. Izgatavots no 1,5 mm bieza polietil\u0113na (HDPE).<\/p>\n<p>Transport\u0113\u0161anas poz\u012bcij\u0101 \u0123eod\u0113lis ir silfonveid\u012bgs. Atv\u0113rt\u0101 veid\u0101 veidojas rombveida \u0123eoreljefi, kas tiek aizpild\u012bti ar \u0161\u0137emb\u0101m, augsni vai betonu.<\/p>\n<p>Detaliz\u0113t\u0101ku p\u0101rskatu par \u0123eo\u0161\u016bnas lieto\u0161anas iesp\u0113j\u0101m un tehniskajiem r\u0101d\u012bt\u0101jiem varat atrast <a href=\"https:\/\/www.hydroseal.ee\/lv\/vaicajiet_produktus\/geosunas\/\">produkta inform\u0101cijas lap\u0101<\/a>.<\/p>\n","protected":false},"featured_media":7155,"comment_status":"closed","ping_status":"closed","template":"","meta":{"_acf_changed":false},"product_brand":[],"product_cat":[37],"product_tag":[],"class_list":{"0":"post-6779","1":"product","2":"type-product","3":"status-publish","4":"has-post-thumbnail","6":"product_cat-pinnasekatted","8":"first","9":"instock","10":"featured","11":"shipping-taxable","12":"purchasable","13":"product-type-simple"},"acf":[],"yoast_head":"<!-- This site is optimized with the Yoast SEO plugin v27.4 - https:\/\/yoast.com\/product\/yoast-seo-wordpress\/ -->\n<title>\u0122eo\u0161\u016bnas - Hydroseal<\/title>\n<meta name=\"description\" content=\"\u0122eore\u017e\u0123i galvenok\u0101rt tiek izmantoti k\u0101 nog\u0101\u017eu stabiliz\u0101cijas materi\u0101ls. Kad silfonveid\u012bgais uzgalis tiek izvilkts, veidojas rombveida atveres, kas tiek aizpild\u012btas ar atbilsto\u0161u pildvielas materi\u0101lu.\" \/>\n<meta name=\"robots\" content=\"index, follow, max-snippet:-1, max-image-preview:large, max-video-preview:-1\" \/>\n<link rel=\"canonical\" href=\"https:\/\/www.hydroseal.ee\/lv\/produkts\/geosunas\/\" \/>\n<meta property=\"og:locale\" content=\"lv_LV\" \/>\n<meta property=\"og:type\" content=\"article\" \/>\n<meta property=\"og:title\" content=\"\u0122eo\u0161\u016bnas - Hydroseal\" \/>\n<meta property=\"og:description\" content=\"\u0122eore\u017e\u0123i galvenok\u0101rt tiek izmantoti k\u0101 nog\u0101\u017eu stabiliz\u0101cijas materi\u0101ls. Kad silfonveid\u012bgais uzgalis tiek izvilkts, veidojas rombveida atveres, kas tiek aizpild\u012btas ar atbilsto\u0161u pildvielas materi\u0101lu.\" \/>\n<meta property=\"og:url\" content=\"https:\/\/www.hydroseal.ee\/lv\/produkts\/geosunas\/\" \/>\n<meta property=\"og:site_name\" content=\"Hydroseal\" \/>\n<meta property=\"article:publisher\" content=\"https:\/\/www.facebook.com\/hydroseal.ee\" \/>\n<meta property=\"article:modified_time\" content=\"2026-02-20T12:24:52+00:00\" \/>\n<meta property=\"og:image\" content=\"https:\/\/www.hydroseal.ee\/wp-content\/uploads\/2024\/03\/tartu-umbersoit-palupohja-vonnu-008-e1711456590427.jpg\" \/>\n\t<meta property=\"og:image:width\" content=\"1600\" \/>\n\t<meta property=\"og:image:height\" content=\"1200\" \/>\n\t<meta property=\"og:image:type\" content=\"image\/jpeg\" \/>\n<meta name=\"twitter:card\" content=\"summary_large_image\" \/>\n<meta name=\"twitter:label1\" content=\"Est. reading time\" \/>\n\t<meta name=\"twitter:data1\" content=\"1 minute\" \/>\n<script type=\"application\/ld+json\" class=\"yoast-schema-graph\">{\"@context\":\"https:\\\/\\\/schema.org\",\"@graph\":[{\"@type\":\"WebPage\",\"@id\":\"https:\\\/\\\/www.hydroseal.ee\\\/lv\\\/produkts\\\/geosunas\\\/\",\"url\":\"https:\\\/\\\/www.hydroseal.ee\\\/lv\\\/produkts\\\/geosunas\\\/\",\"name\":\"\u0122eo\u0161\u016bnas - Hydroseal\",\"isPartOf\":{\"@id\":\"https:\\\/\\\/www.hydroseal.ee\\\/lv\\\/#website\"},\"primaryImageOfPage\":{\"@id\":\"https:\\\/\\\/www.hydroseal.ee\\\/lv\\\/produkts\\\/geosunas\\\/#primaryimage\"},\"image\":{\"@id\":\"https:\\\/\\\/www.hydroseal.ee\\\/lv\\\/produkts\\\/geosunas\\\/#primaryimage\"},\"thumbnailUrl\":\"https:\\\/\\\/www.hydroseal.ee\\\/wp-content\\\/uploads\\\/2024\\\/03\\\/tartu-umbersoit-palupohja-vonnu-008-e1711456590427.jpg\",\"datePublished\":\"2024-03-01T19:37:33+00:00\",\"dateModified\":\"2026-02-20T12:24:52+00:00\",\"description\":\"\u0122eore\u017e\u0123i galvenok\u0101rt tiek izmantoti k\u0101 nog\u0101\u017eu stabiliz\u0101cijas materi\u0101ls. Kad silfonveid\u012bgais uzgalis tiek izvilkts, veidojas rombveida atveres, kas tiek aizpild\u012btas ar atbilsto\u0161u pildvielas materi\u0101lu.\",\"breadcrumb\":{\"@id\":\"https:\\\/\\\/www.hydroseal.ee\\\/lv\\\/produkts\\\/geosunas\\\/#breadcrumb\"},\"inLanguage\":\"lv-LV\",\"potentialAction\":[{\"@type\":\"ReadAction\",\"target\":[\"https:\\\/\\\/www.hydroseal.ee\\\/lv\\\/produkts\\\/geosunas\\\/\"]}]},{\"@type\":\"ImageObject\",\"inLanguage\":\"lv-LV\",\"@id\":\"https:\\\/\\\/www.hydroseal.ee\\\/lv\\\/produkts\\\/geosunas\\\/#primaryimage\",\"url\":\"https:\\\/\\\/www.hydroseal.ee\\\/wp-content\\\/uploads\\\/2024\\\/03\\\/tartu-umbersoit-palupohja-vonnu-008-e1711456590427.jpg\",\"contentUrl\":\"https:\\\/\\\/www.hydroseal.ee\\\/wp-content\\\/uploads\\\/2024\\\/03\\\/tartu-umbersoit-palupohja-vonnu-008-e1711456590427.jpg\",\"width\":1600,\"height\":1200,\"caption\":\"Geok\u00e4rg\"},{\"@type\":\"BreadcrumbList\",\"@id\":\"https:\\\/\\\/www.hydroseal.ee\\\/lv\\\/produkts\\\/geosunas\\\/#breadcrumb\",\"itemListElement\":[{\"@type\":\"ListItem\",\"position\":1,\"name\":\"Home\",\"item\":\"https:\\\/\\\/www.hydroseal.ee\\\/lv\\\/\"},{\"@type\":\"ListItem\",\"position\":2,\"name\":\"E-veikals\",\"item\":\"https:\\\/\\\/www.hydroseal.ee\\\/lv\\\/e-veikals\\\/\"},{\"@type\":\"ListItem\",\"position\":3,\"name\":\"\u0122eo\u0161\u016bnas\"}]},{\"@type\":\"WebSite\",\"@id\":\"https:\\\/\\\/www.hydroseal.ee\\\/lv\\\/#website\",\"url\":\"https:\\\/\\\/www.hydroseal.ee\\\/lv\\\/\",\"name\":\"Hydroseal\",\"description\":\"Pakume kestvaid lahendusi igale geotehnilisele ja taristualasele v\u00e4ljakutsele\",\"publisher\":{\"@id\":\"https:\\\/\\\/www.hydroseal.ee\\\/lv\\\/#organization\"},\"potentialAction\":[{\"@type\":\"SearchAction\",\"target\":{\"@type\":\"EntryPoint\",\"urlTemplate\":\"https:\\\/\\\/www.hydroseal.ee\\\/lv\\\/?s={search_term_string}\"},\"query-input\":{\"@type\":\"PropertyValueSpecification\",\"valueRequired\":true,\"valueName\":\"search_term_string\"}}],\"inLanguage\":\"lv-LV\"},{\"@type\":\"Organization\",\"@id\":\"https:\\\/\\\/www.hydroseal.ee\\\/lv\\\/#organization\",\"name\":\"Hydroseal\",\"url\":\"https:\\\/\\\/www.hydroseal.ee\\\/lv\\\/\",\"logo\":{\"@type\":\"ImageObject\",\"inLanguage\":\"lv-LV\",\"@id\":\"https:\\\/\\\/www.hydroseal.ee\\\/lv\\\/#\\\/schema\\\/logo\\\/image\\\/\",\"url\":\"https:\\\/\\\/www.hydroseal.ee\\\/wp-content\\\/uploads\\\/2024\\\/03\\\/Frame-6870.svg\",\"contentUrl\":\"https:\\\/\\\/www.hydroseal.ee\\\/wp-content\\\/uploads\\\/2024\\\/03\\\/Frame-6870.svg\",\"width\":1,\"height\":1,\"caption\":\"Hydroseal\"},\"image\":{\"@id\":\"https:\\\/\\\/www.hydroseal.ee\\\/lv\\\/#\\\/schema\\\/logo\\\/image\\\/\"},\"sameAs\":[\"https:\\\/\\\/www.facebook.com\\\/hydroseal.ee\"]}]}<\/script>\n<!-- \/ Yoast SEO plugin. -->","yoast_head_json":{"title":"\u0122eo\u0161\u016bnas - Hydroseal","description":"\u0122eore\u017e\u0123i galvenok\u0101rt tiek izmantoti k\u0101 nog\u0101\u017eu stabiliz\u0101cijas materi\u0101ls. Kad silfonveid\u012bgais uzgalis tiek izvilkts, veidojas rombveida atveres, kas tiek aizpild\u012btas ar atbilsto\u0161u pildvielas materi\u0101lu.","robots":{"index":"index","follow":"follow","max-snippet":"max-snippet:-1","max-image-preview":"max-image-preview:large","max-video-preview":"max-video-preview:-1"},"canonical":"https:\/\/www.hydroseal.ee\/lv\/produkts\/geosunas\/","og_locale":"lv_LV","og_type":"article","og_title":"\u0122eo\u0161\u016bnas - Hydroseal","og_description":"\u0122eore\u017e\u0123i galvenok\u0101rt tiek izmantoti k\u0101 nog\u0101\u017eu stabiliz\u0101cijas materi\u0101ls. Kad silfonveid\u012bgais uzgalis tiek izvilkts, veidojas rombveida atveres, kas tiek aizpild\u012btas ar atbilsto\u0161u pildvielas materi\u0101lu.","og_url":"https:\/\/www.hydroseal.ee\/lv\/produkts\/geosunas\/","og_site_name":"Hydroseal","article_publisher":"https:\/\/www.facebook.com\/hydroseal.ee","article_modified_time":"2026-02-20T12:24:52+00:00","og_image":[{"width":1600,"height":1200,"url":"https:\/\/www.hydroseal.ee\/wp-content\/uploads\/2024\/03\/tartu-umbersoit-palupohja-vonnu-008-e1711456590427.jpg","type":"image\/jpeg"}],"twitter_card":"summary_large_image","twitter_misc":{"Est. reading time":"1 minute"},"schema":{"@context":"https:\/\/schema.org","@graph":[{"@type":"WebPage","@id":"https:\/\/www.hydroseal.ee\/lv\/produkts\/geosunas\/","url":"https:\/\/www.hydroseal.ee\/lv\/produkts\/geosunas\/","name":"\u0122eo\u0161\u016bnas - Hydroseal","isPartOf":{"@id":"https:\/\/www.hydroseal.ee\/lv\/#website"},"primaryImageOfPage":{"@id":"https:\/\/www.hydroseal.ee\/lv\/produkts\/geosunas\/#primaryimage"},"image":{"@id":"https:\/\/www.hydroseal.ee\/lv\/produkts\/geosunas\/#primaryimage"},"thumbnailUrl":"https:\/\/www.hydroseal.ee\/wp-content\/uploads\/2024\/03\/tartu-umbersoit-palupohja-vonnu-008-e1711456590427.jpg","datePublished":"2024-03-01T19:37:33+00:00","dateModified":"2026-02-20T12:24:52+00:00","description":"\u0122eore\u017e\u0123i galvenok\u0101rt tiek izmantoti k\u0101 nog\u0101\u017eu stabiliz\u0101cijas materi\u0101ls. Kad silfonveid\u012bgais uzgalis tiek izvilkts, veidojas rombveida atveres, kas tiek aizpild\u012btas ar atbilsto\u0161u pildvielas materi\u0101lu.","breadcrumb":{"@id":"https:\/\/www.hydroseal.ee\/lv\/produkts\/geosunas\/#breadcrumb"},"inLanguage":"lv-LV","potentialAction":[{"@type":"ReadAction","target":["https:\/\/www.hydroseal.ee\/lv\/produkts\/geosunas\/"]}]},{"@type":"ImageObject","inLanguage":"lv-LV","@id":"https:\/\/www.hydroseal.ee\/lv\/produkts\/geosunas\/#primaryimage","url":"https:\/\/www.hydroseal.ee\/wp-content\/uploads\/2024\/03\/tartu-umbersoit-palupohja-vonnu-008-e1711456590427.jpg","contentUrl":"https:\/\/www.hydroseal.ee\/wp-content\/uploads\/2024\/03\/tartu-umbersoit-palupohja-vonnu-008-e1711456590427.jpg","width":1600,"height":1200,"caption":"Geok\u00e4rg"},{"@type":"BreadcrumbList","@id":"https:\/\/www.hydroseal.ee\/lv\/produkts\/geosunas\/#breadcrumb","itemListElement":[{"@type":"ListItem","position":1,"name":"Home","item":"https:\/\/www.hydroseal.ee\/lv\/"},{"@type":"ListItem","position":2,"name":"E-veikals","item":"https:\/\/www.hydroseal.ee\/lv\/e-veikals\/"},{"@type":"ListItem","position":3,"name":"\u0122eo\u0161\u016bnas"}]},{"@type":"WebSite","@id":"https:\/\/www.hydroseal.ee\/lv\/#website","url":"https:\/\/www.hydroseal.ee\/lv\/","name":"Hydroseal","description":"Pakume kestvaid lahendusi igale geotehnilisele ja taristualasele v\u00e4ljakutsele","publisher":{"@id":"https:\/\/www.hydroseal.ee\/lv\/#organization"},"potentialAction":[{"@type":"SearchAction","target":{"@type":"EntryPoint","urlTemplate":"https:\/\/www.hydroseal.ee\/lv\/?s={search_term_string}"},"query-input":{"@type":"PropertyValueSpecification","valueRequired":true,"valueName":"search_term_string"}}],"inLanguage":"lv-LV"},{"@type":"Organization","@id":"https:\/\/www.hydroseal.ee\/lv\/#organization","name":"Hydroseal","url":"https:\/\/www.hydroseal.ee\/lv\/","logo":{"@type":"ImageObject","inLanguage":"lv-LV","@id":"https:\/\/www.hydroseal.ee\/lv\/#\/schema\/logo\/image\/","url":"https:\/\/www.hydroseal.ee\/wp-content\/uploads\/2024\/03\/Frame-6870.svg","contentUrl":"https:\/\/www.hydroseal.ee\/wp-content\/uploads\/2024\/03\/Frame-6870.svg","width":1,"height":1,"caption":"Hydroseal"},"image":{"@id":"https:\/\/www.hydroseal.ee\/lv\/#\/schema\/logo\/image\/"},"sameAs":["https:\/\/www.facebook.com\/hydroseal.ee"]}]}},"_links":{"self":[{"href":"https:\/\/www.hydroseal.ee\/lv\/wp-json\/wp\/v2\/product\/6779","targetHints":{"allow":["GET"]}}],"collection":[{"href":"https:\/\/www.hydroseal.ee\/lv\/wp-json\/wp\/v2\/product"}],"about":[{"href":"https:\/\/www.hydroseal.ee\/lv\/wp-json\/wp\/v2\/types\/product"}],"replies":[{"embeddable":true,"href":"https:\/\/www.hydroseal.ee\/lv\/wp-json\/wp\/v2\/comments?post=6779"}],"wp:featuredmedia":[{"embeddable":true,"href":"https:\/\/www.hydroseal.ee\/lv\/wp-json\/wp\/v2\/media\/7155"}],"wp:attachment":[{"href":"https:\/\/www.hydroseal.ee\/lv\/wp-json\/wp\/v2\/media?parent=6779"}],"wp:term":[{"taxonomy":"product_brand","embeddable":true,"href":"https:\/\/www.hydroseal.ee\/lv\/wp-json\/wp\/v2\/product_brand?post=6779"},{"taxonomy":"product_cat","embeddable":true,"href":"https:\/\/www.hydroseal.ee\/lv\/wp-json\/wp\/v2\/product_cat?post=6779"},{"taxonomy":"product_tag","embeddable":true,"href":"https:\/\/www.hydroseal.ee\/lv\/wp-json\/wp\/v2\/product_tag?post=6779"}],"curies":[{"name":"wp","href":"https:\/\/api.w.org\/{rel}","templated":true}]}}