{"id":6774,"date":"2024-03-04T12:27:35","date_gmt":"2024-03-04T10:27:35","guid":{"rendered":"https:\/\/hydroseal.vdisain.dev\/toode\/nodibinajumi-2\/"},"modified":"2024-05-07T13:16:38","modified_gmt":"2024-05-07T13:16:38","slug":"pamatu-membrana-15x20","status":"publish","type":"product","link":"https:\/\/www.hydroseal.ee\/lv\/produkts\/pamatu-membrana-15x20\/","title":{"rendered":"Pamatu membr\u0101na 1,5&#215;20"},"content":{"rendered":"","protected":false},"excerpt":{"rendered":"<p>Pamatu membr\u0101na ir paredz\u0113ti \u0113kas pamatu hidroizol\u0101cijai, k\u0101 ar\u012b vis\u0101m pazemes betona konstrukcij\u0101m. Papildus pamatu vai pagraba sienas aizsardz\u012bbai pret \u0101r\u0113jiem grunts\u016bde\u0146iem\/skalo\u0161anos tiek nodro\u0161in\u0101ta ar\u012b kondens\u0101ta novad\u012b\u0161ana no \u0113kas iek\u0161puses.<\/p>\n<p><strong>Tehniskie dati<\/strong><\/p>\n<p>Materi\u0101ls: augsta bl\u012bvuma polietil\u0113ns; kr\u0101sa: melna<br \/>\nStrukt\u016bra: specializ\u0113ta milara strukt\u016bra<br \/>\nUzgrie\u017e\u0146a augstums: 8 mm<br \/>\nSvars: 400 g\/m\u00b2<br \/>\nSpiedes sp\u0113ks: \u2265150 kN\/m\u00b2<\/p>\n<p><strong>Lieto\u0161anas vietas<\/strong><\/p>\n<p>&#8211; \u0113ku pamati<br \/>\n&#8211; betona gr\u012bdas uz augsnes<br \/>\n&#8211; pagraba sienas<br \/>\n&#8211; atbalsta sienas<br \/>\n&#8211; da\u017e\u0101das pazemes \u0113kas (piem\u0113ram, autost\u0101vvietas, tune\u013ci)<\/p>\n<p>Pamatu jumtu galvenok\u0101rt izmanto konstrukcij\u0101s, kur\u0101s paredzamais novad\u0101m\u0101 kondens\u0101ta daudzums nav \u012bpa\u0161i liels (t. i., norm\u0101la situ\u0101cija) un kur ap pamatu, pagraba sienu vai atbalsta sienu eso\u0161\u0101 grunts \u013cauj norm\u0101li filtr\u0113t virszemes \u016bdeni.<\/p>\n<p><strong>Uzst\u0101d\u012b\u0161ana<\/strong><\/p>\n<p>Membr\u0101nas uzst\u0101d\u012b\u0161anas instrukcijas var atrast produkta <a href=\"https:\/\/www.hydroseal.ee\/lv\/vaicajiet_produktus\/pamatu-membrana\/\">inform\u0101cijas lap\u0101<\/a>.<\/p>\n<p><em>Ja v\u0113laties pas\u016bt\u012bt piederumus pamatnes jumta mont\u0101\u017eai, l\u016bdzu, atst\u0101jiet savu piepras\u012bjumu koment\u0101ru lauk\u0101, veicot pirkumu tie\u0161saistes veikal\u0101.<\/em><\/p>\n<ul>\n<li><em>Naglu un papl\u0101ksnes stiprin\u0101\u0161ana (100 gab\/kartona) \u2013 15,25 \u20ac\/kartona<br \/>\n<\/em><\/li>\n<li><em>Aug\u0161malas sloksne (2 metru garum\u0101) \u2013 4,60 \u20ac\/gab<br \/>\n<\/em><\/li>\n<li><em>Divpus\u0113ja butila lente (25 jm rull\u012b) &#8211; 21,50 \u20ac\/rullis<\/em><\/li>\n<\/ul>\n","protected":false},"featured_media":5794,"comment_status":"closed","ping_status":"closed","template":"","meta":{"_acf_changed":false},"product_brand":[],"product_cat":[39],"product_tag":[],"class_list":{"0":"post-6774","1":"product","2":"type-product","3":"status-publish","4":"has-post-thumbnail","6":"product_cat-hudroisolatsioon","8":"first","9":"instock","10":"sale","11":"featured","12":"shipping-taxable","13":"purchasable","14":"product-type-simple"},"acf":[],"yoast_head":"<!-- This site is optimized with the Yoast SEO plugin v27.4 - https:\/\/yoast.com\/product\/yoast-seo-wordpress\/ -->\n<title>Pamatu membr\u0101na 1,5x20 - Hydroseal<\/title>\n<meta name=\"description\" content=\"Pamatu membr\u0101na ir paredz\u0113ti \u0113kas pamatu hidroizol\u0101cijai, k\u0101 ar\u012b vis\u0101m pazemes betona konstrukcij\u0101m.\" \/>\n<meta name=\"robots\" content=\"index, follow, max-snippet:-1, max-image-preview:large, max-video-preview:-1\" \/>\n<link rel=\"canonical\" href=\"https:\/\/www.hydroseal.ee\/lv\/produkts\/pamatu-membrana-15x20\/\" \/>\n<meta property=\"og:locale\" content=\"lv_LV\" \/>\n<meta property=\"og:type\" content=\"article\" \/>\n<meta property=\"og:title\" content=\"Pamatu membr\u0101na 1,5x20 - Hydroseal\" \/>\n<meta property=\"og:description\" content=\"Pamatu membr\u0101na ir paredz\u0113ti \u0113kas pamatu hidroizol\u0101cijai, k\u0101 ar\u012b vis\u0101m pazemes betona konstrukcij\u0101m.\" \/>\n<meta property=\"og:url\" content=\"https:\/\/www.hydroseal.ee\/lv\/produkts\/pamatu-membrana-15x20\/\" \/>\n<meta property=\"og:site_name\" content=\"Hydroseal\" \/>\n<meta property=\"article:publisher\" content=\"https:\/\/www.facebook.com\/hydroseal.ee\" \/>\n<meta property=\"article:modified_time\" content=\"2024-05-07T13:16:38+00:00\" \/>\n<meta property=\"og:image\" content=\"https:\/\/www.hydroseal.ee\/wp-content\/uploads\/2024\/02\/4508ed12dde4a7053ed580930002587b.png\" \/>\n\t<meta property=\"og:image:width\" content=\"470\" \/>\n\t<meta property=\"og:image:height\" content=\"704\" \/>\n\t<meta property=\"og:image:type\" content=\"image\/png\" \/>\n<meta name=\"twitter:card\" content=\"summary_large_image\" \/>\n<meta name=\"twitter:label1\" content=\"Est. reading time\" \/>\n\t<meta name=\"twitter:data1\" content=\"1 minute\" \/>\n<script type=\"application\/ld+json\" class=\"yoast-schema-graph\">{\"@context\":\"https:\\\/\\\/schema.org\",\"@graph\":[{\"@type\":\"WebPage\",\"@id\":\"https:\\\/\\\/www.hydroseal.ee\\\/lv\\\/produkts\\\/pamatu-membrana-15x20\\\/\",\"url\":\"https:\\\/\\\/www.hydroseal.ee\\\/lv\\\/produkts\\\/pamatu-membrana-15x20\\\/\",\"name\":\"Pamatu membr\u0101na 1,5x20 - Hydroseal\",\"isPartOf\":{\"@id\":\"https:\\\/\\\/www.hydroseal.ee\\\/lv\\\/#website\"},\"primaryImageOfPage\":{\"@id\":\"https:\\\/\\\/www.hydroseal.ee\\\/lv\\\/produkts\\\/pamatu-membrana-15x20\\\/#primaryimage\"},\"image\":{\"@id\":\"https:\\\/\\\/www.hydroseal.ee\\\/lv\\\/produkts\\\/pamatu-membrana-15x20\\\/#primaryimage\"},\"thumbnailUrl\":\"https:\\\/\\\/www.hydroseal.ee\\\/wp-content\\\/uploads\\\/2024\\\/02\\\/4508ed12dde4a7053ed580930002587b.png\",\"datePublished\":\"2024-03-04T10:27:35+00:00\",\"dateModified\":\"2024-05-07T13:16:38+00:00\",\"description\":\"Pamatu membr\u0101na ir paredz\u0113ti \u0113kas pamatu hidroizol\u0101cijai, k\u0101 ar\u012b vis\u0101m pazemes betona konstrukcij\u0101m.\",\"breadcrumb\":{\"@id\":\"https:\\\/\\\/www.hydroseal.ee\\\/lv\\\/produkts\\\/pamatu-membrana-15x20\\\/#breadcrumb\"},\"inLanguage\":\"lv-LV\",\"potentialAction\":[{\"@type\":\"ReadAction\",\"target\":[\"https:\\\/\\\/www.hydroseal.ee\\\/lv\\\/produkts\\\/pamatu-membrana-15x20\\\/\"]}]},{\"@type\":\"ImageObject\",\"inLanguage\":\"lv-LV\",\"@id\":\"https:\\\/\\\/www.hydroseal.ee\\\/lv\\\/produkts\\\/pamatu-membrana-15x20\\\/#primaryimage\",\"url\":\"https:\\\/\\\/www.hydroseal.ee\\\/wp-content\\\/uploads\\\/2024\\\/02\\\/4508ed12dde4a7053ed580930002587b.png\",\"contentUrl\":\"https:\\\/\\\/www.hydroseal.ee\\\/wp-content\\\/uploads\\\/2024\\\/02\\\/4508ed12dde4a7053ed580930002587b.png\",\"width\":470,\"height\":704},{\"@type\":\"BreadcrumbList\",\"@id\":\"https:\\\/\\\/www.hydroseal.ee\\\/lv\\\/produkts\\\/pamatu-membrana-15x20\\\/#breadcrumb\",\"itemListElement\":[{\"@type\":\"ListItem\",\"position\":1,\"name\":\"Home\",\"item\":\"https:\\\/\\\/www.hydroseal.ee\\\/lv\\\/\"},{\"@type\":\"ListItem\",\"position\":2,\"name\":\"E-veikals\",\"item\":\"https:\\\/\\\/www.hydroseal.ee\\\/lv\\\/e-veikals\\\/\"},{\"@type\":\"ListItem\",\"position\":3,\"name\":\"Pamatu membr\u0101na 1,5&#215;20\"}]},{\"@type\":\"WebSite\",\"@id\":\"https:\\\/\\\/www.hydroseal.ee\\\/lv\\\/#website\",\"url\":\"https:\\\/\\\/www.hydroseal.ee\\\/lv\\\/\",\"name\":\"Hydroseal\",\"description\":\"Pakume kestvaid lahendusi igale geotehnilisele ja taristualasele v\u00e4ljakutsele\",\"publisher\":{\"@id\":\"https:\\\/\\\/www.hydroseal.ee\\\/lv\\\/#organization\"},\"potentialAction\":[{\"@type\":\"SearchAction\",\"target\":{\"@type\":\"EntryPoint\",\"urlTemplate\":\"https:\\\/\\\/www.hydroseal.ee\\\/lv\\\/?s={search_term_string}\"},\"query-input\":{\"@type\":\"PropertyValueSpecification\",\"valueRequired\":true,\"valueName\":\"search_term_string\"}}],\"inLanguage\":\"lv-LV\"},{\"@type\":\"Organization\",\"@id\":\"https:\\\/\\\/www.hydroseal.ee\\\/lv\\\/#organization\",\"name\":\"Hydroseal\",\"url\":\"https:\\\/\\\/www.hydroseal.ee\\\/lv\\\/\",\"logo\":{\"@type\":\"ImageObject\",\"inLanguage\":\"lv-LV\",\"@id\":\"https:\\\/\\\/www.hydroseal.ee\\\/lv\\\/#\\\/schema\\\/logo\\\/image\\\/\",\"url\":\"https:\\\/\\\/www.hydroseal.ee\\\/wp-content\\\/uploads\\\/2024\\\/03\\\/Frame-6870.svg\",\"contentUrl\":\"https:\\\/\\\/www.hydroseal.ee\\\/wp-content\\\/uploads\\\/2024\\\/03\\\/Frame-6870.svg\",\"width\":1,\"height\":1,\"caption\":\"Hydroseal\"},\"image\":{\"@id\":\"https:\\\/\\\/www.hydroseal.ee\\\/lv\\\/#\\\/schema\\\/logo\\\/image\\\/\"},\"sameAs\":[\"https:\\\/\\\/www.facebook.com\\\/hydroseal.ee\"]}]}<\/script>\n<!-- \/ Yoast SEO plugin. -->","yoast_head_json":{"title":"Pamatu membr\u0101na 1,5x20 - Hydroseal","description":"Pamatu membr\u0101na ir paredz\u0113ti \u0113kas pamatu hidroizol\u0101cijai, k\u0101 ar\u012b vis\u0101m pazemes betona konstrukcij\u0101m.","robots":{"index":"index","follow":"follow","max-snippet":"max-snippet:-1","max-image-preview":"max-image-preview:large","max-video-preview":"max-video-preview:-1"},"canonical":"https:\/\/www.hydroseal.ee\/lv\/produkts\/pamatu-membrana-15x20\/","og_locale":"lv_LV","og_type":"article","og_title":"Pamatu membr\u0101na 1,5x20 - Hydroseal","og_description":"Pamatu membr\u0101na ir paredz\u0113ti \u0113kas pamatu hidroizol\u0101cijai, k\u0101 ar\u012b vis\u0101m pazemes betona konstrukcij\u0101m.","og_url":"https:\/\/www.hydroseal.ee\/lv\/produkts\/pamatu-membrana-15x20\/","og_site_name":"Hydroseal","article_publisher":"https:\/\/www.facebook.com\/hydroseal.ee","article_modified_time":"2024-05-07T13:16:38+00:00","og_image":[{"width":470,"height":704,"url":"https:\/\/www.hydroseal.ee\/wp-content\/uploads\/2024\/02\/4508ed12dde4a7053ed580930002587b.png","type":"image\/png"}],"twitter_card":"summary_large_image","twitter_misc":{"Est. reading time":"1 minute"},"schema":{"@context":"https:\/\/schema.org","@graph":[{"@type":"WebPage","@id":"https:\/\/www.hydroseal.ee\/lv\/produkts\/pamatu-membrana-15x20\/","url":"https:\/\/www.hydroseal.ee\/lv\/produkts\/pamatu-membrana-15x20\/","name":"Pamatu membr\u0101na 1,5x20 - Hydroseal","isPartOf":{"@id":"https:\/\/www.hydroseal.ee\/lv\/#website"},"primaryImageOfPage":{"@id":"https:\/\/www.hydroseal.ee\/lv\/produkts\/pamatu-membrana-15x20\/#primaryimage"},"image":{"@id":"https:\/\/www.hydroseal.ee\/lv\/produkts\/pamatu-membrana-15x20\/#primaryimage"},"thumbnailUrl":"https:\/\/www.hydroseal.ee\/wp-content\/uploads\/2024\/02\/4508ed12dde4a7053ed580930002587b.png","datePublished":"2024-03-04T10:27:35+00:00","dateModified":"2024-05-07T13:16:38+00:00","description":"Pamatu membr\u0101na ir paredz\u0113ti \u0113kas pamatu hidroizol\u0101cijai, k\u0101 ar\u012b vis\u0101m pazemes betona konstrukcij\u0101m.","breadcrumb":{"@id":"https:\/\/www.hydroseal.ee\/lv\/produkts\/pamatu-membrana-15x20\/#breadcrumb"},"inLanguage":"lv-LV","potentialAction":[{"@type":"ReadAction","target":["https:\/\/www.hydroseal.ee\/lv\/produkts\/pamatu-membrana-15x20\/"]}]},{"@type":"ImageObject","inLanguage":"lv-LV","@id":"https:\/\/www.hydroseal.ee\/lv\/produkts\/pamatu-membrana-15x20\/#primaryimage","url":"https:\/\/www.hydroseal.ee\/wp-content\/uploads\/2024\/02\/4508ed12dde4a7053ed580930002587b.png","contentUrl":"https:\/\/www.hydroseal.ee\/wp-content\/uploads\/2024\/02\/4508ed12dde4a7053ed580930002587b.png","width":470,"height":704},{"@type":"BreadcrumbList","@id":"https:\/\/www.hydroseal.ee\/lv\/produkts\/pamatu-membrana-15x20\/#breadcrumb","itemListElement":[{"@type":"ListItem","position":1,"name":"Home","item":"https:\/\/www.hydroseal.ee\/lv\/"},{"@type":"ListItem","position":2,"name":"E-veikals","item":"https:\/\/www.hydroseal.ee\/lv\/e-veikals\/"},{"@type":"ListItem","position":3,"name":"Pamatu membr\u0101na 1,5&#215;20"}]},{"@type":"WebSite","@id":"https:\/\/www.hydroseal.ee\/lv\/#website","url":"https:\/\/www.hydroseal.ee\/lv\/","name":"Hydroseal","description":"Pakume kestvaid lahendusi igale geotehnilisele ja taristualasele v\u00e4ljakutsele","publisher":{"@id":"https:\/\/www.hydroseal.ee\/lv\/#organization"},"potentialAction":[{"@type":"SearchAction","target":{"@type":"EntryPoint","urlTemplate":"https:\/\/www.hydroseal.ee\/lv\/?s={search_term_string}"},"query-input":{"@type":"PropertyValueSpecification","valueRequired":true,"valueName":"search_term_string"}}],"inLanguage":"lv-LV"},{"@type":"Organization","@id":"https:\/\/www.hydroseal.ee\/lv\/#organization","name":"Hydroseal","url":"https:\/\/www.hydroseal.ee\/lv\/","logo":{"@type":"ImageObject","inLanguage":"lv-LV","@id":"https:\/\/www.hydroseal.ee\/lv\/#\/schema\/logo\/image\/","url":"https:\/\/www.hydroseal.ee\/wp-content\/uploads\/2024\/03\/Frame-6870.svg","contentUrl":"https:\/\/www.hydroseal.ee\/wp-content\/uploads\/2024\/03\/Frame-6870.svg","width":1,"height":1,"caption":"Hydroseal"},"image":{"@id":"https:\/\/www.hydroseal.ee\/lv\/#\/schema\/logo\/image\/"},"sameAs":["https:\/\/www.facebook.com\/hydroseal.ee"]}]}},"_links":{"self":[{"href":"https:\/\/www.hydroseal.ee\/lv\/wp-json\/wp\/v2\/product\/6774","targetHints":{"allow":["GET"]}}],"collection":[{"href":"https:\/\/www.hydroseal.ee\/lv\/wp-json\/wp\/v2\/product"}],"about":[{"href":"https:\/\/www.hydroseal.ee\/lv\/wp-json\/wp\/v2\/types\/product"}],"replies":[{"embeddable":true,"href":"https:\/\/www.hydroseal.ee\/lv\/wp-json\/wp\/v2\/comments?post=6774"}],"wp:featuredmedia":[{"embeddable":true,"href":"https:\/\/www.hydroseal.ee\/lv\/wp-json\/wp\/v2\/media\/5794"}],"wp:attachment":[{"href":"https:\/\/www.hydroseal.ee\/lv\/wp-json\/wp\/v2\/media?parent=6774"}],"wp:term":[{"taxonomy":"product_brand","embeddable":true,"href":"https:\/\/www.hydroseal.ee\/lv\/wp-json\/wp\/v2\/product_brand?post=6774"},{"taxonomy":"product_cat","embeddable":true,"href":"https:\/\/www.hydroseal.ee\/lv\/wp-json\/wp\/v2\/product_cat?post=6774"},{"taxonomy":"product_tag","embeddable":true,"href":"https:\/\/www.hydroseal.ee\/lv\/wp-json\/wp\/v2\/product_tag?post=6774"}],"curies":[{"name":"wp","href":"https:\/\/api.w.org\/{rel}","templated":true}]}}