{"id":6745,"date":"2024-03-04T12:40:17","date_gmt":"2024-03-04T10:40:17","guid":{"rendered":"https:\/\/hydroseal.vdisain.dev\/toode\/erozijas-barjeras-paklajs-ar-siena-seklam\/"},"modified":"2024-04-26T07:49:03","modified_gmt":"2024-04-26T07:49:03","slug":"vilnas-erozijas-kontroles-paklaji","status":"publish","type":"product","link":"https:\/\/www.hydroseal.ee\/lv\/produkts\/vilnas-erozijas-kontroles-paklaji\/","title":{"rendered":"Vilnas erozijas kontroles pakl\u0101ji"},"content":{"rendered":"","protected":false},"excerpt":{"rendered":"<p>Biolo\u0123iski no\u0101rd\u0101m\u0101 aitas vilnas erozijas kontroles pakl\u0101ja platums ir 2,4 metri, un ru\u013c\u013ca garums ir 150 line\u0101rie metri. Cen\u0101 iek\u013cauts \u012bpa\u0161i \u0161im produktam izstr\u0101d\u0101ts siena s\u0113klu mais\u012bjums (10 kg mais\u0101).<\/p>\n<p>Erozijas iztur\u012bgs pakl\u0101js ir izgatavots no 100% vilnas \u0161\u0137iedr\u0101m, kas ir meh\u0101niski savienotas kop\u0101 ar termisko apstr\u0101di. Tas ir dab\u012bgs produkts, neizmantojot sint\u0113tiskos sieta pavedienus vai citas saistvielas. Pakl\u0101js ir biolo\u0123iski no\u0101rd\u0101ms un piln\u012bb\u0101 kompost\u0113jas 2 gadu laik\u0101, neatst\u0101jot augsn\u0113 mikroplastmasu.<\/p>\n<p>Erozijas kontroles pakl\u0101js nodro\u0161ina aizsardz\u012bbu pret lietus, v\u0113ja un \u016bdens eroziju uzreiz p\u0113c uzst\u0101d\u012b\u0161anas. Matt veicina ve\u0123et\u0101cijas aug\u0161anu, uztur augsnes mitruma saturu un pak\u0101peniski atgrie\u017e organisk\u0101s vielas augsn\u0113.<\/p>\n<p>Vair\u0101k par erozijas kontroles pakl\u0101jiem var izlas\u012bt <a href=\"https:\/\/www.hydroseal.ee\/lv\/vaicajiet_produktus\/erozijas-inhibitori\/\">produkta buklet\u0101<\/a>, kur atrad\u012bsiet ar\u012b noder\u012bgus padomus par to, kas j\u0101\u0146em v\u0113r\u0101, ier\u012bkojot pakl\u0101jus.<\/p>\n<p><em>Pakl\u0101ja nostiprin\u0101\u0161anai ir iesp\u0113jams ieg\u0101d\u0101ties U-veida met\u0101la skavas, 250 gab.\/kast\u0113. Vienas kastes cena ir 54,90 \u20ac. Lai ieg\u0101d\u0101tos skavas, pierakstiet savu piepras\u012bjumu koment\u0101ru lodzi\u0146\u0101, kad izrakst\u0101ties.<\/em><\/p>\n<p>Viena ru\u013c\u013ca transport\u0113\u0161ana ar kurjeru Igaunijas kontinent\u0101l\u0101s da\u013cas robe\u017e\u0101s 35 eiro. Vair\u0101ku ru\u013c\u013cu gad\u012bjum\u0101 cenu apr\u0113\u0137in\u0101s klientu apkalpo\u0161anas p\u0101rst\u0101vis.<\/p>\n","protected":false},"featured_media":6301,"comment_status":"closed","ping_status":"closed","template":"","meta":{"_acf_changed":false},"product_brand":[],"product_cat":[37],"product_tag":[],"class_list":{"0":"post-6745","1":"product","2":"type-product","3":"status-publish","4":"has-post-thumbnail","6":"product_cat-pinnasekatted","8":"first","9":"instock","10":"shipping-taxable","11":"purchasable","12":"product-type-simple"},"acf":[],"yoast_head":"<!-- This site is optimized with the Yoast SEO plugin v27.4 - https:\/\/yoast.com\/product\/yoast-seo-wordpress\/ -->\n<title>Vilnas erozijas kontroles pakl\u0101ji - Hydroseal<\/title>\n<meta name=\"description\" content=\"Preterozijas pakl\u0101js nodro\u0161ina aizsardz\u012bbu pret lietus, v\u0113ja un \u016bdens eroziju. Pakl\u0101ji\u0146\u0161 veicina ve\u0123et\u0101cijas aug\u0161anu un uztur augsnes mitruma saturu.\" \/>\n<meta name=\"robots\" content=\"index, follow, max-snippet:-1, max-image-preview:large, max-video-preview:-1\" \/>\n<link rel=\"canonical\" href=\"https:\/\/www.hydroseal.ee\/lv\/produkts\/vilnas-erozijas-kontroles-paklaji\/\" \/>\n<meta property=\"og:locale\" content=\"lv_LV\" \/>\n<meta property=\"og:type\" content=\"article\" \/>\n<meta property=\"og:title\" content=\"Vilnas erozijas kontroles pakl\u0101ji - Hydroseal\" \/>\n<meta property=\"og:description\" content=\"Preterozijas pakl\u0101js nodro\u0161ina aizsardz\u012bbu pret lietus, v\u0113ja un \u016bdens eroziju. Pakl\u0101ji\u0146\u0161 veicina ve\u0123et\u0101cijas aug\u0161anu un uztur augsnes mitruma saturu.\" \/>\n<meta property=\"og:url\" content=\"https:\/\/www.hydroseal.ee\/lv\/produkts\/vilnas-erozijas-kontroles-paklaji\/\" \/>\n<meta property=\"og:site_name\" content=\"Hydroseal\" \/>\n<meta property=\"article:publisher\" content=\"https:\/\/www.facebook.com\/hydroseal.ee\" \/>\n<meta property=\"article:modified_time\" content=\"2024-04-26T07:49:03+00:00\" \/>\n<meta property=\"og:image\" content=\"https:\/\/www.hydroseal.ee\/wp-content\/uploads\/2024\/03\/Villamatt2-scaled-1.webp\" \/>\n\t<meta property=\"og:image:width\" content=\"1000\" \/>\n\t<meta property=\"og:image:height\" content=\"750\" \/>\n\t<meta property=\"og:image:type\" content=\"image\/webp\" \/>\n<meta name=\"twitter:card\" content=\"summary_large_image\" \/>\n<meta name=\"twitter:label1\" content=\"Est. reading time\" \/>\n\t<meta name=\"twitter:data1\" content=\"1 minute\" \/>\n<script type=\"application\/ld+json\" class=\"yoast-schema-graph\">{\"@context\":\"https:\\\/\\\/schema.org\",\"@graph\":[{\"@type\":\"WebPage\",\"@id\":\"https:\\\/\\\/www.hydroseal.ee\\\/lv\\\/produkts\\\/vilnas-erozijas-kontroles-paklaji\\\/\",\"url\":\"https:\\\/\\\/www.hydroseal.ee\\\/lv\\\/produkts\\\/vilnas-erozijas-kontroles-paklaji\\\/\",\"name\":\"Vilnas erozijas kontroles pakl\u0101ji - Hydroseal\",\"isPartOf\":{\"@id\":\"https:\\\/\\\/www.hydroseal.ee\\\/lv\\\/#website\"},\"primaryImageOfPage\":{\"@id\":\"https:\\\/\\\/www.hydroseal.ee\\\/lv\\\/produkts\\\/vilnas-erozijas-kontroles-paklaji\\\/#primaryimage\"},\"image\":{\"@id\":\"https:\\\/\\\/www.hydroseal.ee\\\/lv\\\/produkts\\\/vilnas-erozijas-kontroles-paklaji\\\/#primaryimage\"},\"thumbnailUrl\":\"https:\\\/\\\/www.hydroseal.ee\\\/wp-content\\\/uploads\\\/2024\\\/03\\\/Villamatt2-scaled-1.webp\",\"datePublished\":\"2024-03-04T10:40:17+00:00\",\"dateModified\":\"2024-04-26T07:49:03+00:00\",\"description\":\"Preterozijas pakl\u0101js nodro\u0161ina aizsardz\u012bbu pret lietus, v\u0113ja un \u016bdens eroziju. Pakl\u0101ji\u0146\u0161 veicina ve\u0123et\u0101cijas aug\u0161anu un uztur augsnes mitruma saturu.\",\"breadcrumb\":{\"@id\":\"https:\\\/\\\/www.hydroseal.ee\\\/lv\\\/produkts\\\/vilnas-erozijas-kontroles-paklaji\\\/#breadcrumb\"},\"inLanguage\":\"lv-LV\",\"potentialAction\":[{\"@type\":\"ReadAction\",\"target\":[\"https:\\\/\\\/www.hydroseal.ee\\\/lv\\\/produkts\\\/vilnas-erozijas-kontroles-paklaji\\\/\"]}]},{\"@type\":\"ImageObject\",\"inLanguage\":\"lv-LV\",\"@id\":\"https:\\\/\\\/www.hydroseal.ee\\\/lv\\\/produkts\\\/vilnas-erozijas-kontroles-paklaji\\\/#primaryimage\",\"url\":\"https:\\\/\\\/www.hydroseal.ee\\\/wp-content\\\/uploads\\\/2024\\\/03\\\/Villamatt2-scaled-1.webp\",\"contentUrl\":\"https:\\\/\\\/www.hydroseal.ee\\\/wp-content\\\/uploads\\\/2024\\\/03\\\/Villamatt2-scaled-1.webp\",\"width\":1000,\"height\":750,\"caption\":\"Villamatt\"},{\"@type\":\"BreadcrumbList\",\"@id\":\"https:\\\/\\\/www.hydroseal.ee\\\/lv\\\/produkts\\\/vilnas-erozijas-kontroles-paklaji\\\/#breadcrumb\",\"itemListElement\":[{\"@type\":\"ListItem\",\"position\":1,\"name\":\"Home\",\"item\":\"https:\\\/\\\/www.hydroseal.ee\\\/lv\\\/\"},{\"@type\":\"ListItem\",\"position\":2,\"name\":\"E-veikals\",\"item\":\"https:\\\/\\\/www.hydroseal.ee\\\/lv\\\/e-veikals\\\/\"},{\"@type\":\"ListItem\",\"position\":3,\"name\":\"Vilnas erozijas kontroles pakl\u0101ji\"}]},{\"@type\":\"WebSite\",\"@id\":\"https:\\\/\\\/www.hydroseal.ee\\\/lv\\\/#website\",\"url\":\"https:\\\/\\\/www.hydroseal.ee\\\/lv\\\/\",\"name\":\"Hydroseal\",\"description\":\"Pakume kestvaid lahendusi igale geotehnilisele ja taristualasele v\u00e4ljakutsele\",\"publisher\":{\"@id\":\"https:\\\/\\\/www.hydroseal.ee\\\/lv\\\/#organization\"},\"potentialAction\":[{\"@type\":\"SearchAction\",\"target\":{\"@type\":\"EntryPoint\",\"urlTemplate\":\"https:\\\/\\\/www.hydroseal.ee\\\/lv\\\/?s={search_term_string}\"},\"query-input\":{\"@type\":\"PropertyValueSpecification\",\"valueRequired\":true,\"valueName\":\"search_term_string\"}}],\"inLanguage\":\"lv-LV\"},{\"@type\":\"Organization\",\"@id\":\"https:\\\/\\\/www.hydroseal.ee\\\/lv\\\/#organization\",\"name\":\"Hydroseal\",\"url\":\"https:\\\/\\\/www.hydroseal.ee\\\/lv\\\/\",\"logo\":{\"@type\":\"ImageObject\",\"inLanguage\":\"lv-LV\",\"@id\":\"https:\\\/\\\/www.hydroseal.ee\\\/lv\\\/#\\\/schema\\\/logo\\\/image\\\/\",\"url\":\"https:\\\/\\\/www.hydroseal.ee\\\/wp-content\\\/uploads\\\/2024\\\/03\\\/Frame-6870.svg\",\"contentUrl\":\"https:\\\/\\\/www.hydroseal.ee\\\/wp-content\\\/uploads\\\/2024\\\/03\\\/Frame-6870.svg\",\"width\":1,\"height\":1,\"caption\":\"Hydroseal\"},\"image\":{\"@id\":\"https:\\\/\\\/www.hydroseal.ee\\\/lv\\\/#\\\/schema\\\/logo\\\/image\\\/\"},\"sameAs\":[\"https:\\\/\\\/www.facebook.com\\\/hydroseal.ee\"]}]}<\/script>\n<!-- \/ Yoast SEO plugin. -->","yoast_head_json":{"title":"Vilnas erozijas kontroles pakl\u0101ji - Hydroseal","description":"Preterozijas pakl\u0101js nodro\u0161ina aizsardz\u012bbu pret lietus, v\u0113ja un \u016bdens eroziju. Pakl\u0101ji\u0146\u0161 veicina ve\u0123et\u0101cijas aug\u0161anu un uztur augsnes mitruma saturu.","robots":{"index":"index","follow":"follow","max-snippet":"max-snippet:-1","max-image-preview":"max-image-preview:large","max-video-preview":"max-video-preview:-1"},"canonical":"https:\/\/www.hydroseal.ee\/lv\/produkts\/vilnas-erozijas-kontroles-paklaji\/","og_locale":"lv_LV","og_type":"article","og_title":"Vilnas erozijas kontroles pakl\u0101ji - Hydroseal","og_description":"Preterozijas pakl\u0101js nodro\u0161ina aizsardz\u012bbu pret lietus, v\u0113ja un \u016bdens eroziju. Pakl\u0101ji\u0146\u0161 veicina ve\u0123et\u0101cijas aug\u0161anu un uztur augsnes mitruma saturu.","og_url":"https:\/\/www.hydroseal.ee\/lv\/produkts\/vilnas-erozijas-kontroles-paklaji\/","og_site_name":"Hydroseal","article_publisher":"https:\/\/www.facebook.com\/hydroseal.ee","article_modified_time":"2024-04-26T07:49:03+00:00","og_image":[{"width":1000,"height":750,"url":"https:\/\/www.hydroseal.ee\/wp-content\/uploads\/2024\/03\/Villamatt2-scaled-1.webp","type":"image\/webp"}],"twitter_card":"summary_large_image","twitter_misc":{"Est. reading time":"1 minute"},"schema":{"@context":"https:\/\/schema.org","@graph":[{"@type":"WebPage","@id":"https:\/\/www.hydroseal.ee\/lv\/produkts\/vilnas-erozijas-kontroles-paklaji\/","url":"https:\/\/www.hydroseal.ee\/lv\/produkts\/vilnas-erozijas-kontroles-paklaji\/","name":"Vilnas erozijas kontroles pakl\u0101ji - Hydroseal","isPartOf":{"@id":"https:\/\/www.hydroseal.ee\/lv\/#website"},"primaryImageOfPage":{"@id":"https:\/\/www.hydroseal.ee\/lv\/produkts\/vilnas-erozijas-kontroles-paklaji\/#primaryimage"},"image":{"@id":"https:\/\/www.hydroseal.ee\/lv\/produkts\/vilnas-erozijas-kontroles-paklaji\/#primaryimage"},"thumbnailUrl":"https:\/\/www.hydroseal.ee\/wp-content\/uploads\/2024\/03\/Villamatt2-scaled-1.webp","datePublished":"2024-03-04T10:40:17+00:00","dateModified":"2024-04-26T07:49:03+00:00","description":"Preterozijas pakl\u0101js nodro\u0161ina aizsardz\u012bbu pret lietus, v\u0113ja un \u016bdens eroziju. Pakl\u0101ji\u0146\u0161 veicina ve\u0123et\u0101cijas aug\u0161anu un uztur augsnes mitruma saturu.","breadcrumb":{"@id":"https:\/\/www.hydroseal.ee\/lv\/produkts\/vilnas-erozijas-kontroles-paklaji\/#breadcrumb"},"inLanguage":"lv-LV","potentialAction":[{"@type":"ReadAction","target":["https:\/\/www.hydroseal.ee\/lv\/produkts\/vilnas-erozijas-kontroles-paklaji\/"]}]},{"@type":"ImageObject","inLanguage":"lv-LV","@id":"https:\/\/www.hydroseal.ee\/lv\/produkts\/vilnas-erozijas-kontroles-paklaji\/#primaryimage","url":"https:\/\/www.hydroseal.ee\/wp-content\/uploads\/2024\/03\/Villamatt2-scaled-1.webp","contentUrl":"https:\/\/www.hydroseal.ee\/wp-content\/uploads\/2024\/03\/Villamatt2-scaled-1.webp","width":1000,"height":750,"caption":"Villamatt"},{"@type":"BreadcrumbList","@id":"https:\/\/www.hydroseal.ee\/lv\/produkts\/vilnas-erozijas-kontroles-paklaji\/#breadcrumb","itemListElement":[{"@type":"ListItem","position":1,"name":"Home","item":"https:\/\/www.hydroseal.ee\/lv\/"},{"@type":"ListItem","position":2,"name":"E-veikals","item":"https:\/\/www.hydroseal.ee\/lv\/e-veikals\/"},{"@type":"ListItem","position":3,"name":"Vilnas erozijas kontroles pakl\u0101ji"}]},{"@type":"WebSite","@id":"https:\/\/www.hydroseal.ee\/lv\/#website","url":"https:\/\/www.hydroseal.ee\/lv\/","name":"Hydroseal","description":"Pakume kestvaid lahendusi igale geotehnilisele ja taristualasele v\u00e4ljakutsele","publisher":{"@id":"https:\/\/www.hydroseal.ee\/lv\/#organization"},"potentialAction":[{"@type":"SearchAction","target":{"@type":"EntryPoint","urlTemplate":"https:\/\/www.hydroseal.ee\/lv\/?s={search_term_string}"},"query-input":{"@type":"PropertyValueSpecification","valueRequired":true,"valueName":"search_term_string"}}],"inLanguage":"lv-LV"},{"@type":"Organization","@id":"https:\/\/www.hydroseal.ee\/lv\/#organization","name":"Hydroseal","url":"https:\/\/www.hydroseal.ee\/lv\/","logo":{"@type":"ImageObject","inLanguage":"lv-LV","@id":"https:\/\/www.hydroseal.ee\/lv\/#\/schema\/logo\/image\/","url":"https:\/\/www.hydroseal.ee\/wp-content\/uploads\/2024\/03\/Frame-6870.svg","contentUrl":"https:\/\/www.hydroseal.ee\/wp-content\/uploads\/2024\/03\/Frame-6870.svg","width":1,"height":1,"caption":"Hydroseal"},"image":{"@id":"https:\/\/www.hydroseal.ee\/lv\/#\/schema\/logo\/image\/"},"sameAs":["https:\/\/www.facebook.com\/hydroseal.ee"]}]}},"_links":{"self":[{"href":"https:\/\/www.hydroseal.ee\/lv\/wp-json\/wp\/v2\/product\/6745","targetHints":{"allow":["GET"]}}],"collection":[{"href":"https:\/\/www.hydroseal.ee\/lv\/wp-json\/wp\/v2\/product"}],"about":[{"href":"https:\/\/www.hydroseal.ee\/lv\/wp-json\/wp\/v2\/types\/product"}],"replies":[{"embeddable":true,"href":"https:\/\/www.hydroseal.ee\/lv\/wp-json\/wp\/v2\/comments?post=6745"}],"wp:featuredmedia":[{"embeddable":true,"href":"https:\/\/www.hydroseal.ee\/lv\/wp-json\/wp\/v2\/media\/6301"}],"wp:attachment":[{"href":"https:\/\/www.hydroseal.ee\/lv\/wp-json\/wp\/v2\/media?parent=6745"}],"wp:term":[{"taxonomy":"product_brand","embeddable":true,"href":"https:\/\/www.hydroseal.ee\/lv\/wp-json\/wp\/v2\/product_brand?post=6745"},{"taxonomy":"product_cat","embeddable":true,"href":"https:\/\/www.hydroseal.ee\/lv\/wp-json\/wp\/v2\/product_cat?post=6745"},{"taxonomy":"product_tag","embeddable":true,"href":"https:\/\/www.hydroseal.ee\/lv\/wp-json\/wp\/v2\/product_tag?post=6745"}],"curies":[{"name":"wp","href":"https:\/\/api.w.org\/{rel}","templated":true}]}}