{"id":6860,"date":"2024-03-01T17:28:11","date_gmt":"2024-03-01T17:28:11","guid":{"rendered":"https:\/\/hydroseal.vdisain.dev\/pardosanas-nosacijumi\/"},"modified":"2025-07-15T08:09:35","modified_gmt":"2025-07-15T06:09:35","slug":"pardosanas-nosacijumi","status":"publish","type":"page","link":"https:\/\/www.hydroseal.ee\/lv\/pardosanas-nosacijumi\/","title":{"rendered":"P\u0101rdo\u0161anas nosac\u012bjumi"},"content":{"rendered":"\n<h2 class=\"wp-block-heading\">HYDROSEAL O\u00dc E-VEIKALA VISP\u0100R\u012aGIE NOTEIKUMI UN NOSAC\u012aJUMI<\/h2>\n\n<h3 class=\"wp-block-heading\">1. Noteikumu darb\u012bbas joma un sp\u0113k\u0101 esam\u012bba<\/h3>\n\n<p><strong>1.1.<\/strong> Noteikumi attiecas uz tiesiskaj\u0101m attiec\u012bb\u0101m, kas rodas starp vis\u0101m person\u0101m un Hydroseal m\u0101jaslap\u0101 eso\u0161\u0101 e-veikala (turpm\u0101k \u2013 e-veikals) \u012bpa\u0161nieku Hydroseal O\u00dc, p\u0101rdodot un p\u0113rkot preces e-veikal\u0101.<br\/><strong>1.2.<\/strong> Papildus \u0161iem noteikumiem un nosac\u012bjumiem tiesisk\u0101s attiec\u012bbas, kas izriet no produktu p\u0101rdo\u0161anas un ieg\u0101des e-veikal\u0101, regul\u0113 Igaunijas Republik\u0101 sp\u0113k\u0101 eso\u0161ie ties\u012bbu akti.<br\/><strong>1.3.<\/strong> Hydroseal O\u00dc ir ties\u012bga groz\u012bt un papildin\u0101t \u0161os noteikumus un nosac\u012bjumus, ja tas nepiecie\u0161ams e-veikala att\u012bst\u012bbas d\u0113\u013c un e-veikala lab\u0101kas un dro\u0161\u0101kas lieto\u0161anas interes\u0113s. Klienti tiek inform\u0113ti par noteikumu izmai\u0146\u0101m un papildin\u0101jumiem, izmantojot t\u012bmek\u013ca vietni www.hydroseal.ee, un noteikumu un nosac\u012bjumu un cenr\u0101\u017ea izmai\u0146as un papildin\u0101jumi st\u0101jas sp\u0113k\u0101 ar attiec\u012bgo izmai\u0146u vai papildin\u0101jumu public\u0113\u0161anu <a href=\"https:\/\/www.hydroseal.ee\/lv\/pardosanas-nosacijumi\/\">https:\/\/www.hydroseal.ee\/lv\/pardosanas-nosacijumi\/<\/a>. Hydroseal O\u00dc ir ar\u012b ties\u012bgs main\u012bt sava e-veikala cenu sarakstu. Ja Klients ir veicis pas\u016bt\u012bjumu pirms Noteikumu un nosac\u012bjumu vai Cenr\u0101\u017ea groz\u012bjumu st\u0101\u0161an\u0101s sp\u0113k\u0101, tiesisk\u0101s attiec\u012bbas starp Klientu un Hydroseal O\u00dc regul\u0113 Noteikumi un nosac\u012bjumi un Cenr\u0101dis, kas bija sp\u0113k\u0101 br\u012bd\u012b, kad Klients veica pas\u016bt\u012bjumu, iz\u0146emot gad\u012bjumus, kad ties\u012bbu aktos vai \u0161ajos Noteikumos un nosac\u012bjumos ir noteikts cit\u0101di.<\/p>\n\n<h3 class=\"wp-block-heading\">2. Pre\u010du cena<\/h3>\n\n<p><strong>2.1.<\/strong> Uz e-veikala cen\u0101m attiecas \u0161o Noteikumu un nosac\u012bjumu 4.3. punkts. apak\u0161ieda\u013ca 1) vai 2) r\u0113\u0137ina apmaksas termi\u0146\u0101.<br\/><strong>2.2.<\/strong> Visas cenas ar PVN 24%.<br\/><strong>2.3.<\/strong> Ja klients k\u0101 pieg\u0101des veidu izv\u0113las &#8220;Hydroseal O\u00dc transportu&#8221;, ieg\u0101d\u0101tajiem produktiem tiks pieskait\u012btas transporta izmaksas, kas apr\u0113\u0137in\u0101tas saska\u0146\u0101 ar pas\u016bt\u012bjum\u0101 nor\u0101d\u012btajiem izm\u0113riem, svaru, daudzumu un pieg\u0101des adresi. Transporta izmaksas tiks iek\u013cautas klientam izsniegtaj\u0101 r\u0113\u0137in\u0101. Ir iesp\u0113jams ar\u012b pa\u0161am klientam sa\u0146emt preces. \u0160\u0101d\u0101 gad\u012bjum\u0101 r\u0113\u0137in\u0101 netiks iek\u013cautas transporta izmaksas.<\/p>\n\n<h3 class=\"wp-block-heading\">3. Iepirkumu grozs un pas\u016bt\u012bjuma veik\u0161ana<\/h3>\n\n<p><strong>3.1.<\/strong> Pirc\u0113ja iepirkumu groza saturs tiks atjaunin\u0101ts br\u012bd\u012b, kad vi\u0146\u0161\/vi\u0146a uzklik\u0161\u0137in\u0101s uz pogas &#8220;PIEVIENOT GROZ\u012aT\u0100J\u0100&#8221;.<br\/><strong>3.2.<\/strong> Produktu skaitu iepirkumu groz\u0101 varat main\u012bt www.hydroseal.ee\/ostukorv sada\u013c\u0101 &#8220;KVANTIT\u0100TS&#8221;. Lai veiktu pas\u016bt\u012bjumu, ir j\u0101noklik\u0161\u0137ina uz pogas &#8220;APSTIPRINT PAS\u016aT\u012aJUMU&#8221;. P\u0113c tam klients tiks novirz\u012bts uz kases lapu.<br\/><strong>3.3.<\/strong> Pas\u016bt\u012bjuma veidlap\u0101 ir j\u0101ievada nepiecie\u0161am\u0101 inform\u0101cija un j\u0101nospie\u017e poga &#8220;SUBMIT ORDER&#8221;. P\u0113c tam klienta pas\u016bt\u012bjums tiek nos\u016bt\u012bts m\u016bsu klientu apkalpo\u0161anas dienesta p\u0101rst\u0101vim, kur\u0161 to p\u0101rbauda un, pamatojoties uz pas\u016bt\u012bjumu, izraksta r\u0113\u0137inu. R\u0113\u0137ins tiek nos\u016bt\u012bts uz klienta ievad\u012bto e-pasta adresi.<br\/>3.4. Aizpildot laukus pas\u016bt\u012bjuma veidlapas lap\u0101, ir v\u0113rts b\u016bt \u0101rk\u0101rt\u012bgi v\u0113r\u012bgam, jo no \u0161\u012bs inform\u0101cijas precizit\u0101tes un pareiz\u012bbas ir atkar\u012bga klienta ieg\u0101d\u0101to pre\u010du \u0101tra un bez trauc\u0113jumiem pieg\u0101de.<br\/>3.5.  L\u012bgums par Produktu pirk\u0161anu un p\u0101rdo\u0161anu tiek uzskat\u012bts par nosl\u0113gtu (l\u012bgums st\u0101jas sp\u0113k\u0101) no dienas, kad Hydroseal O\u00dc kont\u0101 ir sa\u0146emta r\u0113\u0137in\u0101 nor\u0101d\u012bt\u0101 summa piln\u0101 apm\u0113r\u0101.<\/p>\n\n<h3 class=\"wp-block-heading\">4. Maks\u0101jums par produktiem<\/h3>\n\n<p><strong>4.1.<\/strong> R\u0113\u0137ins, uz kura pamata tiek veikts maks\u0101jums, kop\u0101 ar pas\u016bt\u012bjuma apstiprin\u0101jumu tiks nos\u016bt\u012bts pa e-pastu uz klienta nor\u0101d\u012bto e-pasta adresi. Pirms r\u0113\u0137ina apmaksas p\u0101rbaudiet, vai r\u0113\u0137in\u0101 nor\u0101d\u012bt\u0101 inform\u0101cija atbilst pas\u016bt\u012bjum\u0101 nor\u0101d\u012btajai inform\u0101cijai.<br\/><strong>4.2.<\/strong> Par produktiem var nor\u0113\u0137in\u0101ties klientam piem\u0113rot\u0101 veid\u0101 un laik\u0101 (piem\u0113ram, ar bankas p\u0101rskait\u012bjumu, bankas fili\u0101l\u0113, bankom\u0101t\u0101).<br\/><strong>4.3.<\/strong> R\u0113\u0137ins par prec\u0113m tiek apmaks\u0101ts avans\u0101, ja nav pan\u0101kta vieno\u0161an\u0101s cit\u0101di. Ar avansa maks\u0101juma r\u0113\u0137inu ir j\u0101maks\u0101 100% no r\u0113\u0137in\u0101 nor\u0101d\u012bt\u0101s summas un apmaksas termi\u0146\u0161 ir 3 dienas no r\u0113\u0137ina izrakst\u012b\u0161anas datuma. <br\/><strong>4.4.<\/strong> Klienta pas\u016bt\u012bjums un r\u0113\u0137ins tiks anul\u0113ts, ja klients neb\u016bs samaks\u0101jis avansa maks\u0101jumu 7 dienu laik\u0101 no r\u0113\u0137ina izrakst\u012b\u0161anas.<\/p>\n\n<h3 class=\"wp-block-heading\">5. Pre\u010du pieg\u0101de un pieg\u0101de<\/h3>\n\n<p><strong>5.1.<\/strong> P\u0113c L\u012bguma st\u0101\u0161an\u0101s sp\u0113k\u0101 saska\u0146\u0101 ar \u0161o Noteikumu 3.5. punktu. produkti tiek pieg\u0101d\u0101ti klientam uz r\u0113\u0137ina adresi, ko klients nor\u0101d\u012bjis, veicot pas\u016bt\u012bjumu, vai uz pieg\u0101des adresi, ja pieg\u0101dei ir nor\u0101d\u012bta cita adrese, nevis r\u0113\u0137ina adrese. Ar klientu sazin\u0101sies ar\u012b pa v\u0113stul\u0113 nor\u0101d\u012bto kontaktt\u0101lruni iepriek\u0161 norun\u0101t\u0101 laik\u0101, lai noskaidrotu pieg\u0101des deta\u013cas.<br\/><strong>5.2.<\/strong> Transporta uz\u0146\u0113mums pieg\u0101d\u0101 preces kop\u0101 ar preces inform\u0101ciju igau\u0146u valod\u0101 un citiem precei piedero\u0161ajiem dokumentiem uz pieg\u0101des adresi, kas nor\u0101d\u012bta pas\u016bt\u012bjuma veik\u0161an\u0101. Prec\u012bzs pieg\u0101des laiks ir atkar\u012bgs no transporta uz\u0146\u0113muma lo\u0123istikas, un ir paredzams, ka pieg\u0101de notiks sapr\u0101t\u012bg\u0101 termi\u0146\u0101. Ja ar klientu tiek saska\u0146ots konkr\u0113ts pieg\u0101des laiks, l\u012bgums iesp\u0113ju robe\u017e\u0101s tiks iev\u0113rots.  <br\/><strong>5.3.<\/strong> Gad\u012bjum\u0101, ja Klienta pas\u016bt\u012bt\u0101 prece \u0161obr\u012bd nav noliktav\u0101 un t\u0101 ir \u012bpa\u0161i j\u0101piesaka pie pieg\u0101d\u0101t\u0101ja un ir ac\u012bmredzams, ka preces pieg\u0101de noteiktaj\u0101 pieg\u0101des termi\u0146\u0101 nav iesp\u0113jama, k\u0101 ar\u012b citos gad\u012bjumos, kad savlaic\u012bga pre\u010du pieg\u0101de nav iesp\u0113jama t\u0101du apst\u0101k\u013cu d\u0113\u013c, par kuriem Hydroseal O\u00dc nav atbild\u012bgs, m\u0113s inform\u0113sim Klientu pa Klienta nor\u0101d\u012bto kontaktt\u0101lruni vai e-pastu, ko Klients nor\u0101d\u012bjis, veicot pas\u016bt\u012bjumu, 2 darba dienu laik\u0101 p\u0113c L\u012bguma st\u0101\u0161an\u0101s sp\u0113k\u0101 saska\u0146\u0101 ar Noteikumu 3.5. punktu. un m\u0113s ar\u012b inform\u0113sim j\u016bs par jauno klienta pas\u016bt\u012bt\u0101 produkta pieg\u0101des datumu. Gad\u012bjum\u0101, ja klients zaud\u0113 interesi par produkta ieg\u0101di ilg\u0101ka pieg\u0101des laika d\u0113\u013c, klientam ir ties\u012bbas atcelt savu pas\u016bt\u012bjumu (s\u012bk\u0101k skat\u012bt 6.1. un 6.3. punktu), un klienta samaks\u0101t\u0101 summa (ieskaitot transporta izmaksas) tiks atgriezta klientam.<br\/><strong>5.4.<\/strong> Kad klienta pas\u016bt\u012btie produkti ir nodoti transporta uz\u0146\u0113mumam, transporta uz\u0146\u0113mums iepriek\u0161 sazin\u0101sies ar klientu, lai preciz\u0113tu produktu pieg\u0101des laiku.<br\/><strong>5.5.<\/strong> P\u0101rvad\u0101t\u0101js pieg\u0101d\u0101 produktus uz adresi, ko klients nor\u0101d\u012bjis, veicot pas\u016bt\u012bjumu. Turpm\u0101kas izmai\u0146as galam\u0113r\u0137\u012b ir iesp\u0113jamas p\u0113c vieno\u0161an\u0101s un atkar\u012bb\u0101 no pieejam\u012bbas.<br\/><strong>5.6.<\/strong>  M\u0113s l\u016bdzam p\u0101rliecin\u0101ties, ka pas\u016bt\u012b\u0161anas laik\u0101 nor\u0101d\u012bt\u0101 kontaktinform\u0101cija ir pareiza, lai izvair\u012btos no produktu pieg\u0101des kav\u0113\u0161an\u0101s un p\u0101rpratumiem. Hydroseal O\u00dc un transporta uz\u0146\u0113mums nav atbild\u012bgi par produktu pieg\u0101des aizkav\u0113\u0161anos un jebk\u0101diem p\u0101rpratumiem, ja aizkav\u0113\u0161an\u0101s vai p\u0101rpratumi radu\u0161ies klienta pas\u016bt\u012bjuma iesnieg\u0161anas laik\u0101 sniegt\u0101s inform\u0101cijas neprecizit\u0101tes vai nepareiz\u012bbas d\u0113\u013c.<br\/><strong>5.7.<\/strong> Pirms pre\u010du pie\u0146em\u0161anas no kurjera \u013coti iesak\u0101m p\u0101rbaud\u012bt pas\u016bt\u012bto pre\u010du st\u0101vokli un \u0101r\u0113ju boj\u0101jumu gad\u012bjum\u0101 izdar\u012bt attiec\u012bgu atz\u012bmi kurjera elektroniskaj\u0101 vai pap\u012bra pieg\u0101des sist\u0113m\u0101 (ja iesp\u0113jams). M\u0113s ar\u012b l\u016bdzam klientus nekav\u0113joties zi\u0146ot par boj\u0101tu izstr\u0101d\u0101jumu, rakstot e-pastu uz info@hydroseal.ee vai sazinoties ar Hydroseal O\u00dc pa t\u0101lruni +372 7 303 733. P\u0101rvad\u0101t\u0101ja boj\u0101tas preces tiks aizst\u0101tas ar l\u012bdzv\u0113rt\u012bg\u0101m prec\u0113m.<\/p>\n\n<h3 class=\"wp-block-heading\">6. Pas\u016bt\u012bjuma atcel\u0161ana un produkta atgrie\u0161ana<\/h3>\n\n<p><strong>6.1.<\/strong> Klientam ir ties\u012bbas atcelt pas\u016bt\u012bjumu p\u0113c pre\u010du apmaksas, bet pirms pre\u010du pieg\u0101des, nos\u016btot attiec\u012bgu zi\u0146ojumu uz Hydroseal O\u00dc e-pasta adresi info@hydroseal.ee ar r\u0113\u0137ina numuru un sava nor\u0113\u0137inu konta numuru vai zvanot uz Hydroseal O\u00dc kontaktt\u0101lrunis +372 7 303 733.<br\/><strong>6.2.<\/strong> P\u0113c produktu sa\u0146em\u0161anas klientam (pat\u0113r\u0113t\u0101jam LOA izpratn\u0113) ir 14 dienas, lai iepaz\u012btos ar produktiem. Ja produkti nav piem\u0113roti pat\u0113r\u0113t\u0101jam, pat\u0113r\u0113t\u0101jam ir ties\u012bbas atcelt pas\u016bt\u012bjumu un atgriezt ieg\u0101d\u0101tos produktus, aizpildot <a href=\"https:\/\/www.hydroseal.ee\/wp-content\/uploads\/2016\/05\/Toote_reklamatsiooni_vorm.pdf\">s\u016bdz\u012bbas veidlapu<\/a> 14 dienu laik\u0101 p\u0113c pieg\u0101des.<br\/><strong>6.3.<\/strong> Pas\u016bt\u012bjuma atcel\u0161anas gad\u012bjum\u0101 saska\u0146\u0101 ar 4.4. vai 6.1. punktu vai atteikuma no pas\u016bt\u012bjuma gad\u012bjum\u0101 saska\u0146\u0101 ar 6.2. punktu klienta samaks\u0101t\u0101 summa par pirkumu (kop\u0101 ar transporta izdevumiem) tiks atmaks\u0101ta uz klienta nor\u0101d\u012bto bankas kontu 14 dienu laik\u0101 p\u0113c pazi\u0146ojuma par atteikumu no pas\u016bt\u012bjuma sa\u0146em\u0161anas, iz\u0146emot \u0161o Noteikumu un nosac\u012bjumu 6.4. punktu. gad\u012bjumos, kas izkl\u0101st\u012bti.<br\/><strong>6.4.<\/strong> Ja atgrie\u017eamais ra\u017eojums ir boj\u0101ts un boj\u0101jums radies no Hydroseal O\u00dc neatkar\u012bgu apst\u0101k\u013cu d\u0113\u013c vai ja boj\u0101jums radies ra\u017eojuma nepareizas lieto\u0161anas rezult\u0101t\u0101, Hydroseal O\u00dc ir ties\u012bbas kompens\u0113t ra\u017eojuma v\u0113rt\u012bbas zudumu ar summu, ko klients ir samaks\u0101jis par ra\u017eojumu un kas ir j\u0101atdod klientam. Hydroseal O\u00dc nos\u016bt\u012bs klientam pazi\u0146ojumu par ieskaitu uz e-pasta adresi, ko klients nor\u0101d\u012bjis, veicot pas\u016bt\u012bjumu. Ja klients nepiekr\u012bt pazi\u0146ojum\u0101 par ieskaitu nor\u0101d\u012btajam nolietojumam, klientam ir ties\u012bbas pieaicin\u0101t neatkar\u012bgu ekspertu, lai noteiktu produkta nolietojumu. Izmaksas, kas saist\u012btas ar eksperta atzinumu, tiek sadal\u012btas uz pus\u0113m starp klientu un Hydroseal O\u00dc, ja vien vienas puses nost\u0101ja izr\u0101d\u0101s nepamatota. \u0160\u0101d\u0101 gad\u012bjum\u0101 eksperta zi\u0146ojuma izmaksas sedz t\u0101 puse, kuras atzinums tika atz\u012bts par nepamatotu.<\/p>\n\n<h3 class=\"wp-block-heading\">7. Neatbilsto\u0161u produktu garantija un atgrie\u0161ana<\/h3>\n\n<p><strong>7.1.<\/strong> Hydroseal O\u00dc ir atbild\u012bga par jebk\u0101du neatbilst\u012bbu vai izstr\u0101d\u0101jumu defektiem, kas atkl\u0101jas 2 gadu laik\u0101 p\u0113c izstr\u0101d\u0101jumu pieg\u0101des klientam.<br\/><strong>7.2.<\/strong> Hydroseal O\u00dc nav atbild\u012bgs par:<br\/>1) par preces boj\u0101jumu vai p\u0101rk\u0101pumu klienta vainas d\u0113\u013c;<br\/>2) par defektiem, kas radu\u0161ies preces neregul\u0101ras lieto\u0161anas rezult\u0101t\u0101;<br\/>3) preces norm\u0101lam fiziskam nolietojumam norm\u0101las lieto\u0161anas laik\u0101.<br\/><strong>7.3<\/strong> Neatbilst\u012bbas vai defektu gad\u012bjum\u0101 klientam ir j\u0101aizpilda s\u016bdz\u012bbas veidlapa ( <a href=\"https:\/\/www.hydroseal.ee\/wp-content\/uploads\/2016\/05\/Toote_reklamatsiooni_vorm.pdf\">Product_complaint_form.pdf<\/a> ) divu m\u0113ne\u0161u laik\u0101 p\u0113c neatbilst\u012bbas vai defekta atkl\u0101\u0161anas. Ja bez pamatota iemesla netiek iev\u0113rots \u0161is termi\u0146\u0161, klients zaud\u0113 ties\u012bbas atsaukties uz produkta neatbilst\u012bbu.<br\/><strong>7.4.<\/strong> Neatbilst\u012bbas vai produkta defekta gad\u012bjum\u0101 klientam ir ties\u012bbas piepras\u012bt produkta nomai\u0146u pret atbilsto\u0161u un bez defektiem vai atcelt pas\u016bt\u012bjumu un atgriezt neatbilsto\u0161o produktu uz Hydroseal O\u00dc r\u0113\u0137ina.<br\/><strong>7.5.<\/strong> Neatbilsto\u0161a produkta atgrie\u0161anas gad\u012bjum\u0101 par produktu samaks\u0101t\u0101 summa (ieskaitot transporta izmaksas) tiks ieskait\u012bta klienta nor\u0101d\u012btaj\u0101 bankas kont\u0101 30 dienu laik\u0101 p\u0113c atteikuma un piepras\u012bjuma par produkta atgrie\u0161anu sa\u0146em\u0161anas.<br\/><strong>7.6.<\/strong> Papildus garantij\u0101 noteiktaj\u0101m ties\u012bb\u0101m klientam ir ar\u012b citas likum\u0101 noteikt\u0101s ties\u012bbas.<\/p>\n\n<h3 class=\"wp-block-heading\">8. Atbild\u012bba un nep\u0101rvarama vara<\/h3>\n\n<p><strong>8.1.<\/strong> Hydroseal O\u00dc ir atbild\u012bga pret Klientu, un Klients ir atbild\u012bgs pret Hydroseal O\u00dc par zaud\u0113jumiem, kas nodar\u012bti otrai pusei \u0161o Noteikumu un nosac\u012bjumu p\u0101rk\u0101puma rezult\u0101t\u0101, Igaunijas Republik\u0101 sp\u0113k\u0101 eso\u0161ajos ties\u012bbu aktos noteiktajos gad\u012bjumos un apm\u0113r\u0101.<\/p>\n\n<p><strong>8.2.<\/strong> Uz\u0146\u0113mums Hydroseal O\u00dc nav atbild\u012bgs par jebk\u0101diem klientam nodar\u012btiem zaud\u0113jumiem vai produkta pieg\u0101des aizkav\u0113\u0161anos, ja zaud\u0113jumus vai produkta pieg\u0101des aizkav\u0113\u0161anos izrais\u012bju\u0161i apst\u0101k\u013ci, kas ir \u0101rpus uz\u0146\u0113muma Hydroseal O\u00dc kontroles un ko uz\u0146\u0113mums Hydroseal O\u00dc nav paredz\u0113jis un nevar\u0113ja paredz\u0113t (force majeure).<\/p>\n\n<h3 class=\"wp-block-heading\">9. Citi nosac\u012bjumi<\/h3>\n\n<p><strong>9.1.<\/strong> Visi e-veikala apmekl\u0113juma un pirkuma laik\u0101 atkl\u0101tie klienta personas dati tiks uzskat\u012bti par konfidenci\u0101lu inform\u0101ciju. Hydroseal O\u00dc neizpau\u017e sa\u0146emtos datus tre\u0161\u0101m person\u0101m, un klientam ir ties\u012bbas piepras\u012bt savu datu dz\u0113\u0161anu no e-veikala datu b\u0101zes.<br\/><strong>9.2.<\/strong> Jaut\u0101jumus, kas nav \u012bpa\u0161i atrisin\u0101ti \u0161ajos Noteikumos un nosac\u012bjumos, regul\u0113 Igaunijas Republik\u0101 sp\u0113k\u0101 eso\u0161ie likumi un ties\u012bbu akti.<br\/><strong>9.3.<\/strong> Str\u012bdi, kas rodas starp klientu un Hydroseal O\u00dc saist\u012bb\u0101 ar produktu pirk\u0161anu un p\u0101rdo\u0161anu e-veikal\u0101, tiek risin\u0101ti sarunu ce\u013c\u0101. Ja vieno\u0161an\u0101s netiek pan\u0101kta, klientam ir ties\u012bbas v\u0113rsties Pat\u0113r\u0113t\u0101ju ties\u012bbu aizsardz\u012bbas padom\u0113 vai Tartu apri\u0146\u0137a ties\u0101, lai aizsarg\u0101tu savas ties\u012bbas. Str\u012bdi tiks iz\u0161\u0137irti saska\u0146\u0101 ar Igaunijas Republik\u0101 sp\u0113k\u0101 eso\u0161ajiem ties\u012bbu aktiem.<\/p>\n","protected":false},"excerpt":{"rendered":"<p>HYDROSEAL O\u00dc E-VEIKALA VISP\u0100R\u012aGIE NOTEIKUMI UN NOSAC\u012aJUMI 1. Noteikumu darb\u012bbas joma un sp\u0113k\u0101 esam\u012bba 1.1. Noteikumi attiecas uz tiesiskaj\u0101m attiec\u012bb\u0101m, kas rodas starp vis\u0101m person\u0101m un Hydroseal m\u0101jaslap\u0101 eso\u0161\u0101 e-veikala (turpm\u0101k \u2013 e-veikals) \u012bpa\u0161nieku Hydroseal O\u00dc, p\u0101rdodot un p\u0113rkot preces e-veikal\u0101.1.2. Papildus \u0161iem noteikumiem un nosac\u012bjumiem tiesisk\u0101s attiec\u012bbas, kas izriet no produktu p\u0101rdo\u0161anas un ieg\u0101des [&hellip;]<\/p>\n","protected":false},"author":1,"featured_media":0,"parent":0,"menu_order":0,"comment_status":"closed","ping_status":"closed","template":"","meta":{"_acf_changed":false,"footnotes":""},"class_list":["post-6860","page","type-page","status-publish","hentry"],"acf":[],"yoast_head":"<!-- This site is optimized with the Yoast SEO plugin v27.2 - https:\/\/yoast.com\/product\/yoast-seo-wordpress\/ -->\n<title>P\u0101rdo\u0161anas nosac\u012bjumi - Hydroseal<\/title>\n<meta name=\"robots\" content=\"index, follow, max-snippet:-1, max-image-preview:large, max-video-preview:-1\" \/>\n<link rel=\"canonical\" href=\"https:\/\/www.hydroseal.ee\/lv\/pardosanas-nosacijumi\/\" \/>\n<meta property=\"og:locale\" content=\"lv_LV\" \/>\n<meta property=\"og:type\" content=\"article\" \/>\n<meta property=\"og:title\" content=\"P\u0101rdo\u0161anas nosac\u012bjumi - Hydroseal\" \/>\n<meta property=\"og:description\" content=\"HYDROSEAL O\u00dc E-VEIKALA VISP\u0100R\u012aGIE NOTEIKUMI UN NOSAC\u012aJUMI 1. Noteikumu darb\u012bbas joma un sp\u0113k\u0101 esam\u012bba 1.1. Noteikumi attiecas uz tiesiskaj\u0101m attiec\u012bb\u0101m, kas rodas starp vis\u0101m person\u0101m un Hydroseal m\u0101jaslap\u0101 eso\u0161\u0101 e-veikala (turpm\u0101k \u2013 e-veikals) \u012bpa\u0161nieku Hydroseal O\u00dc, p\u0101rdodot un p\u0113rkot preces e-veikal\u0101.1.2. Papildus \u0161iem noteikumiem un nosac\u012bjumiem tiesisk\u0101s attiec\u012bbas, kas izriet no produktu p\u0101rdo\u0161anas un ieg\u0101des [&hellip;]\" \/>\n<meta property=\"og:url\" content=\"https:\/\/www.hydroseal.ee\/lv\/pardosanas-nosacijumi\/\" \/>\n<meta property=\"og:site_name\" content=\"Hydroseal\" \/>\n<meta property=\"article:publisher\" content=\"https:\/\/www.facebook.com\/hydroseal.ee\" \/>\n<meta property=\"article:modified_time\" content=\"2025-07-15T06:09:35+00:00\" \/>\n<meta name=\"twitter:card\" content=\"summary_large_image\" \/>\n<meta name=\"twitter:label1\" content=\"Est. reading time\" \/>\n\t<meta name=\"twitter:data1\" content=\"10 minutes\" \/>\n<script type=\"application\/ld+json\" class=\"yoast-schema-graph\">{\"@context\":\"https:\/\/schema.org\",\"@graph\":[{\"@type\":\"WebPage\",\"@id\":\"https:\/\/www.hydroseal.ee\/lv\/pardosanas-nosacijumi\/\",\"url\":\"https:\/\/www.hydroseal.ee\/lv\/pardosanas-nosacijumi\/\",\"name\":\"P\u0101rdo\u0161anas nosac\u012bjumi - Hydroseal\",\"isPartOf\":{\"@id\":\"https:\/\/www.hydroseal.ee\/lv\/#website\"},\"datePublished\":\"2024-03-01T17:28:11+00:00\",\"dateModified\":\"2025-07-15T06:09:35+00:00\",\"breadcrumb\":{\"@id\":\"https:\/\/www.hydroseal.ee\/lv\/pardosanas-nosacijumi\/#breadcrumb\"},\"inLanguage\":\"lv-LV\",\"potentialAction\":[{\"@type\":\"ReadAction\",\"target\":[\"https:\/\/www.hydroseal.ee\/lv\/pardosanas-nosacijumi\/\"]}]},{\"@type\":\"BreadcrumbList\",\"@id\":\"https:\/\/www.hydroseal.ee\/lv\/pardosanas-nosacijumi\/#breadcrumb\",\"itemListElement\":[{\"@type\":\"ListItem\",\"position\":1,\"name\":\"Home\",\"item\":\"https:\/\/www.hydroseal.ee\/lv\/\"},{\"@type\":\"ListItem\",\"position\":2,\"name\":\"P\u0101rdo\u0161anas nosac\u012bjumi\"}]},{\"@type\":\"WebSite\",\"@id\":\"https:\/\/www.hydroseal.ee\/lv\/#website\",\"url\":\"https:\/\/www.hydroseal.ee\/lv\/\",\"name\":\"Hydroseal\",\"description\":\"Pakume kestvaid lahendusi igale geotehnilisele ja taristualasele v\u00e4ljakutsele\",\"publisher\":{\"@id\":\"https:\/\/www.hydroseal.ee\/lv\/#organization\"},\"potentialAction\":[{\"@type\":\"SearchAction\",\"target\":{\"@type\":\"EntryPoint\",\"urlTemplate\":\"https:\/\/www.hydroseal.ee\/lv\/?s={search_term_string}\"},\"query-input\":{\"@type\":\"PropertyValueSpecification\",\"valueRequired\":true,\"valueName\":\"search_term_string\"}}],\"inLanguage\":\"lv-LV\"},{\"@type\":\"Organization\",\"@id\":\"https:\/\/www.hydroseal.ee\/lv\/#organization\",\"name\":\"Hydroseal\",\"url\":\"https:\/\/www.hydroseal.ee\/lv\/\",\"logo\":{\"@type\":\"ImageObject\",\"inLanguage\":\"lv-LV\",\"@id\":\"https:\/\/www.hydroseal.ee\/lv\/#\/schema\/logo\/image\/\",\"url\":\"https:\/\/www.hydroseal.ee\/wp-content\/uploads\/2024\/03\/Frame-6870.svg\",\"contentUrl\":\"https:\/\/www.hydroseal.ee\/wp-content\/uploads\/2024\/03\/Frame-6870.svg\",\"width\":1,\"height\":1,\"caption\":\"Hydroseal\"},\"image\":{\"@id\":\"https:\/\/www.hydroseal.ee\/lv\/#\/schema\/logo\/image\/\"},\"sameAs\":[\"https:\/\/www.facebook.com\/hydroseal.ee\"]}]}<\/script>\n<!-- \/ Yoast SEO plugin. -->","yoast_head_json":{"title":"P\u0101rdo\u0161anas nosac\u012bjumi - Hydroseal","robots":{"index":"index","follow":"follow","max-snippet":"max-snippet:-1","max-image-preview":"max-image-preview:large","max-video-preview":"max-video-preview:-1"},"canonical":"https:\/\/www.hydroseal.ee\/lv\/pardosanas-nosacijumi\/","og_locale":"lv_LV","og_type":"article","og_title":"P\u0101rdo\u0161anas nosac\u012bjumi - Hydroseal","og_description":"HYDROSEAL O\u00dc E-VEIKALA VISP\u0100R\u012aGIE NOTEIKUMI UN NOSAC\u012aJUMI 1. Noteikumu darb\u012bbas joma un sp\u0113k\u0101 esam\u012bba 1.1. Noteikumi attiecas uz tiesiskaj\u0101m attiec\u012bb\u0101m, kas rodas starp vis\u0101m person\u0101m un Hydroseal m\u0101jaslap\u0101 eso\u0161\u0101 e-veikala (turpm\u0101k \u2013 e-veikals) \u012bpa\u0161nieku Hydroseal O\u00dc, p\u0101rdodot un p\u0113rkot preces e-veikal\u0101.1.2. Papildus \u0161iem noteikumiem un nosac\u012bjumiem tiesisk\u0101s attiec\u012bbas, kas izriet no produktu p\u0101rdo\u0161anas un ieg\u0101des [&hellip;]","og_url":"https:\/\/www.hydroseal.ee\/lv\/pardosanas-nosacijumi\/","og_site_name":"Hydroseal","article_publisher":"https:\/\/www.facebook.com\/hydroseal.ee","article_modified_time":"2025-07-15T06:09:35+00:00","twitter_card":"summary_large_image","twitter_misc":{"Est. reading time":"10 minutes"},"schema":{"@context":"https:\/\/schema.org","@graph":[{"@type":"WebPage","@id":"https:\/\/www.hydroseal.ee\/lv\/pardosanas-nosacijumi\/","url":"https:\/\/www.hydroseal.ee\/lv\/pardosanas-nosacijumi\/","name":"P\u0101rdo\u0161anas nosac\u012bjumi - Hydroseal","isPartOf":{"@id":"https:\/\/www.hydroseal.ee\/lv\/#website"},"datePublished":"2024-03-01T17:28:11+00:00","dateModified":"2025-07-15T06:09:35+00:00","breadcrumb":{"@id":"https:\/\/www.hydroseal.ee\/lv\/pardosanas-nosacijumi\/#breadcrumb"},"inLanguage":"lv-LV","potentialAction":[{"@type":"ReadAction","target":["https:\/\/www.hydroseal.ee\/lv\/pardosanas-nosacijumi\/"]}]},{"@type":"BreadcrumbList","@id":"https:\/\/www.hydroseal.ee\/lv\/pardosanas-nosacijumi\/#breadcrumb","itemListElement":[{"@type":"ListItem","position":1,"name":"Home","item":"https:\/\/www.hydroseal.ee\/lv\/"},{"@type":"ListItem","position":2,"name":"P\u0101rdo\u0161anas nosac\u012bjumi"}]},{"@type":"WebSite","@id":"https:\/\/www.hydroseal.ee\/lv\/#website","url":"https:\/\/www.hydroseal.ee\/lv\/","name":"Hydroseal","description":"Pakume kestvaid lahendusi igale geotehnilisele ja taristualasele v\u00e4ljakutsele","publisher":{"@id":"https:\/\/www.hydroseal.ee\/lv\/#organization"},"potentialAction":[{"@type":"SearchAction","target":{"@type":"EntryPoint","urlTemplate":"https:\/\/www.hydroseal.ee\/lv\/?s={search_term_string}"},"query-input":{"@type":"PropertyValueSpecification","valueRequired":true,"valueName":"search_term_string"}}],"inLanguage":"lv-LV"},{"@type":"Organization","@id":"https:\/\/www.hydroseal.ee\/lv\/#organization","name":"Hydroseal","url":"https:\/\/www.hydroseal.ee\/lv\/","logo":{"@type":"ImageObject","inLanguage":"lv-LV","@id":"https:\/\/www.hydroseal.ee\/lv\/#\/schema\/logo\/image\/","url":"https:\/\/www.hydroseal.ee\/wp-content\/uploads\/2024\/03\/Frame-6870.svg","contentUrl":"https:\/\/www.hydroseal.ee\/wp-content\/uploads\/2024\/03\/Frame-6870.svg","width":1,"height":1,"caption":"Hydroseal"},"image":{"@id":"https:\/\/www.hydroseal.ee\/lv\/#\/schema\/logo\/image\/"},"sameAs":["https:\/\/www.facebook.com\/hydroseal.ee"]}]}},"_links":{"self":[{"href":"https:\/\/www.hydroseal.ee\/lv\/wp-json\/wp\/v2\/pages\/6860","targetHints":{"allow":["GET"]}}],"collection":[{"href":"https:\/\/www.hydroseal.ee\/lv\/wp-json\/wp\/v2\/pages"}],"about":[{"href":"https:\/\/www.hydroseal.ee\/lv\/wp-json\/wp\/v2\/types\/page"}],"author":[{"embeddable":true,"href":"https:\/\/www.hydroseal.ee\/lv\/wp-json\/wp\/v2\/users\/1"}],"replies":[{"embeddable":true,"href":"https:\/\/www.hydroseal.ee\/lv\/wp-json\/wp\/v2\/comments?post=6860"}],"version-history":[{"count":6,"href":"https:\/\/www.hydroseal.ee\/lv\/wp-json\/wp\/v2\/pages\/6860\/revisions"}],"predecessor-version":[{"id":8896,"href":"https:\/\/www.hydroseal.ee\/lv\/wp-json\/wp\/v2\/pages\/6860\/revisions\/8896"}],"wp:attachment":[{"href":"https:\/\/www.hydroseal.ee\/lv\/wp-json\/wp\/v2\/media?parent=6860"}],"curies":[{"name":"wp","href":"https:\/\/api.w.org\/{rel}","templated":true}]}}